{"id":43899,"date":"2024-10-30T09:17:51","date_gmt":"2024-10-30T08:17:51","guid":{"rendered":"https:\/\/librairie7l.com\/?post_type=product&#038;p=43899"},"modified":"2026-04-04T20:42:21","modified_gmt":"2026-04-04T18:42:21","slug":"paris-est-un-livre-2","status":"publish","type":"product","link":"https:\/\/librairie7l.com\/en\/produit\/paris-est-un-livre-2\/","title":{"rendered":"PARIS EST UN LIVRE"},"content":{"rendered":"<p>Paris est la capitale mondiale des livres !<br \/>\n Avec 626 librairies dont 27 maisons centenaires et 14 en activit\u00e9 depuis plus de 150 ans, les livres se distinguent de fa\u00e7on \u00e9clatante. Librairie philosophique, librairie th\u00e9\u00e2trale, librairie anarchiste, librairie anglaise, librairie de BD, des textes latins de l&#8217;Antiquit\u00e9 jusqu&#8217;aux mangas, des millions de livres sont disponibles dans les rues de la ville.<br \/>\n Les c\u00e9l\u00e8bres 230 bouquinistes qui entourent Notre-Dame de Paris depuis plus de 450 ans, les statues d&#8217;\u00e9crivains, les plaques m\u00e9morielles, les h\u00f4tels et caf\u00e9s litt\u00e9raires, les biblioth\u00e8ques, les clubs de po\u00e9sie viennent rappeler l&#8217;extravagante bibliodiversit\u00e9 parisienne et le bouillonnement incessant du monde des lettres.<\/p>\n","protected":false},"excerpt":{"rendered":"<p>Paris est la capitale mondiale des livres ! Avec 626 librairies dont 27 maisons centenaires et 14 en activit\u00e9 depuis plus de 150 ans, les livres se distinguent de fa\u00e7on \u00e9clatante. Librairie philosophique, librairie th\u00e9\u00e2trale, librairie anarchiste, librairie anglaise, librairie de BD, des textes latins de l&#8217;Antiquit\u00e9 jusqu&#8217;aux mangas, des millions de livres sont disponibles [&hellip;]<\/p>\n","protected":false},"featured_media":43897,"template":"","meta":[],"product_cat":[2948],"product_tag":[],"acf":[],"yoast_head":"<!-- This site is optimized with the Yoast SEO plugin v20.11 - https:\/\/yoast.com\/wordpress\/plugins\/seo\/ -->\n<title>Paris est un livre - Librairie 7L<\/title>\n<meta name=\"robots\" content=\"index, follow, max-snippet:-1, max-image-preview:large, max-video-preview:-1\" \/>\n<link rel=\"canonical\" href=\"https:\/\/librairie7l.com\/en\/produit\/paris-est-un-livre-2\/\" \/>\n<meta property=\"og:locale\" content=\"en_US\" \/>\n<meta property=\"og:type\" content=\"article\" \/>\n<meta property=\"og:title\" content=\"Paris est un livre - Librairie 7L\" \/>\n<meta property=\"og:description\" content=\"Paris est la capitale mondiale des livres ! Avec 626 librairies dont 27 maisons centenaires et 14 en activit\u00e9 depuis plus de 150 ans, les livres se distinguent de fa\u00e7on \u00e9clatante. Librairie philosophique, librairie th\u00e9\u00e2trale, librairie anarchiste, librairie anglaise, librairie de BD, des textes latins de l&#8217;Antiquit\u00e9 jusqu&#8217;aux mangas, des millions de livres sont disponibles [&hellip;]\" \/>\n<meta property=\"og:url\" content=\"https:\/\/librairie7l.com\/en\/produit\/paris-est-un-livre-2\/\" \/>\n<meta property=\"og:site_name\" content=\"Librairie 7L\" \/>\n<meta property=\"article:modified_time\" content=\"2026-04-04T18:42:21+00:00\" \/>\n<meta property=\"og:image\" content=\"https:\/\/librairie7l.com\/wp-content\/uploads\/2024\/05\/9791091713276_1_75.jpg\" \/>\n\t<meta property=\"og:image:width\" content=\"600\" \/>\n\t<meta property=\"og:image:height\" content=\"742\" \/>\n\t<meta property=\"og:image:type\" content=\"image\/jpeg\" \/>\n<meta name=\"twitter:card\" content=\"summary_large_image\" \/>\n<meta name=\"twitter:label1\" content=\"Est. reading time\" \/>\n\t<meta name=\"twitter:data1\" content=\"1 minute\" \/>\n<script type=\"application\/ld+json\" class=\"yoast-schema-graph\">{\"@context\":\"https:\/\/schema.org\",\"@graph\":[{\"@type\":\"WebPage\",\"@id\":\"https:\/\/librairie7l.com\/en\/produit\/paris-est-un-livre-2\/\",\"url\":\"https:\/\/librairie7l.com\/en\/produit\/paris-est-un-livre-2\/\",\"name\":\"Paris est un livre - Librairie 7L\",\"isPartOf\":{\"@id\":\"https:\/\/librairie7l.com\/en\/#website\"},\"datePublished\":\"2024-10-30T08:17:51+00:00\",\"dateModified\":\"2026-04-04T18:42:21+00:00\",\"breadcrumb\":{\"@id\":\"https:\/\/librairie7l.com\/en\/produit\/paris-est-un-livre-2\/#breadcrumb\"},\"inLanguage\":\"en-US\",\"potentialAction\":[{\"@type\":\"ReadAction\",\"target\":[\"https:\/\/librairie7l.com\/en\/produit\/paris-est-un-livre-2\/\"]}]},{\"@type\":\"BreadcrumbList\",\"@id\":\"https:\/\/librairie7l.com\/en\/produit\/paris-est-un-livre-2\/#breadcrumb\",\"itemListElement\":[{\"@type\":\"ListItem\",\"position\":1,\"name\":\"Accueil\",\"item\":\"https:\/\/librairie7l.com\/en\/\"},{\"@type\":\"ListItem\",\"position\":2,\"name\":\"Shop\",\"item\":\"https:\/\/librairie7l.com\/en\/shop\/\"},{\"@type\":\"ListItem\",\"position\":3,\"name\":\"PARIS EST UN LIVRE\"}]},{\"@type\":\"WebSite\",\"@id\":\"https:\/\/librairie7l.com\/en\/#website\",\"url\":\"https:\/\/librairie7l.com\/en\/\",\"name\":\"Librairie 7L\",\"description\":\"Librairie fond\u00e9e en 1999 par Karl Lagerfeld \u00e0 Paris\",\"publisher\":{\"@id\":\"https:\/\/librairie7l.com\/en\/#organization\"},\"potentialAction\":[{\"@type\":\"SearchAction\",\"target\":{\"@type\":\"EntryPoint\",\"urlTemplate\":\"https:\/\/librairie7l.com\/en\/?s={search_term_string}\"},\"query-input\":\"required name=search_term_string\"}],\"inLanguage\":\"en-US\"},{\"@type\":\"Organization\",\"@id\":\"https:\/\/librairie7l.com\/en\/#organization\",\"name\":\"Librairie 7L\",\"url\":\"https:\/\/librairie7l.com\/en\/\",\"logo\":{\"@type\":\"ImageObject\",\"inLanguage\":\"en-US\",\"@id\":\"https:\/\/librairie7l.com\/en\/#\/schema\/logo\/image\/\",\"url\":\"https:\/\/librairie7l.com\/wp-content\/uploads\/2022\/08\/logo-1.png\",\"contentUrl\":\"https:\/\/librairie7l.com\/wp-content\/uploads\/2022\/08\/logo-1.png\",\"width\":227,\"height\":301,\"caption\":\"Librairie 7L\"},\"image\":{\"@id\":\"https:\/\/librairie7l.com\/en\/#\/schema\/logo\/image\/\"}}]}<\/script>\n<!-- \/ Yoast SEO plugin. -->","yoast_head_json":{"title":"Paris est un livre - Librairie 7L","robots":{"index":"index","follow":"follow","max-snippet":"max-snippet:-1","max-image-preview":"max-image-preview:large","max-video-preview":"max-video-preview:-1"},"canonical":"https:\/\/librairie7l.com\/en\/produit\/paris-est-un-livre-2\/","og_locale":"en_US","og_type":"article","og_title":"Paris est un livre - Librairie 7L","og_description":"Paris est la capitale mondiale des livres ! Avec 626 librairies dont 27 maisons centenaires et 14 en activit\u00e9 depuis plus de 150 ans, les livres se distinguent de fa\u00e7on \u00e9clatante. Librairie philosophique, librairie th\u00e9\u00e2trale, librairie anarchiste, librairie anglaise, librairie de BD, des textes latins de l&#8217;Antiquit\u00e9 jusqu&#8217;aux mangas, des millions de livres sont disponibles [&hellip;]","og_url":"https:\/\/librairie7l.com\/en\/produit\/paris-est-un-livre-2\/","og_site_name":"Librairie 7L","article_modified_time":"2026-04-04T18:42:21+00:00","og_image":[{"width":600,"height":742,"url":"https:\/\/librairie7l.com\/wp-content\/uploads\/2024\/05\/9791091713276_1_75.jpg","type":"image\/jpeg"}],"twitter_card":"summary_large_image","twitter_misc":{"Est. reading time":"1 minute"},"schema":{"@context":"https:\/\/schema.org","@graph":[{"@type":"WebPage","@id":"https:\/\/librairie7l.com\/en\/produit\/paris-est-un-livre-2\/","url":"https:\/\/librairie7l.com\/en\/produit\/paris-est-un-livre-2\/","name":"Paris est un livre - Librairie 7L","isPartOf":{"@id":"https:\/\/librairie7l.com\/en\/#website"},"datePublished":"2024-10-30T08:17:51+00:00","dateModified":"2026-04-04T18:42:21+00:00","breadcrumb":{"@id":"https:\/\/librairie7l.com\/en\/produit\/paris-est-un-livre-2\/#breadcrumb"},"inLanguage":"en-US","potentialAction":[{"@type":"ReadAction","target":["https:\/\/librairie7l.com\/en\/produit\/paris-est-un-livre-2\/"]}]},{"@type":"BreadcrumbList","@id":"https:\/\/librairie7l.com\/en\/produit\/paris-est-un-livre-2\/#breadcrumb","itemListElement":[{"@type":"ListItem","position":1,"name":"Accueil","item":"https:\/\/librairie7l.com\/en\/"},{"@type":"ListItem","position":2,"name":"Shop","item":"https:\/\/librairie7l.com\/en\/shop\/"},{"@type":"ListItem","position":3,"name":"PARIS EST UN LIVRE"}]},{"@type":"WebSite","@id":"https:\/\/librairie7l.com\/en\/#website","url":"https:\/\/librairie7l.com\/en\/","name":"Librairie 7L","description":"Librairie fond\u00e9e en 1999 par Karl Lagerfeld \u00e0 Paris","publisher":{"@id":"https:\/\/librairie7l.com\/en\/#organization"},"potentialAction":[{"@type":"SearchAction","target":{"@type":"EntryPoint","urlTemplate":"https:\/\/librairie7l.com\/en\/?s={search_term_string}"},"query-input":"required name=search_term_string"}],"inLanguage":"en-US"},{"@type":"Organization","@id":"https:\/\/librairie7l.com\/en\/#organization","name":"Librairie 7L","url":"https:\/\/librairie7l.com\/en\/","logo":{"@type":"ImageObject","inLanguage":"en-US","@id":"https:\/\/librairie7l.com\/en\/#\/schema\/logo\/image\/","url":"https:\/\/librairie7l.com\/wp-content\/uploads\/2022\/08\/logo-1.png","contentUrl":"https:\/\/librairie7l.com\/wp-content\/uploads\/2022\/08\/logo-1.png","width":227,"height":301,"caption":"Librairie 7L"},"image":{"@id":"https:\/\/librairie7l.com\/en\/#\/schema\/logo\/image\/"}}]}},"_links":{"self":[{"href":"https:\/\/librairie7l.com\/en\/wp-json\/wp\/v2\/product\/43899"}],"collection":[{"href":"https:\/\/librairie7l.com\/en\/wp-json\/wp\/v2\/product"}],"about":[{"href":"https:\/\/librairie7l.com\/en\/wp-json\/wp\/v2\/types\/product"}],"wp:featuredmedia":[{"embeddable":true,"href":"https:\/\/librairie7l.com\/en\/wp-json\/wp\/v2\/media\/43897"}],"wp:attachment":[{"href":"https:\/\/librairie7l.com\/en\/wp-json\/wp\/v2\/media?parent=43899"}],"wp:term":[{"taxonomy":"product_cat","embeddable":true,"href":"https:\/\/librairie7l.com\/en\/wp-json\/wp\/v2\/product_cat?post=43899"},{"taxonomy":"product_tag","embeddable":true,"href":"https:\/\/librairie7l.com\/en\/wp-json\/wp\/v2\/product_tag?post=43899"}],"curies":[{"name":"wp","href":"https:\/\/api.w.org\/{rel}","templated":true}]}}