{"id":43909,"date":"2024-10-31T09:17:39","date_gmt":"2024-10-31T08:17:39","guid":{"rendered":"https:\/\/librairie7l.com\/?post_type=product&#038;p=43909"},"modified":"2026-04-16T14:07:35","modified_gmt":"2026-04-16T12:07:35","slug":"yves-saint-laurent-une-passion-marocaine-2","status":"publish","type":"product","link":"https:\/\/librairie7l.com\/en\/produit\/yves-saint-laurent-une-passion-marocaine-2\/","title":{"rendered":"YVES SAINT LAURENT, UNE PASSION MAROCAINE"},"content":{"rendered":"<p>A l&#8217;occasion de l&#8217;exposition \u00ab Yves Saint Laurent et le Maroc \u00bb, pr\u00e9sent\u00e9e pour la premi\u00e8re fois au jardin Majorelle \u00e0 Marrakech, Pierre Berg\u00e9 se souvient.<br \/>\nIl se souvient de son arriv\u00e9e \u00e0 La Mamounia avec Yves Saint Laurent en 1966, des premi\u00e8res pluies, de leur premi\u00e8re maison \u00ab dar el Hanch \u00bb achet\u00e9e ensemble, de leur d\u00e9couverte du Maroc, de sa lumi\u00e8re et de cet enchantement qui dure encore aujourd&#8217;hui par-del\u00e0 la mort d&#8217;Yves Saint Laurent, en 2008. Il se souvient aussi de tous ceux qui, comme eux, avaient choisi de vivre au Maroc, et qui les ont accompagn\u00e9s dans cette histoire, une grande histoire d&#8217;amour, de rencontres et de bonheur.<br \/>\nPierre Berg\u00e9 tire les fils du pass\u00e9 et accompagne ses propos de photographies, dont beaucoup sont in\u00e9dites, de dessins et d&#8217;aquarelles de Laurence Mynott, qu&#8217;il a r\u00e9unis dans un ouvrage sensible, nostalgique et \u00e9mouvant, Yves Saint Laurent. Une passion marocaine.<\/p>\n","protected":false},"excerpt":{"rendered":"<p>A l&#8217;occasion de l&#8217;exposition \u00ab Yves Saint Laurent et le Maroc \u00bb, pr\u00e9sent\u00e9e pour la premi\u00e8re fois au jardin Majorelle \u00e0 Marrakech, Pierre Berg\u00e9 se souvient. Il se souvient de son arriv\u00e9e \u00e0 La Mamounia avec Yves Saint Laurent en 1966, des premi\u00e8res pluies, de leur premi\u00e8re maison \u00ab dar el Hanch \u00bb achet\u00e9e ensemble, [&hellip;]<\/p>\n","protected":false},"featured_media":43907,"template":"","meta":[],"product_cat":[2948],"product_tag":[],"acf":[],"yoast_head":"<!-- This site is optimized with the Yoast SEO plugin v20.11 - https:\/\/yoast.com\/wordpress\/plugins\/seo\/ -->\n<title>Yves Saint Laurent, une passion marocaine - Librairie 7L<\/title>\n<meta name=\"robots\" content=\"index, follow, max-snippet:-1, max-image-preview:large, max-video-preview:-1\" \/>\n<link rel=\"canonical\" href=\"https:\/\/librairie7l.com\/en\/produit\/yves-saint-laurent-une-passion-marocaine-2\/\" \/>\n<meta property=\"og:locale\" content=\"en_US\" \/>\n<meta property=\"og:type\" content=\"article\" \/>\n<meta property=\"og:title\" content=\"Yves Saint Laurent, une passion marocaine - Librairie 7L\" \/>\n<meta property=\"og:description\" content=\"A l&#8217;occasion de l&#8217;exposition \u00ab Yves Saint Laurent et le Maroc \u00bb, pr\u00e9sent\u00e9e pour la premi\u00e8re fois au jardin Majorelle \u00e0 Marrakech, Pierre Berg\u00e9 se souvient. Il se souvient de son arriv\u00e9e \u00e0 La Mamounia avec Yves Saint Laurent en 1966, des premi\u00e8res pluies, de leur premi\u00e8re maison \u00ab dar el Hanch \u00bb achet\u00e9e ensemble, [&hellip;]\" \/>\n<meta property=\"og:url\" content=\"https:\/\/librairie7l.com\/en\/produit\/yves-saint-laurent-une-passion-marocaine-2\/\" \/>\n<meta property=\"og:site_name\" content=\"Librairie 7L\" \/>\n<meta property=\"article:modified_time\" content=\"2026-04-16T12:07:35+00:00\" \/>\n<meta property=\"og:image\" content=\"https:\/\/librairie7l.com\/wp-content\/uploads\/2010\/09\/9782732445021_1_75.jpg\" \/>\n\t<meta property=\"og:image:width\" content=\"598\" \/>\n\t<meta property=\"og:image:height\" content=\"852\" \/>\n\t<meta property=\"og:image:type\" content=\"image\/jpeg\" \/>\n<meta name=\"twitter:card\" content=\"summary_large_image\" \/>\n<meta name=\"twitter:label1\" content=\"Est. reading time\" \/>\n\t<meta name=\"twitter:data1\" content=\"1 minute\" \/>\n<script type=\"application\/ld+json\" class=\"yoast-schema-graph\">{\"@context\":\"https:\/\/schema.org\",\"@graph\":[{\"@type\":\"WebPage\",\"@id\":\"https:\/\/librairie7l.com\/en\/produit\/yves-saint-laurent-une-passion-marocaine-2\/\",\"url\":\"https:\/\/librairie7l.com\/en\/produit\/yves-saint-laurent-une-passion-marocaine-2\/\",\"name\":\"Yves Saint Laurent, une passion marocaine - Librairie 7L\",\"isPartOf\":{\"@id\":\"https:\/\/librairie7l.com\/en\/#website\"},\"datePublished\":\"2024-10-31T08:17:39+00:00\",\"dateModified\":\"2026-04-16T12:07:35+00:00\",\"breadcrumb\":{\"@id\":\"https:\/\/librairie7l.com\/en\/produit\/yves-saint-laurent-une-passion-marocaine-2\/#breadcrumb\"},\"inLanguage\":\"en-US\",\"potentialAction\":[{\"@type\":\"ReadAction\",\"target\":[\"https:\/\/librairie7l.com\/en\/produit\/yves-saint-laurent-une-passion-marocaine-2\/\"]}]},{\"@type\":\"BreadcrumbList\",\"@id\":\"https:\/\/librairie7l.com\/en\/produit\/yves-saint-laurent-une-passion-marocaine-2\/#breadcrumb\",\"itemListElement\":[{\"@type\":\"ListItem\",\"position\":1,\"name\":\"Accueil\",\"item\":\"https:\/\/librairie7l.com\/en\/\"},{\"@type\":\"ListItem\",\"position\":2,\"name\":\"Shop\",\"item\":\"https:\/\/librairie7l.com\/en\/shop\/\"},{\"@type\":\"ListItem\",\"position\":3,\"name\":\"YVES SAINT LAURENT, UNE PASSION MAROCAINE\"}]},{\"@type\":\"WebSite\",\"@id\":\"https:\/\/librairie7l.com\/en\/#website\",\"url\":\"https:\/\/librairie7l.com\/en\/\",\"name\":\"Librairie 7L\",\"description\":\"Librairie fond\u00e9e en 1999 par Karl Lagerfeld \u00e0 Paris\",\"publisher\":{\"@id\":\"https:\/\/librairie7l.com\/en\/#organization\"},\"potentialAction\":[{\"@type\":\"SearchAction\",\"target\":{\"@type\":\"EntryPoint\",\"urlTemplate\":\"https:\/\/librairie7l.com\/en\/?s={search_term_string}\"},\"query-input\":\"required name=search_term_string\"}],\"inLanguage\":\"en-US\"},{\"@type\":\"Organization\",\"@id\":\"https:\/\/librairie7l.com\/en\/#organization\",\"name\":\"Librairie 7L\",\"url\":\"https:\/\/librairie7l.com\/en\/\",\"logo\":{\"@type\":\"ImageObject\",\"inLanguage\":\"en-US\",\"@id\":\"https:\/\/librairie7l.com\/en\/#\/schema\/logo\/image\/\",\"url\":\"https:\/\/librairie7l.com\/wp-content\/uploads\/2022\/08\/logo-1.png\",\"contentUrl\":\"https:\/\/librairie7l.com\/wp-content\/uploads\/2022\/08\/logo-1.png\",\"width\":227,\"height\":301,\"caption\":\"Librairie 7L\"},\"image\":{\"@id\":\"https:\/\/librairie7l.com\/en\/#\/schema\/logo\/image\/\"}}]}<\/script>\n<!-- \/ Yoast SEO plugin. -->","yoast_head_json":{"title":"Yves Saint Laurent, une passion marocaine - Librairie 7L","robots":{"index":"index","follow":"follow","max-snippet":"max-snippet:-1","max-image-preview":"max-image-preview:large","max-video-preview":"max-video-preview:-1"},"canonical":"https:\/\/librairie7l.com\/en\/produit\/yves-saint-laurent-une-passion-marocaine-2\/","og_locale":"en_US","og_type":"article","og_title":"Yves Saint Laurent, une passion marocaine - Librairie 7L","og_description":"A l&#8217;occasion de l&#8217;exposition \u00ab Yves Saint Laurent et le Maroc \u00bb, pr\u00e9sent\u00e9e pour la premi\u00e8re fois au jardin Majorelle \u00e0 Marrakech, Pierre Berg\u00e9 se souvient. Il se souvient de son arriv\u00e9e \u00e0 La Mamounia avec Yves Saint Laurent en 1966, des premi\u00e8res pluies, de leur premi\u00e8re maison \u00ab dar el Hanch \u00bb achet\u00e9e ensemble, [&hellip;]","og_url":"https:\/\/librairie7l.com\/en\/produit\/yves-saint-laurent-une-passion-marocaine-2\/","og_site_name":"Librairie 7L","article_modified_time":"2026-04-16T12:07:35+00:00","og_image":[{"width":598,"height":852,"url":"https:\/\/librairie7l.com\/wp-content\/uploads\/2010\/09\/9782732445021_1_75.jpg","type":"image\/jpeg"}],"twitter_card":"summary_large_image","twitter_misc":{"Est. reading time":"1 minute"},"schema":{"@context":"https:\/\/schema.org","@graph":[{"@type":"WebPage","@id":"https:\/\/librairie7l.com\/en\/produit\/yves-saint-laurent-une-passion-marocaine-2\/","url":"https:\/\/librairie7l.com\/en\/produit\/yves-saint-laurent-une-passion-marocaine-2\/","name":"Yves Saint Laurent, une passion marocaine - Librairie 7L","isPartOf":{"@id":"https:\/\/librairie7l.com\/en\/#website"},"datePublished":"2024-10-31T08:17:39+00:00","dateModified":"2026-04-16T12:07:35+00:00","breadcrumb":{"@id":"https:\/\/librairie7l.com\/en\/produit\/yves-saint-laurent-une-passion-marocaine-2\/#breadcrumb"},"inLanguage":"en-US","potentialAction":[{"@type":"ReadAction","target":["https:\/\/librairie7l.com\/en\/produit\/yves-saint-laurent-une-passion-marocaine-2\/"]}]},{"@type":"BreadcrumbList","@id":"https:\/\/librairie7l.com\/en\/produit\/yves-saint-laurent-une-passion-marocaine-2\/#breadcrumb","itemListElement":[{"@type":"ListItem","position":1,"name":"Accueil","item":"https:\/\/librairie7l.com\/en\/"},{"@type":"ListItem","position":2,"name":"Shop","item":"https:\/\/librairie7l.com\/en\/shop\/"},{"@type":"ListItem","position":3,"name":"YVES SAINT LAURENT, UNE PASSION MAROCAINE"}]},{"@type":"WebSite","@id":"https:\/\/librairie7l.com\/en\/#website","url":"https:\/\/librairie7l.com\/en\/","name":"Librairie 7L","description":"Librairie fond\u00e9e en 1999 par Karl Lagerfeld \u00e0 Paris","publisher":{"@id":"https:\/\/librairie7l.com\/en\/#organization"},"potentialAction":[{"@type":"SearchAction","target":{"@type":"EntryPoint","urlTemplate":"https:\/\/librairie7l.com\/en\/?s={search_term_string}"},"query-input":"required name=search_term_string"}],"inLanguage":"en-US"},{"@type":"Organization","@id":"https:\/\/librairie7l.com\/en\/#organization","name":"Librairie 7L","url":"https:\/\/librairie7l.com\/en\/","logo":{"@type":"ImageObject","inLanguage":"en-US","@id":"https:\/\/librairie7l.com\/en\/#\/schema\/logo\/image\/","url":"https:\/\/librairie7l.com\/wp-content\/uploads\/2022\/08\/logo-1.png","contentUrl":"https:\/\/librairie7l.com\/wp-content\/uploads\/2022\/08\/logo-1.png","width":227,"height":301,"caption":"Librairie 7L"},"image":{"@id":"https:\/\/librairie7l.com\/en\/#\/schema\/logo\/image\/"}}]}},"_links":{"self":[{"href":"https:\/\/librairie7l.com\/en\/wp-json\/wp\/v2\/product\/43909"}],"collection":[{"href":"https:\/\/librairie7l.com\/en\/wp-json\/wp\/v2\/product"}],"about":[{"href":"https:\/\/librairie7l.com\/en\/wp-json\/wp\/v2\/types\/product"}],"wp:featuredmedia":[{"embeddable":true,"href":"https:\/\/librairie7l.com\/en\/wp-json\/wp\/v2\/media\/43907"}],"wp:attachment":[{"href":"https:\/\/librairie7l.com\/en\/wp-json\/wp\/v2\/media?parent=43909"}],"wp:term":[{"taxonomy":"product_cat","embeddable":true,"href":"https:\/\/librairie7l.com\/en\/wp-json\/wp\/v2\/product_cat?post=43909"},{"taxonomy":"product_tag","embeddable":true,"href":"https:\/\/librairie7l.com\/en\/wp-json\/wp\/v2\/product_tag?post=43909"}],"curies":[{"name":"wp","href":"https:\/\/api.w.org\/{rel}","templated":true}]}}