{"id":43917,"date":"2024-10-31T09:17:46","date_gmt":"2024-10-31T08:17:46","guid":{"rendered":"https:\/\/librairie7l.com\/?post_type=product&#038;p=43917"},"modified":"2026-04-16T14:07:35","modified_gmt":"2026-04-16T12:07:35","slug":"letoffe-du-diable-une-histoire-des-rayures-et-des-tissus-rayes-2","status":"publish","type":"product","link":"https:\/\/librairie7l.com\/en\/produit\/letoffe-du-diable-une-histoire-des-rayures-et-des-tissus-rayes-2\/","title":{"rendered":"L&#8217;\u00c9TOFFE DU DIABLE ; UNE HISTOIRE DES RAYURES ET DES TISSUS RAY\u00c9S"},"content":{"rendered":"<p>La rayure et les \u00e9toffes ray\u00e9es sont longtemps rest\u00e9es en Occident des marques d&#8217;exclusion ou d&#8217;infamie. En furent notamment v\u00eatus tous ce qui, \u00e0 un titre ou \u00e0 un autre, se situaient sur les marges de la soci\u00e9t\u00e9 chr\u00e9tienne ou bien en dehors : jongleurs, musiciens, bouffons, bourreaux, prostitu\u00e9es, condamn\u00e9s, h\u00e9r\u00e9tiques, juifs, musulmans ainsi que, dans les images, le Diable et toutes ses cr\u00e9atures. Sans faire aucunement dispara\u00eetre ces rayures tr\u00e8s n\u00e9gatives, l&#8217;\u00e9poque romantique voit appara\u00eetre une nouvelle forme de rayures, positives et li\u00e9es aux id\u00e9es nouvelles de libert\u00e9, de jeunesse, de plaisir et de progr\u00e8s. Dans les soci\u00e9t\u00e9s contemporaines, ces deux types de rayures cohabitent : celles des v\u00eatements de prisonniers, de la p\u00e8gre, des lieux dangereux et mortif\u00e8res, et celles du jeu, du sport, de l&#8217;hygi\u00e8ne, de la mer et de la plage.<\/p>\n","protected":false},"excerpt":{"rendered":"<p>La rayure et les \u00e9toffes ray\u00e9es sont longtemps rest\u00e9es en Occident des marques d&#8217;exclusion ou d&#8217;infamie. En furent notamment v\u00eatus tous ce qui, \u00e0 un titre ou \u00e0 un autre, se situaient sur les marges de la soci\u00e9t\u00e9 chr\u00e9tienne ou bien en dehors : jongleurs, musiciens, bouffons, bourreaux, prostitu\u00e9es, condamn\u00e9s, h\u00e9r\u00e9tiques, juifs, musulmans ainsi que, [&hellip;]<\/p>\n","protected":false},"featured_media":43915,"template":"","meta":[],"product_cat":[2948],"product_tag":[],"acf":[],"yoast_head":"<!-- This site is optimized with the Yoast SEO plugin v20.11 - https:\/\/yoast.com\/wordpress\/plugins\/seo\/ -->\n<title>L&#039;\u00e9toffe du diable ; une histoire des rayures et des tissus ray\u00e9s - Librairie 7L<\/title>\n<meta name=\"robots\" content=\"index, follow, max-snippet:-1, max-image-preview:large, max-video-preview:-1\" \/>\n<link rel=\"canonical\" href=\"https:\/\/librairie7l.com\/en\/produit\/letoffe-du-diable-une-histoire-des-rayures-et-des-tissus-rayes-2\/\" \/>\n<meta property=\"og:locale\" content=\"en_US\" \/>\n<meta property=\"og:type\" content=\"article\" \/>\n<meta property=\"og:title\" content=\"L&#039;\u00e9toffe du diable ; une histoire des rayures et des tissus ray\u00e9s - Librairie 7L\" \/>\n<meta property=\"og:description\" content=\"La rayure et les \u00e9toffes ray\u00e9es sont longtemps rest\u00e9es en Occident des marques d&#8217;exclusion ou d&#8217;infamie. En furent notamment v\u00eatus tous ce qui, \u00e0 un titre ou \u00e0 un autre, se situaient sur les marges de la soci\u00e9t\u00e9 chr\u00e9tienne ou bien en dehors : jongleurs, musiciens, bouffons, bourreaux, prostitu\u00e9es, condamn\u00e9s, h\u00e9r\u00e9tiques, juifs, musulmans ainsi que, [&hellip;]\" \/>\n<meta property=\"og:url\" content=\"https:\/\/librairie7l.com\/en\/produit\/letoffe-du-diable-une-histoire-des-rayures-et-des-tissus-rayes-2\/\" \/>\n<meta property=\"og:site_name\" content=\"Librairie 7L\" \/>\n<meta property=\"article:modified_time\" content=\"2026-04-16T12:07:35+00:00\" \/>\n<meta property=\"og:image\" content=\"https:\/\/librairie7l.com\/wp-content\/uploads\/2014\/01\/9782757841785_1_75.jpg\" \/>\n\t<meta property=\"og:image:width\" content=\"1000\" \/>\n\t<meta property=\"og:image:height\" content=\"1661\" \/>\n\t<meta property=\"og:image:type\" content=\"image\/jpeg\" \/>\n<meta name=\"twitter:card\" content=\"summary_large_image\" \/>\n<meta name=\"twitter:label1\" content=\"Est. reading time\" \/>\n\t<meta name=\"twitter:data1\" content=\"1 minute\" \/>\n<script type=\"application\/ld+json\" class=\"yoast-schema-graph\">{\"@context\":\"https:\/\/schema.org\",\"@graph\":[{\"@type\":\"WebPage\",\"@id\":\"https:\/\/librairie7l.com\/en\/produit\/letoffe-du-diable-une-histoire-des-rayures-et-des-tissus-rayes-2\/\",\"url\":\"https:\/\/librairie7l.com\/en\/produit\/letoffe-du-diable-une-histoire-des-rayures-et-des-tissus-rayes-2\/\",\"name\":\"L'\u00e9toffe du diable ; une histoire des rayures et des tissus ray\u00e9s - Librairie 7L\",\"isPartOf\":{\"@id\":\"https:\/\/librairie7l.com\/en\/#website\"},\"datePublished\":\"2024-10-31T08:17:46+00:00\",\"dateModified\":\"2026-04-16T12:07:35+00:00\",\"breadcrumb\":{\"@id\":\"https:\/\/librairie7l.com\/en\/produit\/letoffe-du-diable-une-histoire-des-rayures-et-des-tissus-rayes-2\/#breadcrumb\"},\"inLanguage\":\"en-US\",\"potentialAction\":[{\"@type\":\"ReadAction\",\"target\":[\"https:\/\/librairie7l.com\/en\/produit\/letoffe-du-diable-une-histoire-des-rayures-et-des-tissus-rayes-2\/\"]}]},{\"@type\":\"BreadcrumbList\",\"@id\":\"https:\/\/librairie7l.com\/en\/produit\/letoffe-du-diable-une-histoire-des-rayures-et-des-tissus-rayes-2\/#breadcrumb\",\"itemListElement\":[{\"@type\":\"ListItem\",\"position\":1,\"name\":\"Accueil\",\"item\":\"https:\/\/librairie7l.com\/en\/\"},{\"@type\":\"ListItem\",\"position\":2,\"name\":\"Shop\",\"item\":\"https:\/\/librairie7l.com\/en\/shop\/\"},{\"@type\":\"ListItem\",\"position\":3,\"name\":\"L&#8217;\u00c9TOFFE DU DIABLE ; UNE HISTOIRE DES RAYURES ET DES TISSUS RAY\u00c9S\"}]},{\"@type\":\"WebSite\",\"@id\":\"https:\/\/librairie7l.com\/en\/#website\",\"url\":\"https:\/\/librairie7l.com\/en\/\",\"name\":\"Librairie 7L\",\"description\":\"Librairie fond\u00e9e en 1999 par Karl Lagerfeld \u00e0 Paris\",\"publisher\":{\"@id\":\"https:\/\/librairie7l.com\/en\/#organization\"},\"potentialAction\":[{\"@type\":\"SearchAction\",\"target\":{\"@type\":\"EntryPoint\",\"urlTemplate\":\"https:\/\/librairie7l.com\/en\/?s={search_term_string}\"},\"query-input\":\"required name=search_term_string\"}],\"inLanguage\":\"en-US\"},{\"@type\":\"Organization\",\"@id\":\"https:\/\/librairie7l.com\/en\/#organization\",\"name\":\"Librairie 7L\",\"url\":\"https:\/\/librairie7l.com\/en\/\",\"logo\":{\"@type\":\"ImageObject\",\"inLanguage\":\"en-US\",\"@id\":\"https:\/\/librairie7l.com\/en\/#\/schema\/logo\/image\/\",\"url\":\"https:\/\/librairie7l.com\/wp-content\/uploads\/2022\/08\/logo-1.png\",\"contentUrl\":\"https:\/\/librairie7l.com\/wp-content\/uploads\/2022\/08\/logo-1.png\",\"width\":227,\"height\":301,\"caption\":\"Librairie 7L\"},\"image\":{\"@id\":\"https:\/\/librairie7l.com\/en\/#\/schema\/logo\/image\/\"}}]}<\/script>\n<!-- \/ Yoast SEO plugin. -->","yoast_head_json":{"title":"L'\u00e9toffe du diable ; une histoire des rayures et des tissus ray\u00e9s - Librairie 7L","robots":{"index":"index","follow":"follow","max-snippet":"max-snippet:-1","max-image-preview":"max-image-preview:large","max-video-preview":"max-video-preview:-1"},"canonical":"https:\/\/librairie7l.com\/en\/produit\/letoffe-du-diable-une-histoire-des-rayures-et-des-tissus-rayes-2\/","og_locale":"en_US","og_type":"article","og_title":"L'\u00e9toffe du diable ; une histoire des rayures et des tissus ray\u00e9s - Librairie 7L","og_description":"La rayure et les \u00e9toffes ray\u00e9es sont longtemps rest\u00e9es en Occident des marques d&#8217;exclusion ou d&#8217;infamie. En furent notamment v\u00eatus tous ce qui, \u00e0 un titre ou \u00e0 un autre, se situaient sur les marges de la soci\u00e9t\u00e9 chr\u00e9tienne ou bien en dehors : jongleurs, musiciens, bouffons, bourreaux, prostitu\u00e9es, condamn\u00e9s, h\u00e9r\u00e9tiques, juifs, musulmans ainsi que, [&hellip;]","og_url":"https:\/\/librairie7l.com\/en\/produit\/letoffe-du-diable-une-histoire-des-rayures-et-des-tissus-rayes-2\/","og_site_name":"Librairie 7L","article_modified_time":"2026-04-16T12:07:35+00:00","og_image":[{"width":1000,"height":1661,"url":"https:\/\/librairie7l.com\/wp-content\/uploads\/2014\/01\/9782757841785_1_75.jpg","type":"image\/jpeg"}],"twitter_card":"summary_large_image","twitter_misc":{"Est. reading time":"1 minute"},"schema":{"@context":"https:\/\/schema.org","@graph":[{"@type":"WebPage","@id":"https:\/\/librairie7l.com\/en\/produit\/letoffe-du-diable-une-histoire-des-rayures-et-des-tissus-rayes-2\/","url":"https:\/\/librairie7l.com\/en\/produit\/letoffe-du-diable-une-histoire-des-rayures-et-des-tissus-rayes-2\/","name":"L'\u00e9toffe du diable ; une histoire des rayures et des tissus ray\u00e9s - Librairie 7L","isPartOf":{"@id":"https:\/\/librairie7l.com\/en\/#website"},"datePublished":"2024-10-31T08:17:46+00:00","dateModified":"2026-04-16T12:07:35+00:00","breadcrumb":{"@id":"https:\/\/librairie7l.com\/en\/produit\/letoffe-du-diable-une-histoire-des-rayures-et-des-tissus-rayes-2\/#breadcrumb"},"inLanguage":"en-US","potentialAction":[{"@type":"ReadAction","target":["https:\/\/librairie7l.com\/en\/produit\/letoffe-du-diable-une-histoire-des-rayures-et-des-tissus-rayes-2\/"]}]},{"@type":"BreadcrumbList","@id":"https:\/\/librairie7l.com\/en\/produit\/letoffe-du-diable-une-histoire-des-rayures-et-des-tissus-rayes-2\/#breadcrumb","itemListElement":[{"@type":"ListItem","position":1,"name":"Accueil","item":"https:\/\/librairie7l.com\/en\/"},{"@type":"ListItem","position":2,"name":"Shop","item":"https:\/\/librairie7l.com\/en\/shop\/"},{"@type":"ListItem","position":3,"name":"L&#8217;\u00c9TOFFE DU DIABLE ; UNE HISTOIRE DES RAYURES ET DES TISSUS RAY\u00c9S"}]},{"@type":"WebSite","@id":"https:\/\/librairie7l.com\/en\/#website","url":"https:\/\/librairie7l.com\/en\/","name":"Librairie 7L","description":"Librairie fond\u00e9e en 1999 par Karl Lagerfeld \u00e0 Paris","publisher":{"@id":"https:\/\/librairie7l.com\/en\/#organization"},"potentialAction":[{"@type":"SearchAction","target":{"@type":"EntryPoint","urlTemplate":"https:\/\/librairie7l.com\/en\/?s={search_term_string}"},"query-input":"required name=search_term_string"}],"inLanguage":"en-US"},{"@type":"Organization","@id":"https:\/\/librairie7l.com\/en\/#organization","name":"Librairie 7L","url":"https:\/\/librairie7l.com\/en\/","logo":{"@type":"ImageObject","inLanguage":"en-US","@id":"https:\/\/librairie7l.com\/en\/#\/schema\/logo\/image\/","url":"https:\/\/librairie7l.com\/wp-content\/uploads\/2022\/08\/logo-1.png","contentUrl":"https:\/\/librairie7l.com\/wp-content\/uploads\/2022\/08\/logo-1.png","width":227,"height":301,"caption":"Librairie 7L"},"image":{"@id":"https:\/\/librairie7l.com\/en\/#\/schema\/logo\/image\/"}}]}},"_links":{"self":[{"href":"https:\/\/librairie7l.com\/en\/wp-json\/wp\/v2\/product\/43917"}],"collection":[{"href":"https:\/\/librairie7l.com\/en\/wp-json\/wp\/v2\/product"}],"about":[{"href":"https:\/\/librairie7l.com\/en\/wp-json\/wp\/v2\/types\/product"}],"wp:featuredmedia":[{"embeddable":true,"href":"https:\/\/librairie7l.com\/en\/wp-json\/wp\/v2\/media\/43915"}],"wp:attachment":[{"href":"https:\/\/librairie7l.com\/en\/wp-json\/wp\/v2\/media?parent=43917"}],"wp:term":[{"taxonomy":"product_cat","embeddable":true,"href":"https:\/\/librairie7l.com\/en\/wp-json\/wp\/v2\/product_cat?post=43917"},{"taxonomy":"product_tag","embeddable":true,"href":"https:\/\/librairie7l.com\/en\/wp-json\/wp\/v2\/product_tag?post=43917"}],"curies":[{"name":"wp","href":"https:\/\/api.w.org\/{rel}","templated":true}]}}