{"id":43919,"date":"2024-10-31T09:17:49","date_gmt":"2024-10-31T08:17:49","guid":{"rendered":"https:\/\/librairie7l.com\/?post_type=product&#038;p=43919"},"modified":"2026-05-03T17:36:21","modified_gmt":"2026-05-03T15:36:21","slug":"merveilles-2","status":"publish","type":"product","link":"https:\/\/librairie7l.com\/en\/produit\/merveilles-2\/","title":{"rendered":"MERVEILLES"},"content":{"rendered":"<p>\u00c0 l&#8217;occasion de son bicentenaire, le Mus\u00e9e national de la c\u00e9ramique de S\u00e8vres organise une exposition<br \/>\n\u00ab Merveilles \u00bb qui renouvelle la pr\u00e9sentation de ses collections et propose aux visiteurs un voyage en c\u00e9ramique surprenant et ludique. En eAet beaucoup d&#8217;oeuvres conserv\u00e9es dans le mus\u00e9e \u00e9chappent aux classements traditionnels par mat\u00e9riau ou par \u00e9poque et sont diAiciles \u00e0 int\u00e9grer dans une typologie rigoureuse.<br \/>\nLe propos de cette exposition et du livre qui l&#8217;accompagne est donc d&#8217;abandonner une organisation rationnelle et de pr\u00e9senter la collection selon un mode th\u00e9matique avec une dizaine de chapitres illustr\u00e9s avec des sujets aussi vari\u00e9s que : le fantastique et le f\u00e9\u00e9rique, les pr\u00e9cieux, les fleurs, les inattendus, &#8230; Celui-ci permettra ainsi de c\u00e9l\u00e9brer le mus\u00e9e de fa\u00e7on originale en pr\u00e9sentant des oeuvres in\u00e9dites conserv\u00e9es dans les r\u00e9serves du mus\u00e9e et rarement pr\u00e9sent\u00e9es au public. Un v\u00e9ritable \u00ab Cabinet de curiosit\u00e9s \u00bb qui s\u00e9duira autant les connaisseurs du monde de la c\u00e9ramique qu&#8217;un plus vaste public sensible aux arts d\u00e9coratifs et \u00e0 l&#8217;artisanat d&#8217;art.<\/p>\n","protected":false},"excerpt":{"rendered":"<p>\u00c0 l&#8217;occasion de son bicentenaire, le Mus\u00e9e national de la c\u00e9ramique de S\u00e8vres organise une exposition \u00ab Merveilles \u00bb qui renouvelle la pr\u00e9sentation de ses collections et propose aux visiteurs un voyage en c\u00e9ramique surprenant et ludique. En eAet beaucoup d&#8217;oeuvres conserv\u00e9es dans le mus\u00e9e \u00e9chappent aux classements traditionnels par mat\u00e9riau ou par \u00e9poque et [&hellip;]<\/p>\n","protected":false},"featured_media":45033,"template":"","meta":[],"product_cat":[2948],"product_tag":[],"acf":[],"yoast_head":"<!-- This site is optimized with the Yoast SEO plugin v20.11 - https:\/\/yoast.com\/wordpress\/plugins\/seo\/ -->\n<title>Merveilles - Librairie 7L<\/title>\n<meta name=\"robots\" content=\"index, follow, max-snippet:-1, max-image-preview:large, max-video-preview:-1\" \/>\n<link rel=\"canonical\" href=\"https:\/\/librairie7l.com\/en\/produit\/merveilles-2\/\" \/>\n<meta property=\"og:locale\" content=\"en_US\" \/>\n<meta property=\"og:type\" content=\"article\" \/>\n<meta property=\"og:title\" content=\"Merveilles - Librairie 7L\" \/>\n<meta property=\"og:description\" content=\"\u00c0 l&#8217;occasion de son bicentenaire, le Mus\u00e9e national de la c\u00e9ramique de S\u00e8vres organise une exposition \u00ab Merveilles \u00bb qui renouvelle la pr\u00e9sentation de ses collections et propose aux visiteurs un voyage en c\u00e9ramique surprenant et ludique. En eAet beaucoup d&#8217;oeuvres conserv\u00e9es dans le mus\u00e9e \u00e9chappent aux classements traditionnels par mat\u00e9riau ou par \u00e9poque et [&hellip;]\" \/>\n<meta property=\"og:url\" content=\"https:\/\/librairie7l.com\/en\/produit\/merveilles-2\/\" \/>\n<meta property=\"og:site_name\" content=\"Librairie 7L\" \/>\n<meta property=\"article:modified_time\" content=\"2026-05-03T15:36:21+00:00\" \/>\n<meta name=\"twitter:card\" content=\"summary_large_image\" \/>\n<meta name=\"twitter:label1\" content=\"Est. reading time\" \/>\n\t<meta name=\"twitter:data1\" content=\"1 minute\" \/>\n<script type=\"application\/ld+json\" class=\"yoast-schema-graph\">{\"@context\":\"https:\/\/schema.org\",\"@graph\":[{\"@type\":\"WebPage\",\"@id\":\"https:\/\/librairie7l.com\/en\/produit\/merveilles-2\/\",\"url\":\"https:\/\/librairie7l.com\/en\/produit\/merveilles-2\/\",\"name\":\"Merveilles - Librairie 7L\",\"isPartOf\":{\"@id\":\"https:\/\/librairie7l.com\/en\/#website\"},\"datePublished\":\"2024-10-31T08:17:49+00:00\",\"dateModified\":\"2026-05-03T15:36:21+00:00\",\"breadcrumb\":{\"@id\":\"https:\/\/librairie7l.com\/en\/produit\/merveilles-2\/#breadcrumb\"},\"inLanguage\":\"en-US\",\"potentialAction\":[{\"@type\":\"ReadAction\",\"target\":[\"https:\/\/librairie7l.com\/en\/produit\/merveilles-2\/\"]}]},{\"@type\":\"BreadcrumbList\",\"@id\":\"https:\/\/librairie7l.com\/en\/produit\/merveilles-2\/#breadcrumb\",\"itemListElement\":[{\"@type\":\"ListItem\",\"position\":1,\"name\":\"Accueil\",\"item\":\"https:\/\/librairie7l.com\/en\/\"},{\"@type\":\"ListItem\",\"position\":2,\"name\":\"Shop\",\"item\":\"https:\/\/librairie7l.com\/en\/shop\/\"},{\"@type\":\"ListItem\",\"position\":3,\"name\":\"MERVEILLES\"}]},{\"@type\":\"WebSite\",\"@id\":\"https:\/\/librairie7l.com\/en\/#website\",\"url\":\"https:\/\/librairie7l.com\/en\/\",\"name\":\"Librairie 7L\",\"description\":\"Librairie fond\u00e9e en 1999 par Karl Lagerfeld \u00e0 Paris\",\"publisher\":{\"@id\":\"https:\/\/librairie7l.com\/en\/#organization\"},\"potentialAction\":[{\"@type\":\"SearchAction\",\"target\":{\"@type\":\"EntryPoint\",\"urlTemplate\":\"https:\/\/librairie7l.com\/en\/?s={search_term_string}\"},\"query-input\":\"required name=search_term_string\"}],\"inLanguage\":\"en-US\"},{\"@type\":\"Organization\",\"@id\":\"https:\/\/librairie7l.com\/en\/#organization\",\"name\":\"Librairie 7L\",\"url\":\"https:\/\/librairie7l.com\/en\/\",\"logo\":{\"@type\":\"ImageObject\",\"inLanguage\":\"en-US\",\"@id\":\"https:\/\/librairie7l.com\/en\/#\/schema\/logo\/image\/\",\"url\":\"https:\/\/librairie7l.com\/wp-content\/uploads\/2022\/08\/logo-1.png\",\"contentUrl\":\"https:\/\/librairie7l.com\/wp-content\/uploads\/2022\/08\/logo-1.png\",\"width\":227,\"height\":301,\"caption\":\"Librairie 7L\"},\"image\":{\"@id\":\"https:\/\/librairie7l.com\/en\/#\/schema\/logo\/image\/\"}}]}<\/script>\n<!-- \/ Yoast SEO plugin. -->","yoast_head_json":{"title":"Merveilles - Librairie 7L","robots":{"index":"index","follow":"follow","max-snippet":"max-snippet:-1","max-image-preview":"max-image-preview:large","max-video-preview":"max-video-preview:-1"},"canonical":"https:\/\/librairie7l.com\/en\/produit\/merveilles-2\/","og_locale":"en_US","og_type":"article","og_title":"Merveilles - Librairie 7L","og_description":"\u00c0 l&#8217;occasion de son bicentenaire, le Mus\u00e9e national de la c\u00e9ramique de S\u00e8vres organise une exposition \u00ab Merveilles \u00bb qui renouvelle la pr\u00e9sentation de ses collections et propose aux visiteurs un voyage en c\u00e9ramique surprenant et ludique. En eAet beaucoup d&#8217;oeuvres conserv\u00e9es dans le mus\u00e9e \u00e9chappent aux classements traditionnels par mat\u00e9riau ou par \u00e9poque et [&hellip;]","og_url":"https:\/\/librairie7l.com\/en\/produit\/merveilles-2\/","og_site_name":"Librairie 7L","article_modified_time":"2026-05-03T15:36:21+00:00","twitter_card":"summary_large_image","twitter_misc":{"Est. reading time":"1 minute"},"schema":{"@context":"https:\/\/schema.org","@graph":[{"@type":"WebPage","@id":"https:\/\/librairie7l.com\/en\/produit\/merveilles-2\/","url":"https:\/\/librairie7l.com\/en\/produit\/merveilles-2\/","name":"Merveilles - Librairie 7L","isPartOf":{"@id":"https:\/\/librairie7l.com\/en\/#website"},"datePublished":"2024-10-31T08:17:49+00:00","dateModified":"2026-05-03T15:36:21+00:00","breadcrumb":{"@id":"https:\/\/librairie7l.com\/en\/produit\/merveilles-2\/#breadcrumb"},"inLanguage":"en-US","potentialAction":[{"@type":"ReadAction","target":["https:\/\/librairie7l.com\/en\/produit\/merveilles-2\/"]}]},{"@type":"BreadcrumbList","@id":"https:\/\/librairie7l.com\/en\/produit\/merveilles-2\/#breadcrumb","itemListElement":[{"@type":"ListItem","position":1,"name":"Accueil","item":"https:\/\/librairie7l.com\/en\/"},{"@type":"ListItem","position":2,"name":"Shop","item":"https:\/\/librairie7l.com\/en\/shop\/"},{"@type":"ListItem","position":3,"name":"MERVEILLES"}]},{"@type":"WebSite","@id":"https:\/\/librairie7l.com\/en\/#website","url":"https:\/\/librairie7l.com\/en\/","name":"Librairie 7L","description":"Librairie fond\u00e9e en 1999 par Karl Lagerfeld \u00e0 Paris","publisher":{"@id":"https:\/\/librairie7l.com\/en\/#organization"},"potentialAction":[{"@type":"SearchAction","target":{"@type":"EntryPoint","urlTemplate":"https:\/\/librairie7l.com\/en\/?s={search_term_string}"},"query-input":"required name=search_term_string"}],"inLanguage":"en-US"},{"@type":"Organization","@id":"https:\/\/librairie7l.com\/en\/#organization","name":"Librairie 7L","url":"https:\/\/librairie7l.com\/en\/","logo":{"@type":"ImageObject","inLanguage":"en-US","@id":"https:\/\/librairie7l.com\/en\/#\/schema\/logo\/image\/","url":"https:\/\/librairie7l.com\/wp-content\/uploads\/2022\/08\/logo-1.png","contentUrl":"https:\/\/librairie7l.com\/wp-content\/uploads\/2022\/08\/logo-1.png","width":227,"height":301,"caption":"Librairie 7L"},"image":{"@id":"https:\/\/librairie7l.com\/en\/#\/schema\/logo\/image\/"}}]}},"_links":{"self":[{"href":"https:\/\/librairie7l.com\/en\/wp-json\/wp\/v2\/product\/43919"}],"collection":[{"href":"https:\/\/librairie7l.com\/en\/wp-json\/wp\/v2\/product"}],"about":[{"href":"https:\/\/librairie7l.com\/en\/wp-json\/wp\/v2\/types\/product"}],"wp:featuredmedia":[{"embeddable":true,"href":"https:\/\/librairie7l.com\/en\/wp-json\/wp\/v2\/media\/45033"}],"wp:attachment":[{"href":"https:\/\/librairie7l.com\/en\/wp-json\/wp\/v2\/media?parent=43919"}],"wp:term":[{"taxonomy":"product_cat","embeddable":true,"href":"https:\/\/librairie7l.com\/en\/wp-json\/wp\/v2\/product_cat?post=43919"},{"taxonomy":"product_tag","embeddable":true,"href":"https:\/\/librairie7l.com\/en\/wp-json\/wp\/v2\/product_tag?post=43919"}],"curies":[{"name":"wp","href":"https:\/\/api.w.org\/{rel}","templated":true}]}}