{"id":43923,"date":"2024-10-31T09:17:52","date_gmt":"2024-10-31T08:17:52","guid":{"rendered":"https:\/\/librairie7l.com\/?post_type=product&#038;p=43923"},"modified":"2026-04-04T04:43:55","modified_gmt":"2026-04-04T02:43:55","slug":"arte-povera-300-millions-dannees-2","status":"publish","type":"product","link":"https:\/\/librairie7l.com\/en\/produit\/arte-povera-300-millions-dannees-2\/","title":{"rendered":"ARTE POVERA : 300 MILLIONS D&#8217;ANN\u00c9ES"},"content":{"rendered":"<p>Co\u00e9dition Dilecta et Bourse de Commerce &#8211; Pinault Collection<\/p>\n<p>Au milieu des ann\u00e9es 1960, des artistes italiens commencent \u00e0 exposer ensemble, sous l&#8217;\u00e9tendard de l&#8217;expression \u00ab arte povera \u00bb &#8211; art pauvre -, une expression forg\u00e9e en 1967 par Germano Celant, critique d&#8217;art et commissaire d&#8217;exposition, qui adapte le concept de \u00ab th\u00e9\u00e2tre pauvre \u00bb, mis en avant par le metteur en sc\u00e8ne de th\u00e9\u00e2tre exp\u00e9rimental Jerzy Grotowski. Les artistes associ\u00e9s \u00e0 ce movement &#8211; Giovanni Anselmo, Alighiero Boetti, Pier Paolo Calzolari, Luciano Fabro, Jannis Kounellis, Mario and Marisa Merz, Giulio Paolini, Pino Pascali, Giuseppe Penone, Michelangelo Pistoletto, Emilio Prini, Gilberto Zorio &#8211; s&#8217;int\u00e9ressent principalement au croisement de l&#8217;art et de la vie, de la nature et de la culture. Ils sugg\u00e8rent que l&#8217;essence d&#8217;une oeuvre d&#8217;art r\u00e9side dans l&#8217;exp\u00e9rience subjective que l&#8217;on fait d&#8217;un mat\u00e9riau, de ses transformations et de l&#8217;espace. Ils concentrent leur attention sur l&#8217;\u00e9nergie \u00ab primale \u00bb qui traversent toutes les facettes de la vie &#8211; une \u00e9nergie v\u00e9cue directement, qui \u00e9chappe \u00e0 toute repr\u00e9sentation, id\u00e9ologie ou langage. Cette \u00e9nergie correspond aux forces physiques fondamentales de la nature (la gravit\u00e9 et les champs magn\u00e9tiques) et fait \u00e9galement r\u00e9f\u00e9rence aux \u00e9l\u00e9ments primordiaux de la nature humains (la vitalit\u00e9, la m\u00e9moire, les \u00e9motions). Ces artistes, originaires de Turin, G\u00eane, Bologne, Milan ou encore Rome, cr\u00e9ent de fa\u00e7on tr\u00e8s singuli\u00e8re, libre, non conventionnelle et non dogmatique, tant dans le champ de la peinture que de la sculpture, du dessin et de la photographie ; ce sont eux qui produisent les premi\u00e8res installations, performances et actions de l&#8217;histoire de l&#8217;art &#8211; passant d&#8217;un m\u00e9dium \u00e0 l&#8217;autre dans se soucier de \u00ab style \u00bb, se servant de mat\u00e9riaux (naturels comme artificiels) humbles afin de g\u00e9n\u00e9rer une v\u00e9ritable exp\u00e9rience de l&#8217;ici et maintenant.<br \/>\nLes artistes de l&#8217;arte povera s&#8217;int\u00e9ressent \u00e0 notre perception, alliant leur fascination pour la vie quotidienne \u00e0 un profond respect de la tradition artistique. Se m\u00e9fiant de l&#8217;intellectualisation excessive du champ artistique, ils empruntent \u00e0 l&#8217;esth\u00e9tique baroque son h\u00e9t\u00e9rog\u00e9n\u00e9it\u00e9 et son apparente incoh\u00e9rence.<br \/>\n\u00c0 la Bourse de Commerce &#8211; Pinault Collection, l&#8217;exposition, organis\u00e9e par Carolyn Christov-Bakargiev, experte internationalement reconnue sur le sujet, retrace l&#8217;histoire de ce mouvement, depuis ses pr\u00e9mices en Italie jusqu&#8217;\u00e0 son d\u00e9veloppement \u00e0 travers le monde, en s&#8217;appuyant sur une s\u00e9lection d&#8217;oeuvres des treize artistes principaux de l&#8217;arte povera issues de la Collection Pinault, de celle du Castello di Rivoli et de la Fondazione per l&#8217;Arte Moderna e Contemporanea CRT, ou d&#8217;autres prestigieuses collections, dont celles des artistes eux-m\u00eames.<\/p>\n<p>Carolyn Christov-Bakargiev est une \u00e9crivaine, historienne de l&#8217;art et commissaire d&#8217;exposition italo-am\u00e9ricaine. Elle a notamment dirig\u00e9 le Castello di Rivoli Museo d&#8217;Arte Contemporanea et la Fondazione Francesco Federico Cerruti \u00e0 Turin entre 2016 et 2023. Nomm\u00e9e personnalit\u00e9 la plus puissante du monde de l&#8217;art en 2012 par le classement Power 100 d&#8217;ArtReview, Christov-Bakargiev a \u00e9t\u00e9 la directrice artistique de dOCUMENTA (13) (2012), \u00e9v\u00e9nement pour lequel elle a par ailleurs \u00e9galement organis\u00e9 des ateliers, des s\u00e9minaires et des expositions \u00e0 Alexandrie (\u00c9gypte), \u00e0 Kaboul (Afghanistan) et \u00e0 Banff (Canada).<br \/>\nGabriele Guercio est un chercheur ind\u00e9pendant bas\u00e9 \u00e0 Milan. Il \u00e9crit sur l&#8217;art moderne et contemporain, ainsi que sur l&#8217;histoire de la th\u00e9orie de l&#8217;art.<br \/>\nMarcella Beccaria est historienne de l&#8217;art, conservatrice et auteure. Elle est actuellement conservatrice en chef et conservatrice des collections au Castello di Rivoli Museo d&#8217;Arte Contemporanea.<br \/>\nRiccardo Passoni est historien de l&#8217;art, critique et commissaire d&#8217;exposition.<br \/>\nFabio Cafagna est historien de l&#8217;art<\/p>\n","protected":false},"excerpt":{"rendered":"<p>Co\u00e9dition Dilecta et Bourse de Commerce &#8211; Pinault Collection Au milieu des ann\u00e9es 1960, des artistes italiens commencent \u00e0 exposer ensemble, sous l&#8217;\u00e9tendard de l&#8217;expression \u00ab arte povera \u00bb &#8211; art pauvre -, une expression forg\u00e9e en 1967 par Germano Celant, critique d&#8217;art et commissaire d&#8217;exposition, qui adapte le concept de \u00ab th\u00e9\u00e2tre pauvre \u00bb, [&hellip;]<\/p>\n","protected":false},"featured_media":43921,"template":"","meta":[],"product_cat":[2948],"product_tag":[],"acf":[],"yoast_head":"<!-- This site is optimized with the Yoast SEO plugin v20.11 - https:\/\/yoast.com\/wordpress\/plugins\/seo\/ -->\n<title>Arte Povera : 300 millions d&#039;ann\u00e9es - Librairie 7L<\/title>\n<meta name=\"robots\" content=\"index, follow, max-snippet:-1, max-image-preview:large, max-video-preview:-1\" \/>\n<link rel=\"canonical\" href=\"https:\/\/librairie7l.com\/en\/produit\/arte-povera-300-millions-dannees-2\/\" \/>\n<meta property=\"og:locale\" content=\"en_US\" \/>\n<meta property=\"og:type\" content=\"article\" \/>\n<meta property=\"og:title\" content=\"Arte Povera : 300 millions d&#039;ann\u00e9es - Librairie 7L\" \/>\n<meta property=\"og:description\" content=\"Co\u00e9dition Dilecta et Bourse de Commerce &#8211; Pinault Collection Au milieu des ann\u00e9es 1960, des artistes italiens commencent \u00e0 exposer ensemble, sous l&#8217;\u00e9tendard de l&#8217;expression \u00ab arte povera \u00bb &#8211; art pauvre -, une expression forg\u00e9e en 1967 par Germano Celant, critique d&#8217;art et commissaire d&#8217;exposition, qui adapte le concept de \u00ab th\u00e9\u00e2tre pauvre \u00bb, [&hellip;]\" \/>\n<meta property=\"og:url\" content=\"https:\/\/librairie7l.com\/en\/produit\/arte-povera-300-millions-dannees-2\/\" \/>\n<meta property=\"og:site_name\" content=\"Librairie 7L\" \/>\n<meta property=\"article:modified_time\" content=\"2026-04-04T02:43:55+00:00\" \/>\n<meta property=\"og:image\" content=\"https:\/\/librairie7l.com\/wp-content\/uploads\/2024\/04\/9782373722062_1_75.jpg\" \/>\n\t<meta property=\"og:image:width\" content=\"600\" \/>\n\t<meta property=\"og:image:height\" content=\"775\" \/>\n\t<meta property=\"og:image:type\" content=\"image\/jpeg\" \/>\n<meta name=\"twitter:card\" content=\"summary_large_image\" \/>\n<meta name=\"twitter:label1\" content=\"Est. reading time\" \/>\n\t<meta name=\"twitter:data1\" content=\"3 minutes\" \/>\n<script type=\"application\/ld+json\" class=\"yoast-schema-graph\">{\"@context\":\"https:\/\/schema.org\",\"@graph\":[{\"@type\":\"WebPage\",\"@id\":\"https:\/\/librairie7l.com\/en\/produit\/arte-povera-300-millions-dannees-2\/\",\"url\":\"https:\/\/librairie7l.com\/en\/produit\/arte-povera-300-millions-dannees-2\/\",\"name\":\"Arte Povera : 300 millions d'ann\u00e9es - Librairie 7L\",\"isPartOf\":{\"@id\":\"https:\/\/librairie7l.com\/en\/#website\"},\"datePublished\":\"2024-10-31T08:17:52+00:00\",\"dateModified\":\"2026-04-04T02:43:55+00:00\",\"breadcrumb\":{\"@id\":\"https:\/\/librairie7l.com\/en\/produit\/arte-povera-300-millions-dannees-2\/#breadcrumb\"},\"inLanguage\":\"en-US\",\"potentialAction\":[{\"@type\":\"ReadAction\",\"target\":[\"https:\/\/librairie7l.com\/en\/produit\/arte-povera-300-millions-dannees-2\/\"]}]},{\"@type\":\"BreadcrumbList\",\"@id\":\"https:\/\/librairie7l.com\/en\/produit\/arte-povera-300-millions-dannees-2\/#breadcrumb\",\"itemListElement\":[{\"@type\":\"ListItem\",\"position\":1,\"name\":\"Accueil\",\"item\":\"https:\/\/librairie7l.com\/en\/\"},{\"@type\":\"ListItem\",\"position\":2,\"name\":\"Shop\",\"item\":\"https:\/\/librairie7l.com\/en\/shop\/\"},{\"@type\":\"ListItem\",\"position\":3,\"name\":\"ARTE POVERA : 300 MILLIONS D&#8217;ANN\u00c9ES\"}]},{\"@type\":\"WebSite\",\"@id\":\"https:\/\/librairie7l.com\/en\/#website\",\"url\":\"https:\/\/librairie7l.com\/en\/\",\"name\":\"Librairie 7L\",\"description\":\"Librairie fond\u00e9e en 1999 par Karl Lagerfeld \u00e0 Paris\",\"publisher\":{\"@id\":\"https:\/\/librairie7l.com\/en\/#organization\"},\"potentialAction\":[{\"@type\":\"SearchAction\",\"target\":{\"@type\":\"EntryPoint\",\"urlTemplate\":\"https:\/\/librairie7l.com\/en\/?s={search_term_string}\"},\"query-input\":\"required name=search_term_string\"}],\"inLanguage\":\"en-US\"},{\"@type\":\"Organization\",\"@id\":\"https:\/\/librairie7l.com\/en\/#organization\",\"name\":\"Librairie 7L\",\"url\":\"https:\/\/librairie7l.com\/en\/\",\"logo\":{\"@type\":\"ImageObject\",\"inLanguage\":\"en-US\",\"@id\":\"https:\/\/librairie7l.com\/en\/#\/schema\/logo\/image\/\",\"url\":\"https:\/\/librairie7l.com\/wp-content\/uploads\/2022\/08\/logo-1.png\",\"contentUrl\":\"https:\/\/librairie7l.com\/wp-content\/uploads\/2022\/08\/logo-1.png\",\"width\":227,\"height\":301,\"caption\":\"Librairie 7L\"},\"image\":{\"@id\":\"https:\/\/librairie7l.com\/en\/#\/schema\/logo\/image\/\"}}]}<\/script>\n<!-- \/ Yoast SEO plugin. -->","yoast_head_json":{"title":"Arte Povera : 300 millions d'ann\u00e9es - Librairie 7L","robots":{"index":"index","follow":"follow","max-snippet":"max-snippet:-1","max-image-preview":"max-image-preview:large","max-video-preview":"max-video-preview:-1"},"canonical":"https:\/\/librairie7l.com\/en\/produit\/arte-povera-300-millions-dannees-2\/","og_locale":"en_US","og_type":"article","og_title":"Arte Povera : 300 millions d'ann\u00e9es - Librairie 7L","og_description":"Co\u00e9dition Dilecta et Bourse de Commerce &#8211; Pinault Collection Au milieu des ann\u00e9es 1960, des artistes italiens commencent \u00e0 exposer ensemble, sous l&#8217;\u00e9tendard de l&#8217;expression \u00ab arte povera \u00bb &#8211; art pauvre -, une expression forg\u00e9e en 1967 par Germano Celant, critique d&#8217;art et commissaire d&#8217;exposition, qui adapte le concept de \u00ab th\u00e9\u00e2tre pauvre \u00bb, [&hellip;]","og_url":"https:\/\/librairie7l.com\/en\/produit\/arte-povera-300-millions-dannees-2\/","og_site_name":"Librairie 7L","article_modified_time":"2026-04-04T02:43:55+00:00","og_image":[{"width":600,"height":775,"url":"https:\/\/librairie7l.com\/wp-content\/uploads\/2024\/04\/9782373722062_1_75.jpg","type":"image\/jpeg"}],"twitter_card":"summary_large_image","twitter_misc":{"Est. reading time":"3 minutes"},"schema":{"@context":"https:\/\/schema.org","@graph":[{"@type":"WebPage","@id":"https:\/\/librairie7l.com\/en\/produit\/arte-povera-300-millions-dannees-2\/","url":"https:\/\/librairie7l.com\/en\/produit\/arte-povera-300-millions-dannees-2\/","name":"Arte Povera : 300 millions d'ann\u00e9es - Librairie 7L","isPartOf":{"@id":"https:\/\/librairie7l.com\/en\/#website"},"datePublished":"2024-10-31T08:17:52+00:00","dateModified":"2026-04-04T02:43:55+00:00","breadcrumb":{"@id":"https:\/\/librairie7l.com\/en\/produit\/arte-povera-300-millions-dannees-2\/#breadcrumb"},"inLanguage":"en-US","potentialAction":[{"@type":"ReadAction","target":["https:\/\/librairie7l.com\/en\/produit\/arte-povera-300-millions-dannees-2\/"]}]},{"@type":"BreadcrumbList","@id":"https:\/\/librairie7l.com\/en\/produit\/arte-povera-300-millions-dannees-2\/#breadcrumb","itemListElement":[{"@type":"ListItem","position":1,"name":"Accueil","item":"https:\/\/librairie7l.com\/en\/"},{"@type":"ListItem","position":2,"name":"Shop","item":"https:\/\/librairie7l.com\/en\/shop\/"},{"@type":"ListItem","position":3,"name":"ARTE POVERA : 300 MILLIONS D&#8217;ANN\u00c9ES"}]},{"@type":"WebSite","@id":"https:\/\/librairie7l.com\/en\/#website","url":"https:\/\/librairie7l.com\/en\/","name":"Librairie 7L","description":"Librairie fond\u00e9e en 1999 par Karl Lagerfeld \u00e0 Paris","publisher":{"@id":"https:\/\/librairie7l.com\/en\/#organization"},"potentialAction":[{"@type":"SearchAction","target":{"@type":"EntryPoint","urlTemplate":"https:\/\/librairie7l.com\/en\/?s={search_term_string}"},"query-input":"required name=search_term_string"}],"inLanguage":"en-US"},{"@type":"Organization","@id":"https:\/\/librairie7l.com\/en\/#organization","name":"Librairie 7L","url":"https:\/\/librairie7l.com\/en\/","logo":{"@type":"ImageObject","inLanguage":"en-US","@id":"https:\/\/librairie7l.com\/en\/#\/schema\/logo\/image\/","url":"https:\/\/librairie7l.com\/wp-content\/uploads\/2022\/08\/logo-1.png","contentUrl":"https:\/\/librairie7l.com\/wp-content\/uploads\/2022\/08\/logo-1.png","width":227,"height":301,"caption":"Librairie 7L"},"image":{"@id":"https:\/\/librairie7l.com\/en\/#\/schema\/logo\/image\/"}}]}},"_links":{"self":[{"href":"https:\/\/librairie7l.com\/en\/wp-json\/wp\/v2\/product\/43923"}],"collection":[{"href":"https:\/\/librairie7l.com\/en\/wp-json\/wp\/v2\/product"}],"about":[{"href":"https:\/\/librairie7l.com\/en\/wp-json\/wp\/v2\/types\/product"}],"wp:featuredmedia":[{"embeddable":true,"href":"https:\/\/librairie7l.com\/en\/wp-json\/wp\/v2\/media\/43921"}],"wp:attachment":[{"href":"https:\/\/librairie7l.com\/en\/wp-json\/wp\/v2\/media?parent=43923"}],"wp:term":[{"taxonomy":"product_cat","embeddable":true,"href":"https:\/\/librairie7l.com\/en\/wp-json\/wp\/v2\/product_cat?post=43923"},{"taxonomy":"product_tag","embeddable":true,"href":"https:\/\/librairie7l.com\/en\/wp-json\/wp\/v2\/product_tag?post=43923"}],"curies":[{"name":"wp","href":"https:\/\/api.w.org\/{rel}","templated":true}]}}