{"id":43927,"date":"2024-10-31T09:17:55","date_gmt":"2024-10-31T08:17:55","guid":{"rendered":"https:\/\/librairie7l.com\/?post_type=product&#038;p=43927"},"modified":"2026-04-16T15:33:41","modified_gmt":"2026-04-16T13:33:41","slug":"extravagants-2","status":"publish","type":"product","link":"https:\/\/librairie7l.com\/en\/produit\/extravagants-2\/","title":{"rendered":"EXTRAVAGANTS"},"content":{"rendered":"<p>Non, nous ne sommes pas dupes, les Extravagants ne courent gu\u00e8re les boulevards ; il faut d&#8217;ordinaire leur tendre quelque pi\u00e8ge savant pour en apercevoir ne serait-ce que l&#8217;ombre d&#8217;un faux-cil. Autant il sera payant de les app\u00e2ter d&#8217;une bo\u00eete de calissons au sumac, d&#8217;un ch\u00e2le de Manille griff\u00e9, voire d&#8217;un Point de Vue de 1975, autant nos z\u00e8bres se laisseront-ils b\u00eatement surprendre \u00e0 la terrasse du caf\u00e9-loto voisin ou dans votre mesquin wagonnet de t\u00e9g\u00e9v\u00e9. Ils ne sont ni snobs ni d\u00e9linquants \u00e0 tout prix. Attif\u00e9s de Vivienne W. ou de riens \u00e0 deux sous, ils reniflent le temps \u00e0 leur guise, puisant leurs forces dans le Chasse-Spleen et la Ricor\u00e9. Inattendus, fuyants, bigarr\u00e9s, marcescents, vandales et aboyeurs, ils d\u00e9testent les p\u00e9toncles ou les portent au pinacle. Les sbires qui \u00e9maillent ce recueil n&#8217;ont d&#8217;autre choix que leurs plaisirs assum\u00e9s ou non. Parfois ils r\u00e2lent dru, ou bien barguignent \u00e0 l&#8217;envi. Il est inutile de les titiller sur leur nom, leurs titres et autres affabulations, sinon c&#8217;est l&#8217;estocade \u00e0 votre encontre. Se glissant entre horizon et tout premier plan, vous en reconna\u00eetrez sans doute plus d&#8217;un, et qui sait ? vous-m\u00eame ici, au d\u00e9tour d&#8217;un portrait.<\/p>\n","protected":false},"excerpt":{"rendered":"<p>Non, nous ne sommes pas dupes, les Extravagants ne courent gu\u00e8re les boulevards ; il faut d&#8217;ordinaire leur tendre quelque pi\u00e8ge savant pour en apercevoir ne serait-ce que l&#8217;ombre d&#8217;un faux-cil. Autant il sera payant de les app\u00e2ter d&#8217;une bo\u00eete de calissons au sumac, d&#8217;un ch\u00e2le de Manille griff\u00e9, voire d&#8217;un Point de Vue de [&hellip;]<\/p>\n","protected":false},"featured_media":43925,"template":"","meta":[],"product_cat":[2948],"product_tag":[],"acf":[],"yoast_head":"<!-- This site is optimized with the Yoast SEO plugin v20.11 - https:\/\/yoast.com\/wordpress\/plugins\/seo\/ -->\n<title>Extravagants - Librairie 7L<\/title>\n<meta name=\"robots\" content=\"index, follow, max-snippet:-1, max-image-preview:large, max-video-preview:-1\" \/>\n<link rel=\"canonical\" href=\"https:\/\/librairie7l.com\/en\/produit\/extravagants-2\/\" \/>\n<meta property=\"og:locale\" content=\"en_US\" \/>\n<meta property=\"og:type\" content=\"article\" \/>\n<meta property=\"og:title\" content=\"Extravagants - Librairie 7L\" \/>\n<meta property=\"og:description\" content=\"Non, nous ne sommes pas dupes, les Extravagants ne courent gu\u00e8re les boulevards ; il faut d&#8217;ordinaire leur tendre quelque pi\u00e8ge savant pour en apercevoir ne serait-ce que l&#8217;ombre d&#8217;un faux-cil. Autant il sera payant de les app\u00e2ter d&#8217;une bo\u00eete de calissons au sumac, d&#8217;un ch\u00e2le de Manille griff\u00e9, voire d&#8217;un Point de Vue de [&hellip;]\" \/>\n<meta property=\"og:url\" content=\"https:\/\/librairie7l.com\/en\/produit\/extravagants-2\/\" \/>\n<meta property=\"og:site_name\" content=\"Librairie 7L\" \/>\n<meta property=\"article:modified_time\" content=\"2026-04-16T13:33:41+00:00\" \/>\n<meta property=\"og:image\" content=\"https:\/\/librairie7l.com\/wp-content\/uploads\/2024\/05\/9791037114341_1_75.jpg\" \/>\n\t<meta property=\"og:image:width\" content=\"600\" \/>\n\t<meta property=\"og:image:height\" content=\"863\" \/>\n\t<meta property=\"og:image:type\" content=\"image\/jpeg\" \/>\n<meta name=\"twitter:card\" content=\"summary_large_image\" \/>\n<meta name=\"twitter:label1\" content=\"Est. reading time\" \/>\n\t<meta name=\"twitter:data1\" content=\"1 minute\" \/>\n<script type=\"application\/ld+json\" class=\"yoast-schema-graph\">{\"@context\":\"https:\/\/schema.org\",\"@graph\":[{\"@type\":\"WebPage\",\"@id\":\"https:\/\/librairie7l.com\/en\/produit\/extravagants-2\/\",\"url\":\"https:\/\/librairie7l.com\/en\/produit\/extravagants-2\/\",\"name\":\"Extravagants - Librairie 7L\",\"isPartOf\":{\"@id\":\"https:\/\/librairie7l.com\/en\/#website\"},\"datePublished\":\"2024-10-31T08:17:55+00:00\",\"dateModified\":\"2026-04-16T13:33:41+00:00\",\"breadcrumb\":{\"@id\":\"https:\/\/librairie7l.com\/en\/produit\/extravagants-2\/#breadcrumb\"},\"inLanguage\":\"en-US\",\"potentialAction\":[{\"@type\":\"ReadAction\",\"target\":[\"https:\/\/librairie7l.com\/en\/produit\/extravagants-2\/\"]}]},{\"@type\":\"BreadcrumbList\",\"@id\":\"https:\/\/librairie7l.com\/en\/produit\/extravagants-2\/#breadcrumb\",\"itemListElement\":[{\"@type\":\"ListItem\",\"position\":1,\"name\":\"Accueil\",\"item\":\"https:\/\/librairie7l.com\/en\/\"},{\"@type\":\"ListItem\",\"position\":2,\"name\":\"Shop\",\"item\":\"https:\/\/librairie7l.com\/en\/shop\/\"},{\"@type\":\"ListItem\",\"position\":3,\"name\":\"EXTRAVAGANTS\"}]},{\"@type\":\"WebSite\",\"@id\":\"https:\/\/librairie7l.com\/en\/#website\",\"url\":\"https:\/\/librairie7l.com\/en\/\",\"name\":\"Librairie 7L\",\"description\":\"Librairie fond\u00e9e en 1999 par Karl Lagerfeld \u00e0 Paris\",\"publisher\":{\"@id\":\"https:\/\/librairie7l.com\/en\/#organization\"},\"potentialAction\":[{\"@type\":\"SearchAction\",\"target\":{\"@type\":\"EntryPoint\",\"urlTemplate\":\"https:\/\/librairie7l.com\/en\/?s={search_term_string}\"},\"query-input\":\"required name=search_term_string\"}],\"inLanguage\":\"en-US\"},{\"@type\":\"Organization\",\"@id\":\"https:\/\/librairie7l.com\/en\/#organization\",\"name\":\"Librairie 7L\",\"url\":\"https:\/\/librairie7l.com\/en\/\",\"logo\":{\"@type\":\"ImageObject\",\"inLanguage\":\"en-US\",\"@id\":\"https:\/\/librairie7l.com\/en\/#\/schema\/logo\/image\/\",\"url\":\"https:\/\/librairie7l.com\/wp-content\/uploads\/2022\/08\/logo-1.png\",\"contentUrl\":\"https:\/\/librairie7l.com\/wp-content\/uploads\/2022\/08\/logo-1.png\",\"width\":227,\"height\":301,\"caption\":\"Librairie 7L\"},\"image\":{\"@id\":\"https:\/\/librairie7l.com\/en\/#\/schema\/logo\/image\/\"}}]}<\/script>\n<!-- \/ Yoast SEO plugin. -->","yoast_head_json":{"title":"Extravagants - Librairie 7L","robots":{"index":"index","follow":"follow","max-snippet":"max-snippet:-1","max-image-preview":"max-image-preview:large","max-video-preview":"max-video-preview:-1"},"canonical":"https:\/\/librairie7l.com\/en\/produit\/extravagants-2\/","og_locale":"en_US","og_type":"article","og_title":"Extravagants - Librairie 7L","og_description":"Non, nous ne sommes pas dupes, les Extravagants ne courent gu\u00e8re les boulevards ; il faut d&#8217;ordinaire leur tendre quelque pi\u00e8ge savant pour en apercevoir ne serait-ce que l&#8217;ombre d&#8217;un faux-cil. Autant il sera payant de les app\u00e2ter d&#8217;une bo\u00eete de calissons au sumac, d&#8217;un ch\u00e2le de Manille griff\u00e9, voire d&#8217;un Point de Vue de [&hellip;]","og_url":"https:\/\/librairie7l.com\/en\/produit\/extravagants-2\/","og_site_name":"Librairie 7L","article_modified_time":"2026-04-16T13:33:41+00:00","og_image":[{"width":600,"height":863,"url":"https:\/\/librairie7l.com\/wp-content\/uploads\/2024\/05\/9791037114341_1_75.jpg","type":"image\/jpeg"}],"twitter_card":"summary_large_image","twitter_misc":{"Est. reading time":"1 minute"},"schema":{"@context":"https:\/\/schema.org","@graph":[{"@type":"WebPage","@id":"https:\/\/librairie7l.com\/en\/produit\/extravagants-2\/","url":"https:\/\/librairie7l.com\/en\/produit\/extravagants-2\/","name":"Extravagants - Librairie 7L","isPartOf":{"@id":"https:\/\/librairie7l.com\/en\/#website"},"datePublished":"2024-10-31T08:17:55+00:00","dateModified":"2026-04-16T13:33:41+00:00","breadcrumb":{"@id":"https:\/\/librairie7l.com\/en\/produit\/extravagants-2\/#breadcrumb"},"inLanguage":"en-US","potentialAction":[{"@type":"ReadAction","target":["https:\/\/librairie7l.com\/en\/produit\/extravagants-2\/"]}]},{"@type":"BreadcrumbList","@id":"https:\/\/librairie7l.com\/en\/produit\/extravagants-2\/#breadcrumb","itemListElement":[{"@type":"ListItem","position":1,"name":"Accueil","item":"https:\/\/librairie7l.com\/en\/"},{"@type":"ListItem","position":2,"name":"Shop","item":"https:\/\/librairie7l.com\/en\/shop\/"},{"@type":"ListItem","position":3,"name":"EXTRAVAGANTS"}]},{"@type":"WebSite","@id":"https:\/\/librairie7l.com\/en\/#website","url":"https:\/\/librairie7l.com\/en\/","name":"Librairie 7L","description":"Librairie fond\u00e9e en 1999 par Karl Lagerfeld \u00e0 Paris","publisher":{"@id":"https:\/\/librairie7l.com\/en\/#organization"},"potentialAction":[{"@type":"SearchAction","target":{"@type":"EntryPoint","urlTemplate":"https:\/\/librairie7l.com\/en\/?s={search_term_string}"},"query-input":"required name=search_term_string"}],"inLanguage":"en-US"},{"@type":"Organization","@id":"https:\/\/librairie7l.com\/en\/#organization","name":"Librairie 7L","url":"https:\/\/librairie7l.com\/en\/","logo":{"@type":"ImageObject","inLanguage":"en-US","@id":"https:\/\/librairie7l.com\/en\/#\/schema\/logo\/image\/","url":"https:\/\/librairie7l.com\/wp-content\/uploads\/2022\/08\/logo-1.png","contentUrl":"https:\/\/librairie7l.com\/wp-content\/uploads\/2022\/08\/logo-1.png","width":227,"height":301,"caption":"Librairie 7L"},"image":{"@id":"https:\/\/librairie7l.com\/en\/#\/schema\/logo\/image\/"}}]}},"_links":{"self":[{"href":"https:\/\/librairie7l.com\/en\/wp-json\/wp\/v2\/product\/43927"}],"collection":[{"href":"https:\/\/librairie7l.com\/en\/wp-json\/wp\/v2\/product"}],"about":[{"href":"https:\/\/librairie7l.com\/en\/wp-json\/wp\/v2\/types\/product"}],"wp:featuredmedia":[{"embeddable":true,"href":"https:\/\/librairie7l.com\/en\/wp-json\/wp\/v2\/media\/43925"}],"wp:attachment":[{"href":"https:\/\/librairie7l.com\/en\/wp-json\/wp\/v2\/media?parent=43927"}],"wp:term":[{"taxonomy":"product_cat","embeddable":true,"href":"https:\/\/librairie7l.com\/en\/wp-json\/wp\/v2\/product_cat?post=43927"},{"taxonomy":"product_tag","embeddable":true,"href":"https:\/\/librairie7l.com\/en\/wp-json\/wp\/v2\/product_tag?post=43927"}],"curies":[{"name":"wp","href":"https:\/\/api.w.org\/{rel}","templated":true}]}}