{"id":43931,"date":"2024-10-31T09:17:57","date_gmt":"2024-10-31T08:17:57","guid":{"rendered":"https:\/\/librairie7l.com\/?post_type=product&#038;p=43931"},"modified":"2026-04-04T08:45:23","modified_gmt":"2026-04-04T06:45:23","slug":"dolores-marat-2","status":"publish","type":"product","link":"https:\/\/librairie7l.com\/en\/produit\/dolores-marat-2\/","title":{"rendered":"DOLOR\u00c8S MARAT"},"content":{"rendered":"<p>L&#8217;univers de Dolor\u00e8s Marat est une \u00e9nigme photographique, un r\u00e9cit po\u00e9tique et troublant. Les arbres se mettent en marche, les portes de cin\u00e9ma nous sourient, une femme crocodile prend des notes, il pleut des oiseaux tandis qu&#8217;une raie nous observe \u00e0 travers la vitre de l&#8217;aquarium. Du m\u00e9tro aux portes du Moyen-Orient, o\u00f9 sur terre nous emm\u00e8ne Dolor\u00e8s Marat ? Quel est le secret qu&#8217;elle nous chuchote ?<\/p>\n<p>Cette monographie, publi\u00e9e \u00e0 l&#8217;occasion du Prix Robert Delpire 2023, nous invite \u00e0 parcourir l&#8217;oeuvre intangible et envo\u00fbtante de la photographe, \u00e0 l&#8217;image des silhouettes fantomatiques qu&#8217;elle capture \u00e0 travers de rares \u00e9clats de lumi\u00e8re. Dolor\u00e8s Marat aime photographier \u00e0 l&#8217;heure bleue, \u00e0 la tomb\u00e9e de la nuit ou au lever du jour dans des atmosph\u00e8res faiblement \u00e9clair\u00e9es, vaporeuses, propices au merveilleux. Elle assume ce flou de boug\u00e9, et sa proximit\u00e9 avec la peinture est renforc\u00e9e par son choix du tirage Fresson au charbon. Images hallucin\u00e9es, visions fugitives, tout est sugg\u00e9r\u00e9, permettant au regardeur de s&#8217;inventer ses propres histoires.<\/p>\n<p>Comme le souligne Magali Jauffret dans son tr\u00e8s beau texte : \u00ab Dolor\u00e8s ne fait pas de mise en sc\u00e8ne, elle ne triche pas avec ce qu&#8217;elle voit. Elle ne recadre pas, ne retouche pas, ne postproduit pas. Elle ne prend qu&#8217;une photo et ce sera la bonne. Elle fabrique de l&#8217;instantan\u00e9. \u00bb. Tout \u00e0 la fois photographe culte et artiste populaire, Dolor\u00e8s Marat est inclassable.<\/p>\n","protected":false},"excerpt":{"rendered":"<p>L&#8217;univers de Dolor\u00e8s Marat est une \u00e9nigme photographique, un r\u00e9cit po\u00e9tique et troublant. Les arbres se mettent en marche, les portes de cin\u00e9ma nous sourient, une femme crocodile prend des notes, il pleut des oiseaux tandis qu&#8217;une raie nous observe \u00e0 travers la vitre de l&#8217;aquarium. Du m\u00e9tro aux portes du Moyen-Orient, o\u00f9 sur terre [&hellip;]<\/p>\n","protected":false},"featured_media":43929,"template":"","meta":[],"product_cat":[2948,2958],"product_tag":[],"acf":[],"yoast_head":"<!-- This site is optimized with the Yoast SEO plugin v20.11 - https:\/\/yoast.com\/wordpress\/plugins\/seo\/ -->\n<title>Dolor\u00e8s Marat - Librairie 7L<\/title>\n<meta name=\"robots\" content=\"index, follow, max-snippet:-1, max-image-preview:large, max-video-preview:-1\" \/>\n<link rel=\"canonical\" href=\"https:\/\/librairie7l.com\/en\/produit\/dolores-marat-2\/\" \/>\n<meta property=\"og:locale\" content=\"en_US\" \/>\n<meta property=\"og:type\" content=\"article\" \/>\n<meta property=\"og:title\" content=\"Dolor\u00e8s Marat - Librairie 7L\" \/>\n<meta property=\"og:description\" content=\"L&#8217;univers de Dolor\u00e8s Marat est une \u00e9nigme photographique, un r\u00e9cit po\u00e9tique et troublant. Les arbres se mettent en marche, les portes de cin\u00e9ma nous sourient, une femme crocodile prend des notes, il pleut des oiseaux tandis qu&#8217;une raie nous observe \u00e0 travers la vitre de l&#8217;aquarium. Du m\u00e9tro aux portes du Moyen-Orient, o\u00f9 sur terre [&hellip;]\" \/>\n<meta property=\"og:url\" content=\"https:\/\/librairie7l.com\/en\/produit\/dolores-marat-2\/\" \/>\n<meta property=\"og:site_name\" content=\"Librairie 7L\" \/>\n<meta property=\"article:modified_time\" content=\"2026-04-04T06:45:23+00:00\" \/>\n<meta property=\"og:image\" content=\"https:\/\/librairie7l.com\/wp-content\/uploads\/2024\/06\/9791095821755_1_75.jpg\" \/>\n\t<meta property=\"og:image:width\" content=\"400\" \/>\n\t<meta property=\"og:image:height\" content=\"400\" \/>\n\t<meta property=\"og:image:type\" content=\"image\/jpeg\" \/>\n<meta name=\"twitter:card\" content=\"summary_large_image\" \/>\n<meta name=\"twitter:label1\" content=\"Est. reading time\" \/>\n\t<meta name=\"twitter:data1\" content=\"1 minute\" \/>\n<script type=\"application\/ld+json\" class=\"yoast-schema-graph\">{\"@context\":\"https:\/\/schema.org\",\"@graph\":[{\"@type\":\"WebPage\",\"@id\":\"https:\/\/librairie7l.com\/en\/produit\/dolores-marat-2\/\",\"url\":\"https:\/\/librairie7l.com\/en\/produit\/dolores-marat-2\/\",\"name\":\"Dolor\u00e8s Marat - Librairie 7L\",\"isPartOf\":{\"@id\":\"https:\/\/librairie7l.com\/en\/#website\"},\"datePublished\":\"2024-10-31T08:17:57+00:00\",\"dateModified\":\"2026-04-04T06:45:23+00:00\",\"breadcrumb\":{\"@id\":\"https:\/\/librairie7l.com\/en\/produit\/dolores-marat-2\/#breadcrumb\"},\"inLanguage\":\"en-US\",\"potentialAction\":[{\"@type\":\"ReadAction\",\"target\":[\"https:\/\/librairie7l.com\/en\/produit\/dolores-marat-2\/\"]}]},{\"@type\":\"BreadcrumbList\",\"@id\":\"https:\/\/librairie7l.com\/en\/produit\/dolores-marat-2\/#breadcrumb\",\"itemListElement\":[{\"@type\":\"ListItem\",\"position\":1,\"name\":\"Accueil\",\"item\":\"https:\/\/librairie7l.com\/en\/\"},{\"@type\":\"ListItem\",\"position\":2,\"name\":\"Shop\",\"item\":\"https:\/\/librairie7l.com\/en\/shop\/\"},{\"@type\":\"ListItem\",\"position\":3,\"name\":\"DOLOR\u00c8S MARAT\"}]},{\"@type\":\"WebSite\",\"@id\":\"https:\/\/librairie7l.com\/en\/#website\",\"url\":\"https:\/\/librairie7l.com\/en\/\",\"name\":\"Librairie 7L\",\"description\":\"Librairie fond\u00e9e en 1999 par Karl Lagerfeld \u00e0 Paris\",\"publisher\":{\"@id\":\"https:\/\/librairie7l.com\/en\/#organization\"},\"potentialAction\":[{\"@type\":\"SearchAction\",\"target\":{\"@type\":\"EntryPoint\",\"urlTemplate\":\"https:\/\/librairie7l.com\/en\/?s={search_term_string}\"},\"query-input\":\"required name=search_term_string\"}],\"inLanguage\":\"en-US\"},{\"@type\":\"Organization\",\"@id\":\"https:\/\/librairie7l.com\/en\/#organization\",\"name\":\"Librairie 7L\",\"url\":\"https:\/\/librairie7l.com\/en\/\",\"logo\":{\"@type\":\"ImageObject\",\"inLanguage\":\"en-US\",\"@id\":\"https:\/\/librairie7l.com\/en\/#\/schema\/logo\/image\/\",\"url\":\"https:\/\/librairie7l.com\/wp-content\/uploads\/2022\/08\/logo-1.png\",\"contentUrl\":\"https:\/\/librairie7l.com\/wp-content\/uploads\/2022\/08\/logo-1.png\",\"width\":227,\"height\":301,\"caption\":\"Librairie 7L\"},\"image\":{\"@id\":\"https:\/\/librairie7l.com\/en\/#\/schema\/logo\/image\/\"}}]}<\/script>\n<!-- \/ Yoast SEO plugin. -->","yoast_head_json":{"title":"Dolor\u00e8s Marat - Librairie 7L","robots":{"index":"index","follow":"follow","max-snippet":"max-snippet:-1","max-image-preview":"max-image-preview:large","max-video-preview":"max-video-preview:-1"},"canonical":"https:\/\/librairie7l.com\/en\/produit\/dolores-marat-2\/","og_locale":"en_US","og_type":"article","og_title":"Dolor\u00e8s Marat - Librairie 7L","og_description":"L&#8217;univers de Dolor\u00e8s Marat est une \u00e9nigme photographique, un r\u00e9cit po\u00e9tique et troublant. Les arbres se mettent en marche, les portes de cin\u00e9ma nous sourient, une femme crocodile prend des notes, il pleut des oiseaux tandis qu&#8217;une raie nous observe \u00e0 travers la vitre de l&#8217;aquarium. Du m\u00e9tro aux portes du Moyen-Orient, o\u00f9 sur terre [&hellip;]","og_url":"https:\/\/librairie7l.com\/en\/produit\/dolores-marat-2\/","og_site_name":"Librairie 7L","article_modified_time":"2026-04-04T06:45:23+00:00","og_image":[{"width":400,"height":400,"url":"https:\/\/librairie7l.com\/wp-content\/uploads\/2024\/06\/9791095821755_1_75.jpg","type":"image\/jpeg"}],"twitter_card":"summary_large_image","twitter_misc":{"Est. reading time":"1 minute"},"schema":{"@context":"https:\/\/schema.org","@graph":[{"@type":"WebPage","@id":"https:\/\/librairie7l.com\/en\/produit\/dolores-marat-2\/","url":"https:\/\/librairie7l.com\/en\/produit\/dolores-marat-2\/","name":"Dolor\u00e8s Marat - Librairie 7L","isPartOf":{"@id":"https:\/\/librairie7l.com\/en\/#website"},"datePublished":"2024-10-31T08:17:57+00:00","dateModified":"2026-04-04T06:45:23+00:00","breadcrumb":{"@id":"https:\/\/librairie7l.com\/en\/produit\/dolores-marat-2\/#breadcrumb"},"inLanguage":"en-US","potentialAction":[{"@type":"ReadAction","target":["https:\/\/librairie7l.com\/en\/produit\/dolores-marat-2\/"]}]},{"@type":"BreadcrumbList","@id":"https:\/\/librairie7l.com\/en\/produit\/dolores-marat-2\/#breadcrumb","itemListElement":[{"@type":"ListItem","position":1,"name":"Accueil","item":"https:\/\/librairie7l.com\/en\/"},{"@type":"ListItem","position":2,"name":"Shop","item":"https:\/\/librairie7l.com\/en\/shop\/"},{"@type":"ListItem","position":3,"name":"DOLOR\u00c8S MARAT"}]},{"@type":"WebSite","@id":"https:\/\/librairie7l.com\/en\/#website","url":"https:\/\/librairie7l.com\/en\/","name":"Librairie 7L","description":"Librairie fond\u00e9e en 1999 par Karl Lagerfeld \u00e0 Paris","publisher":{"@id":"https:\/\/librairie7l.com\/en\/#organization"},"potentialAction":[{"@type":"SearchAction","target":{"@type":"EntryPoint","urlTemplate":"https:\/\/librairie7l.com\/en\/?s={search_term_string}"},"query-input":"required name=search_term_string"}],"inLanguage":"en-US"},{"@type":"Organization","@id":"https:\/\/librairie7l.com\/en\/#organization","name":"Librairie 7L","url":"https:\/\/librairie7l.com\/en\/","logo":{"@type":"ImageObject","inLanguage":"en-US","@id":"https:\/\/librairie7l.com\/en\/#\/schema\/logo\/image\/","url":"https:\/\/librairie7l.com\/wp-content\/uploads\/2022\/08\/logo-1.png","contentUrl":"https:\/\/librairie7l.com\/wp-content\/uploads\/2022\/08\/logo-1.png","width":227,"height":301,"caption":"Librairie 7L"},"image":{"@id":"https:\/\/librairie7l.com\/en\/#\/schema\/logo\/image\/"}}]}},"_links":{"self":[{"href":"https:\/\/librairie7l.com\/en\/wp-json\/wp\/v2\/product\/43931"}],"collection":[{"href":"https:\/\/librairie7l.com\/en\/wp-json\/wp\/v2\/product"}],"about":[{"href":"https:\/\/librairie7l.com\/en\/wp-json\/wp\/v2\/types\/product"}],"wp:featuredmedia":[{"embeddable":true,"href":"https:\/\/librairie7l.com\/en\/wp-json\/wp\/v2\/media\/43929"}],"wp:attachment":[{"href":"https:\/\/librairie7l.com\/en\/wp-json\/wp\/v2\/media?parent=43931"}],"wp:term":[{"taxonomy":"product_cat","embeddable":true,"href":"https:\/\/librairie7l.com\/en\/wp-json\/wp\/v2\/product_cat?post=43931"},{"taxonomy":"product_tag","embeddable":true,"href":"https:\/\/librairie7l.com\/en\/wp-json\/wp\/v2\/product_tag?post=43931"}],"curies":[{"name":"wp","href":"https:\/\/api.w.org\/{rel}","templated":true}]}}