{"id":43935,"date":"2024-10-31T09:18:01","date_gmt":"2024-10-31T08:18:01","guid":{"rendered":"https:\/\/librairie7l.com\/?post_type=product&#038;p=43935"},"modified":"2026-04-16T14:03:13","modified_gmt":"2026-04-16T12:03:13","slug":"75-architectes-pour-un-monde-durable-2","status":"publish","type":"product","link":"https:\/\/librairie7l.com\/en\/produit\/75-architectes-pour-un-monde-durable-2\/","title":{"rendered":"75 ARCHITECTES POUR UN MONDE DURABLE"},"content":{"rendered":"<p>Parfois critiqu\u00e9e pour l&#8217;artificialisation des sols et le bilan carbone peu flatteur qu&#8217;entra\u00eenent les constructions, l&#8217;architecture est aujourd&#8217;hui en pleine \u00e9volution vers un mod\u00e8le durable, \u00e9coresponsable et engag\u00e9. Plus encore, certaines innovations permettront d&#8217;inverser rapidement l&#8217;impact environnemental de b\u00e2timents devenus des r\u00e9servoirs \u00e0 carbone, dot\u00e9s d&#8217;autonomie \u00e9nerg\u00e9tique et g\u00e9n\u00e9rant moins de d\u00e9chets.<\/p>\n<p>Les architectes r\u00e9unis dans cet ouvrage, originaires de pr\u00e8s de trente pays et des cinq continents, proposent des solutions originales, parfois in\u00e9dites, face \u00e0 un dilemme r\u00e9current : comment concilier le besoin croissant de logements pour tous et d&#8217;\u00e9quipements publics avec une d\u00e9marche \u00e9coresponsable ? La recherche de nouveaux mat\u00e9riaux durables, la prise en compte de la topologie, le recours \u00e0 des ressources naturelles telles que le bois, la terre crue ou les rayons du soleil, la reconversion de sites et la v\u00e9g\u00e9talisation des \u00e9difices sont autant de voies emprunt\u00e9es qui permettent d&#8217;envisager avec optimisme l&#8217;architecture des d\u00e9cennies \u00e0 venir.<\/p>\n","protected":false},"excerpt":{"rendered":"<p>Parfois critiqu\u00e9e pour l&#8217;artificialisation des sols et le bilan carbone peu flatteur qu&#8217;entra\u00eenent les constructions, l&#8217;architecture est aujourd&#8217;hui en pleine \u00e9volution vers un mod\u00e8le durable, \u00e9coresponsable et engag\u00e9. Plus encore, certaines innovations permettront d&#8217;inverser rapidement l&#8217;impact environnemental de b\u00e2timents devenus des r\u00e9servoirs \u00e0 carbone, dot\u00e9s d&#8217;autonomie \u00e9nerg\u00e9tique et g\u00e9n\u00e9rant moins de d\u00e9chets. Les architectes r\u00e9unis [&hellip;]<\/p>\n","protected":false},"featured_media":43933,"template":"","meta":[],"product_cat":[2948],"product_tag":[],"acf":[],"yoast_head":"<!-- This site is optimized with the Yoast SEO plugin v20.11 - https:\/\/yoast.com\/wordpress\/plugins\/seo\/ -->\n<title>75 architectes pour un monde durable - Librairie 7L<\/title>\n<meta name=\"robots\" content=\"index, follow, max-snippet:-1, max-image-preview:large, max-video-preview:-1\" \/>\n<link rel=\"canonical\" href=\"https:\/\/librairie7l.com\/en\/produit\/75-architectes-pour-un-monde-durable-2\/\" \/>\n<meta property=\"og:locale\" content=\"en_US\" \/>\n<meta property=\"og:type\" content=\"article\" \/>\n<meta property=\"og:title\" content=\"75 architectes pour un monde durable - Librairie 7L\" \/>\n<meta property=\"og:description\" content=\"Parfois critiqu\u00e9e pour l&#8217;artificialisation des sols et le bilan carbone peu flatteur qu&#8217;entra\u00eenent les constructions, l&#8217;architecture est aujourd&#8217;hui en pleine \u00e9volution vers un mod\u00e8le durable, \u00e9coresponsable et engag\u00e9. Plus encore, certaines innovations permettront d&#8217;inverser rapidement l&#8217;impact environnemental de b\u00e2timents devenus des r\u00e9servoirs \u00e0 carbone, dot\u00e9s d&#8217;autonomie \u00e9nerg\u00e9tique et g\u00e9n\u00e9rant moins de d\u00e9chets. Les architectes r\u00e9unis [&hellip;]\" \/>\n<meta property=\"og:url\" content=\"https:\/\/librairie7l.com\/en\/produit\/75-architectes-pour-un-monde-durable-2\/\" \/>\n<meta property=\"og:site_name\" content=\"Librairie 7L\" \/>\n<meta property=\"article:modified_time\" content=\"2026-04-16T12:03:13+00:00\" \/>\n<meta property=\"og:image\" content=\"https:\/\/librairie7l.com\/wp-content\/uploads\/2024\/04\/9791040115571_1_75.jpg\" \/>\n\t<meta property=\"og:image:width\" content=\"400\" \/>\n\t<meta property=\"og:image:height\" content=\"515\" \/>\n\t<meta property=\"og:image:type\" content=\"image\/jpeg\" \/>\n<meta name=\"twitter:card\" content=\"summary_large_image\" \/>\n<meta name=\"twitter:label1\" content=\"Est. reading time\" \/>\n\t<meta name=\"twitter:data1\" content=\"1 minute\" \/>\n<script type=\"application\/ld+json\" class=\"yoast-schema-graph\">{\"@context\":\"https:\/\/schema.org\",\"@graph\":[{\"@type\":\"WebPage\",\"@id\":\"https:\/\/librairie7l.com\/en\/produit\/75-architectes-pour-un-monde-durable-2\/\",\"url\":\"https:\/\/librairie7l.com\/en\/produit\/75-architectes-pour-un-monde-durable-2\/\",\"name\":\"75 architectes pour un monde durable - Librairie 7L\",\"isPartOf\":{\"@id\":\"https:\/\/librairie7l.com\/en\/#website\"},\"datePublished\":\"2024-10-31T08:18:01+00:00\",\"dateModified\":\"2026-04-16T12:03:13+00:00\",\"breadcrumb\":{\"@id\":\"https:\/\/librairie7l.com\/en\/produit\/75-architectes-pour-un-monde-durable-2\/#breadcrumb\"},\"inLanguage\":\"en-US\",\"potentialAction\":[{\"@type\":\"ReadAction\",\"target\":[\"https:\/\/librairie7l.com\/en\/produit\/75-architectes-pour-un-monde-durable-2\/\"]}]},{\"@type\":\"BreadcrumbList\",\"@id\":\"https:\/\/librairie7l.com\/en\/produit\/75-architectes-pour-un-monde-durable-2\/#breadcrumb\",\"itemListElement\":[{\"@type\":\"ListItem\",\"position\":1,\"name\":\"Accueil\",\"item\":\"https:\/\/librairie7l.com\/en\/\"},{\"@type\":\"ListItem\",\"position\":2,\"name\":\"Shop\",\"item\":\"https:\/\/librairie7l.com\/en\/shop\/\"},{\"@type\":\"ListItem\",\"position\":3,\"name\":\"75 ARCHITECTES POUR UN MONDE DURABLE\"}]},{\"@type\":\"WebSite\",\"@id\":\"https:\/\/librairie7l.com\/en\/#website\",\"url\":\"https:\/\/librairie7l.com\/en\/\",\"name\":\"Librairie 7L\",\"description\":\"Librairie fond\u00e9e en 1999 par Karl Lagerfeld \u00e0 Paris\",\"publisher\":{\"@id\":\"https:\/\/librairie7l.com\/en\/#organization\"},\"potentialAction\":[{\"@type\":\"SearchAction\",\"target\":{\"@type\":\"EntryPoint\",\"urlTemplate\":\"https:\/\/librairie7l.com\/en\/?s={search_term_string}\"},\"query-input\":\"required name=search_term_string\"}],\"inLanguage\":\"en-US\"},{\"@type\":\"Organization\",\"@id\":\"https:\/\/librairie7l.com\/en\/#organization\",\"name\":\"Librairie 7L\",\"url\":\"https:\/\/librairie7l.com\/en\/\",\"logo\":{\"@type\":\"ImageObject\",\"inLanguage\":\"en-US\",\"@id\":\"https:\/\/librairie7l.com\/en\/#\/schema\/logo\/image\/\",\"url\":\"https:\/\/librairie7l.com\/wp-content\/uploads\/2022\/08\/logo-1.png\",\"contentUrl\":\"https:\/\/librairie7l.com\/wp-content\/uploads\/2022\/08\/logo-1.png\",\"width\":227,\"height\":301,\"caption\":\"Librairie 7L\"},\"image\":{\"@id\":\"https:\/\/librairie7l.com\/en\/#\/schema\/logo\/image\/\"}}]}<\/script>\n<!-- \/ Yoast SEO plugin. -->","yoast_head_json":{"title":"75 architectes pour un monde durable - Librairie 7L","robots":{"index":"index","follow":"follow","max-snippet":"max-snippet:-1","max-image-preview":"max-image-preview:large","max-video-preview":"max-video-preview:-1"},"canonical":"https:\/\/librairie7l.com\/en\/produit\/75-architectes-pour-un-monde-durable-2\/","og_locale":"en_US","og_type":"article","og_title":"75 architectes pour un monde durable - Librairie 7L","og_description":"Parfois critiqu\u00e9e pour l&#8217;artificialisation des sols et le bilan carbone peu flatteur qu&#8217;entra\u00eenent les constructions, l&#8217;architecture est aujourd&#8217;hui en pleine \u00e9volution vers un mod\u00e8le durable, \u00e9coresponsable et engag\u00e9. Plus encore, certaines innovations permettront d&#8217;inverser rapidement l&#8217;impact environnemental de b\u00e2timents devenus des r\u00e9servoirs \u00e0 carbone, dot\u00e9s d&#8217;autonomie \u00e9nerg\u00e9tique et g\u00e9n\u00e9rant moins de d\u00e9chets. Les architectes r\u00e9unis [&hellip;]","og_url":"https:\/\/librairie7l.com\/en\/produit\/75-architectes-pour-un-monde-durable-2\/","og_site_name":"Librairie 7L","article_modified_time":"2026-04-16T12:03:13+00:00","og_image":[{"width":400,"height":515,"url":"https:\/\/librairie7l.com\/wp-content\/uploads\/2024\/04\/9791040115571_1_75.jpg","type":"image\/jpeg"}],"twitter_card":"summary_large_image","twitter_misc":{"Est. reading time":"1 minute"},"schema":{"@context":"https:\/\/schema.org","@graph":[{"@type":"WebPage","@id":"https:\/\/librairie7l.com\/en\/produit\/75-architectes-pour-un-monde-durable-2\/","url":"https:\/\/librairie7l.com\/en\/produit\/75-architectes-pour-un-monde-durable-2\/","name":"75 architectes pour un monde durable - Librairie 7L","isPartOf":{"@id":"https:\/\/librairie7l.com\/en\/#website"},"datePublished":"2024-10-31T08:18:01+00:00","dateModified":"2026-04-16T12:03:13+00:00","breadcrumb":{"@id":"https:\/\/librairie7l.com\/en\/produit\/75-architectes-pour-un-monde-durable-2\/#breadcrumb"},"inLanguage":"en-US","potentialAction":[{"@type":"ReadAction","target":["https:\/\/librairie7l.com\/en\/produit\/75-architectes-pour-un-monde-durable-2\/"]}]},{"@type":"BreadcrumbList","@id":"https:\/\/librairie7l.com\/en\/produit\/75-architectes-pour-un-monde-durable-2\/#breadcrumb","itemListElement":[{"@type":"ListItem","position":1,"name":"Accueil","item":"https:\/\/librairie7l.com\/en\/"},{"@type":"ListItem","position":2,"name":"Shop","item":"https:\/\/librairie7l.com\/en\/shop\/"},{"@type":"ListItem","position":3,"name":"75 ARCHITECTES POUR UN MONDE DURABLE"}]},{"@type":"WebSite","@id":"https:\/\/librairie7l.com\/en\/#website","url":"https:\/\/librairie7l.com\/en\/","name":"Librairie 7L","description":"Librairie fond\u00e9e en 1999 par Karl Lagerfeld \u00e0 Paris","publisher":{"@id":"https:\/\/librairie7l.com\/en\/#organization"},"potentialAction":[{"@type":"SearchAction","target":{"@type":"EntryPoint","urlTemplate":"https:\/\/librairie7l.com\/en\/?s={search_term_string}"},"query-input":"required name=search_term_string"}],"inLanguage":"en-US"},{"@type":"Organization","@id":"https:\/\/librairie7l.com\/en\/#organization","name":"Librairie 7L","url":"https:\/\/librairie7l.com\/en\/","logo":{"@type":"ImageObject","inLanguage":"en-US","@id":"https:\/\/librairie7l.com\/en\/#\/schema\/logo\/image\/","url":"https:\/\/librairie7l.com\/wp-content\/uploads\/2022\/08\/logo-1.png","contentUrl":"https:\/\/librairie7l.com\/wp-content\/uploads\/2022\/08\/logo-1.png","width":227,"height":301,"caption":"Librairie 7L"},"image":{"@id":"https:\/\/librairie7l.com\/en\/#\/schema\/logo\/image\/"}}]}},"_links":{"self":[{"href":"https:\/\/librairie7l.com\/en\/wp-json\/wp\/v2\/product\/43935"}],"collection":[{"href":"https:\/\/librairie7l.com\/en\/wp-json\/wp\/v2\/product"}],"about":[{"href":"https:\/\/librairie7l.com\/en\/wp-json\/wp\/v2\/types\/product"}],"wp:featuredmedia":[{"embeddable":true,"href":"https:\/\/librairie7l.com\/en\/wp-json\/wp\/v2\/media\/43933"}],"wp:attachment":[{"href":"https:\/\/librairie7l.com\/en\/wp-json\/wp\/v2\/media?parent=43935"}],"wp:term":[{"taxonomy":"product_cat","embeddable":true,"href":"https:\/\/librairie7l.com\/en\/wp-json\/wp\/v2\/product_cat?post=43935"},{"taxonomy":"product_tag","embeddable":true,"href":"https:\/\/librairie7l.com\/en\/wp-json\/wp\/v2\/product_tag?post=43935"}],"curies":[{"name":"wp","href":"https:\/\/api.w.org\/{rel}","templated":true}]}}