{"id":43939,"date":"2024-10-31T09:18:04","date_gmt":"2024-10-31T08:18:04","guid":{"rendered":"https:\/\/librairie7l.com\/?post_type=product&#038;p=43939"},"modified":"2026-04-08T21:00:12","modified_gmt":"2026-04-08T19:00:12","slug":"robert-longo-men-in-the-cities-anglais-allemand-2","status":"publish","type":"product","link":"https:\/\/librairie7l.com\/en\/produit\/robert-longo-men-in-the-cities-anglais-allemand-2\/","title":{"rendered":"ROBERT LONGO MEN IN THE CITIES \/ANGLAIS\/ALLEMAND"},"content":{"rendered":"<p>R\u00e9\u00e9dition de cet ouvrage qui reproduit les photographies utilis\u00e9es comme mod\u00e8le de la s\u00e9rie de tableaux \u00ab Men in the Cities \u00bb, mettant en sc\u00e8ne des silhouettes d\u00e9gingand\u00e9es et contorsionn\u00e9es en des attitudes bizarres, comme sous l&#8217;impact de balles imaginaires.<\/p>\n","protected":false},"excerpt":{"rendered":"<p>R\u00e9\u00e9dition de cet ouvrage qui reproduit les photographies utilis\u00e9es comme mod\u00e8le de la s\u00e9rie de tableaux \u00ab Men in the Cities \u00bb, mettant en sc\u00e8ne des silhouettes d\u00e9gingand\u00e9es et contorsionn\u00e9es en des attitudes bizarres, comme sous l&#8217;impact de balles imaginaires.<\/p>\n","protected":false},"featured_media":43937,"template":"","meta":[],"product_cat":[2948],"product_tag":[],"acf":[],"yoast_head":"<!-- This site is optimized with the Yoast SEO plugin v20.11 - https:\/\/yoast.com\/wordpress\/plugins\/seo\/ -->\n<title>Robert longo men in the cities \/anglais\/allemand - Librairie 7L<\/title>\n<meta name=\"robots\" content=\"index, follow, max-snippet:-1, max-image-preview:large, max-video-preview:-1\" \/>\n<link rel=\"canonical\" href=\"https:\/\/librairie7l.com\/en\/produit\/robert-longo-men-in-the-cities-anglais-allemand-2\/\" \/>\n<meta property=\"og:locale\" content=\"en_US\" \/>\n<meta property=\"og:type\" content=\"article\" \/>\n<meta property=\"og:title\" content=\"Robert longo men in the cities \/anglais\/allemand - Librairie 7L\" \/>\n<meta property=\"og:description\" content=\"R\u00e9\u00e9dition de cet ouvrage qui reproduit les photographies utilis\u00e9es comme mod\u00e8le de la s\u00e9rie de tableaux \u00ab Men in the Cities \u00bb, mettant en sc\u00e8ne des silhouettes d\u00e9gingand\u00e9es et contorsionn\u00e9es en des attitudes bizarres, comme sous l&#8217;impact de balles imaginaires.\" \/>\n<meta property=\"og:url\" content=\"https:\/\/librairie7l.com\/en\/produit\/robert-longo-men-in-the-cities-anglais-allemand-2\/\" \/>\n<meta property=\"og:site_name\" content=\"Librairie 7L\" \/>\n<meta property=\"article:modified_time\" content=\"2026-04-08T19:00:12+00:00\" \/>\n<meta property=\"og:image\" content=\"https:\/\/librairie7l.com\/wp-content\/uploads\/2015\/06\/9783829607353_1_75.jpg\" \/>\n\t<meta property=\"og:image:width\" content=\"389\" \/>\n\t<meta property=\"og:image:height\" content=\"500\" \/>\n\t<meta property=\"og:image:type\" content=\"image\/jpeg\" \/>\n<meta name=\"twitter:card\" content=\"summary_large_image\" \/>\n<script type=\"application\/ld+json\" class=\"yoast-schema-graph\">{\"@context\":\"https:\/\/schema.org\",\"@graph\":[{\"@type\":\"WebPage\",\"@id\":\"https:\/\/librairie7l.com\/en\/produit\/robert-longo-men-in-the-cities-anglais-allemand-2\/\",\"url\":\"https:\/\/librairie7l.com\/en\/produit\/robert-longo-men-in-the-cities-anglais-allemand-2\/\",\"name\":\"Robert longo men in the cities \/anglais\/allemand - Librairie 7L\",\"isPartOf\":{\"@id\":\"https:\/\/librairie7l.com\/en\/#website\"},\"datePublished\":\"2024-10-31T08:18:04+00:00\",\"dateModified\":\"2026-04-08T19:00:12+00:00\",\"breadcrumb\":{\"@id\":\"https:\/\/librairie7l.com\/en\/produit\/robert-longo-men-in-the-cities-anglais-allemand-2\/#breadcrumb\"},\"inLanguage\":\"en-US\",\"potentialAction\":[{\"@type\":\"ReadAction\",\"target\":[\"https:\/\/librairie7l.com\/en\/produit\/robert-longo-men-in-the-cities-anglais-allemand-2\/\"]}]},{\"@type\":\"BreadcrumbList\",\"@id\":\"https:\/\/librairie7l.com\/en\/produit\/robert-longo-men-in-the-cities-anglais-allemand-2\/#breadcrumb\",\"itemListElement\":[{\"@type\":\"ListItem\",\"position\":1,\"name\":\"Accueil\",\"item\":\"https:\/\/librairie7l.com\/en\/\"},{\"@type\":\"ListItem\",\"position\":2,\"name\":\"Shop\",\"item\":\"https:\/\/librairie7l.com\/en\/shop\/\"},{\"@type\":\"ListItem\",\"position\":3,\"name\":\"ROBERT LONGO MEN IN THE CITIES \/ANGLAIS\/ALLEMAND\"}]},{\"@type\":\"WebSite\",\"@id\":\"https:\/\/librairie7l.com\/en\/#website\",\"url\":\"https:\/\/librairie7l.com\/en\/\",\"name\":\"Librairie 7L\",\"description\":\"Librairie fond\u00e9e en 1999 par Karl Lagerfeld \u00e0 Paris\",\"publisher\":{\"@id\":\"https:\/\/librairie7l.com\/en\/#organization\"},\"potentialAction\":[{\"@type\":\"SearchAction\",\"target\":{\"@type\":\"EntryPoint\",\"urlTemplate\":\"https:\/\/librairie7l.com\/en\/?s={search_term_string}\"},\"query-input\":\"required name=search_term_string\"}],\"inLanguage\":\"en-US\"},{\"@type\":\"Organization\",\"@id\":\"https:\/\/librairie7l.com\/en\/#organization\",\"name\":\"Librairie 7L\",\"url\":\"https:\/\/librairie7l.com\/en\/\",\"logo\":{\"@type\":\"ImageObject\",\"inLanguage\":\"en-US\",\"@id\":\"https:\/\/librairie7l.com\/en\/#\/schema\/logo\/image\/\",\"url\":\"https:\/\/librairie7l.com\/wp-content\/uploads\/2022\/08\/logo-1.png\",\"contentUrl\":\"https:\/\/librairie7l.com\/wp-content\/uploads\/2022\/08\/logo-1.png\",\"width\":227,\"height\":301,\"caption\":\"Librairie 7L\"},\"image\":{\"@id\":\"https:\/\/librairie7l.com\/en\/#\/schema\/logo\/image\/\"}}]}<\/script>\n<!-- \/ Yoast SEO plugin. -->","yoast_head_json":{"title":"Robert longo men in the cities \/anglais\/allemand - Librairie 7L","robots":{"index":"index","follow":"follow","max-snippet":"max-snippet:-1","max-image-preview":"max-image-preview:large","max-video-preview":"max-video-preview:-1"},"canonical":"https:\/\/librairie7l.com\/en\/produit\/robert-longo-men-in-the-cities-anglais-allemand-2\/","og_locale":"en_US","og_type":"article","og_title":"Robert longo men in the cities \/anglais\/allemand - Librairie 7L","og_description":"R\u00e9\u00e9dition de cet ouvrage qui reproduit les photographies utilis\u00e9es comme mod\u00e8le de la s\u00e9rie de tableaux \u00ab Men in the Cities \u00bb, mettant en sc\u00e8ne des silhouettes d\u00e9gingand\u00e9es et contorsionn\u00e9es en des attitudes bizarres, comme sous l&#8217;impact de balles imaginaires.","og_url":"https:\/\/librairie7l.com\/en\/produit\/robert-longo-men-in-the-cities-anglais-allemand-2\/","og_site_name":"Librairie 7L","article_modified_time":"2026-04-08T19:00:12+00:00","og_image":[{"width":389,"height":500,"url":"https:\/\/librairie7l.com\/wp-content\/uploads\/2015\/06\/9783829607353_1_75.jpg","type":"image\/jpeg"}],"twitter_card":"summary_large_image","schema":{"@context":"https:\/\/schema.org","@graph":[{"@type":"WebPage","@id":"https:\/\/librairie7l.com\/en\/produit\/robert-longo-men-in-the-cities-anglais-allemand-2\/","url":"https:\/\/librairie7l.com\/en\/produit\/robert-longo-men-in-the-cities-anglais-allemand-2\/","name":"Robert longo men in the cities \/anglais\/allemand - Librairie 7L","isPartOf":{"@id":"https:\/\/librairie7l.com\/en\/#website"},"datePublished":"2024-10-31T08:18:04+00:00","dateModified":"2026-04-08T19:00:12+00:00","breadcrumb":{"@id":"https:\/\/librairie7l.com\/en\/produit\/robert-longo-men-in-the-cities-anglais-allemand-2\/#breadcrumb"},"inLanguage":"en-US","potentialAction":[{"@type":"ReadAction","target":["https:\/\/librairie7l.com\/en\/produit\/robert-longo-men-in-the-cities-anglais-allemand-2\/"]}]},{"@type":"BreadcrumbList","@id":"https:\/\/librairie7l.com\/en\/produit\/robert-longo-men-in-the-cities-anglais-allemand-2\/#breadcrumb","itemListElement":[{"@type":"ListItem","position":1,"name":"Accueil","item":"https:\/\/librairie7l.com\/en\/"},{"@type":"ListItem","position":2,"name":"Shop","item":"https:\/\/librairie7l.com\/en\/shop\/"},{"@type":"ListItem","position":3,"name":"ROBERT LONGO MEN IN THE CITIES \/ANGLAIS\/ALLEMAND"}]},{"@type":"WebSite","@id":"https:\/\/librairie7l.com\/en\/#website","url":"https:\/\/librairie7l.com\/en\/","name":"Librairie 7L","description":"Librairie fond\u00e9e en 1999 par Karl Lagerfeld \u00e0 Paris","publisher":{"@id":"https:\/\/librairie7l.com\/en\/#organization"},"potentialAction":[{"@type":"SearchAction","target":{"@type":"EntryPoint","urlTemplate":"https:\/\/librairie7l.com\/en\/?s={search_term_string}"},"query-input":"required name=search_term_string"}],"inLanguage":"en-US"},{"@type":"Organization","@id":"https:\/\/librairie7l.com\/en\/#organization","name":"Librairie 7L","url":"https:\/\/librairie7l.com\/en\/","logo":{"@type":"ImageObject","inLanguage":"en-US","@id":"https:\/\/librairie7l.com\/en\/#\/schema\/logo\/image\/","url":"https:\/\/librairie7l.com\/wp-content\/uploads\/2022\/08\/logo-1.png","contentUrl":"https:\/\/librairie7l.com\/wp-content\/uploads\/2022\/08\/logo-1.png","width":227,"height":301,"caption":"Librairie 7L"},"image":{"@id":"https:\/\/librairie7l.com\/en\/#\/schema\/logo\/image\/"}}]}},"_links":{"self":[{"href":"https:\/\/librairie7l.com\/en\/wp-json\/wp\/v2\/product\/43939"}],"collection":[{"href":"https:\/\/librairie7l.com\/en\/wp-json\/wp\/v2\/product"}],"about":[{"href":"https:\/\/librairie7l.com\/en\/wp-json\/wp\/v2\/types\/product"}],"wp:featuredmedia":[{"embeddable":true,"href":"https:\/\/librairie7l.com\/en\/wp-json\/wp\/v2\/media\/43937"}],"wp:attachment":[{"href":"https:\/\/librairie7l.com\/en\/wp-json\/wp\/v2\/media?parent=43939"}],"wp:term":[{"taxonomy":"product_cat","embeddable":true,"href":"https:\/\/librairie7l.com\/en\/wp-json\/wp\/v2\/product_cat?post=43939"},{"taxonomy":"product_tag","embeddable":true,"href":"https:\/\/librairie7l.com\/en\/wp-json\/wp\/v2\/product_tag?post=43939"}],"curies":[{"name":"wp","href":"https:\/\/api.w.org\/{rel}","templated":true}]}}