{"id":43947,"date":"2024-11-01T00:19:28","date_gmt":"2024-10-31T23:19:28","guid":{"rendered":"https:\/\/librairie7l.com\/?post_type=product&#038;p=43947"},"modified":"2026-04-17T11:01:39","modified_gmt":"2026-04-17T09:01:39","slug":"jonathan-becker-lost-time-2","status":"publish","type":"product","link":"https:\/\/librairie7l.com\/en\/produit\/jonathan-becker-lost-time-2\/","title":{"rendered":"JONATHAN BECKER: LOST TIME"},"content":{"rendered":"<p>The first retrospective monograph on photographer Jonathan Becker, one of the great visual storytellers of our time<\/p>\n<p>Over the course of five decades, Jonathan Becker has produced a body of evocative photographic work that documents lives of the twentieth-century beau monde.<\/p>\n<p>A prot\u00e9g\u00e9 of legendary Parisian photographer Brassa\u00ef and a longtime contributor to Vanity Fair, Becker&#8217;s work provides a link between fine-art photography and the notion of the photographer as social observer.<\/p>\n<p>Bringing together commissioned and personal work, this stunning collection presents more than 200 images from across Becker&#8217;s career, charting his journeys in New York, Paris, London, and Buenos Aires from the 1970s to the 2010s.  Portraits of artists Ed Ruscha and Cindy Sherman, writers Arthur Miller and Eudora Welty, musicians David Bowie and Mick Jagger, and others reveal Becker&#8217;s exceptional eye and astute sociological observations.<\/p>\n<p>The monograph includes an introductory text by the book&#8217;s editor, Mark Holborn, along with a narrative text by Becker about his life, travels, and encounters with some of the most well-known figures in the twentieth century. Brilliantly reproduced and housed in a cloth case, this luxurious collection is a captivating and essential book that reveals Becker as one of the premier chroniclers of our time.<\/p>\n<p>Includes Becker&#8217;s portraits of figures such as: Peter Beard, HRH King Charles III, Fran Lebowitz, Robert Mapplethorpe, Arthur Miller, Jackie O., Gwyneth Paltrow, Cindy Sherman, Andr\u00e9 Leon Talley, Fran\u00e7ois Truffaut, Gloria Vanderbilt, Gore Vidal, Diana Vreeland, Andy Warhol, and many more.<\/p>\n","protected":false},"excerpt":{"rendered":"<p>The first retrospective monograph on photographer Jonathan Becker, one of the great visual storytellers of our time Over the course of five decades, Jonathan Becker has produced a body of evocative photographic work that documents lives of the twentieth-century beau monde. A prot\u00e9g\u00e9 of legendary Parisian photographer Brassa\u00ef and a longtime contributor to Vanity Fair, [&hellip;]<\/p>\n","protected":false},"featured_media":43945,"template":"","meta":[],"product_cat":[7364,2948],"product_tag":[],"acf":[],"yoast_head":"<!-- This site is optimized with the Yoast SEO plugin v20.11 - https:\/\/yoast.com\/wordpress\/plugins\/seo\/ -->\n<title>Jonathan Becker: Lost Time - Librairie 7L<\/title>\n<meta name=\"robots\" content=\"index, follow, max-snippet:-1, max-image-preview:large, max-video-preview:-1\" \/>\n<link rel=\"canonical\" href=\"https:\/\/librairie7l.com\/en\/produit\/jonathan-becker-lost-time-2\/\" \/>\n<meta property=\"og:locale\" content=\"en_US\" \/>\n<meta property=\"og:type\" content=\"article\" \/>\n<meta property=\"og:title\" content=\"Jonathan Becker: Lost Time - Librairie 7L\" \/>\n<meta property=\"og:description\" content=\"The first retrospective monograph on photographer Jonathan Becker, one of the great visual storytellers of our time Over the course of five decades, Jonathan Becker has produced a body of evocative photographic work that documents lives of the twentieth-century beau monde. A prot\u00e9g\u00e9 of legendary Parisian photographer Brassa\u00ef and a longtime contributor to Vanity Fair, [&hellip;]\" \/>\n<meta property=\"og:url\" content=\"https:\/\/librairie7l.com\/en\/produit\/jonathan-becker-lost-time-2\/\" \/>\n<meta property=\"og:site_name\" content=\"Librairie 7L\" \/>\n<meta property=\"article:modified_time\" content=\"2026-04-17T09:01:39+00:00\" \/>\n<meta property=\"og:image\" content=\"https:\/\/librairie7l.com\/wp-content\/uploads\/2024\/06\/9781838668716_1_75.jpg\" \/>\n\t<meta property=\"og:image:width\" content=\"600\" \/>\n\t<meta property=\"og:image:height\" content=\"800\" \/>\n\t<meta property=\"og:image:type\" content=\"image\/jpeg\" \/>\n<meta name=\"twitter:card\" content=\"summary_large_image\" \/>\n<meta name=\"twitter:label1\" content=\"Est. reading time\" \/>\n\t<meta name=\"twitter:data1\" content=\"1 minute\" \/>\n<script type=\"application\/ld+json\" class=\"yoast-schema-graph\">{\"@context\":\"https:\/\/schema.org\",\"@graph\":[{\"@type\":\"WebPage\",\"@id\":\"https:\/\/librairie7l.com\/en\/produit\/jonathan-becker-lost-time-2\/\",\"url\":\"https:\/\/librairie7l.com\/en\/produit\/jonathan-becker-lost-time-2\/\",\"name\":\"Jonathan Becker: Lost Time - Librairie 7L\",\"isPartOf\":{\"@id\":\"https:\/\/librairie7l.com\/en\/#website\"},\"datePublished\":\"2024-10-31T23:19:28+00:00\",\"dateModified\":\"2026-04-17T09:01:39+00:00\",\"breadcrumb\":{\"@id\":\"https:\/\/librairie7l.com\/en\/produit\/jonathan-becker-lost-time-2\/#breadcrumb\"},\"inLanguage\":\"en-US\",\"potentialAction\":[{\"@type\":\"ReadAction\",\"target\":[\"https:\/\/librairie7l.com\/en\/produit\/jonathan-becker-lost-time-2\/\"]}]},{\"@type\":\"BreadcrumbList\",\"@id\":\"https:\/\/librairie7l.com\/en\/produit\/jonathan-becker-lost-time-2\/#breadcrumb\",\"itemListElement\":[{\"@type\":\"ListItem\",\"position\":1,\"name\":\"Accueil\",\"item\":\"https:\/\/librairie7l.com\/en\/\"},{\"@type\":\"ListItem\",\"position\":2,\"name\":\"Shop\",\"item\":\"https:\/\/librairie7l.com\/en\/shop\/\"},{\"@type\":\"ListItem\",\"position\":3,\"name\":\"JONATHAN BECKER: LOST TIME\"}]},{\"@type\":\"WebSite\",\"@id\":\"https:\/\/librairie7l.com\/en\/#website\",\"url\":\"https:\/\/librairie7l.com\/en\/\",\"name\":\"Librairie 7L\",\"description\":\"Librairie fond\u00e9e en 1999 par Karl Lagerfeld \u00e0 Paris\",\"publisher\":{\"@id\":\"https:\/\/librairie7l.com\/en\/#organization\"},\"potentialAction\":[{\"@type\":\"SearchAction\",\"target\":{\"@type\":\"EntryPoint\",\"urlTemplate\":\"https:\/\/librairie7l.com\/en\/?s={search_term_string}\"},\"query-input\":\"required name=search_term_string\"}],\"inLanguage\":\"en-US\"},{\"@type\":\"Organization\",\"@id\":\"https:\/\/librairie7l.com\/en\/#organization\",\"name\":\"Librairie 7L\",\"url\":\"https:\/\/librairie7l.com\/en\/\",\"logo\":{\"@type\":\"ImageObject\",\"inLanguage\":\"en-US\",\"@id\":\"https:\/\/librairie7l.com\/en\/#\/schema\/logo\/image\/\",\"url\":\"https:\/\/librairie7l.com\/wp-content\/uploads\/2022\/08\/logo-1.png\",\"contentUrl\":\"https:\/\/librairie7l.com\/wp-content\/uploads\/2022\/08\/logo-1.png\",\"width\":227,\"height\":301,\"caption\":\"Librairie 7L\"},\"image\":{\"@id\":\"https:\/\/librairie7l.com\/en\/#\/schema\/logo\/image\/\"}}]}<\/script>\n<!-- \/ Yoast SEO plugin. -->","yoast_head_json":{"title":"Jonathan Becker: Lost Time - Librairie 7L","robots":{"index":"index","follow":"follow","max-snippet":"max-snippet:-1","max-image-preview":"max-image-preview:large","max-video-preview":"max-video-preview:-1"},"canonical":"https:\/\/librairie7l.com\/en\/produit\/jonathan-becker-lost-time-2\/","og_locale":"en_US","og_type":"article","og_title":"Jonathan Becker: Lost Time - Librairie 7L","og_description":"The first retrospective monograph on photographer Jonathan Becker, one of the great visual storytellers of our time Over the course of five decades, Jonathan Becker has produced a body of evocative photographic work that documents lives of the twentieth-century beau monde. A prot\u00e9g\u00e9 of legendary Parisian photographer Brassa\u00ef and a longtime contributor to Vanity Fair, [&hellip;]","og_url":"https:\/\/librairie7l.com\/en\/produit\/jonathan-becker-lost-time-2\/","og_site_name":"Librairie 7L","article_modified_time":"2026-04-17T09:01:39+00:00","og_image":[{"width":600,"height":800,"url":"https:\/\/librairie7l.com\/wp-content\/uploads\/2024\/06\/9781838668716_1_75.jpg","type":"image\/jpeg"}],"twitter_card":"summary_large_image","twitter_misc":{"Est. reading time":"1 minute"},"schema":{"@context":"https:\/\/schema.org","@graph":[{"@type":"WebPage","@id":"https:\/\/librairie7l.com\/en\/produit\/jonathan-becker-lost-time-2\/","url":"https:\/\/librairie7l.com\/en\/produit\/jonathan-becker-lost-time-2\/","name":"Jonathan Becker: Lost Time - Librairie 7L","isPartOf":{"@id":"https:\/\/librairie7l.com\/en\/#website"},"datePublished":"2024-10-31T23:19:28+00:00","dateModified":"2026-04-17T09:01:39+00:00","breadcrumb":{"@id":"https:\/\/librairie7l.com\/en\/produit\/jonathan-becker-lost-time-2\/#breadcrumb"},"inLanguage":"en-US","potentialAction":[{"@type":"ReadAction","target":["https:\/\/librairie7l.com\/en\/produit\/jonathan-becker-lost-time-2\/"]}]},{"@type":"BreadcrumbList","@id":"https:\/\/librairie7l.com\/en\/produit\/jonathan-becker-lost-time-2\/#breadcrumb","itemListElement":[{"@type":"ListItem","position":1,"name":"Accueil","item":"https:\/\/librairie7l.com\/en\/"},{"@type":"ListItem","position":2,"name":"Shop","item":"https:\/\/librairie7l.com\/en\/shop\/"},{"@type":"ListItem","position":3,"name":"JONATHAN BECKER: LOST TIME"}]},{"@type":"WebSite","@id":"https:\/\/librairie7l.com\/en\/#website","url":"https:\/\/librairie7l.com\/en\/","name":"Librairie 7L","description":"Librairie fond\u00e9e en 1999 par Karl Lagerfeld \u00e0 Paris","publisher":{"@id":"https:\/\/librairie7l.com\/en\/#organization"},"potentialAction":[{"@type":"SearchAction","target":{"@type":"EntryPoint","urlTemplate":"https:\/\/librairie7l.com\/en\/?s={search_term_string}"},"query-input":"required name=search_term_string"}],"inLanguage":"en-US"},{"@type":"Organization","@id":"https:\/\/librairie7l.com\/en\/#organization","name":"Librairie 7L","url":"https:\/\/librairie7l.com\/en\/","logo":{"@type":"ImageObject","inLanguage":"en-US","@id":"https:\/\/librairie7l.com\/en\/#\/schema\/logo\/image\/","url":"https:\/\/librairie7l.com\/wp-content\/uploads\/2022\/08\/logo-1.png","contentUrl":"https:\/\/librairie7l.com\/wp-content\/uploads\/2022\/08\/logo-1.png","width":227,"height":301,"caption":"Librairie 7L"},"image":{"@id":"https:\/\/librairie7l.com\/en\/#\/schema\/logo\/image\/"}}]}},"_links":{"self":[{"href":"https:\/\/librairie7l.com\/en\/wp-json\/wp\/v2\/product\/43947"}],"collection":[{"href":"https:\/\/librairie7l.com\/en\/wp-json\/wp\/v2\/product"}],"about":[{"href":"https:\/\/librairie7l.com\/en\/wp-json\/wp\/v2\/types\/product"}],"wp:featuredmedia":[{"embeddable":true,"href":"https:\/\/librairie7l.com\/en\/wp-json\/wp\/v2\/media\/43945"}],"wp:attachment":[{"href":"https:\/\/librairie7l.com\/en\/wp-json\/wp\/v2\/media?parent=43947"}],"wp:term":[{"taxonomy":"product_cat","embeddable":true,"href":"https:\/\/librairie7l.com\/en\/wp-json\/wp\/v2\/product_cat?post=43947"},{"taxonomy":"product_tag","embeddable":true,"href":"https:\/\/librairie7l.com\/en\/wp-json\/wp\/v2\/product_tag?post=43947"}],"curies":[{"name":"wp","href":"https:\/\/api.w.org\/{rel}","templated":true}]}}