{"id":43960,"date":"2024-11-01T09:17:42","date_gmt":"2024-11-01T08:17:42","guid":{"rendered":"https:\/\/librairie7l.com\/?post_type=product&#038;p=43960"},"modified":"2026-04-08T04:46:53","modified_gmt":"2026-04-08T02:46:53","slug":"cerith-wyn-evans-lueurs-empruntees-2","status":"publish","type":"product","link":"https:\/\/librairie7l.com\/en\/produit\/cerith-wyn-evans-lueurs-empruntees-2\/","title":{"rendered":"CERITH WYN EVANS : LUEURS EMPRUNTEES"},"content":{"rendered":"<p>Figure majeure de l&#8217;art contemporain, C. Wyn Evans a d\u00e9velopp\u00e9 une pratique artistique polymorphe, usant de m\u00e9diums vari\u00e9s tels que la sculpture, la photographie, le film ou encore le n\u00e9on. Son travail, qui explore les limites du visible et interroge la perception de l&#8217;espace, de la lumi\u00e8re, du son ainsi que du langage, se distingue par une sensibilit\u00e9 \u00e0 la po\u00e9tique du vide et de l&#8217;espace.<\/p>\n","protected":false},"excerpt":{"rendered":"<p>Figure majeure de l&#8217;art contemporain, C. Wyn Evans a d\u00e9velopp\u00e9 une pratique artistique polymorphe, usant de m\u00e9diums vari\u00e9s tels que la sculpture, la photographie, le film ou encore le n\u00e9on. Son travail, qui explore les limites du visible et interroge la perception de l&#8217;espace, de la lumi\u00e8re, du son ainsi que du langage, se distingue [&hellip;]<\/p>\n","protected":false},"featured_media":43958,"template":"","meta":[],"product_cat":[2948],"product_tag":[],"acf":[],"yoast_head":"<!-- This site is optimized with the Yoast SEO plugin v20.11 - https:\/\/yoast.com\/wordpress\/plugins\/seo\/ -->\n<title>Cerith Wyn Evans : lueurs empruntees - Librairie 7L<\/title>\n<meta name=\"robots\" content=\"index, follow, max-snippet:-1, max-image-preview:large, max-video-preview:-1\" \/>\n<link rel=\"canonical\" href=\"https:\/\/librairie7l.com\/en\/produit\/cerith-wyn-evans-lueurs-empruntees-2\/\" \/>\n<meta property=\"og:locale\" content=\"en_US\" \/>\n<meta property=\"og:type\" content=\"article\" \/>\n<meta property=\"og:title\" content=\"Cerith Wyn Evans : lueurs empruntees - Librairie 7L\" \/>\n<meta property=\"og:description\" content=\"Figure majeure de l&#8217;art contemporain, C. Wyn Evans a d\u00e9velopp\u00e9 une pratique artistique polymorphe, usant de m\u00e9diums vari\u00e9s tels que la sculpture, la photographie, le film ou encore le n\u00e9on. Son travail, qui explore les limites du visible et interroge la perception de l&#8217;espace, de la lumi\u00e8re, du son ainsi que du langage, se distingue [&hellip;]\" \/>\n<meta property=\"og:url\" content=\"https:\/\/librairie7l.com\/en\/produit\/cerith-wyn-evans-lueurs-empruntees-2\/\" \/>\n<meta property=\"og:site_name\" content=\"Librairie 7L\" \/>\n<meta property=\"article:modified_time\" content=\"2026-04-08T02:46:53+00:00\" \/>\n<meta property=\"og:image\" content=\"https:\/\/librairie7l.com\/wp-content\/uploads\/2024\/05\/9782359830750_1_75.jpg\" \/>\n\t<meta property=\"og:image:width\" content=\"400\" \/>\n\t<meta property=\"og:image:height\" content=\"565\" \/>\n\t<meta property=\"og:image:type\" content=\"image\/jpeg\" \/>\n<meta name=\"twitter:card\" content=\"summary_large_image\" \/>\n<script type=\"application\/ld+json\" class=\"yoast-schema-graph\">{\"@context\":\"https:\/\/schema.org\",\"@graph\":[{\"@type\":\"WebPage\",\"@id\":\"https:\/\/librairie7l.com\/en\/produit\/cerith-wyn-evans-lueurs-empruntees-2\/\",\"url\":\"https:\/\/librairie7l.com\/en\/produit\/cerith-wyn-evans-lueurs-empruntees-2\/\",\"name\":\"Cerith Wyn Evans : lueurs empruntees - Librairie 7L\",\"isPartOf\":{\"@id\":\"https:\/\/librairie7l.com\/en\/#website\"},\"datePublished\":\"2024-11-01T08:17:42+00:00\",\"dateModified\":\"2026-04-08T02:46:53+00:00\",\"breadcrumb\":{\"@id\":\"https:\/\/librairie7l.com\/en\/produit\/cerith-wyn-evans-lueurs-empruntees-2\/#breadcrumb\"},\"inLanguage\":\"en-US\",\"potentialAction\":[{\"@type\":\"ReadAction\",\"target\":[\"https:\/\/librairie7l.com\/en\/produit\/cerith-wyn-evans-lueurs-empruntees-2\/\"]}]},{\"@type\":\"BreadcrumbList\",\"@id\":\"https:\/\/librairie7l.com\/en\/produit\/cerith-wyn-evans-lueurs-empruntees-2\/#breadcrumb\",\"itemListElement\":[{\"@type\":\"ListItem\",\"position\":1,\"name\":\"Accueil\",\"item\":\"https:\/\/librairie7l.com\/en\/\"},{\"@type\":\"ListItem\",\"position\":2,\"name\":\"Shop\",\"item\":\"https:\/\/librairie7l.com\/en\/shop\/\"},{\"@type\":\"ListItem\",\"position\":3,\"name\":\"CERITH WYN EVANS : LUEURS EMPRUNTEES\"}]},{\"@type\":\"WebSite\",\"@id\":\"https:\/\/librairie7l.com\/en\/#website\",\"url\":\"https:\/\/librairie7l.com\/en\/\",\"name\":\"Librairie 7L\",\"description\":\"Librairie fond\u00e9e en 1999 par Karl Lagerfeld \u00e0 Paris\",\"publisher\":{\"@id\":\"https:\/\/librairie7l.com\/en\/#organization\"},\"potentialAction\":[{\"@type\":\"SearchAction\",\"target\":{\"@type\":\"EntryPoint\",\"urlTemplate\":\"https:\/\/librairie7l.com\/en\/?s={search_term_string}\"},\"query-input\":\"required name=search_term_string\"}],\"inLanguage\":\"en-US\"},{\"@type\":\"Organization\",\"@id\":\"https:\/\/librairie7l.com\/en\/#organization\",\"name\":\"Librairie 7L\",\"url\":\"https:\/\/librairie7l.com\/en\/\",\"logo\":{\"@type\":\"ImageObject\",\"inLanguage\":\"en-US\",\"@id\":\"https:\/\/librairie7l.com\/en\/#\/schema\/logo\/image\/\",\"url\":\"https:\/\/librairie7l.com\/wp-content\/uploads\/2022\/08\/logo-1.png\",\"contentUrl\":\"https:\/\/librairie7l.com\/wp-content\/uploads\/2022\/08\/logo-1.png\",\"width\":227,\"height\":301,\"caption\":\"Librairie 7L\"},\"image\":{\"@id\":\"https:\/\/librairie7l.com\/en\/#\/schema\/logo\/image\/\"}}]}<\/script>\n<!-- \/ Yoast SEO plugin. -->","yoast_head_json":{"title":"Cerith Wyn Evans : lueurs empruntees - Librairie 7L","robots":{"index":"index","follow":"follow","max-snippet":"max-snippet:-1","max-image-preview":"max-image-preview:large","max-video-preview":"max-video-preview:-1"},"canonical":"https:\/\/librairie7l.com\/en\/produit\/cerith-wyn-evans-lueurs-empruntees-2\/","og_locale":"en_US","og_type":"article","og_title":"Cerith Wyn Evans : lueurs empruntees - Librairie 7L","og_description":"Figure majeure de l&#8217;art contemporain, C. Wyn Evans a d\u00e9velopp\u00e9 une pratique artistique polymorphe, usant de m\u00e9diums vari\u00e9s tels que la sculpture, la photographie, le film ou encore le n\u00e9on. Son travail, qui explore les limites du visible et interroge la perception de l&#8217;espace, de la lumi\u00e8re, du son ainsi que du langage, se distingue [&hellip;]","og_url":"https:\/\/librairie7l.com\/en\/produit\/cerith-wyn-evans-lueurs-empruntees-2\/","og_site_name":"Librairie 7L","article_modified_time":"2026-04-08T02:46:53+00:00","og_image":[{"width":400,"height":565,"url":"https:\/\/librairie7l.com\/wp-content\/uploads\/2024\/05\/9782359830750_1_75.jpg","type":"image\/jpeg"}],"twitter_card":"summary_large_image","schema":{"@context":"https:\/\/schema.org","@graph":[{"@type":"WebPage","@id":"https:\/\/librairie7l.com\/en\/produit\/cerith-wyn-evans-lueurs-empruntees-2\/","url":"https:\/\/librairie7l.com\/en\/produit\/cerith-wyn-evans-lueurs-empruntees-2\/","name":"Cerith Wyn Evans : lueurs empruntees - Librairie 7L","isPartOf":{"@id":"https:\/\/librairie7l.com\/en\/#website"},"datePublished":"2024-11-01T08:17:42+00:00","dateModified":"2026-04-08T02:46:53+00:00","breadcrumb":{"@id":"https:\/\/librairie7l.com\/en\/produit\/cerith-wyn-evans-lueurs-empruntees-2\/#breadcrumb"},"inLanguage":"en-US","potentialAction":[{"@type":"ReadAction","target":["https:\/\/librairie7l.com\/en\/produit\/cerith-wyn-evans-lueurs-empruntees-2\/"]}]},{"@type":"BreadcrumbList","@id":"https:\/\/librairie7l.com\/en\/produit\/cerith-wyn-evans-lueurs-empruntees-2\/#breadcrumb","itemListElement":[{"@type":"ListItem","position":1,"name":"Accueil","item":"https:\/\/librairie7l.com\/en\/"},{"@type":"ListItem","position":2,"name":"Shop","item":"https:\/\/librairie7l.com\/en\/shop\/"},{"@type":"ListItem","position":3,"name":"CERITH WYN EVANS : LUEURS EMPRUNTEES"}]},{"@type":"WebSite","@id":"https:\/\/librairie7l.com\/en\/#website","url":"https:\/\/librairie7l.com\/en\/","name":"Librairie 7L","description":"Librairie fond\u00e9e en 1999 par Karl Lagerfeld \u00e0 Paris","publisher":{"@id":"https:\/\/librairie7l.com\/en\/#organization"},"potentialAction":[{"@type":"SearchAction","target":{"@type":"EntryPoint","urlTemplate":"https:\/\/librairie7l.com\/en\/?s={search_term_string}"},"query-input":"required name=search_term_string"}],"inLanguage":"en-US"},{"@type":"Organization","@id":"https:\/\/librairie7l.com\/en\/#organization","name":"Librairie 7L","url":"https:\/\/librairie7l.com\/en\/","logo":{"@type":"ImageObject","inLanguage":"en-US","@id":"https:\/\/librairie7l.com\/en\/#\/schema\/logo\/image\/","url":"https:\/\/librairie7l.com\/wp-content\/uploads\/2022\/08\/logo-1.png","contentUrl":"https:\/\/librairie7l.com\/wp-content\/uploads\/2022\/08\/logo-1.png","width":227,"height":301,"caption":"Librairie 7L"},"image":{"@id":"https:\/\/librairie7l.com\/en\/#\/schema\/logo\/image\/"}}]}},"_links":{"self":[{"href":"https:\/\/librairie7l.com\/en\/wp-json\/wp\/v2\/product\/43960"}],"collection":[{"href":"https:\/\/librairie7l.com\/en\/wp-json\/wp\/v2\/product"}],"about":[{"href":"https:\/\/librairie7l.com\/en\/wp-json\/wp\/v2\/types\/product"}],"wp:featuredmedia":[{"embeddable":true,"href":"https:\/\/librairie7l.com\/en\/wp-json\/wp\/v2\/media\/43958"}],"wp:attachment":[{"href":"https:\/\/librairie7l.com\/en\/wp-json\/wp\/v2\/media?parent=43960"}],"wp:term":[{"taxonomy":"product_cat","embeddable":true,"href":"https:\/\/librairie7l.com\/en\/wp-json\/wp\/v2\/product_cat?post=43960"},{"taxonomy":"product_tag","embeddable":true,"href":"https:\/\/librairie7l.com\/en\/wp-json\/wp\/v2\/product_tag?post=43960"}],"curies":[{"name":"wp","href":"https:\/\/api.w.org\/{rel}","templated":true}]}}