{"id":43970,"date":"2024-11-02T19:02:49","date_gmt":"2024-11-02T18:02:49","guid":{"rendered":"https:\/\/librairie7l.com\/?post_type=product&#038;p=43970"},"modified":"2026-04-10T11:01:28","modified_gmt":"2026-04-10T09:01:28","slug":"ernst-haeckel-2","status":"publish","type":"product","link":"https:\/\/librairie7l.com\/en\/produit\/ernst-haeckel-2\/","title":{"rendered":"ERNST HAECKEL"},"content":{"rendered":"<p>Biologiste et naturaliste allemand \u00e9volutionniste, Ernst Haeckel (1834-1919) fut aussi artiste, philosophe et m\u00e9decin, et a pass\u00e9 sa vie \u00e0 \u00e9tudier la flore et la faune, des plus hauts sommets au plus profond des oc\u00e9ans. Fervent d\u00e9fenseur et promoteur de la th\u00e9orie de l&#8217;\u00e9volution de Darwin, il d\u00e9non\u00e7a les dogmes religieux, r\u00e9digea des trait\u00e9s philosophiques, obtint un doctorat en zoologie et inventa des termes scientifiques comme \u00ab\u00e9cologie\u00bb, \u00abphylum\u00bb ou \u00abcellule souche\u00bb, aujourd&#8217;hui d&#8217;usage courant.  Au centre de l&#8217;immense h\u00e9ritage de Haeckel figure son ambition de ne pas seulement explorer les choses, mais de les expliquer. Il con\u00e7ut ainsi des centaines de dessins, d&#8217;aquarelles et d&#8217;esquisses d\u00e9taill\u00e9s de ses d\u00e9couvertes qu&#8217;il fit publier en plusieurs volumes, dont des recueils consacr\u00e9s aux organismes marins et un particuli\u00e8rement imposant, Kunstformen der Natur (Formes artistiques de la nature), cl\u00e9 de vo\u00fbte de tout le travail de Haeckel. Encyclop\u00e9die rigoureuse illustr\u00e9e consacr\u00e9e aux \u00eatres vivants, l&#8217;oeuvre de Haeckel est remarquable pour sa pr\u00e9cision graphique et ses nuances fid\u00e8les \u00e0 la r\u00e9alit\u00e9 autant que pour sa compr\u00e9hension de l&#8217;\u00e9volution biologique. Des chauves-souris aux m\u00e9duses, des l\u00e9zards aux lichens, sans oublier les pattes des araign\u00e9es et les an\u00e9mones de mer, le scientifique a soulign\u00e9 la sym\u00e9trie fondamentale et l&#8217;ordre de la nature, d\u00e9celant une beaut\u00e9 organique dans la moindre de ses cr\u00e9atures.  Cet ouvrage rend hommage \u00e0 l&#8217;importance du travail de Haeckel pour la science, l&#8217;art et l&#8217;environnement \u00e0 travers une s\u00e9lection de 300 planches issues de certains de ses plus importants volumes consacr\u00e9s \u00e0 la biologie marine, dont Die Radiolarien, Monographie der Medusen, Die Kalkschw\u00e4mme, ainsi que Kunstformen der Natur. \u00c0 l&#8217;heure o\u00f9 la biodiversit\u00e9 est sans cesse menac\u00e9e par les activit\u00e9s humaines, ce livre offre \u00e0 la fois un chef-d&#8217;oeuvre graphique, une exploration du monde sous-marin et un \u00e9loquent rappel de la pr\u00e9cieuse vari\u00e9t\u00e9 de la vie.<\/p>\n","protected":false},"excerpt":{"rendered":"<p>Biologiste et naturaliste allemand \u00e9volutionniste, Ernst Haeckel (1834-1919) fut aussi artiste, philosophe et m\u00e9decin, et a pass\u00e9 sa vie \u00e0 \u00e9tudier la flore et la faune, des plus hauts sommets au plus profond des oc\u00e9ans. Fervent d\u00e9fenseur et promoteur de la th\u00e9orie de l&#8217;\u00e9volution de Darwin, il d\u00e9non\u00e7a les dogmes religieux, r\u00e9digea des trait\u00e9s philosophiques, [&hellip;]<\/p>\n","protected":false},"featured_media":43968,"template":"","meta":[],"product_cat":[7364,2948],"product_tag":[],"acf":[],"yoast_head":"<!-- This site is optimized with the Yoast SEO plugin v20.11 - https:\/\/yoast.com\/wordpress\/plugins\/seo\/ -->\n<title>Ernst Haeckel - Librairie 7L<\/title>\n<meta name=\"robots\" content=\"index, follow, max-snippet:-1, max-image-preview:large, max-video-preview:-1\" \/>\n<link rel=\"canonical\" href=\"https:\/\/librairie7l.com\/en\/produit\/ernst-haeckel-2\/\" \/>\n<meta property=\"og:locale\" content=\"en_US\" \/>\n<meta property=\"og:type\" content=\"article\" \/>\n<meta property=\"og:title\" content=\"Ernst Haeckel - Librairie 7L\" \/>\n<meta property=\"og:description\" content=\"Biologiste et naturaliste allemand \u00e9volutionniste, Ernst Haeckel (1834-1919) fut aussi artiste, philosophe et m\u00e9decin, et a pass\u00e9 sa vie \u00e0 \u00e9tudier la flore et la faune, des plus hauts sommets au plus profond des oc\u00e9ans. Fervent d\u00e9fenseur et promoteur de la th\u00e9orie de l&#8217;\u00e9volution de Darwin, il d\u00e9non\u00e7a les dogmes religieux, r\u00e9digea des trait\u00e9s philosophiques, [&hellip;]\" \/>\n<meta property=\"og:url\" content=\"https:\/\/librairie7l.com\/en\/produit\/ernst-haeckel-2\/\" \/>\n<meta property=\"og:site_name\" content=\"Librairie 7L\" \/>\n<meta property=\"article:modified_time\" content=\"2026-04-10T09:01:28+00:00\" \/>\n<meta property=\"og:image\" content=\"https:\/\/librairie7l.com\/wp-content\/uploads\/2020\/01\/9783836584272_1_75.jpg\" \/>\n\t<meta property=\"og:image:width\" content=\"600\" \/>\n\t<meta property=\"og:image:height\" content=\"810\" \/>\n\t<meta property=\"og:image:type\" content=\"image\/jpeg\" \/>\n<meta name=\"twitter:card\" content=\"summary_large_image\" \/>\n<meta name=\"twitter:label1\" content=\"Est. reading time\" \/>\n\t<meta name=\"twitter:data1\" content=\"2 minutes\" \/>\n<script type=\"application\/ld+json\" class=\"yoast-schema-graph\">{\"@context\":\"https:\/\/schema.org\",\"@graph\":[{\"@type\":\"WebPage\",\"@id\":\"https:\/\/librairie7l.com\/en\/produit\/ernst-haeckel-2\/\",\"url\":\"https:\/\/librairie7l.com\/en\/produit\/ernst-haeckel-2\/\",\"name\":\"Ernst Haeckel - Librairie 7L\",\"isPartOf\":{\"@id\":\"https:\/\/librairie7l.com\/en\/#website\"},\"datePublished\":\"2024-11-02T18:02:49+00:00\",\"dateModified\":\"2026-04-10T09:01:28+00:00\",\"breadcrumb\":{\"@id\":\"https:\/\/librairie7l.com\/en\/produit\/ernst-haeckel-2\/#breadcrumb\"},\"inLanguage\":\"en-US\",\"potentialAction\":[{\"@type\":\"ReadAction\",\"target\":[\"https:\/\/librairie7l.com\/en\/produit\/ernst-haeckel-2\/\"]}]},{\"@type\":\"BreadcrumbList\",\"@id\":\"https:\/\/librairie7l.com\/en\/produit\/ernst-haeckel-2\/#breadcrumb\",\"itemListElement\":[{\"@type\":\"ListItem\",\"position\":1,\"name\":\"Accueil\",\"item\":\"https:\/\/librairie7l.com\/en\/\"},{\"@type\":\"ListItem\",\"position\":2,\"name\":\"Shop\",\"item\":\"https:\/\/librairie7l.com\/en\/shop\/\"},{\"@type\":\"ListItem\",\"position\":3,\"name\":\"ERNST HAECKEL\"}]},{\"@type\":\"WebSite\",\"@id\":\"https:\/\/librairie7l.com\/en\/#website\",\"url\":\"https:\/\/librairie7l.com\/en\/\",\"name\":\"Librairie 7L\",\"description\":\"Librairie fond\u00e9e en 1999 par Karl Lagerfeld \u00e0 Paris\",\"publisher\":{\"@id\":\"https:\/\/librairie7l.com\/en\/#organization\"},\"potentialAction\":[{\"@type\":\"SearchAction\",\"target\":{\"@type\":\"EntryPoint\",\"urlTemplate\":\"https:\/\/librairie7l.com\/en\/?s={search_term_string}\"},\"query-input\":\"required name=search_term_string\"}],\"inLanguage\":\"en-US\"},{\"@type\":\"Organization\",\"@id\":\"https:\/\/librairie7l.com\/en\/#organization\",\"name\":\"Librairie 7L\",\"url\":\"https:\/\/librairie7l.com\/en\/\",\"logo\":{\"@type\":\"ImageObject\",\"inLanguage\":\"en-US\",\"@id\":\"https:\/\/librairie7l.com\/en\/#\/schema\/logo\/image\/\",\"url\":\"https:\/\/librairie7l.com\/wp-content\/uploads\/2022\/08\/logo-1.png\",\"contentUrl\":\"https:\/\/librairie7l.com\/wp-content\/uploads\/2022\/08\/logo-1.png\",\"width\":227,\"height\":301,\"caption\":\"Librairie 7L\"},\"image\":{\"@id\":\"https:\/\/librairie7l.com\/en\/#\/schema\/logo\/image\/\"}}]}<\/script>\n<!-- \/ Yoast SEO plugin. -->","yoast_head_json":{"title":"Ernst Haeckel - Librairie 7L","robots":{"index":"index","follow":"follow","max-snippet":"max-snippet:-1","max-image-preview":"max-image-preview:large","max-video-preview":"max-video-preview:-1"},"canonical":"https:\/\/librairie7l.com\/en\/produit\/ernst-haeckel-2\/","og_locale":"en_US","og_type":"article","og_title":"Ernst Haeckel - Librairie 7L","og_description":"Biologiste et naturaliste allemand \u00e9volutionniste, Ernst Haeckel (1834-1919) fut aussi artiste, philosophe et m\u00e9decin, et a pass\u00e9 sa vie \u00e0 \u00e9tudier la flore et la faune, des plus hauts sommets au plus profond des oc\u00e9ans. Fervent d\u00e9fenseur et promoteur de la th\u00e9orie de l&#8217;\u00e9volution de Darwin, il d\u00e9non\u00e7a les dogmes religieux, r\u00e9digea des trait\u00e9s philosophiques, [&hellip;]","og_url":"https:\/\/librairie7l.com\/en\/produit\/ernst-haeckel-2\/","og_site_name":"Librairie 7L","article_modified_time":"2026-04-10T09:01:28+00:00","og_image":[{"width":600,"height":810,"url":"https:\/\/librairie7l.com\/wp-content\/uploads\/2020\/01\/9783836584272_1_75.jpg","type":"image\/jpeg"}],"twitter_card":"summary_large_image","twitter_misc":{"Est. reading time":"2 minutes"},"schema":{"@context":"https:\/\/schema.org","@graph":[{"@type":"WebPage","@id":"https:\/\/librairie7l.com\/en\/produit\/ernst-haeckel-2\/","url":"https:\/\/librairie7l.com\/en\/produit\/ernst-haeckel-2\/","name":"Ernst Haeckel - Librairie 7L","isPartOf":{"@id":"https:\/\/librairie7l.com\/en\/#website"},"datePublished":"2024-11-02T18:02:49+00:00","dateModified":"2026-04-10T09:01:28+00:00","breadcrumb":{"@id":"https:\/\/librairie7l.com\/en\/produit\/ernst-haeckel-2\/#breadcrumb"},"inLanguage":"en-US","potentialAction":[{"@type":"ReadAction","target":["https:\/\/librairie7l.com\/en\/produit\/ernst-haeckel-2\/"]}]},{"@type":"BreadcrumbList","@id":"https:\/\/librairie7l.com\/en\/produit\/ernst-haeckel-2\/#breadcrumb","itemListElement":[{"@type":"ListItem","position":1,"name":"Accueil","item":"https:\/\/librairie7l.com\/en\/"},{"@type":"ListItem","position":2,"name":"Shop","item":"https:\/\/librairie7l.com\/en\/shop\/"},{"@type":"ListItem","position":3,"name":"ERNST HAECKEL"}]},{"@type":"WebSite","@id":"https:\/\/librairie7l.com\/en\/#website","url":"https:\/\/librairie7l.com\/en\/","name":"Librairie 7L","description":"Librairie fond\u00e9e en 1999 par Karl Lagerfeld \u00e0 Paris","publisher":{"@id":"https:\/\/librairie7l.com\/en\/#organization"},"potentialAction":[{"@type":"SearchAction","target":{"@type":"EntryPoint","urlTemplate":"https:\/\/librairie7l.com\/en\/?s={search_term_string}"},"query-input":"required name=search_term_string"}],"inLanguage":"en-US"},{"@type":"Organization","@id":"https:\/\/librairie7l.com\/en\/#organization","name":"Librairie 7L","url":"https:\/\/librairie7l.com\/en\/","logo":{"@type":"ImageObject","inLanguage":"en-US","@id":"https:\/\/librairie7l.com\/en\/#\/schema\/logo\/image\/","url":"https:\/\/librairie7l.com\/wp-content\/uploads\/2022\/08\/logo-1.png","contentUrl":"https:\/\/librairie7l.com\/wp-content\/uploads\/2022\/08\/logo-1.png","width":227,"height":301,"caption":"Librairie 7L"},"image":{"@id":"https:\/\/librairie7l.com\/en\/#\/schema\/logo\/image\/"}}]}},"_links":{"self":[{"href":"https:\/\/librairie7l.com\/en\/wp-json\/wp\/v2\/product\/43970"}],"collection":[{"href":"https:\/\/librairie7l.com\/en\/wp-json\/wp\/v2\/product"}],"about":[{"href":"https:\/\/librairie7l.com\/en\/wp-json\/wp\/v2\/types\/product"}],"wp:featuredmedia":[{"embeddable":true,"href":"https:\/\/librairie7l.com\/en\/wp-json\/wp\/v2\/media\/43968"}],"wp:attachment":[{"href":"https:\/\/librairie7l.com\/en\/wp-json\/wp\/v2\/media?parent=43970"}],"wp:term":[{"taxonomy":"product_cat","embeddable":true,"href":"https:\/\/librairie7l.com\/en\/wp-json\/wp\/v2\/product_cat?post=43970"},{"taxonomy":"product_tag","embeddable":true,"href":"https:\/\/librairie7l.com\/en\/wp-json\/wp\/v2\/product_tag?post=43970"}],"curies":[{"name":"wp","href":"https:\/\/api.w.org\/{rel}","templated":true}]}}