{"id":44008,"date":"2024-11-06T09:17:44","date_gmt":"2024-11-06T08:17:44","guid":{"rendered":"https:\/\/librairie7l.com\/?post_type=product&#038;p=44008"},"modified":"2026-04-16T15:44:56","modified_gmt":"2026-04-16T13:44:56","slug":"exacte-ressemblance-2","status":"publish","type":"product","link":"https:\/\/librairie7l.com\/en\/produit\/exacte-ressemblance-2\/","title":{"rendered":"EXACTE RESSEMBLANCE"},"content":{"rendered":"<p>De 1908 \u00e0 1931, Gertrude Stein a r\u00e9guli\u00e8rement compos\u00e9, sous diff\u00e9rentes formes, des portraits de ses contemporains. Ce recueil en offre une s\u00e9lection, comme un compl\u00e9ment de son grand oeuvre, LAutobiographie dAlice B. Toklas. DApollinaire \u00e0 Picasso, en passant par Satie, Hemingway, Fitzgerald, Alice Toklas, Woodrow Wilson ou m\u00eame ses chiens Polybe et Basket, ces textes aussi vari\u00e9s quinventifs constituent un autoportrait en creux de la grande \u00e9crivaine am\u00e9ricaine, tout en \u00e9voquant les questions dart et de litt\u00e9rature, et en restituant lambiance de la Belle \u00c9poque.<\/p>\n","protected":false},"excerpt":{"rendered":"<p>De 1908 \u00e0 1931, Gertrude Stein a r\u00e9guli\u00e8rement compos\u00e9, sous diff\u00e9rentes formes, des portraits de ses contemporains. Ce recueil en offre une s\u00e9lection, comme un compl\u00e9ment de son grand oeuvre, LAutobiographie dAlice B. Toklas. DApollinaire \u00e0 Picasso, en passant par Satie, Hemingway, Fitzgerald, Alice Toklas, Woodrow Wilson ou m\u00eame ses chiens Polybe et Basket, ces [&hellip;]<\/p>\n","protected":false},"featured_media":44006,"template":"","meta":[],"product_cat":[2948,2953],"product_tag":[],"acf":[],"yoast_head":"<!-- This site is optimized with the Yoast SEO plugin v20.11 - https:\/\/yoast.com\/wordpress\/plugins\/seo\/ -->\n<title>Exacte Ressemblance - Librairie 7L<\/title>\n<meta name=\"robots\" content=\"index, follow, max-snippet:-1, max-image-preview:large, max-video-preview:-1\" \/>\n<link rel=\"canonical\" href=\"https:\/\/librairie7l.com\/en\/produit\/exacte-ressemblance-2\/\" \/>\n<meta property=\"og:locale\" content=\"en_US\" \/>\n<meta property=\"og:type\" content=\"article\" \/>\n<meta property=\"og:title\" content=\"Exacte Ressemblance - Librairie 7L\" \/>\n<meta property=\"og:description\" content=\"De 1908 \u00e0 1931, Gertrude Stein a r\u00e9guli\u00e8rement compos\u00e9, sous diff\u00e9rentes formes, des portraits de ses contemporains. Ce recueil en offre une s\u00e9lection, comme un compl\u00e9ment de son grand oeuvre, LAutobiographie dAlice B. Toklas. DApollinaire \u00e0 Picasso, en passant par Satie, Hemingway, Fitzgerald, Alice Toklas, Woodrow Wilson ou m\u00eame ses chiens Polybe et Basket, ces [&hellip;]\" \/>\n<meta property=\"og:url\" content=\"https:\/\/librairie7l.com\/en\/produit\/exacte-ressemblance-2\/\" \/>\n<meta property=\"og:site_name\" content=\"Librairie 7L\" \/>\n<meta property=\"article:modified_time\" content=\"2026-04-16T13:44:56+00:00\" \/>\n<meta property=\"og:image\" content=\"https:\/\/librairie7l.com\/wp-content\/uploads\/2024\/06\/9782366249422_1_75.jpg\" \/>\n\t<meta property=\"og:image:width\" content=\"600\" \/>\n\t<meta property=\"og:image:height\" content=\"878\" \/>\n\t<meta property=\"og:image:type\" content=\"image\/jpeg\" \/>\n<meta name=\"twitter:card\" content=\"summary_large_image\" \/>\n<script type=\"application\/ld+json\" class=\"yoast-schema-graph\">{\"@context\":\"https:\/\/schema.org\",\"@graph\":[{\"@type\":\"WebPage\",\"@id\":\"https:\/\/librairie7l.com\/en\/produit\/exacte-ressemblance-2\/\",\"url\":\"https:\/\/librairie7l.com\/en\/produit\/exacte-ressemblance-2\/\",\"name\":\"Exacte Ressemblance - Librairie 7L\",\"isPartOf\":{\"@id\":\"https:\/\/librairie7l.com\/en\/#website\"},\"datePublished\":\"2024-11-06T08:17:44+00:00\",\"dateModified\":\"2026-04-16T13:44:56+00:00\",\"breadcrumb\":{\"@id\":\"https:\/\/librairie7l.com\/en\/produit\/exacte-ressemblance-2\/#breadcrumb\"},\"inLanguage\":\"en-US\",\"potentialAction\":[{\"@type\":\"ReadAction\",\"target\":[\"https:\/\/librairie7l.com\/en\/produit\/exacte-ressemblance-2\/\"]}]},{\"@type\":\"BreadcrumbList\",\"@id\":\"https:\/\/librairie7l.com\/en\/produit\/exacte-ressemblance-2\/#breadcrumb\",\"itemListElement\":[{\"@type\":\"ListItem\",\"position\":1,\"name\":\"Accueil\",\"item\":\"https:\/\/librairie7l.com\/en\/\"},{\"@type\":\"ListItem\",\"position\":2,\"name\":\"Shop\",\"item\":\"https:\/\/librairie7l.com\/en\/shop\/\"},{\"@type\":\"ListItem\",\"position\":3,\"name\":\"EXACTE RESSEMBLANCE\"}]},{\"@type\":\"WebSite\",\"@id\":\"https:\/\/librairie7l.com\/en\/#website\",\"url\":\"https:\/\/librairie7l.com\/en\/\",\"name\":\"Librairie 7L\",\"description\":\"Librairie fond\u00e9e en 1999 par Karl Lagerfeld \u00e0 Paris\",\"publisher\":{\"@id\":\"https:\/\/librairie7l.com\/en\/#organization\"},\"potentialAction\":[{\"@type\":\"SearchAction\",\"target\":{\"@type\":\"EntryPoint\",\"urlTemplate\":\"https:\/\/librairie7l.com\/en\/?s={search_term_string}\"},\"query-input\":\"required name=search_term_string\"}],\"inLanguage\":\"en-US\"},{\"@type\":\"Organization\",\"@id\":\"https:\/\/librairie7l.com\/en\/#organization\",\"name\":\"Librairie 7L\",\"url\":\"https:\/\/librairie7l.com\/en\/\",\"logo\":{\"@type\":\"ImageObject\",\"inLanguage\":\"en-US\",\"@id\":\"https:\/\/librairie7l.com\/en\/#\/schema\/logo\/image\/\",\"url\":\"https:\/\/librairie7l.com\/wp-content\/uploads\/2022\/08\/logo-1.png\",\"contentUrl\":\"https:\/\/librairie7l.com\/wp-content\/uploads\/2022\/08\/logo-1.png\",\"width\":227,\"height\":301,\"caption\":\"Librairie 7L\"},\"image\":{\"@id\":\"https:\/\/librairie7l.com\/en\/#\/schema\/logo\/image\/\"}}]}<\/script>\n<!-- \/ Yoast SEO plugin. -->","yoast_head_json":{"title":"Exacte Ressemblance - Librairie 7L","robots":{"index":"index","follow":"follow","max-snippet":"max-snippet:-1","max-image-preview":"max-image-preview:large","max-video-preview":"max-video-preview:-1"},"canonical":"https:\/\/librairie7l.com\/en\/produit\/exacte-ressemblance-2\/","og_locale":"en_US","og_type":"article","og_title":"Exacte Ressemblance - Librairie 7L","og_description":"De 1908 \u00e0 1931, Gertrude Stein a r\u00e9guli\u00e8rement compos\u00e9, sous diff\u00e9rentes formes, des portraits de ses contemporains. Ce recueil en offre une s\u00e9lection, comme un compl\u00e9ment de son grand oeuvre, LAutobiographie dAlice B. Toklas. DApollinaire \u00e0 Picasso, en passant par Satie, Hemingway, Fitzgerald, Alice Toklas, Woodrow Wilson ou m\u00eame ses chiens Polybe et Basket, ces [&hellip;]","og_url":"https:\/\/librairie7l.com\/en\/produit\/exacte-ressemblance-2\/","og_site_name":"Librairie 7L","article_modified_time":"2026-04-16T13:44:56+00:00","og_image":[{"width":600,"height":878,"url":"https:\/\/librairie7l.com\/wp-content\/uploads\/2024\/06\/9782366249422_1_75.jpg","type":"image\/jpeg"}],"twitter_card":"summary_large_image","schema":{"@context":"https:\/\/schema.org","@graph":[{"@type":"WebPage","@id":"https:\/\/librairie7l.com\/en\/produit\/exacte-ressemblance-2\/","url":"https:\/\/librairie7l.com\/en\/produit\/exacte-ressemblance-2\/","name":"Exacte Ressemblance - Librairie 7L","isPartOf":{"@id":"https:\/\/librairie7l.com\/en\/#website"},"datePublished":"2024-11-06T08:17:44+00:00","dateModified":"2026-04-16T13:44:56+00:00","breadcrumb":{"@id":"https:\/\/librairie7l.com\/en\/produit\/exacte-ressemblance-2\/#breadcrumb"},"inLanguage":"en-US","potentialAction":[{"@type":"ReadAction","target":["https:\/\/librairie7l.com\/en\/produit\/exacte-ressemblance-2\/"]}]},{"@type":"BreadcrumbList","@id":"https:\/\/librairie7l.com\/en\/produit\/exacte-ressemblance-2\/#breadcrumb","itemListElement":[{"@type":"ListItem","position":1,"name":"Accueil","item":"https:\/\/librairie7l.com\/en\/"},{"@type":"ListItem","position":2,"name":"Shop","item":"https:\/\/librairie7l.com\/en\/shop\/"},{"@type":"ListItem","position":3,"name":"EXACTE RESSEMBLANCE"}]},{"@type":"WebSite","@id":"https:\/\/librairie7l.com\/en\/#website","url":"https:\/\/librairie7l.com\/en\/","name":"Librairie 7L","description":"Librairie fond\u00e9e en 1999 par Karl Lagerfeld \u00e0 Paris","publisher":{"@id":"https:\/\/librairie7l.com\/en\/#organization"},"potentialAction":[{"@type":"SearchAction","target":{"@type":"EntryPoint","urlTemplate":"https:\/\/librairie7l.com\/en\/?s={search_term_string}"},"query-input":"required name=search_term_string"}],"inLanguage":"en-US"},{"@type":"Organization","@id":"https:\/\/librairie7l.com\/en\/#organization","name":"Librairie 7L","url":"https:\/\/librairie7l.com\/en\/","logo":{"@type":"ImageObject","inLanguage":"en-US","@id":"https:\/\/librairie7l.com\/en\/#\/schema\/logo\/image\/","url":"https:\/\/librairie7l.com\/wp-content\/uploads\/2022\/08\/logo-1.png","contentUrl":"https:\/\/librairie7l.com\/wp-content\/uploads\/2022\/08\/logo-1.png","width":227,"height":301,"caption":"Librairie 7L"},"image":{"@id":"https:\/\/librairie7l.com\/en\/#\/schema\/logo\/image\/"}}]}},"_links":{"self":[{"href":"https:\/\/librairie7l.com\/en\/wp-json\/wp\/v2\/product\/44008"}],"collection":[{"href":"https:\/\/librairie7l.com\/en\/wp-json\/wp\/v2\/product"}],"about":[{"href":"https:\/\/librairie7l.com\/en\/wp-json\/wp\/v2\/types\/product"}],"wp:featuredmedia":[{"embeddable":true,"href":"https:\/\/librairie7l.com\/en\/wp-json\/wp\/v2\/media\/44006"}],"wp:attachment":[{"href":"https:\/\/librairie7l.com\/en\/wp-json\/wp\/v2\/media?parent=44008"}],"wp:term":[{"taxonomy":"product_cat","embeddable":true,"href":"https:\/\/librairie7l.com\/en\/wp-json\/wp\/v2\/product_cat?post=44008"},{"taxonomy":"product_tag","embeddable":true,"href":"https:\/\/librairie7l.com\/en\/wp-json\/wp\/v2\/product_tag?post=44008"}],"curies":[{"name":"wp","href":"https:\/\/api.w.org\/{rel}","templated":true}]}}