{"id":44012,"date":"2024-11-06T09:17:47","date_gmt":"2024-11-06T08:17:47","guid":{"rendered":"https:\/\/librairie7l.com\/?post_type=product&#038;p=44012"},"modified":"2026-04-16T17:27:55","modified_gmt":"2026-04-16T15:27:55","slug":"coco-chanel-une-legende-une-vie-2","status":"publish","type":"product","link":"https:\/\/librairie7l.com\/en\/produit\/coco-chanel-une-legende-une-vie-2\/","title":{"rendered":"COCO CHANEL : UNE L\u00c9GENDE, UNE VIE"},"content":{"rendered":"<p>Coco Chanel fut une cr\u00e9atrice extraordinaire, dont le nom reste associ\u00e9 \u00e0 la petite robe noire, \u00e0 son tailleur embl\u00e9matique, aux pantalons pour femme, aux parfums \u00e0 succ\u00e8s et \u00e0 la marque de haute couture la plus c\u00e9l\u00e8bre de tous les temps. Aussi habile \u00e0 inventer son personnage que ses collections, la Grande Mademoiselle s&#8217;employa aussi \u00e0 faire de sa vie un mythe. Derri\u00e8re cette surface brillante se profile toutefois une r\u00e9alit\u00e9 plus sombre, plus myst\u00e9rieuse et plus intrigante. Gr\u00e2ce \u00e0 la d\u00e9couverte de nouveaux \u00e9l\u00e9ments sur l&#8217;enfance de Gabrielle Chanel, Justine Picardie remonte \u00e0 la source de la l\u00e9gende, qui commence dans la pauvret\u00e9 d&#8217;un orphelinat de Corr\u00e8ze et la difficile condition des jeunes femmes sans dot de la Belle \u00c9poque. \u00c9clairant d&#8217;un jour nouveau les relations amoureuses de Chanel, ainsi que les liens forts qui l&#8217;unirent aux artistes comme Jean Cocteau, Serge Diaghilev, Pablo Picasso ou Salvador Dal\u00ec, Justine Picardie r\u00e9alise un portrait tout en nuances de la cr\u00e9atrice que l&#8217;on d\u00e9couvre tour \u00e0 tour artiste, muse et m\u00e9c\u00e8ne g\u00e9n\u00e9reuse. Men\u00e9e comme une enqu\u00eate, cette biographie nourrie d&#8217;entretiens in\u00e9dits mais aussi de photos m\u00e9connues provenant d&#8217;archives priv\u00e9es anglaises, d\u00e9voile tout ce que son style l\u00e9gendaire doit \u00e0 ses ann\u00e9es de formation, mais aussi comment s&#8217;est forg\u00e9e sa personnalit\u00e9 puissante et pleine d&#8217;imagination pour cr\u00e9er un empire dans un monde ferm\u00e9 aux entrepreneuses. Enfin, l&#8217;auteure revient sur la l\u00e9gende noire de la couturi\u00e8re pendant la guerre et fait la lumi\u00e8re sur son r\u00f4le alors. \u00c0 la fois crainte et v\u00e9n\u00e9r\u00e9e par l&#8217;industrie de la mode, Coco Chanel s&#8217;est \u00e9teinte en 1971 \u00e0 l&#8217;\u00e2ge de 87 ans, laissant un mod\u00e8le f\u00e9minin de libert\u00e9 qui ne laisse pas d&#8217;enchanter.<\/p>\n","protected":false},"excerpt":{"rendered":"<p>Coco Chanel fut une cr\u00e9atrice extraordinaire, dont le nom reste associ\u00e9 \u00e0 la petite robe noire, \u00e0 son tailleur embl\u00e9matique, aux pantalons pour femme, aux parfums \u00e0 succ\u00e8s et \u00e0 la marque de haute couture la plus c\u00e9l\u00e8bre de tous les temps. Aussi habile \u00e0 inventer son personnage que ses collections, la Grande Mademoiselle s&#8217;employa [&hellip;]<\/p>\n","protected":false},"featured_media":44010,"template":"","meta":[],"product_cat":[2948,2957],"product_tag":[],"acf":[],"yoast_head":"<!-- This site is optimized with the Yoast SEO plugin v20.11 - https:\/\/yoast.com\/wordpress\/plugins\/seo\/ -->\n<title>Coco Chanel : Une l\u00e9gende, une vie - Librairie 7L<\/title>\n<meta name=\"robots\" content=\"index, follow, max-snippet:-1, max-image-preview:large, max-video-preview:-1\" \/>\n<link rel=\"canonical\" href=\"https:\/\/librairie7l.com\/en\/produit\/coco-chanel-une-legende-une-vie-2\/\" \/>\n<meta property=\"og:locale\" content=\"en_US\" \/>\n<meta property=\"og:type\" content=\"article\" \/>\n<meta property=\"og:title\" content=\"Coco Chanel : Une l\u00e9gende, une vie - Librairie 7L\" \/>\n<meta property=\"og:description\" content=\"Coco Chanel fut une cr\u00e9atrice extraordinaire, dont le nom reste associ\u00e9 \u00e0 la petite robe noire, \u00e0 son tailleur embl\u00e9matique, aux pantalons pour femme, aux parfums \u00e0 succ\u00e8s et \u00e0 la marque de haute couture la plus c\u00e9l\u00e8bre de tous les temps. Aussi habile \u00e0 inventer son personnage que ses collections, la Grande Mademoiselle s&#8217;employa [&hellip;]\" \/>\n<meta property=\"og:url\" content=\"https:\/\/librairie7l.com\/en\/produit\/coco-chanel-une-legende-une-vie-2\/\" \/>\n<meta property=\"og:site_name\" content=\"Librairie 7L\" \/>\n<meta property=\"article:modified_time\" content=\"2026-04-16T15:27:55+00:00\" \/>\n<meta property=\"og:image\" content=\"https:\/\/librairie7l.com\/wp-content\/uploads\/2024\/06\/9782080443687_1_75.jpg\" \/>\n\t<meta property=\"og:image:width\" content=\"600\" \/>\n\t<meta property=\"og:image:height\" content=\"946\" \/>\n\t<meta property=\"og:image:type\" content=\"image\/jpeg\" \/>\n<meta name=\"twitter:card\" content=\"summary_large_image\" \/>\n<meta name=\"twitter:label1\" content=\"Est. reading time\" \/>\n\t<meta name=\"twitter:data1\" content=\"2 minutes\" \/>\n<script type=\"application\/ld+json\" class=\"yoast-schema-graph\">{\"@context\":\"https:\/\/schema.org\",\"@graph\":[{\"@type\":\"WebPage\",\"@id\":\"https:\/\/librairie7l.com\/en\/produit\/coco-chanel-une-legende-une-vie-2\/\",\"url\":\"https:\/\/librairie7l.com\/en\/produit\/coco-chanel-une-legende-une-vie-2\/\",\"name\":\"Coco Chanel : Une l\u00e9gende, une vie - Librairie 7L\",\"isPartOf\":{\"@id\":\"https:\/\/librairie7l.com\/en\/#website\"},\"datePublished\":\"2024-11-06T08:17:47+00:00\",\"dateModified\":\"2026-04-16T15:27:55+00:00\",\"breadcrumb\":{\"@id\":\"https:\/\/librairie7l.com\/en\/produit\/coco-chanel-une-legende-une-vie-2\/#breadcrumb\"},\"inLanguage\":\"en-US\",\"potentialAction\":[{\"@type\":\"ReadAction\",\"target\":[\"https:\/\/librairie7l.com\/en\/produit\/coco-chanel-une-legende-une-vie-2\/\"]}]},{\"@type\":\"BreadcrumbList\",\"@id\":\"https:\/\/librairie7l.com\/en\/produit\/coco-chanel-une-legende-une-vie-2\/#breadcrumb\",\"itemListElement\":[{\"@type\":\"ListItem\",\"position\":1,\"name\":\"Accueil\",\"item\":\"https:\/\/librairie7l.com\/en\/\"},{\"@type\":\"ListItem\",\"position\":2,\"name\":\"Shop\",\"item\":\"https:\/\/librairie7l.com\/en\/shop\/\"},{\"@type\":\"ListItem\",\"position\":3,\"name\":\"COCO CHANEL : UNE L\u00c9GENDE, UNE VIE\"}]},{\"@type\":\"WebSite\",\"@id\":\"https:\/\/librairie7l.com\/en\/#website\",\"url\":\"https:\/\/librairie7l.com\/en\/\",\"name\":\"Librairie 7L\",\"description\":\"Librairie fond\u00e9e en 1999 par Karl Lagerfeld \u00e0 Paris\",\"publisher\":{\"@id\":\"https:\/\/librairie7l.com\/en\/#organization\"},\"potentialAction\":[{\"@type\":\"SearchAction\",\"target\":{\"@type\":\"EntryPoint\",\"urlTemplate\":\"https:\/\/librairie7l.com\/en\/?s={search_term_string}\"},\"query-input\":\"required name=search_term_string\"}],\"inLanguage\":\"en-US\"},{\"@type\":\"Organization\",\"@id\":\"https:\/\/librairie7l.com\/en\/#organization\",\"name\":\"Librairie 7L\",\"url\":\"https:\/\/librairie7l.com\/en\/\",\"logo\":{\"@type\":\"ImageObject\",\"inLanguage\":\"en-US\",\"@id\":\"https:\/\/librairie7l.com\/en\/#\/schema\/logo\/image\/\",\"url\":\"https:\/\/librairie7l.com\/wp-content\/uploads\/2022\/08\/logo-1.png\",\"contentUrl\":\"https:\/\/librairie7l.com\/wp-content\/uploads\/2022\/08\/logo-1.png\",\"width\":227,\"height\":301,\"caption\":\"Librairie 7L\"},\"image\":{\"@id\":\"https:\/\/librairie7l.com\/en\/#\/schema\/logo\/image\/\"}}]}<\/script>\n<!-- \/ Yoast SEO plugin. -->","yoast_head_json":{"title":"Coco Chanel : Une l\u00e9gende, une vie - Librairie 7L","robots":{"index":"index","follow":"follow","max-snippet":"max-snippet:-1","max-image-preview":"max-image-preview:large","max-video-preview":"max-video-preview:-1"},"canonical":"https:\/\/librairie7l.com\/en\/produit\/coco-chanel-une-legende-une-vie-2\/","og_locale":"en_US","og_type":"article","og_title":"Coco Chanel : Une l\u00e9gende, une vie - Librairie 7L","og_description":"Coco Chanel fut une cr\u00e9atrice extraordinaire, dont le nom reste associ\u00e9 \u00e0 la petite robe noire, \u00e0 son tailleur embl\u00e9matique, aux pantalons pour femme, aux parfums \u00e0 succ\u00e8s et \u00e0 la marque de haute couture la plus c\u00e9l\u00e8bre de tous les temps. Aussi habile \u00e0 inventer son personnage que ses collections, la Grande Mademoiselle s&#8217;employa [&hellip;]","og_url":"https:\/\/librairie7l.com\/en\/produit\/coco-chanel-une-legende-une-vie-2\/","og_site_name":"Librairie 7L","article_modified_time":"2026-04-16T15:27:55+00:00","og_image":[{"width":600,"height":946,"url":"https:\/\/librairie7l.com\/wp-content\/uploads\/2024\/06\/9782080443687_1_75.jpg","type":"image\/jpeg"}],"twitter_card":"summary_large_image","twitter_misc":{"Est. reading time":"2 minutes"},"schema":{"@context":"https:\/\/schema.org","@graph":[{"@type":"WebPage","@id":"https:\/\/librairie7l.com\/en\/produit\/coco-chanel-une-legende-une-vie-2\/","url":"https:\/\/librairie7l.com\/en\/produit\/coco-chanel-une-legende-une-vie-2\/","name":"Coco Chanel : Une l\u00e9gende, une vie - Librairie 7L","isPartOf":{"@id":"https:\/\/librairie7l.com\/en\/#website"},"datePublished":"2024-11-06T08:17:47+00:00","dateModified":"2026-04-16T15:27:55+00:00","breadcrumb":{"@id":"https:\/\/librairie7l.com\/en\/produit\/coco-chanel-une-legende-une-vie-2\/#breadcrumb"},"inLanguage":"en-US","potentialAction":[{"@type":"ReadAction","target":["https:\/\/librairie7l.com\/en\/produit\/coco-chanel-une-legende-une-vie-2\/"]}]},{"@type":"BreadcrumbList","@id":"https:\/\/librairie7l.com\/en\/produit\/coco-chanel-une-legende-une-vie-2\/#breadcrumb","itemListElement":[{"@type":"ListItem","position":1,"name":"Accueil","item":"https:\/\/librairie7l.com\/en\/"},{"@type":"ListItem","position":2,"name":"Shop","item":"https:\/\/librairie7l.com\/en\/shop\/"},{"@type":"ListItem","position":3,"name":"COCO CHANEL : UNE L\u00c9GENDE, UNE VIE"}]},{"@type":"WebSite","@id":"https:\/\/librairie7l.com\/en\/#website","url":"https:\/\/librairie7l.com\/en\/","name":"Librairie 7L","description":"Librairie fond\u00e9e en 1999 par Karl Lagerfeld \u00e0 Paris","publisher":{"@id":"https:\/\/librairie7l.com\/en\/#organization"},"potentialAction":[{"@type":"SearchAction","target":{"@type":"EntryPoint","urlTemplate":"https:\/\/librairie7l.com\/en\/?s={search_term_string}"},"query-input":"required name=search_term_string"}],"inLanguage":"en-US"},{"@type":"Organization","@id":"https:\/\/librairie7l.com\/en\/#organization","name":"Librairie 7L","url":"https:\/\/librairie7l.com\/en\/","logo":{"@type":"ImageObject","inLanguage":"en-US","@id":"https:\/\/librairie7l.com\/en\/#\/schema\/logo\/image\/","url":"https:\/\/librairie7l.com\/wp-content\/uploads\/2022\/08\/logo-1.png","contentUrl":"https:\/\/librairie7l.com\/wp-content\/uploads\/2022\/08\/logo-1.png","width":227,"height":301,"caption":"Librairie 7L"},"image":{"@id":"https:\/\/librairie7l.com\/en\/#\/schema\/logo\/image\/"}}]}},"_links":{"self":[{"href":"https:\/\/librairie7l.com\/en\/wp-json\/wp\/v2\/product\/44012"}],"collection":[{"href":"https:\/\/librairie7l.com\/en\/wp-json\/wp\/v2\/product"}],"about":[{"href":"https:\/\/librairie7l.com\/en\/wp-json\/wp\/v2\/types\/product"}],"wp:featuredmedia":[{"embeddable":true,"href":"https:\/\/librairie7l.com\/en\/wp-json\/wp\/v2\/media\/44010"}],"wp:attachment":[{"href":"https:\/\/librairie7l.com\/en\/wp-json\/wp\/v2\/media?parent=44012"}],"wp:term":[{"taxonomy":"product_cat","embeddable":true,"href":"https:\/\/librairie7l.com\/en\/wp-json\/wp\/v2\/product_cat?post=44012"},{"taxonomy":"product_tag","embeddable":true,"href":"https:\/\/librairie7l.com\/en\/wp-json\/wp\/v2\/product_tag?post=44012"}],"curies":[{"name":"wp","href":"https:\/\/api.w.org\/{rel}","templated":true}]}}