{"id":44022,"date":"2024-11-06T09:17:56","date_gmt":"2024-11-06T08:17:56","guid":{"rendered":"https:\/\/librairie7l.com\/?post_type=product&#038;p=44022"},"modified":"2026-04-08T20:39:18","modified_gmt":"2026-04-08T18:39:18","slug":"the-bloomsbury-photographs-2","status":"publish","type":"product","link":"https:\/\/librairie7l.com\/en\/produit\/the-bloomsbury-photographs-2\/","title":{"rendered":"THE BLOOMSBURY PHOTOGRAPHS"},"content":{"rendered":"<p>Un portrait passionnant des figures cl\u00e9s du Bloomsbury Group, racont\u00e9 \u00e0 travers une riche collection de photographies intimes. La photographie a encadr\u00e9 le monde du Bloomsbury Group. Les milliers de photographies conserv\u00e9es dans les albums de Virginia Woolf, Vanessa Bell, Dora Carrington et Lytton Strachey, entre autres, nous offrent aujourd&#8217;hui un aper\u00e7u priv\u00e9 de leur vie. Maggie Humm rassemble une s\u00e9lection de ces photographies pour nous offrir un nouveau portrait du Bloomsbury Group, les montrant dans une nouvelle intimit\u00e9 domestique. Elle fait revivre la texture de Bloomsbury : leurs passe- temps, leurs enfants, leurs v\u00eatements, leurs maisons, leurs domestiques, leurs animaux de compagnie, leurs vacances. Plusieurs photographies sont floues, comme si elles avaient \u00e9t\u00e9 prises \u00e0 la h\u00e2te, et des gros plans non surveill\u00e9s refl\u00e8tent des relations personnelles complexes. Les photographies de Bloomsbury ne sont pas de simples documents, mais des t\u00e9moignages de relations, d&#8217;amiti\u00e9s et de l&#8217;importance d&#8217;une vie empathique.<\/p>\n","protected":false},"excerpt":{"rendered":"<p>Un portrait passionnant des figures cl\u00e9s du Bloomsbury Group, racont\u00e9 \u00e0 travers une riche collection de photographies intimes. La photographie a encadr\u00e9 le monde du Bloomsbury Group. Les milliers de photographies conserv\u00e9es dans les albums de Virginia Woolf, Vanessa Bell, Dora Carrington et Lytton Strachey, entre autres, nous offrent aujourd&#8217;hui un aper\u00e7u priv\u00e9 de leur [&hellip;]<\/p>\n","protected":false},"featured_media":44020,"template":"","meta":[],"product_cat":[2948,2958],"product_tag":[],"acf":[],"yoast_head":"<!-- This site is optimized with the Yoast SEO plugin v20.11 - https:\/\/yoast.com\/wordpress\/plugins\/seo\/ -->\n<title>The bloomsbury photographs - Librairie 7L<\/title>\n<meta name=\"robots\" content=\"index, follow, max-snippet:-1, max-image-preview:large, max-video-preview:-1\" \/>\n<link rel=\"canonical\" href=\"https:\/\/librairie7l.com\/en\/produit\/the-bloomsbury-photographs-2\/\" \/>\n<meta property=\"og:locale\" content=\"en_US\" \/>\n<meta property=\"og:type\" content=\"article\" \/>\n<meta property=\"og:title\" content=\"The bloomsbury photographs - Librairie 7L\" \/>\n<meta property=\"og:description\" content=\"Un portrait passionnant des figures cl\u00e9s du Bloomsbury Group, racont\u00e9 \u00e0 travers une riche collection de photographies intimes. La photographie a encadr\u00e9 le monde du Bloomsbury Group. Les milliers de photographies conserv\u00e9es dans les albums de Virginia Woolf, Vanessa Bell, Dora Carrington et Lytton Strachey, entre autres, nous offrent aujourd&#8217;hui un aper\u00e7u priv\u00e9 de leur [&hellip;]\" \/>\n<meta property=\"og:url\" content=\"https:\/\/librairie7l.com\/en\/produit\/the-bloomsbury-photographs-2\/\" \/>\n<meta property=\"og:site_name\" content=\"Librairie 7L\" \/>\n<meta property=\"article:modified_time\" content=\"2026-04-08T18:39:18+00:00\" \/>\n<meta property=\"og:image\" content=\"https:\/\/librairie7l.com\/wp-content\/uploads\/2024\/09\/9780300273755_1_75.jpg\" \/>\n\t<meta property=\"og:image:width\" content=\"400\" \/>\n\t<meta property=\"og:image:height\" content=\"499\" \/>\n\t<meta property=\"og:image:type\" content=\"image\/jpeg\" \/>\n<meta name=\"twitter:card\" content=\"summary_large_image\" \/>\n<meta name=\"twitter:label1\" content=\"Est. reading time\" \/>\n\t<meta name=\"twitter:data1\" content=\"1 minute\" \/>\n<script type=\"application\/ld+json\" class=\"yoast-schema-graph\">{\"@context\":\"https:\/\/schema.org\",\"@graph\":[{\"@type\":\"WebPage\",\"@id\":\"https:\/\/librairie7l.com\/en\/produit\/the-bloomsbury-photographs-2\/\",\"url\":\"https:\/\/librairie7l.com\/en\/produit\/the-bloomsbury-photographs-2\/\",\"name\":\"The bloomsbury photographs - Librairie 7L\",\"isPartOf\":{\"@id\":\"https:\/\/librairie7l.com\/en\/#website\"},\"datePublished\":\"2024-11-06T08:17:56+00:00\",\"dateModified\":\"2026-04-08T18:39:18+00:00\",\"breadcrumb\":{\"@id\":\"https:\/\/librairie7l.com\/en\/produit\/the-bloomsbury-photographs-2\/#breadcrumb\"},\"inLanguage\":\"en-US\",\"potentialAction\":[{\"@type\":\"ReadAction\",\"target\":[\"https:\/\/librairie7l.com\/en\/produit\/the-bloomsbury-photographs-2\/\"]}]},{\"@type\":\"BreadcrumbList\",\"@id\":\"https:\/\/librairie7l.com\/en\/produit\/the-bloomsbury-photographs-2\/#breadcrumb\",\"itemListElement\":[{\"@type\":\"ListItem\",\"position\":1,\"name\":\"Accueil\",\"item\":\"https:\/\/librairie7l.com\/en\/\"},{\"@type\":\"ListItem\",\"position\":2,\"name\":\"Shop\",\"item\":\"https:\/\/librairie7l.com\/en\/shop\/\"},{\"@type\":\"ListItem\",\"position\":3,\"name\":\"THE BLOOMSBURY PHOTOGRAPHS\"}]},{\"@type\":\"WebSite\",\"@id\":\"https:\/\/librairie7l.com\/en\/#website\",\"url\":\"https:\/\/librairie7l.com\/en\/\",\"name\":\"Librairie 7L\",\"description\":\"Librairie fond\u00e9e en 1999 par Karl Lagerfeld \u00e0 Paris\",\"publisher\":{\"@id\":\"https:\/\/librairie7l.com\/en\/#organization\"},\"potentialAction\":[{\"@type\":\"SearchAction\",\"target\":{\"@type\":\"EntryPoint\",\"urlTemplate\":\"https:\/\/librairie7l.com\/en\/?s={search_term_string}\"},\"query-input\":\"required name=search_term_string\"}],\"inLanguage\":\"en-US\"},{\"@type\":\"Organization\",\"@id\":\"https:\/\/librairie7l.com\/en\/#organization\",\"name\":\"Librairie 7L\",\"url\":\"https:\/\/librairie7l.com\/en\/\",\"logo\":{\"@type\":\"ImageObject\",\"inLanguage\":\"en-US\",\"@id\":\"https:\/\/librairie7l.com\/en\/#\/schema\/logo\/image\/\",\"url\":\"https:\/\/librairie7l.com\/wp-content\/uploads\/2022\/08\/logo-1.png\",\"contentUrl\":\"https:\/\/librairie7l.com\/wp-content\/uploads\/2022\/08\/logo-1.png\",\"width\":227,\"height\":301,\"caption\":\"Librairie 7L\"},\"image\":{\"@id\":\"https:\/\/librairie7l.com\/en\/#\/schema\/logo\/image\/\"}}]}<\/script>\n<!-- \/ Yoast SEO plugin. -->","yoast_head_json":{"title":"The bloomsbury photographs - Librairie 7L","robots":{"index":"index","follow":"follow","max-snippet":"max-snippet:-1","max-image-preview":"max-image-preview:large","max-video-preview":"max-video-preview:-1"},"canonical":"https:\/\/librairie7l.com\/en\/produit\/the-bloomsbury-photographs-2\/","og_locale":"en_US","og_type":"article","og_title":"The bloomsbury photographs - Librairie 7L","og_description":"Un portrait passionnant des figures cl\u00e9s du Bloomsbury Group, racont\u00e9 \u00e0 travers une riche collection de photographies intimes. La photographie a encadr\u00e9 le monde du Bloomsbury Group. Les milliers de photographies conserv\u00e9es dans les albums de Virginia Woolf, Vanessa Bell, Dora Carrington et Lytton Strachey, entre autres, nous offrent aujourd&#8217;hui un aper\u00e7u priv\u00e9 de leur [&hellip;]","og_url":"https:\/\/librairie7l.com\/en\/produit\/the-bloomsbury-photographs-2\/","og_site_name":"Librairie 7L","article_modified_time":"2026-04-08T18:39:18+00:00","og_image":[{"width":400,"height":499,"url":"https:\/\/librairie7l.com\/wp-content\/uploads\/2024\/09\/9780300273755_1_75.jpg","type":"image\/jpeg"}],"twitter_card":"summary_large_image","twitter_misc":{"Est. reading time":"1 minute"},"schema":{"@context":"https:\/\/schema.org","@graph":[{"@type":"WebPage","@id":"https:\/\/librairie7l.com\/en\/produit\/the-bloomsbury-photographs-2\/","url":"https:\/\/librairie7l.com\/en\/produit\/the-bloomsbury-photographs-2\/","name":"The bloomsbury photographs - Librairie 7L","isPartOf":{"@id":"https:\/\/librairie7l.com\/en\/#website"},"datePublished":"2024-11-06T08:17:56+00:00","dateModified":"2026-04-08T18:39:18+00:00","breadcrumb":{"@id":"https:\/\/librairie7l.com\/en\/produit\/the-bloomsbury-photographs-2\/#breadcrumb"},"inLanguage":"en-US","potentialAction":[{"@type":"ReadAction","target":["https:\/\/librairie7l.com\/en\/produit\/the-bloomsbury-photographs-2\/"]}]},{"@type":"BreadcrumbList","@id":"https:\/\/librairie7l.com\/en\/produit\/the-bloomsbury-photographs-2\/#breadcrumb","itemListElement":[{"@type":"ListItem","position":1,"name":"Accueil","item":"https:\/\/librairie7l.com\/en\/"},{"@type":"ListItem","position":2,"name":"Shop","item":"https:\/\/librairie7l.com\/en\/shop\/"},{"@type":"ListItem","position":3,"name":"THE BLOOMSBURY PHOTOGRAPHS"}]},{"@type":"WebSite","@id":"https:\/\/librairie7l.com\/en\/#website","url":"https:\/\/librairie7l.com\/en\/","name":"Librairie 7L","description":"Librairie fond\u00e9e en 1999 par Karl Lagerfeld \u00e0 Paris","publisher":{"@id":"https:\/\/librairie7l.com\/en\/#organization"},"potentialAction":[{"@type":"SearchAction","target":{"@type":"EntryPoint","urlTemplate":"https:\/\/librairie7l.com\/en\/?s={search_term_string}"},"query-input":"required name=search_term_string"}],"inLanguage":"en-US"},{"@type":"Organization","@id":"https:\/\/librairie7l.com\/en\/#organization","name":"Librairie 7L","url":"https:\/\/librairie7l.com\/en\/","logo":{"@type":"ImageObject","inLanguage":"en-US","@id":"https:\/\/librairie7l.com\/en\/#\/schema\/logo\/image\/","url":"https:\/\/librairie7l.com\/wp-content\/uploads\/2022\/08\/logo-1.png","contentUrl":"https:\/\/librairie7l.com\/wp-content\/uploads\/2022\/08\/logo-1.png","width":227,"height":301,"caption":"Librairie 7L"},"image":{"@id":"https:\/\/librairie7l.com\/en\/#\/schema\/logo\/image\/"}}]}},"_links":{"self":[{"href":"https:\/\/librairie7l.com\/en\/wp-json\/wp\/v2\/product\/44022"}],"collection":[{"href":"https:\/\/librairie7l.com\/en\/wp-json\/wp\/v2\/product"}],"about":[{"href":"https:\/\/librairie7l.com\/en\/wp-json\/wp\/v2\/types\/product"}],"wp:featuredmedia":[{"embeddable":true,"href":"https:\/\/librairie7l.com\/en\/wp-json\/wp\/v2\/media\/44020"}],"wp:attachment":[{"href":"https:\/\/librairie7l.com\/en\/wp-json\/wp\/v2\/media?parent=44022"}],"wp:term":[{"taxonomy":"product_cat","embeddable":true,"href":"https:\/\/librairie7l.com\/en\/wp-json\/wp\/v2\/product_cat?post=44022"},{"taxonomy":"product_tag","embeddable":true,"href":"https:\/\/librairie7l.com\/en\/wp-json\/wp\/v2\/product_tag?post=44022"}],"curies":[{"name":"wp","href":"https:\/\/api.w.org\/{rel}","templated":true}]}}