{"id":44041,"date":"2024-11-07T09:17:42","date_gmt":"2024-11-07T08:17:42","guid":{"rendered":"https:\/\/librairie7l.com\/?post_type=product&#038;p=44041"},"modified":"2026-04-08T15:28:19","modified_gmt":"2026-04-08T13:28:19","slug":"josef-koudelka-next-2","status":"publish","type":"product","link":"https:\/\/librairie7l.com\/en\/produit\/josef-koudelka-next-2\/","title":{"rendered":"JOSEF KOUDELKA : NEXT"},"content":{"rendered":"<p>Josef Koudelka Next pr\u00e9sente un portrait intimiste de l&#8217;oeuvre de l&#8217;un des plus grands photographes contemporains. Cette biographie unique, fruit de plus de dix ans d&#8217;\u00e9changes entre Melissa Harris et Josef Koudelka, connu pour \u00eatre avare en confidences, r\u00e9v\u00e8le pour la premi\u00e8re fois la d\u00e9marche du photographe.<\/p>\n<p>Depuis plus de soixante ans qu&#8217;est n\u00e9e sa passion pour la photographie, Josef Koudelka a saisi les principaux changements culturels et politiques de l&#8217;Europe du XXe si\u00e8cle, comme en t\u00e9moigne l&#8217;\u00e9ventail remarquable des sujets qu&#8217;il traite : projet sur les Gitans, couverture de l&#8217;invasion sovi\u00e9tique de Prague en 1968, solitude de l&#8217;exil, impact d\u00e9vastateur de l&#8217;homme sur le paysage&#8230; Illustr\u00e9 de centaines de photographies, dont de nombreuses images d\u00e9voilant les coulisses de sa vie, l&#8217;ouvrage aborde les multiples projets de Koudelka et son \u00e9volution en tant qu&#8217;artiste.<\/p>\n","protected":false},"excerpt":{"rendered":"<p>Josef Koudelka Next pr\u00e9sente un portrait intimiste de l&#8217;oeuvre de l&#8217;un des plus grands photographes contemporains. Cette biographie unique, fruit de plus de dix ans d&#8217;\u00e9changes entre Melissa Harris et Josef Koudelka, connu pour \u00eatre avare en confidences, r\u00e9v\u00e8le pour la premi\u00e8re fois la d\u00e9marche du photographe. Depuis plus de soixante ans qu&#8217;est n\u00e9e sa [&hellip;]<\/p>\n","protected":false},"featured_media":44039,"template":"","meta":[],"product_cat":[2948],"product_tag":[],"acf":[],"yoast_head":"<!-- This site is optimized with the Yoast SEO plugin v20.11 - https:\/\/yoast.com\/wordpress\/plugins\/seo\/ -->\n<title>Josef Koudelka : Next - Librairie 7L<\/title>\n<meta name=\"robots\" content=\"index, follow, max-snippet:-1, max-image-preview:large, max-video-preview:-1\" \/>\n<link rel=\"canonical\" href=\"https:\/\/librairie7l.com\/en\/produit\/josef-koudelka-next-2\/\" \/>\n<meta property=\"og:locale\" content=\"en_US\" \/>\n<meta property=\"og:type\" content=\"article\" \/>\n<meta property=\"og:title\" content=\"Josef Koudelka : Next - Librairie 7L\" \/>\n<meta property=\"og:description\" content=\"Josef Koudelka Next pr\u00e9sente un portrait intimiste de l&#8217;oeuvre de l&#8217;un des plus grands photographes contemporains. Cette biographie unique, fruit de plus de dix ans d&#8217;\u00e9changes entre Melissa Harris et Josef Koudelka, connu pour \u00eatre avare en confidences, r\u00e9v\u00e8le pour la premi\u00e8re fois la d\u00e9marche du photographe. Depuis plus de soixante ans qu&#8217;est n\u00e9e sa [&hellip;]\" \/>\n<meta property=\"og:url\" content=\"https:\/\/librairie7l.com\/en\/produit\/josef-koudelka-next-2\/\" \/>\n<meta property=\"og:site_name\" content=\"Librairie 7L\" \/>\n<meta property=\"article:modified_time\" content=\"2026-04-08T13:28:19+00:00\" \/>\n<meta property=\"og:image\" content=\"https:\/\/librairie7l.com\/wp-content\/uploads\/2024\/06\/9791095821717_1_75.jpg\" \/>\n\t<meta property=\"og:image:width\" content=\"400\" \/>\n\t<meta property=\"og:image:height\" content=\"477\" \/>\n\t<meta property=\"og:image:type\" content=\"image\/jpeg\" \/>\n<meta name=\"twitter:card\" content=\"summary_large_image\" \/>\n<meta name=\"twitter:label1\" content=\"Est. reading time\" \/>\n\t<meta name=\"twitter:data1\" content=\"1 minute\" \/>\n<script type=\"application\/ld+json\" class=\"yoast-schema-graph\">{\"@context\":\"https:\/\/schema.org\",\"@graph\":[{\"@type\":\"WebPage\",\"@id\":\"https:\/\/librairie7l.com\/en\/produit\/josef-koudelka-next-2\/\",\"url\":\"https:\/\/librairie7l.com\/en\/produit\/josef-koudelka-next-2\/\",\"name\":\"Josef Koudelka : Next - Librairie 7L\",\"isPartOf\":{\"@id\":\"https:\/\/librairie7l.com\/en\/#website\"},\"datePublished\":\"2024-11-07T08:17:42+00:00\",\"dateModified\":\"2026-04-08T13:28:19+00:00\",\"breadcrumb\":{\"@id\":\"https:\/\/librairie7l.com\/en\/produit\/josef-koudelka-next-2\/#breadcrumb\"},\"inLanguage\":\"en-US\",\"potentialAction\":[{\"@type\":\"ReadAction\",\"target\":[\"https:\/\/librairie7l.com\/en\/produit\/josef-koudelka-next-2\/\"]}]},{\"@type\":\"BreadcrumbList\",\"@id\":\"https:\/\/librairie7l.com\/en\/produit\/josef-koudelka-next-2\/#breadcrumb\",\"itemListElement\":[{\"@type\":\"ListItem\",\"position\":1,\"name\":\"Accueil\",\"item\":\"https:\/\/librairie7l.com\/en\/\"},{\"@type\":\"ListItem\",\"position\":2,\"name\":\"Shop\",\"item\":\"https:\/\/librairie7l.com\/en\/shop\/\"},{\"@type\":\"ListItem\",\"position\":3,\"name\":\"JOSEF KOUDELKA : NEXT\"}]},{\"@type\":\"WebSite\",\"@id\":\"https:\/\/librairie7l.com\/en\/#website\",\"url\":\"https:\/\/librairie7l.com\/en\/\",\"name\":\"Librairie 7L\",\"description\":\"Librairie fond\u00e9e en 1999 par Karl Lagerfeld \u00e0 Paris\",\"publisher\":{\"@id\":\"https:\/\/librairie7l.com\/en\/#organization\"},\"potentialAction\":[{\"@type\":\"SearchAction\",\"target\":{\"@type\":\"EntryPoint\",\"urlTemplate\":\"https:\/\/librairie7l.com\/en\/?s={search_term_string}\"},\"query-input\":\"required name=search_term_string\"}],\"inLanguage\":\"en-US\"},{\"@type\":\"Organization\",\"@id\":\"https:\/\/librairie7l.com\/en\/#organization\",\"name\":\"Librairie 7L\",\"url\":\"https:\/\/librairie7l.com\/en\/\",\"logo\":{\"@type\":\"ImageObject\",\"inLanguage\":\"en-US\",\"@id\":\"https:\/\/librairie7l.com\/en\/#\/schema\/logo\/image\/\",\"url\":\"https:\/\/librairie7l.com\/wp-content\/uploads\/2022\/08\/logo-1.png\",\"contentUrl\":\"https:\/\/librairie7l.com\/wp-content\/uploads\/2022\/08\/logo-1.png\",\"width\":227,\"height\":301,\"caption\":\"Librairie 7L\"},\"image\":{\"@id\":\"https:\/\/librairie7l.com\/en\/#\/schema\/logo\/image\/\"}}]}<\/script>\n<!-- \/ Yoast SEO plugin. -->","yoast_head_json":{"title":"Josef Koudelka : Next - Librairie 7L","robots":{"index":"index","follow":"follow","max-snippet":"max-snippet:-1","max-image-preview":"max-image-preview:large","max-video-preview":"max-video-preview:-1"},"canonical":"https:\/\/librairie7l.com\/en\/produit\/josef-koudelka-next-2\/","og_locale":"en_US","og_type":"article","og_title":"Josef Koudelka : Next - Librairie 7L","og_description":"Josef Koudelka Next pr\u00e9sente un portrait intimiste de l&#8217;oeuvre de l&#8217;un des plus grands photographes contemporains. Cette biographie unique, fruit de plus de dix ans d&#8217;\u00e9changes entre Melissa Harris et Josef Koudelka, connu pour \u00eatre avare en confidences, r\u00e9v\u00e8le pour la premi\u00e8re fois la d\u00e9marche du photographe. Depuis plus de soixante ans qu&#8217;est n\u00e9e sa [&hellip;]","og_url":"https:\/\/librairie7l.com\/en\/produit\/josef-koudelka-next-2\/","og_site_name":"Librairie 7L","article_modified_time":"2026-04-08T13:28:19+00:00","og_image":[{"width":400,"height":477,"url":"https:\/\/librairie7l.com\/wp-content\/uploads\/2024\/06\/9791095821717_1_75.jpg","type":"image\/jpeg"}],"twitter_card":"summary_large_image","twitter_misc":{"Est. reading time":"1 minute"},"schema":{"@context":"https:\/\/schema.org","@graph":[{"@type":"WebPage","@id":"https:\/\/librairie7l.com\/en\/produit\/josef-koudelka-next-2\/","url":"https:\/\/librairie7l.com\/en\/produit\/josef-koudelka-next-2\/","name":"Josef Koudelka : Next - Librairie 7L","isPartOf":{"@id":"https:\/\/librairie7l.com\/en\/#website"},"datePublished":"2024-11-07T08:17:42+00:00","dateModified":"2026-04-08T13:28:19+00:00","breadcrumb":{"@id":"https:\/\/librairie7l.com\/en\/produit\/josef-koudelka-next-2\/#breadcrumb"},"inLanguage":"en-US","potentialAction":[{"@type":"ReadAction","target":["https:\/\/librairie7l.com\/en\/produit\/josef-koudelka-next-2\/"]}]},{"@type":"BreadcrumbList","@id":"https:\/\/librairie7l.com\/en\/produit\/josef-koudelka-next-2\/#breadcrumb","itemListElement":[{"@type":"ListItem","position":1,"name":"Accueil","item":"https:\/\/librairie7l.com\/en\/"},{"@type":"ListItem","position":2,"name":"Shop","item":"https:\/\/librairie7l.com\/en\/shop\/"},{"@type":"ListItem","position":3,"name":"JOSEF KOUDELKA : NEXT"}]},{"@type":"WebSite","@id":"https:\/\/librairie7l.com\/en\/#website","url":"https:\/\/librairie7l.com\/en\/","name":"Librairie 7L","description":"Librairie fond\u00e9e en 1999 par Karl Lagerfeld \u00e0 Paris","publisher":{"@id":"https:\/\/librairie7l.com\/en\/#organization"},"potentialAction":[{"@type":"SearchAction","target":{"@type":"EntryPoint","urlTemplate":"https:\/\/librairie7l.com\/en\/?s={search_term_string}"},"query-input":"required name=search_term_string"}],"inLanguage":"en-US"},{"@type":"Organization","@id":"https:\/\/librairie7l.com\/en\/#organization","name":"Librairie 7L","url":"https:\/\/librairie7l.com\/en\/","logo":{"@type":"ImageObject","inLanguage":"en-US","@id":"https:\/\/librairie7l.com\/en\/#\/schema\/logo\/image\/","url":"https:\/\/librairie7l.com\/wp-content\/uploads\/2022\/08\/logo-1.png","contentUrl":"https:\/\/librairie7l.com\/wp-content\/uploads\/2022\/08\/logo-1.png","width":227,"height":301,"caption":"Librairie 7L"},"image":{"@id":"https:\/\/librairie7l.com\/en\/#\/schema\/logo\/image\/"}}]}},"_links":{"self":[{"href":"https:\/\/librairie7l.com\/en\/wp-json\/wp\/v2\/product\/44041"}],"collection":[{"href":"https:\/\/librairie7l.com\/en\/wp-json\/wp\/v2\/product"}],"about":[{"href":"https:\/\/librairie7l.com\/en\/wp-json\/wp\/v2\/types\/product"}],"wp:featuredmedia":[{"embeddable":true,"href":"https:\/\/librairie7l.com\/en\/wp-json\/wp\/v2\/media\/44039"}],"wp:attachment":[{"href":"https:\/\/librairie7l.com\/en\/wp-json\/wp\/v2\/media?parent=44041"}],"wp:term":[{"taxonomy":"product_cat","embeddable":true,"href":"https:\/\/librairie7l.com\/en\/wp-json\/wp\/v2\/product_cat?post=44041"},{"taxonomy":"product_tag","embeddable":true,"href":"https:\/\/librairie7l.com\/en\/wp-json\/wp\/v2\/product_tag?post=44041"}],"curies":[{"name":"wp","href":"https:\/\/api.w.org\/{rel}","templated":true}]}}