{"id":44045,"date":"2024-11-07T09:17:45","date_gmt":"2024-11-07T08:17:45","guid":{"rendered":"https:\/\/librairie7l.com\/?post_type=product&#038;p=44045"},"modified":"2026-04-16T15:50:14","modified_gmt":"2026-04-16T13:50:14","slug":"interieurs-italiens-2","status":"publish","type":"product","link":"https:\/\/librairie7l.com\/en\/produit\/interieurs-italiens-2\/","title":{"rendered":"INT\u00c9RIEURS ITALIENS"},"content":{"rendered":"<p>Toute la beaut\u00e9, la singularit\u00e9 et le charme des int\u00e9rieurs italiens r\u00e9unis dans un ouvrage<\/p>\n<p>Avec son design et son esth\u00e9tique reconnais- sables, l&#8217;Italie n&#8217;a de cesse de nous faire r\u00eaver. Ce livre pr\u00e9sente 50 des plus beaux int\u00e9rieurs italiens, certains sign\u00e9s par des architectes et des designers c\u00e9l\u00e8bres tels que Giorgio Armani, Carlo Scarpa ou encore Luca Guadagnino. Des palais historiques de Venise aux appartements milanais des ann\u00e9es 1950 en passant par les villas ensoleill\u00e9es de Sicile, cet ouvrage invite le lecteur \u00e0 d\u00e9couvrir quelques-uns des espaces priv\u00e9s les plus \u00e9vocateurs d&#8217;Italie.<\/p>\n","protected":false},"excerpt":{"rendered":"<p>Toute la beaut\u00e9, la singularit\u00e9 et le charme des int\u00e9rieurs italiens r\u00e9unis dans un ouvrage Avec son design et son esth\u00e9tique reconnais- sables, l&#8217;Italie n&#8217;a de cesse de nous faire r\u00eaver. Ce livre pr\u00e9sente 50 des plus beaux int\u00e9rieurs italiens, certains sign\u00e9s par des architectes et des designers c\u00e9l\u00e8bres tels que Giorgio Armani, Carlo Scarpa [&hellip;]<\/p>\n","protected":false},"featured_media":44043,"template":"","meta":[],"product_cat":[2948],"product_tag":[],"acf":[],"yoast_head":"<!-- This site is optimized with the Yoast SEO plugin v20.11 - https:\/\/yoast.com\/wordpress\/plugins\/seo\/ -->\n<title>Int\u00e9rieurs italiens - Librairie 7L<\/title>\n<meta name=\"robots\" content=\"index, follow, max-snippet:-1, max-image-preview:large, max-video-preview:-1\" \/>\n<link rel=\"canonical\" href=\"https:\/\/librairie7l.com\/en\/produit\/interieurs-italiens-2\/\" \/>\n<meta property=\"og:locale\" content=\"en_US\" \/>\n<meta property=\"og:type\" content=\"article\" \/>\n<meta property=\"og:title\" content=\"Int\u00e9rieurs italiens - Librairie 7L\" \/>\n<meta property=\"og:description\" content=\"Toute la beaut\u00e9, la singularit\u00e9 et le charme des int\u00e9rieurs italiens r\u00e9unis dans un ouvrage Avec son design et son esth\u00e9tique reconnais- sables, l&#8217;Italie n&#8217;a de cesse de nous faire r\u00eaver. Ce livre pr\u00e9sente 50 des plus beaux int\u00e9rieurs italiens, certains sign\u00e9s par des architectes et des designers c\u00e9l\u00e8bres tels que Giorgio Armani, Carlo Scarpa [&hellip;]\" \/>\n<meta property=\"og:url\" content=\"https:\/\/librairie7l.com\/en\/produit\/interieurs-italiens-2\/\" \/>\n<meta property=\"og:site_name\" content=\"Librairie 7L\" \/>\n<meta property=\"article:modified_time\" content=\"2026-04-16T13:50:14+00:00\" \/>\n<meta property=\"og:image\" content=\"https:\/\/librairie7l.com\/wp-content\/uploads\/2024\/06\/9781838668952_1_75.jpg\" \/>\n\t<meta property=\"og:image:width\" content=\"600\" \/>\n\t<meta property=\"og:image:height\" content=\"800\" \/>\n\t<meta property=\"og:image:type\" content=\"image\/jpeg\" \/>\n<meta name=\"twitter:card\" content=\"summary_large_image\" \/>\n<meta name=\"twitter:label1\" content=\"Est. reading time\" \/>\n\t<meta name=\"twitter:data1\" content=\"1 minute\" \/>\n<script type=\"application\/ld+json\" class=\"yoast-schema-graph\">{\"@context\":\"https:\/\/schema.org\",\"@graph\":[{\"@type\":\"WebPage\",\"@id\":\"https:\/\/librairie7l.com\/en\/produit\/interieurs-italiens-2\/\",\"url\":\"https:\/\/librairie7l.com\/en\/produit\/interieurs-italiens-2\/\",\"name\":\"Int\u00e9rieurs italiens - Librairie 7L\",\"isPartOf\":{\"@id\":\"https:\/\/librairie7l.com\/en\/#website\"},\"datePublished\":\"2024-11-07T08:17:45+00:00\",\"dateModified\":\"2026-04-16T13:50:14+00:00\",\"breadcrumb\":{\"@id\":\"https:\/\/librairie7l.com\/en\/produit\/interieurs-italiens-2\/#breadcrumb\"},\"inLanguage\":\"en-US\",\"potentialAction\":[{\"@type\":\"ReadAction\",\"target\":[\"https:\/\/librairie7l.com\/en\/produit\/interieurs-italiens-2\/\"]}]},{\"@type\":\"BreadcrumbList\",\"@id\":\"https:\/\/librairie7l.com\/en\/produit\/interieurs-italiens-2\/#breadcrumb\",\"itemListElement\":[{\"@type\":\"ListItem\",\"position\":1,\"name\":\"Accueil\",\"item\":\"https:\/\/librairie7l.com\/en\/\"},{\"@type\":\"ListItem\",\"position\":2,\"name\":\"Shop\",\"item\":\"https:\/\/librairie7l.com\/en\/shop\/\"},{\"@type\":\"ListItem\",\"position\":3,\"name\":\"INT\u00c9RIEURS ITALIENS\"}]},{\"@type\":\"WebSite\",\"@id\":\"https:\/\/librairie7l.com\/en\/#website\",\"url\":\"https:\/\/librairie7l.com\/en\/\",\"name\":\"Librairie 7L\",\"description\":\"Librairie fond\u00e9e en 1999 par Karl Lagerfeld \u00e0 Paris\",\"publisher\":{\"@id\":\"https:\/\/librairie7l.com\/en\/#organization\"},\"potentialAction\":[{\"@type\":\"SearchAction\",\"target\":{\"@type\":\"EntryPoint\",\"urlTemplate\":\"https:\/\/librairie7l.com\/en\/?s={search_term_string}\"},\"query-input\":\"required name=search_term_string\"}],\"inLanguage\":\"en-US\"},{\"@type\":\"Organization\",\"@id\":\"https:\/\/librairie7l.com\/en\/#organization\",\"name\":\"Librairie 7L\",\"url\":\"https:\/\/librairie7l.com\/en\/\",\"logo\":{\"@type\":\"ImageObject\",\"inLanguage\":\"en-US\",\"@id\":\"https:\/\/librairie7l.com\/en\/#\/schema\/logo\/image\/\",\"url\":\"https:\/\/librairie7l.com\/wp-content\/uploads\/2022\/08\/logo-1.png\",\"contentUrl\":\"https:\/\/librairie7l.com\/wp-content\/uploads\/2022\/08\/logo-1.png\",\"width\":227,\"height\":301,\"caption\":\"Librairie 7L\"},\"image\":{\"@id\":\"https:\/\/librairie7l.com\/en\/#\/schema\/logo\/image\/\"}}]}<\/script>\n<!-- \/ Yoast SEO plugin. -->","yoast_head_json":{"title":"Int\u00e9rieurs italiens - Librairie 7L","robots":{"index":"index","follow":"follow","max-snippet":"max-snippet:-1","max-image-preview":"max-image-preview:large","max-video-preview":"max-video-preview:-1"},"canonical":"https:\/\/librairie7l.com\/en\/produit\/interieurs-italiens-2\/","og_locale":"en_US","og_type":"article","og_title":"Int\u00e9rieurs italiens - Librairie 7L","og_description":"Toute la beaut\u00e9, la singularit\u00e9 et le charme des int\u00e9rieurs italiens r\u00e9unis dans un ouvrage Avec son design et son esth\u00e9tique reconnais- sables, l&#8217;Italie n&#8217;a de cesse de nous faire r\u00eaver. Ce livre pr\u00e9sente 50 des plus beaux int\u00e9rieurs italiens, certains sign\u00e9s par des architectes et des designers c\u00e9l\u00e8bres tels que Giorgio Armani, Carlo Scarpa [&hellip;]","og_url":"https:\/\/librairie7l.com\/en\/produit\/interieurs-italiens-2\/","og_site_name":"Librairie 7L","article_modified_time":"2026-04-16T13:50:14+00:00","og_image":[{"width":600,"height":800,"url":"https:\/\/librairie7l.com\/wp-content\/uploads\/2024\/06\/9781838668952_1_75.jpg","type":"image\/jpeg"}],"twitter_card":"summary_large_image","twitter_misc":{"Est. reading time":"1 minute"},"schema":{"@context":"https:\/\/schema.org","@graph":[{"@type":"WebPage","@id":"https:\/\/librairie7l.com\/en\/produit\/interieurs-italiens-2\/","url":"https:\/\/librairie7l.com\/en\/produit\/interieurs-italiens-2\/","name":"Int\u00e9rieurs italiens - Librairie 7L","isPartOf":{"@id":"https:\/\/librairie7l.com\/en\/#website"},"datePublished":"2024-11-07T08:17:45+00:00","dateModified":"2026-04-16T13:50:14+00:00","breadcrumb":{"@id":"https:\/\/librairie7l.com\/en\/produit\/interieurs-italiens-2\/#breadcrumb"},"inLanguage":"en-US","potentialAction":[{"@type":"ReadAction","target":["https:\/\/librairie7l.com\/en\/produit\/interieurs-italiens-2\/"]}]},{"@type":"BreadcrumbList","@id":"https:\/\/librairie7l.com\/en\/produit\/interieurs-italiens-2\/#breadcrumb","itemListElement":[{"@type":"ListItem","position":1,"name":"Accueil","item":"https:\/\/librairie7l.com\/en\/"},{"@type":"ListItem","position":2,"name":"Shop","item":"https:\/\/librairie7l.com\/en\/shop\/"},{"@type":"ListItem","position":3,"name":"INT\u00c9RIEURS ITALIENS"}]},{"@type":"WebSite","@id":"https:\/\/librairie7l.com\/en\/#website","url":"https:\/\/librairie7l.com\/en\/","name":"Librairie 7L","description":"Librairie fond\u00e9e en 1999 par Karl Lagerfeld \u00e0 Paris","publisher":{"@id":"https:\/\/librairie7l.com\/en\/#organization"},"potentialAction":[{"@type":"SearchAction","target":{"@type":"EntryPoint","urlTemplate":"https:\/\/librairie7l.com\/en\/?s={search_term_string}"},"query-input":"required name=search_term_string"}],"inLanguage":"en-US"},{"@type":"Organization","@id":"https:\/\/librairie7l.com\/en\/#organization","name":"Librairie 7L","url":"https:\/\/librairie7l.com\/en\/","logo":{"@type":"ImageObject","inLanguage":"en-US","@id":"https:\/\/librairie7l.com\/en\/#\/schema\/logo\/image\/","url":"https:\/\/librairie7l.com\/wp-content\/uploads\/2022\/08\/logo-1.png","contentUrl":"https:\/\/librairie7l.com\/wp-content\/uploads\/2022\/08\/logo-1.png","width":227,"height":301,"caption":"Librairie 7L"},"image":{"@id":"https:\/\/librairie7l.com\/en\/#\/schema\/logo\/image\/"}}]}},"_links":{"self":[{"href":"https:\/\/librairie7l.com\/en\/wp-json\/wp\/v2\/product\/44045"}],"collection":[{"href":"https:\/\/librairie7l.com\/en\/wp-json\/wp\/v2\/product"}],"about":[{"href":"https:\/\/librairie7l.com\/en\/wp-json\/wp\/v2\/types\/product"}],"wp:featuredmedia":[{"embeddable":true,"href":"https:\/\/librairie7l.com\/en\/wp-json\/wp\/v2\/media\/44043"}],"wp:attachment":[{"href":"https:\/\/librairie7l.com\/en\/wp-json\/wp\/v2\/media?parent=44045"}],"wp:term":[{"taxonomy":"product_cat","embeddable":true,"href":"https:\/\/librairie7l.com\/en\/wp-json\/wp\/v2\/product_cat?post=44045"},{"taxonomy":"product_tag","embeddable":true,"href":"https:\/\/librairie7l.com\/en\/wp-json\/wp\/v2\/product_tag?post=44045"}],"curies":[{"name":"wp","href":"https:\/\/api.w.org\/{rel}","templated":true}]}}