{"id":44049,"date":"2024-11-07T09:17:47","date_gmt":"2024-11-07T08:17:47","guid":{"rendered":"https:\/\/librairie7l.com\/?post_type=product&#038;p=44049"},"modified":"2026-05-02T19:06:46","modified_gmt":"2026-05-02T17:06:46","slug":"pierre-huyghe-liminal-2","status":"publish","type":"product","link":"https:\/\/librairie7l.com\/en\/produit\/pierre-huyghe-liminal-2\/","title":{"rendered":"PIERRE HUYGHE. LIMINAL"},"content":{"rendered":"<p>\u00c0 l&#8217;occasion de la grande exposition de Pierre Huyghe qui ouvrira au printemps 2024 \u00e0 Punta della Dogana (Venise), les \u00c9ditions Dilecta, associ\u00e9es \u00e0 Marsilio et \u00e0 Pinault Collection, publient une ample monographie retra\u00e7ant toute la carri\u00e8re de l&#8217;artiste, des ann\u00e9es 1990 \u00e0 nos jours. N\u00e9 \u00e0 Paris en 1962, Pierre Huyghe \u00e9tudie \u00e0 l&#8217;\u00e9cole nationale sup\u00e9rieure des Arts d\u00e9coratifs de 1982 \u00e0 1985. Son travail a \u00e9t\u00e9 expos\u00e9 dans de nombreux mus\u00e9es et \u00e0 l&#8217;occasion d&#8217;\u00e9v\u00e9nements internationaux comme la Biennale de Venise et la documenta de Cassel. L&#8217;artiste semble avoir fait sienne la phrase du philosophe Michel de Certeau selon lequelle \u00ab la fiction est un moyen de saisir le r\u00e9el \u00bb. Depuis le d\u00e9but des ann\u00e9es 1990, il r\u00e9invente les moyens de cr\u00e9ation et interroge les liens multiples entre oeuvre, spectateur et r\u00e9alit\u00e9. Par-del\u00e0 leur grand \u00e9clectisme formel (vid\u00e9os, performances, objets ou photographies), ses oeuvres partagent de m\u00eames questionnements. La relation au temps et \u00e0 la m\u00e9moire collective sont parfois explor\u00e9es au travers d&#8217;expositions, v\u00e9ritables modes d&#8217;expression, qui d\u00e9voilent les dessous de la cr\u00e9ation. Les oeuvres de l&#8217;artiste sont con\u00e7ues comme des \u00ab initiateurs d&#8217;\u00e9v\u00e9nements \u00bb : \u00ab Il s&#8217;agit d&#8217;exposer quelqu&#8217;un \u00e0 quelque chose, plut\u00f4t que quelque chose \u00e0 quelqu&#8217;un. \u00bb Figure majeure de l&#8217;interrogation des rapports au non humain dans l&#8217;art, Pierre Huyghe adopte, d\u00e8s ses premi\u00e8res oeuvres, une autre perspective que celle de l&#8217;humain pour laisser appara\u00eetre quelque chose hors de notre compr\u00e9hension, hors de notre possibilit\u00e9 d&#8217;en faire l&#8217;exp\u00e9rience. Pierre Huyghe remet en question notre perception de la r\u00e9alit\u00e9 et propose, par la construction d&#8217;autres possibles, d&#8217;\u00eatre comme \u00e9trangers \u00e0 nous-m\u00eames. Pour Pierre Huyghe, le rituel de l&#8217;exposition est une rencontre avec un milieu sensible o\u00f9 s&#8217;op\u00e8rent de nouvelles possibilit\u00e9s d&#8217;interd\u00e9pendance entre les \u00e9v\u00e9nements et les \u00e9l\u00e9ments qui s&#8217;y d\u00e9ploient. Ses oeuvres sont con\u00e7ues comme des fictions sp\u00e9culatives et se pr\u00e9sentent souvent comme une continuit\u00e9 entre plusieurs formes d&#8217;intelligences qui apprennent, se modifient et \u00e9voluent au cours de l&#8217;exposition. \u00c0 Punta della Dogana (Venise), l&#8217;artiste r\u00e9alise sa plus grande exposition \u00e0 ce jour : il transforme le lieu en un environnement dynamique, un \u00e9tat transitoire dans lequel le temps et l&#8217;espace, comme tout ce qui y p\u00e9n\u00e8tre, visible ou invisible, font partie int\u00e9grante de la constitution des oeuvres. L&#8217;exposition est le lieu de formation de subjectivit\u00e9s, qu&#8217;elles soient sans corps ou incarn\u00e9es ; elles circulent et se manifestent de fa\u00e7on impr\u00e9dictible \u00e0 travers les oeuvres, qui sont autant de relais sensibles. Un langage inconnu &#8211; sans fin et sans destinataire, habitant des voix, des gestes, des images &#8211; s&#8217;y invente et g\u00e9n\u00e8re de nouvelles situations, r\u00e9elles ou fictionnelles. Peupl\u00e9e d&#8217;entit\u00e9s inhumaines, humaines et non humaines, affect\u00e9e par des ph\u00e9nom\u00e8nes naturels ou artificiels, l&#8217;exposition explore, en temps r\u00e9el, les conditions pour que diff\u00e9rentes entit\u00e9s coexistent, parfois m\u00eame s&#8217;hybrident, sans distinction hi\u00e9rarchique ni d\u00e9termination sp\u00e9cifique.<\/p>\n","protected":false},"excerpt":{"rendered":"<p>\u00c0 l&#8217;occasion de la grande exposition de Pierre Huyghe qui ouvrira au printemps 2024 \u00e0 Punta della Dogana (Venise), les \u00c9ditions Dilecta, associ\u00e9es \u00e0 Marsilio et \u00e0 Pinault Collection, publient une ample monographie retra\u00e7ant toute la carri\u00e8re de l&#8217;artiste, des ann\u00e9es 1990 \u00e0 nos jours. N\u00e9 \u00e0 Paris en 1962, Pierre Huyghe \u00e9tudie \u00e0 l&#8217;\u00e9cole [&hellip;]<\/p>\n","protected":false},"featured_media":44047,"template":"","meta":[],"product_cat":[2948],"product_tag":[],"acf":[],"yoast_head":"<!-- This site is optimized with the Yoast SEO plugin v20.11 - https:\/\/yoast.com\/wordpress\/plugins\/seo\/ -->\n<title>Pierre Huyghe. liminal - Librairie 7L<\/title>\n<meta name=\"robots\" content=\"index, follow, max-snippet:-1, max-image-preview:large, max-video-preview:-1\" \/>\n<link rel=\"canonical\" href=\"https:\/\/librairie7l.com\/en\/produit\/pierre-huyghe-liminal-2\/\" \/>\n<meta property=\"og:locale\" content=\"en_US\" \/>\n<meta property=\"og:type\" content=\"article\" \/>\n<meta property=\"og:title\" content=\"Pierre Huyghe. liminal - Librairie 7L\" \/>\n<meta property=\"og:description\" content=\"\u00c0 l&#8217;occasion de la grande exposition de Pierre Huyghe qui ouvrira au printemps 2024 \u00e0 Punta della Dogana (Venise), les \u00c9ditions Dilecta, associ\u00e9es \u00e0 Marsilio et \u00e0 Pinault Collection, publient une ample monographie retra\u00e7ant toute la carri\u00e8re de l&#8217;artiste, des ann\u00e9es 1990 \u00e0 nos jours. N\u00e9 \u00e0 Paris en 1962, Pierre Huyghe \u00e9tudie \u00e0 l&#8217;\u00e9cole [&hellip;]\" \/>\n<meta property=\"og:url\" content=\"https:\/\/librairie7l.com\/en\/produit\/pierre-huyghe-liminal-2\/\" \/>\n<meta property=\"og:site_name\" content=\"Librairie 7L\" \/>\n<meta property=\"article:modified_time\" content=\"2026-05-02T17:06:46+00:00\" \/>\n<meta property=\"og:image\" content=\"https:\/\/librairie7l.com\/wp-content\/uploads\/2024\/02\/9782373722055_1_75.jpg\" \/>\n\t<meta property=\"og:image:width\" content=\"839\" \/>\n\t<meta property=\"og:image:height\" content=\"600\" \/>\n\t<meta property=\"og:image:type\" content=\"image\/jpeg\" \/>\n<meta name=\"twitter:card\" content=\"summary_large_image\" \/>\n<meta name=\"twitter:label1\" content=\"Est. reading time\" \/>\n\t<meta name=\"twitter:data1\" content=\"3 minutes\" \/>\n<script type=\"application\/ld+json\" class=\"yoast-schema-graph\">{\"@context\":\"https:\/\/schema.org\",\"@graph\":[{\"@type\":\"WebPage\",\"@id\":\"https:\/\/librairie7l.com\/en\/produit\/pierre-huyghe-liminal-2\/\",\"url\":\"https:\/\/librairie7l.com\/en\/produit\/pierre-huyghe-liminal-2\/\",\"name\":\"Pierre Huyghe. liminal - Librairie 7L\",\"isPartOf\":{\"@id\":\"https:\/\/librairie7l.com\/en\/#website\"},\"datePublished\":\"2024-11-07T08:17:47+00:00\",\"dateModified\":\"2026-05-02T17:06:46+00:00\",\"breadcrumb\":{\"@id\":\"https:\/\/librairie7l.com\/en\/produit\/pierre-huyghe-liminal-2\/#breadcrumb\"},\"inLanguage\":\"en-US\",\"potentialAction\":[{\"@type\":\"ReadAction\",\"target\":[\"https:\/\/librairie7l.com\/en\/produit\/pierre-huyghe-liminal-2\/\"]}]},{\"@type\":\"BreadcrumbList\",\"@id\":\"https:\/\/librairie7l.com\/en\/produit\/pierre-huyghe-liminal-2\/#breadcrumb\",\"itemListElement\":[{\"@type\":\"ListItem\",\"position\":1,\"name\":\"Accueil\",\"item\":\"https:\/\/librairie7l.com\/en\/\"},{\"@type\":\"ListItem\",\"position\":2,\"name\":\"Shop\",\"item\":\"https:\/\/librairie7l.com\/en\/shop\/\"},{\"@type\":\"ListItem\",\"position\":3,\"name\":\"PIERRE HUYGHE. LIMINAL\"}]},{\"@type\":\"WebSite\",\"@id\":\"https:\/\/librairie7l.com\/en\/#website\",\"url\":\"https:\/\/librairie7l.com\/en\/\",\"name\":\"Librairie 7L\",\"description\":\"Librairie fond\u00e9e en 1999 par Karl Lagerfeld \u00e0 Paris\",\"publisher\":{\"@id\":\"https:\/\/librairie7l.com\/en\/#organization\"},\"potentialAction\":[{\"@type\":\"SearchAction\",\"target\":{\"@type\":\"EntryPoint\",\"urlTemplate\":\"https:\/\/librairie7l.com\/en\/?s={search_term_string}\"},\"query-input\":\"required name=search_term_string\"}],\"inLanguage\":\"en-US\"},{\"@type\":\"Organization\",\"@id\":\"https:\/\/librairie7l.com\/en\/#organization\",\"name\":\"Librairie 7L\",\"url\":\"https:\/\/librairie7l.com\/en\/\",\"logo\":{\"@type\":\"ImageObject\",\"inLanguage\":\"en-US\",\"@id\":\"https:\/\/librairie7l.com\/en\/#\/schema\/logo\/image\/\",\"url\":\"https:\/\/librairie7l.com\/wp-content\/uploads\/2022\/08\/logo-1.png\",\"contentUrl\":\"https:\/\/librairie7l.com\/wp-content\/uploads\/2022\/08\/logo-1.png\",\"width\":227,\"height\":301,\"caption\":\"Librairie 7L\"},\"image\":{\"@id\":\"https:\/\/librairie7l.com\/en\/#\/schema\/logo\/image\/\"}}]}<\/script>\n<!-- \/ Yoast SEO plugin. -->","yoast_head_json":{"title":"Pierre Huyghe. liminal - Librairie 7L","robots":{"index":"index","follow":"follow","max-snippet":"max-snippet:-1","max-image-preview":"max-image-preview:large","max-video-preview":"max-video-preview:-1"},"canonical":"https:\/\/librairie7l.com\/en\/produit\/pierre-huyghe-liminal-2\/","og_locale":"en_US","og_type":"article","og_title":"Pierre Huyghe. liminal - Librairie 7L","og_description":"\u00c0 l&#8217;occasion de la grande exposition de Pierre Huyghe qui ouvrira au printemps 2024 \u00e0 Punta della Dogana (Venise), les \u00c9ditions Dilecta, associ\u00e9es \u00e0 Marsilio et \u00e0 Pinault Collection, publient une ample monographie retra\u00e7ant toute la carri\u00e8re de l&#8217;artiste, des ann\u00e9es 1990 \u00e0 nos jours. N\u00e9 \u00e0 Paris en 1962, Pierre Huyghe \u00e9tudie \u00e0 l&#8217;\u00e9cole [&hellip;]","og_url":"https:\/\/librairie7l.com\/en\/produit\/pierre-huyghe-liminal-2\/","og_site_name":"Librairie 7L","article_modified_time":"2026-05-02T17:06:46+00:00","og_image":[{"width":839,"height":600,"url":"https:\/\/librairie7l.com\/wp-content\/uploads\/2024\/02\/9782373722055_1_75.jpg","type":"image\/jpeg"}],"twitter_card":"summary_large_image","twitter_misc":{"Est. reading time":"3 minutes"},"schema":{"@context":"https:\/\/schema.org","@graph":[{"@type":"WebPage","@id":"https:\/\/librairie7l.com\/en\/produit\/pierre-huyghe-liminal-2\/","url":"https:\/\/librairie7l.com\/en\/produit\/pierre-huyghe-liminal-2\/","name":"Pierre Huyghe. liminal - Librairie 7L","isPartOf":{"@id":"https:\/\/librairie7l.com\/en\/#website"},"datePublished":"2024-11-07T08:17:47+00:00","dateModified":"2026-05-02T17:06:46+00:00","breadcrumb":{"@id":"https:\/\/librairie7l.com\/en\/produit\/pierre-huyghe-liminal-2\/#breadcrumb"},"inLanguage":"en-US","potentialAction":[{"@type":"ReadAction","target":["https:\/\/librairie7l.com\/en\/produit\/pierre-huyghe-liminal-2\/"]}]},{"@type":"BreadcrumbList","@id":"https:\/\/librairie7l.com\/en\/produit\/pierre-huyghe-liminal-2\/#breadcrumb","itemListElement":[{"@type":"ListItem","position":1,"name":"Accueil","item":"https:\/\/librairie7l.com\/en\/"},{"@type":"ListItem","position":2,"name":"Shop","item":"https:\/\/librairie7l.com\/en\/shop\/"},{"@type":"ListItem","position":3,"name":"PIERRE HUYGHE. LIMINAL"}]},{"@type":"WebSite","@id":"https:\/\/librairie7l.com\/en\/#website","url":"https:\/\/librairie7l.com\/en\/","name":"Librairie 7L","description":"Librairie fond\u00e9e en 1999 par Karl Lagerfeld \u00e0 Paris","publisher":{"@id":"https:\/\/librairie7l.com\/en\/#organization"},"potentialAction":[{"@type":"SearchAction","target":{"@type":"EntryPoint","urlTemplate":"https:\/\/librairie7l.com\/en\/?s={search_term_string}"},"query-input":"required name=search_term_string"}],"inLanguage":"en-US"},{"@type":"Organization","@id":"https:\/\/librairie7l.com\/en\/#organization","name":"Librairie 7L","url":"https:\/\/librairie7l.com\/en\/","logo":{"@type":"ImageObject","inLanguage":"en-US","@id":"https:\/\/librairie7l.com\/en\/#\/schema\/logo\/image\/","url":"https:\/\/librairie7l.com\/wp-content\/uploads\/2022\/08\/logo-1.png","contentUrl":"https:\/\/librairie7l.com\/wp-content\/uploads\/2022\/08\/logo-1.png","width":227,"height":301,"caption":"Librairie 7L"},"image":{"@id":"https:\/\/librairie7l.com\/en\/#\/schema\/logo\/image\/"}}]}},"_links":{"self":[{"href":"https:\/\/librairie7l.com\/en\/wp-json\/wp\/v2\/product\/44049"}],"collection":[{"href":"https:\/\/librairie7l.com\/en\/wp-json\/wp\/v2\/product"}],"about":[{"href":"https:\/\/librairie7l.com\/en\/wp-json\/wp\/v2\/types\/product"}],"wp:featuredmedia":[{"embeddable":true,"href":"https:\/\/librairie7l.com\/en\/wp-json\/wp\/v2\/media\/44047"}],"wp:attachment":[{"href":"https:\/\/librairie7l.com\/en\/wp-json\/wp\/v2\/media?parent=44049"}],"wp:term":[{"taxonomy":"product_cat","embeddable":true,"href":"https:\/\/librairie7l.com\/en\/wp-json\/wp\/v2\/product_cat?post=44049"},{"taxonomy":"product_tag","embeddable":true,"href":"https:\/\/librairie7l.com\/en\/wp-json\/wp\/v2\/product_tag?post=44049"}],"curies":[{"name":"wp","href":"https:\/\/api.w.org\/{rel}","templated":true}]}}