{"id":44058,"date":"2024-11-07T16:22:14","date_gmt":"2024-11-07T15:22:14","guid":{"rendered":"https:\/\/librairie7l.com\/?post_type=product&#038;p=44058"},"modified":"2026-04-29T06:17:34","modified_gmt":"2026-04-29T04:17:34","slug":"propos-sur-la-peinture-2","status":"publish","type":"product","link":"https:\/\/librairie7l.com\/en\/produit\/propos-sur-la-peinture-2\/","title":{"rendered":"PROPOS SUR LA PEINTURE"},"content":{"rendered":"<p>Paul C\u00e9zanne aimait passer pour un simple, un rustique, un bougon. En r\u00e9alit\u00e9, peu de peintres ont r\u00e9fl\u00e9chi autant que lui \u00e0 leur art, et avec une originalit\u00e9 intellectuelle incomparable. Nous en conservons un t\u00e9moignage unique gr\u00e2ce aux conversations qu&#8217;il a eues avec un autre Aixois, Joachim Gasquet (de qui il a peint le portrait, aujourd&#8217;hui au mus\u00e9e national de Prague), publi\u00e9es par celui-ci en 1921, en annexe de son essai C\u00e9zanne, dont la derni\u00e8re \u00e9dition, \u00e9puis\u00e9e, date de 1983.<br \/>\nVoici, pour la premi\u00e8re fois publi\u00e9es s\u00e9par\u00e9ment, ces entretiens dont l&#8217;importance est cruciale pour la compr\u00e9hension de l&#8217;oeuvre de C\u00e9zanne en particulier et de la peinture en g\u00e9n\u00e9ral ; Gilles Deleuze les cite fr\u00e9quemment dans son cours de peinture r\u00e9cemment publi\u00e9. Mises en sc\u00e8nes, vivantes, elles d\u00e9bordent d&#8217;observations incomparables. \u00ab  La nature, je voulais la copier, je n&#8217;arrivais pas. Il fallait repr\u00e9senter par autre chose&#8230; par la couleur.  \u00bb<br \/>\nLes propos g\u00e9niaux d&#8217;un grand peintre qui conclut : \u00ab  Je veux mourir en peignant.  \u00bb<\/p>\n","protected":false},"excerpt":{"rendered":"<p>Paul C\u00e9zanne aimait passer pour un simple, un rustique, un bougon. En r\u00e9alit\u00e9, peu de peintres ont r\u00e9fl\u00e9chi autant que lui \u00e0 leur art, et avec une originalit\u00e9 intellectuelle incomparable. Nous en conservons un t\u00e9moignage unique gr\u00e2ce aux conversations qu&#8217;il a eues avec un autre Aixois, Joachim Gasquet (de qui il a peint le portrait, [&hellip;]<\/p>\n","protected":false},"featured_media":44056,"template":"","meta":[],"product_cat":[7364,2948],"product_tag":[],"acf":[],"yoast_head":"<!-- This site is optimized with the Yoast SEO plugin v20.11 - https:\/\/yoast.com\/wordpress\/plugins\/seo\/ -->\n<title>Propos sur la peinture - Librairie 7L<\/title>\n<meta name=\"robots\" content=\"index, follow, max-snippet:-1, max-image-preview:large, max-video-preview:-1\" \/>\n<link rel=\"canonical\" href=\"https:\/\/librairie7l.com\/en\/produit\/propos-sur-la-peinture-2\/\" \/>\n<meta property=\"og:locale\" content=\"en_US\" \/>\n<meta property=\"og:type\" content=\"article\" \/>\n<meta property=\"og:title\" content=\"Propos sur la peinture - Librairie 7L\" \/>\n<meta property=\"og:description\" content=\"Paul C\u00e9zanne aimait passer pour un simple, un rustique, un bougon. En r\u00e9alit\u00e9, peu de peintres ont r\u00e9fl\u00e9chi autant que lui \u00e0 leur art, et avec une originalit\u00e9 intellectuelle incomparable. Nous en conservons un t\u00e9moignage unique gr\u00e2ce aux conversations qu&#8217;il a eues avec un autre Aixois, Joachim Gasquet (de qui il a peint le portrait, [&hellip;]\" \/>\n<meta property=\"og:url\" content=\"https:\/\/librairie7l.com\/en\/produit\/propos-sur-la-peinture-2\/\" \/>\n<meta property=\"og:site_name\" content=\"Librairie 7L\" \/>\n<meta property=\"article:modified_time\" content=\"2026-04-29T04:17:34+00:00\" \/>\n<meta property=\"og:image\" content=\"https:\/\/librairie7l.com\/wp-content\/uploads\/2024\/03\/9782246838647_1_75.jpg\" \/>\n\t<meta property=\"og:image:width\" content=\"600\" \/>\n\t<meta property=\"og:image:height\" content=\"931\" \/>\n\t<meta property=\"og:image:type\" content=\"image\/jpeg\" \/>\n<meta name=\"twitter:card\" content=\"summary_large_image\" \/>\n<meta name=\"twitter:label1\" content=\"Est. reading time\" \/>\n\t<meta name=\"twitter:data1\" content=\"1 minute\" \/>\n<script type=\"application\/ld+json\" class=\"yoast-schema-graph\">{\"@context\":\"https:\/\/schema.org\",\"@graph\":[{\"@type\":\"WebPage\",\"@id\":\"https:\/\/librairie7l.com\/en\/produit\/propos-sur-la-peinture-2\/\",\"url\":\"https:\/\/librairie7l.com\/en\/produit\/propos-sur-la-peinture-2\/\",\"name\":\"Propos sur la peinture - Librairie 7L\",\"isPartOf\":{\"@id\":\"https:\/\/librairie7l.com\/en\/#website\"},\"datePublished\":\"2024-11-07T15:22:14+00:00\",\"dateModified\":\"2026-04-29T04:17:34+00:00\",\"breadcrumb\":{\"@id\":\"https:\/\/librairie7l.com\/en\/produit\/propos-sur-la-peinture-2\/#breadcrumb\"},\"inLanguage\":\"en-US\",\"potentialAction\":[{\"@type\":\"ReadAction\",\"target\":[\"https:\/\/librairie7l.com\/en\/produit\/propos-sur-la-peinture-2\/\"]}]},{\"@type\":\"BreadcrumbList\",\"@id\":\"https:\/\/librairie7l.com\/en\/produit\/propos-sur-la-peinture-2\/#breadcrumb\",\"itemListElement\":[{\"@type\":\"ListItem\",\"position\":1,\"name\":\"Accueil\",\"item\":\"https:\/\/librairie7l.com\/en\/\"},{\"@type\":\"ListItem\",\"position\":2,\"name\":\"Shop\",\"item\":\"https:\/\/librairie7l.com\/en\/shop\/\"},{\"@type\":\"ListItem\",\"position\":3,\"name\":\"PROPOS SUR LA PEINTURE\"}]},{\"@type\":\"WebSite\",\"@id\":\"https:\/\/librairie7l.com\/en\/#website\",\"url\":\"https:\/\/librairie7l.com\/en\/\",\"name\":\"Librairie 7L\",\"description\":\"Librairie fond\u00e9e en 1999 par Karl Lagerfeld \u00e0 Paris\",\"publisher\":{\"@id\":\"https:\/\/librairie7l.com\/en\/#organization\"},\"potentialAction\":[{\"@type\":\"SearchAction\",\"target\":{\"@type\":\"EntryPoint\",\"urlTemplate\":\"https:\/\/librairie7l.com\/en\/?s={search_term_string}\"},\"query-input\":\"required name=search_term_string\"}],\"inLanguage\":\"en-US\"},{\"@type\":\"Organization\",\"@id\":\"https:\/\/librairie7l.com\/en\/#organization\",\"name\":\"Librairie 7L\",\"url\":\"https:\/\/librairie7l.com\/en\/\",\"logo\":{\"@type\":\"ImageObject\",\"inLanguage\":\"en-US\",\"@id\":\"https:\/\/librairie7l.com\/en\/#\/schema\/logo\/image\/\",\"url\":\"https:\/\/librairie7l.com\/wp-content\/uploads\/2022\/08\/logo-1.png\",\"contentUrl\":\"https:\/\/librairie7l.com\/wp-content\/uploads\/2022\/08\/logo-1.png\",\"width\":227,\"height\":301,\"caption\":\"Librairie 7L\"},\"image\":{\"@id\":\"https:\/\/librairie7l.com\/en\/#\/schema\/logo\/image\/\"}}]}<\/script>\n<!-- \/ Yoast SEO plugin. -->","yoast_head_json":{"title":"Propos sur la peinture - Librairie 7L","robots":{"index":"index","follow":"follow","max-snippet":"max-snippet:-1","max-image-preview":"max-image-preview:large","max-video-preview":"max-video-preview:-1"},"canonical":"https:\/\/librairie7l.com\/en\/produit\/propos-sur-la-peinture-2\/","og_locale":"en_US","og_type":"article","og_title":"Propos sur la peinture - Librairie 7L","og_description":"Paul C\u00e9zanne aimait passer pour un simple, un rustique, un bougon. En r\u00e9alit\u00e9, peu de peintres ont r\u00e9fl\u00e9chi autant que lui \u00e0 leur art, et avec une originalit\u00e9 intellectuelle incomparable. Nous en conservons un t\u00e9moignage unique gr\u00e2ce aux conversations qu&#8217;il a eues avec un autre Aixois, Joachim Gasquet (de qui il a peint le portrait, [&hellip;]","og_url":"https:\/\/librairie7l.com\/en\/produit\/propos-sur-la-peinture-2\/","og_site_name":"Librairie 7L","article_modified_time":"2026-04-29T04:17:34+00:00","og_image":[{"width":600,"height":931,"url":"https:\/\/librairie7l.com\/wp-content\/uploads\/2024\/03\/9782246838647_1_75.jpg","type":"image\/jpeg"}],"twitter_card":"summary_large_image","twitter_misc":{"Est. reading time":"1 minute"},"schema":{"@context":"https:\/\/schema.org","@graph":[{"@type":"WebPage","@id":"https:\/\/librairie7l.com\/en\/produit\/propos-sur-la-peinture-2\/","url":"https:\/\/librairie7l.com\/en\/produit\/propos-sur-la-peinture-2\/","name":"Propos sur la peinture - Librairie 7L","isPartOf":{"@id":"https:\/\/librairie7l.com\/en\/#website"},"datePublished":"2024-11-07T15:22:14+00:00","dateModified":"2026-04-29T04:17:34+00:00","breadcrumb":{"@id":"https:\/\/librairie7l.com\/en\/produit\/propos-sur-la-peinture-2\/#breadcrumb"},"inLanguage":"en-US","potentialAction":[{"@type":"ReadAction","target":["https:\/\/librairie7l.com\/en\/produit\/propos-sur-la-peinture-2\/"]}]},{"@type":"BreadcrumbList","@id":"https:\/\/librairie7l.com\/en\/produit\/propos-sur-la-peinture-2\/#breadcrumb","itemListElement":[{"@type":"ListItem","position":1,"name":"Accueil","item":"https:\/\/librairie7l.com\/en\/"},{"@type":"ListItem","position":2,"name":"Shop","item":"https:\/\/librairie7l.com\/en\/shop\/"},{"@type":"ListItem","position":3,"name":"PROPOS SUR LA PEINTURE"}]},{"@type":"WebSite","@id":"https:\/\/librairie7l.com\/en\/#website","url":"https:\/\/librairie7l.com\/en\/","name":"Librairie 7L","description":"Librairie fond\u00e9e en 1999 par Karl Lagerfeld \u00e0 Paris","publisher":{"@id":"https:\/\/librairie7l.com\/en\/#organization"},"potentialAction":[{"@type":"SearchAction","target":{"@type":"EntryPoint","urlTemplate":"https:\/\/librairie7l.com\/en\/?s={search_term_string}"},"query-input":"required name=search_term_string"}],"inLanguage":"en-US"},{"@type":"Organization","@id":"https:\/\/librairie7l.com\/en\/#organization","name":"Librairie 7L","url":"https:\/\/librairie7l.com\/en\/","logo":{"@type":"ImageObject","inLanguage":"en-US","@id":"https:\/\/librairie7l.com\/en\/#\/schema\/logo\/image\/","url":"https:\/\/librairie7l.com\/wp-content\/uploads\/2022\/08\/logo-1.png","contentUrl":"https:\/\/librairie7l.com\/wp-content\/uploads\/2022\/08\/logo-1.png","width":227,"height":301,"caption":"Librairie 7L"},"image":{"@id":"https:\/\/librairie7l.com\/en\/#\/schema\/logo\/image\/"}}]}},"_links":{"self":[{"href":"https:\/\/librairie7l.com\/en\/wp-json\/wp\/v2\/product\/44058"}],"collection":[{"href":"https:\/\/librairie7l.com\/en\/wp-json\/wp\/v2\/product"}],"about":[{"href":"https:\/\/librairie7l.com\/en\/wp-json\/wp\/v2\/types\/product"}],"wp:featuredmedia":[{"embeddable":true,"href":"https:\/\/librairie7l.com\/en\/wp-json\/wp\/v2\/media\/44056"}],"wp:attachment":[{"href":"https:\/\/librairie7l.com\/en\/wp-json\/wp\/v2\/media?parent=44058"}],"wp:term":[{"taxonomy":"product_cat","embeddable":true,"href":"https:\/\/librairie7l.com\/en\/wp-json\/wp\/v2\/product_cat?post=44058"},{"taxonomy":"product_tag","embeddable":true,"href":"https:\/\/librairie7l.com\/en\/wp-json\/wp\/v2\/product_tag?post=44058"}],"curies":[{"name":"wp","href":"https:\/\/api.w.org\/{rel}","templated":true}]}}