{"id":44070,"date":"2024-11-07T16:24:00","date_gmt":"2024-11-07T15:24:00","guid":{"rendered":"https:\/\/librairie7l.com\/?post_type=product&#038;p=44070"},"modified":"2026-05-02T22:07:11","modified_gmt":"2026-05-02T20:07:11","slug":"vermeer-la-peinture-hollandaise-du-xviie-siecle-2","status":"publish","type":"product","link":"https:\/\/librairie7l.com\/en\/produit\/vermeer-la-peinture-hollandaise-du-xviie-siecle-2\/","title":{"rendered":"VERMEER &AMP; LA PEINTURE HOLLANDAISE DU XVIIE SI\u00c8CLE"},"content":{"rendered":"<p>Johannes Vermeer (1632-1675) s&#8217;affirme comme l&#8217;un des ma\u00eetres incontest\u00e9s de la peinture baroque hollandaise.<\/p>\n<p> Ses couleurs vibrantes et son remarquable traitement de la lumi\u00e8re, v\u00e9ritable \u00e9l\u00e9ment de composition des oeuvres, conf\u00e8rent une atmosph\u00e8re intimiste \u00e0 ses sc\u00e8nes de genre tir\u00e9es des int\u00e9rieurs bourgeois de l&#8217;\u00e9poque. D\u00e9couvrez l&#8217;influence d\u00e9terminante de ses contemporains sur son oeuvre, avec lesquels il rivalisa de finesse pour nous livrer ces rares t\u00e9moignages de la Hollande du XVIIe si\u00e8cle.<\/p>\n<p> Languages : Fr. En.<\/p>\n<p> &#8212;&#8211;<\/p>\n<p> Johannes Vermeer (1632-1675) is one of the undisputed masters of Dutch Baroque painting.<\/p>\n<p> His vibrant colors and remarkable treatment of light, a true compositional element of his works, lend an intimate atmosphere to his genre scenes drawn from the bourgeois interiors of the time. Discover the determining influence of his contemporaries on his work, with whom he competed with finesse to deliver these rare testimonies of 17th century Holland.<\/p>\n","protected":false},"excerpt":{"rendered":"<p>Johannes Vermeer (1632-1675) s&#8217;affirme comme l&#8217;un des ma\u00eetres incontest\u00e9s de la peinture baroque hollandaise. Ses couleurs vibrantes et son remarquable traitement de la lumi\u00e8re, v\u00e9ritable \u00e9l\u00e9ment de composition des oeuvres, conf\u00e8rent une atmosph\u00e8re intimiste \u00e0 ses sc\u00e8nes de genre tir\u00e9es des int\u00e9rieurs bourgeois de l&#8217;\u00e9poque. D\u00e9couvrez l&#8217;influence d\u00e9terminante de ses contemporains sur son oeuvre, avec [&hellip;]<\/p>\n","protected":false},"featured_media":44068,"template":"","meta":[],"product_cat":[7364,2948],"product_tag":[],"acf":[],"yoast_head":"<!-- This site is optimized with the Yoast SEO plugin v20.11 - https:\/\/yoast.com\/wordpress\/plugins\/seo\/ -->\n<title>Vermeer &amp; la peinture hollandaise du XVIIe si\u00e8cle - Librairie 7L<\/title>\n<meta name=\"robots\" content=\"index, follow, max-snippet:-1, max-image-preview:large, max-video-preview:-1\" \/>\n<link rel=\"canonical\" href=\"https:\/\/librairie7l.com\/en\/produit\/vermeer-la-peinture-hollandaise-du-xviie-siecle-2\/\" \/>\n<meta property=\"og:locale\" content=\"en_US\" \/>\n<meta property=\"og:type\" content=\"article\" \/>\n<meta property=\"og:title\" content=\"Vermeer &amp; la peinture hollandaise du XVIIe si\u00e8cle - Librairie 7L\" \/>\n<meta property=\"og:description\" content=\"Johannes Vermeer (1632-1675) s&#8217;affirme comme l&#8217;un des ma\u00eetres incontest\u00e9s de la peinture baroque hollandaise. Ses couleurs vibrantes et son remarquable traitement de la lumi\u00e8re, v\u00e9ritable \u00e9l\u00e9ment de composition des oeuvres, conf\u00e8rent une atmosph\u00e8re intimiste \u00e0 ses sc\u00e8nes de genre tir\u00e9es des int\u00e9rieurs bourgeois de l&#8217;\u00e9poque. D\u00e9couvrez l&#8217;influence d\u00e9terminante de ses contemporains sur son oeuvre, avec [&hellip;]\" \/>\n<meta property=\"og:url\" content=\"https:\/\/librairie7l.com\/en\/produit\/vermeer-la-peinture-hollandaise-du-xviie-siecle-2\/\" \/>\n<meta property=\"og:site_name\" content=\"Librairie 7L\" \/>\n<meta property=\"article:modified_time\" content=\"2026-05-02T20:07:11+00:00\" \/>\n<meta property=\"og:image\" content=\"https:\/\/librairie7l.com\/wp-content\/uploads\/2016\/10\/9782809913903_1_75.jpg\" \/>\n\t<meta property=\"og:image:width\" content=\"400\" \/>\n\t<meta property=\"og:image:height\" content=\"405\" \/>\n\t<meta property=\"og:image:type\" content=\"image\/jpeg\" \/>\n<meta name=\"twitter:card\" content=\"summary_large_image\" \/>\n<meta name=\"twitter:label1\" content=\"Est. reading time\" \/>\n\t<meta name=\"twitter:data1\" content=\"1 minute\" \/>\n<script type=\"application\/ld+json\" class=\"yoast-schema-graph\">{\"@context\":\"https:\/\/schema.org\",\"@graph\":[{\"@type\":\"WebPage\",\"@id\":\"https:\/\/librairie7l.com\/en\/produit\/vermeer-la-peinture-hollandaise-du-xviie-siecle-2\/\",\"url\":\"https:\/\/librairie7l.com\/en\/produit\/vermeer-la-peinture-hollandaise-du-xviie-siecle-2\/\",\"name\":\"Vermeer &amp; la peinture hollandaise du XVIIe si\u00e8cle - Librairie 7L\",\"isPartOf\":{\"@id\":\"https:\/\/librairie7l.com\/en\/#website\"},\"datePublished\":\"2024-11-07T15:24:00+00:00\",\"dateModified\":\"2026-05-02T20:07:11+00:00\",\"breadcrumb\":{\"@id\":\"https:\/\/librairie7l.com\/en\/produit\/vermeer-la-peinture-hollandaise-du-xviie-siecle-2\/#breadcrumb\"},\"inLanguage\":\"en-US\",\"potentialAction\":[{\"@type\":\"ReadAction\",\"target\":[\"https:\/\/librairie7l.com\/en\/produit\/vermeer-la-peinture-hollandaise-du-xviie-siecle-2\/\"]}]},{\"@type\":\"BreadcrumbList\",\"@id\":\"https:\/\/librairie7l.com\/en\/produit\/vermeer-la-peinture-hollandaise-du-xviie-siecle-2\/#breadcrumb\",\"itemListElement\":[{\"@type\":\"ListItem\",\"position\":1,\"name\":\"Accueil\",\"item\":\"https:\/\/librairie7l.com\/en\/\"},{\"@type\":\"ListItem\",\"position\":2,\"name\":\"Shop\",\"item\":\"https:\/\/librairie7l.com\/en\/shop\/\"},{\"@type\":\"ListItem\",\"position\":3,\"name\":\"VERMEER &AMP; LA PEINTURE HOLLANDAISE DU XVIIE SI\u00c8CLE\"}]},{\"@type\":\"WebSite\",\"@id\":\"https:\/\/librairie7l.com\/en\/#website\",\"url\":\"https:\/\/librairie7l.com\/en\/\",\"name\":\"Librairie 7L\",\"description\":\"Librairie fond\u00e9e en 1999 par Karl Lagerfeld \u00e0 Paris\",\"publisher\":{\"@id\":\"https:\/\/librairie7l.com\/en\/#organization\"},\"potentialAction\":[{\"@type\":\"SearchAction\",\"target\":{\"@type\":\"EntryPoint\",\"urlTemplate\":\"https:\/\/librairie7l.com\/en\/?s={search_term_string}\"},\"query-input\":\"required name=search_term_string\"}],\"inLanguage\":\"en-US\"},{\"@type\":\"Organization\",\"@id\":\"https:\/\/librairie7l.com\/en\/#organization\",\"name\":\"Librairie 7L\",\"url\":\"https:\/\/librairie7l.com\/en\/\",\"logo\":{\"@type\":\"ImageObject\",\"inLanguage\":\"en-US\",\"@id\":\"https:\/\/librairie7l.com\/en\/#\/schema\/logo\/image\/\",\"url\":\"https:\/\/librairie7l.com\/wp-content\/uploads\/2022\/08\/logo-1.png\",\"contentUrl\":\"https:\/\/librairie7l.com\/wp-content\/uploads\/2022\/08\/logo-1.png\",\"width\":227,\"height\":301,\"caption\":\"Librairie 7L\"},\"image\":{\"@id\":\"https:\/\/librairie7l.com\/en\/#\/schema\/logo\/image\/\"}}]}<\/script>\n<!-- \/ Yoast SEO plugin. -->","yoast_head_json":{"title":"Vermeer &amp; la peinture hollandaise du XVIIe si\u00e8cle - Librairie 7L","robots":{"index":"index","follow":"follow","max-snippet":"max-snippet:-1","max-image-preview":"max-image-preview:large","max-video-preview":"max-video-preview:-1"},"canonical":"https:\/\/librairie7l.com\/en\/produit\/vermeer-la-peinture-hollandaise-du-xviie-siecle-2\/","og_locale":"en_US","og_type":"article","og_title":"Vermeer &amp; la peinture hollandaise du XVIIe si\u00e8cle - Librairie 7L","og_description":"Johannes Vermeer (1632-1675) s&#8217;affirme comme l&#8217;un des ma\u00eetres incontest\u00e9s de la peinture baroque hollandaise. Ses couleurs vibrantes et son remarquable traitement de la lumi\u00e8re, v\u00e9ritable \u00e9l\u00e9ment de composition des oeuvres, conf\u00e8rent une atmosph\u00e8re intimiste \u00e0 ses sc\u00e8nes de genre tir\u00e9es des int\u00e9rieurs bourgeois de l&#8217;\u00e9poque. D\u00e9couvrez l&#8217;influence d\u00e9terminante de ses contemporains sur son oeuvre, avec [&hellip;]","og_url":"https:\/\/librairie7l.com\/en\/produit\/vermeer-la-peinture-hollandaise-du-xviie-siecle-2\/","og_site_name":"Librairie 7L","article_modified_time":"2026-05-02T20:07:11+00:00","og_image":[{"width":400,"height":405,"url":"https:\/\/librairie7l.com\/wp-content\/uploads\/2016\/10\/9782809913903_1_75.jpg","type":"image\/jpeg"}],"twitter_card":"summary_large_image","twitter_misc":{"Est. reading time":"1 minute"},"schema":{"@context":"https:\/\/schema.org","@graph":[{"@type":"WebPage","@id":"https:\/\/librairie7l.com\/en\/produit\/vermeer-la-peinture-hollandaise-du-xviie-siecle-2\/","url":"https:\/\/librairie7l.com\/en\/produit\/vermeer-la-peinture-hollandaise-du-xviie-siecle-2\/","name":"Vermeer &amp; la peinture hollandaise du XVIIe si\u00e8cle - Librairie 7L","isPartOf":{"@id":"https:\/\/librairie7l.com\/en\/#website"},"datePublished":"2024-11-07T15:24:00+00:00","dateModified":"2026-05-02T20:07:11+00:00","breadcrumb":{"@id":"https:\/\/librairie7l.com\/en\/produit\/vermeer-la-peinture-hollandaise-du-xviie-siecle-2\/#breadcrumb"},"inLanguage":"en-US","potentialAction":[{"@type":"ReadAction","target":["https:\/\/librairie7l.com\/en\/produit\/vermeer-la-peinture-hollandaise-du-xviie-siecle-2\/"]}]},{"@type":"BreadcrumbList","@id":"https:\/\/librairie7l.com\/en\/produit\/vermeer-la-peinture-hollandaise-du-xviie-siecle-2\/#breadcrumb","itemListElement":[{"@type":"ListItem","position":1,"name":"Accueil","item":"https:\/\/librairie7l.com\/en\/"},{"@type":"ListItem","position":2,"name":"Shop","item":"https:\/\/librairie7l.com\/en\/shop\/"},{"@type":"ListItem","position":3,"name":"VERMEER &AMP; LA PEINTURE HOLLANDAISE DU XVIIE SI\u00c8CLE"}]},{"@type":"WebSite","@id":"https:\/\/librairie7l.com\/en\/#website","url":"https:\/\/librairie7l.com\/en\/","name":"Librairie 7L","description":"Librairie fond\u00e9e en 1999 par Karl Lagerfeld \u00e0 Paris","publisher":{"@id":"https:\/\/librairie7l.com\/en\/#organization"},"potentialAction":[{"@type":"SearchAction","target":{"@type":"EntryPoint","urlTemplate":"https:\/\/librairie7l.com\/en\/?s={search_term_string}"},"query-input":"required name=search_term_string"}],"inLanguage":"en-US"},{"@type":"Organization","@id":"https:\/\/librairie7l.com\/en\/#organization","name":"Librairie 7L","url":"https:\/\/librairie7l.com\/en\/","logo":{"@type":"ImageObject","inLanguage":"en-US","@id":"https:\/\/librairie7l.com\/en\/#\/schema\/logo\/image\/","url":"https:\/\/librairie7l.com\/wp-content\/uploads\/2022\/08\/logo-1.png","contentUrl":"https:\/\/librairie7l.com\/wp-content\/uploads\/2022\/08\/logo-1.png","width":227,"height":301,"caption":"Librairie 7L"},"image":{"@id":"https:\/\/librairie7l.com\/en\/#\/schema\/logo\/image\/"}}]}},"_links":{"self":[{"href":"https:\/\/librairie7l.com\/en\/wp-json\/wp\/v2\/product\/44070"}],"collection":[{"href":"https:\/\/librairie7l.com\/en\/wp-json\/wp\/v2\/product"}],"about":[{"href":"https:\/\/librairie7l.com\/en\/wp-json\/wp\/v2\/types\/product"}],"wp:featuredmedia":[{"embeddable":true,"href":"https:\/\/librairie7l.com\/en\/wp-json\/wp\/v2\/media\/44068"}],"wp:attachment":[{"href":"https:\/\/librairie7l.com\/en\/wp-json\/wp\/v2\/media?parent=44070"}],"wp:term":[{"taxonomy":"product_cat","embeddable":true,"href":"https:\/\/librairie7l.com\/en\/wp-json\/wp\/v2\/product_cat?post=44070"},{"taxonomy":"product_tag","embeddable":true,"href":"https:\/\/librairie7l.com\/en\/wp-json\/wp\/v2\/product_tag?post=44070"}],"curies":[{"name":"wp","href":"https:\/\/api.w.org\/{rel}","templated":true}]}}