{"id":44074,"date":"2024-11-07T16:24:30","date_gmt":"2024-11-07T15:24:30","guid":{"rendered":"https:\/\/librairie7l.com\/?post_type=product&#038;p=44074"},"modified":"2026-04-17T11:23:51","modified_gmt":"2026-04-17T09:23:51","slug":"un-sentiment-qui-tient-le-mur-notes-et-propos-sur-la-peinture-2","status":"publish","type":"product","link":"https:\/\/librairie7l.com\/en\/produit\/un-sentiment-qui-tient-le-mur-notes-et-propos-sur-la-peinture-2\/","title":{"rendered":"UN SENTIMENT QUI TIENT LE MUR : NOTES ET PROPOS SUR LA PEINTURE"},"content":{"rendered":"<p>Pierre Bonnard \u00e9tait un \u00ab po\u00e8te fervent de la<br \/>\nvie br\u00e8ve, un c\u00e9l\u00e9brant du passage \u00bb, comme le<br \/>\ndit Alain L\u00e9v\u00eaque, dans son introduction \u00e0 cette<br \/>\n\u00e9dition des \u00e9crits du peintre, r\u00e9unissant ses notes et les entretiens qu&#8217;il donna \u00e0 la presse. Pages d&#8217;agendas allant \u00e0 l&#8217;essentiel en quelques mots, notes de carnets sous forme d&#8217;aphorismes d\u00e9pouill\u00e9s de grandiloquence, hommages \u00e0 ses compagnons peintres, comme Maurice Denis, son ami du mouvement nabi, nomm\u00e9 selon le terme arabe qui signifie \u00ab ravi dans une extase \u00bb, mais aussi Odilon Redon, Paul Signac ou Auguste Renoir : sa parole fut autant laconique que prolixe, ouvrant de multiples br\u00e8ches pour consentir \u00e0 \u00ab la vision brute \u00bb, pour retrouver \u00ab une vision animale \u00bb. \u00ab Vous avez une petite note de charme, ne la n\u00e9gligez pas. Vous rencontrerez peut-\u00eatre des peintres plus forts que vous, mais ce don est pr\u00e9cieux. \u00bb Telles furent les paroles d&#8217;Auguste Renoir \u00e0 Pierre Bonnard, alors jeune peintre inconnu, qui disent bien ce qui, dans la vision, dans les couleurs comme dans les formes, ne s&#8217;explique pas : cette \u00ab petite note de charme \u00bb, pr\u00e9cieuse, que le peintre n&#8217;a cess\u00e9 de cultiver. Cela s&#8217;\u00e9claire un peu, n\u00e9anmoins, dans la d\u00e9finition que donne Bonnard du \u00ab peintre de sentiment \u00bb, qu&#8217;il r\u00eava d&#8217;\u00eatre : \u00ab Cet artiste, on l&#8217;imagine passant beaucoup de temps \u00e0 ne rien faire qu&#8217;\u00e0 regarder autour de lui et en lui.<br \/>\nC&#8217;est un oiseau rare. \u00bb<\/p>\n","protected":false},"excerpt":{"rendered":"<p>Pierre Bonnard \u00e9tait un \u00ab po\u00e8te fervent de la vie br\u00e8ve, un c\u00e9l\u00e9brant du passage \u00bb, comme le dit Alain L\u00e9v\u00eaque, dans son introduction \u00e0 cette \u00e9dition des \u00e9crits du peintre, r\u00e9unissant ses notes et les entretiens qu&#8217;il donna \u00e0 la presse. Pages d&#8217;agendas allant \u00e0 l&#8217;essentiel en quelques mots, notes de carnets sous forme [&hellip;]<\/p>\n","protected":false},"featured_media":44072,"template":"","meta":[],"product_cat":[7364,2948],"product_tag":[],"acf":[],"yoast_head":"<!-- This site is optimized with the Yoast SEO plugin v20.11 - https:\/\/yoast.com\/wordpress\/plugins\/seo\/ -->\n<title>Un sentiment qui tient le mur : notes et propos sur la peinture - Librairie 7L<\/title>\n<meta name=\"robots\" content=\"index, follow, max-snippet:-1, max-image-preview:large, max-video-preview:-1\" \/>\n<link rel=\"canonical\" href=\"https:\/\/librairie7l.com\/en\/produit\/un-sentiment-qui-tient-le-mur-notes-et-propos-sur-la-peinture-2\/\" \/>\n<meta property=\"og:locale\" content=\"en_US\" \/>\n<meta property=\"og:type\" content=\"article\" \/>\n<meta property=\"og:title\" content=\"Un sentiment qui tient le mur : notes et propos sur la peinture - Librairie 7L\" \/>\n<meta property=\"og:description\" content=\"Pierre Bonnard \u00e9tait un \u00ab po\u00e8te fervent de la vie br\u00e8ve, un c\u00e9l\u00e9brant du passage \u00bb, comme le dit Alain L\u00e9v\u00eaque, dans son introduction \u00e0 cette \u00e9dition des \u00e9crits du peintre, r\u00e9unissant ses notes et les entretiens qu&#8217;il donna \u00e0 la presse. Pages d&#8217;agendas allant \u00e0 l&#8217;essentiel en quelques mots, notes de carnets sous forme [&hellip;]\" \/>\n<meta property=\"og:url\" content=\"https:\/\/librairie7l.com\/en\/produit\/un-sentiment-qui-tient-le-mur-notes-et-propos-sur-la-peinture-2\/\" \/>\n<meta property=\"og:site_name\" content=\"Librairie 7L\" \/>\n<meta property=\"article:modified_time\" content=\"2026-04-17T09:23:51+00:00\" \/>\n<meta property=\"og:image\" content=\"https:\/\/librairie7l.com\/wp-content\/uploads\/2023\/06\/9782850351303_1_75.jpg\" \/>\n\t<meta property=\"og:image:width\" content=\"323\" \/>\n\t<meta property=\"og:image:height\" content=\"450\" \/>\n\t<meta property=\"og:image:type\" content=\"image\/jpeg\" \/>\n<meta name=\"twitter:card\" content=\"summary_large_image\" \/>\n<meta name=\"twitter:label1\" content=\"Est. reading time\" \/>\n\t<meta name=\"twitter:data1\" content=\"1 minute\" \/>\n<script type=\"application\/ld+json\" class=\"yoast-schema-graph\">{\"@context\":\"https:\/\/schema.org\",\"@graph\":[{\"@type\":\"WebPage\",\"@id\":\"https:\/\/librairie7l.com\/en\/produit\/un-sentiment-qui-tient-le-mur-notes-et-propos-sur-la-peinture-2\/\",\"url\":\"https:\/\/librairie7l.com\/en\/produit\/un-sentiment-qui-tient-le-mur-notes-et-propos-sur-la-peinture-2\/\",\"name\":\"Un sentiment qui tient le mur : notes et propos sur la peinture - Librairie 7L\",\"isPartOf\":{\"@id\":\"https:\/\/librairie7l.com\/en\/#website\"},\"datePublished\":\"2024-11-07T15:24:30+00:00\",\"dateModified\":\"2026-04-17T09:23:51+00:00\",\"breadcrumb\":{\"@id\":\"https:\/\/librairie7l.com\/en\/produit\/un-sentiment-qui-tient-le-mur-notes-et-propos-sur-la-peinture-2\/#breadcrumb\"},\"inLanguage\":\"en-US\",\"potentialAction\":[{\"@type\":\"ReadAction\",\"target\":[\"https:\/\/librairie7l.com\/en\/produit\/un-sentiment-qui-tient-le-mur-notes-et-propos-sur-la-peinture-2\/\"]}]},{\"@type\":\"BreadcrumbList\",\"@id\":\"https:\/\/librairie7l.com\/en\/produit\/un-sentiment-qui-tient-le-mur-notes-et-propos-sur-la-peinture-2\/#breadcrumb\",\"itemListElement\":[{\"@type\":\"ListItem\",\"position\":1,\"name\":\"Accueil\",\"item\":\"https:\/\/librairie7l.com\/en\/\"},{\"@type\":\"ListItem\",\"position\":2,\"name\":\"Shop\",\"item\":\"https:\/\/librairie7l.com\/en\/shop\/\"},{\"@type\":\"ListItem\",\"position\":3,\"name\":\"UN SENTIMENT QUI TIENT LE MUR : NOTES ET PROPOS SUR LA PEINTURE\"}]},{\"@type\":\"WebSite\",\"@id\":\"https:\/\/librairie7l.com\/en\/#website\",\"url\":\"https:\/\/librairie7l.com\/en\/\",\"name\":\"Librairie 7L\",\"description\":\"Librairie fond\u00e9e en 1999 par Karl Lagerfeld \u00e0 Paris\",\"publisher\":{\"@id\":\"https:\/\/librairie7l.com\/en\/#organization\"},\"potentialAction\":[{\"@type\":\"SearchAction\",\"target\":{\"@type\":\"EntryPoint\",\"urlTemplate\":\"https:\/\/librairie7l.com\/en\/?s={search_term_string}\"},\"query-input\":\"required name=search_term_string\"}],\"inLanguage\":\"en-US\"},{\"@type\":\"Organization\",\"@id\":\"https:\/\/librairie7l.com\/en\/#organization\",\"name\":\"Librairie 7L\",\"url\":\"https:\/\/librairie7l.com\/en\/\",\"logo\":{\"@type\":\"ImageObject\",\"inLanguage\":\"en-US\",\"@id\":\"https:\/\/librairie7l.com\/en\/#\/schema\/logo\/image\/\",\"url\":\"https:\/\/librairie7l.com\/wp-content\/uploads\/2022\/08\/logo-1.png\",\"contentUrl\":\"https:\/\/librairie7l.com\/wp-content\/uploads\/2022\/08\/logo-1.png\",\"width\":227,\"height\":301,\"caption\":\"Librairie 7L\"},\"image\":{\"@id\":\"https:\/\/librairie7l.com\/en\/#\/schema\/logo\/image\/\"}}]}<\/script>\n<!-- \/ Yoast SEO plugin. -->","yoast_head_json":{"title":"Un sentiment qui tient le mur : notes et propos sur la peinture - Librairie 7L","robots":{"index":"index","follow":"follow","max-snippet":"max-snippet:-1","max-image-preview":"max-image-preview:large","max-video-preview":"max-video-preview:-1"},"canonical":"https:\/\/librairie7l.com\/en\/produit\/un-sentiment-qui-tient-le-mur-notes-et-propos-sur-la-peinture-2\/","og_locale":"en_US","og_type":"article","og_title":"Un sentiment qui tient le mur : notes et propos sur la peinture - Librairie 7L","og_description":"Pierre Bonnard \u00e9tait un \u00ab po\u00e8te fervent de la vie br\u00e8ve, un c\u00e9l\u00e9brant du passage \u00bb, comme le dit Alain L\u00e9v\u00eaque, dans son introduction \u00e0 cette \u00e9dition des \u00e9crits du peintre, r\u00e9unissant ses notes et les entretiens qu&#8217;il donna \u00e0 la presse. Pages d&#8217;agendas allant \u00e0 l&#8217;essentiel en quelques mots, notes de carnets sous forme [&hellip;]","og_url":"https:\/\/librairie7l.com\/en\/produit\/un-sentiment-qui-tient-le-mur-notes-et-propos-sur-la-peinture-2\/","og_site_name":"Librairie 7L","article_modified_time":"2026-04-17T09:23:51+00:00","og_image":[{"width":323,"height":450,"url":"https:\/\/librairie7l.com\/wp-content\/uploads\/2023\/06\/9782850351303_1_75.jpg","type":"image\/jpeg"}],"twitter_card":"summary_large_image","twitter_misc":{"Est. reading time":"1 minute"},"schema":{"@context":"https:\/\/schema.org","@graph":[{"@type":"WebPage","@id":"https:\/\/librairie7l.com\/en\/produit\/un-sentiment-qui-tient-le-mur-notes-et-propos-sur-la-peinture-2\/","url":"https:\/\/librairie7l.com\/en\/produit\/un-sentiment-qui-tient-le-mur-notes-et-propos-sur-la-peinture-2\/","name":"Un sentiment qui tient le mur : notes et propos sur la peinture - Librairie 7L","isPartOf":{"@id":"https:\/\/librairie7l.com\/en\/#website"},"datePublished":"2024-11-07T15:24:30+00:00","dateModified":"2026-04-17T09:23:51+00:00","breadcrumb":{"@id":"https:\/\/librairie7l.com\/en\/produit\/un-sentiment-qui-tient-le-mur-notes-et-propos-sur-la-peinture-2\/#breadcrumb"},"inLanguage":"en-US","potentialAction":[{"@type":"ReadAction","target":["https:\/\/librairie7l.com\/en\/produit\/un-sentiment-qui-tient-le-mur-notes-et-propos-sur-la-peinture-2\/"]}]},{"@type":"BreadcrumbList","@id":"https:\/\/librairie7l.com\/en\/produit\/un-sentiment-qui-tient-le-mur-notes-et-propos-sur-la-peinture-2\/#breadcrumb","itemListElement":[{"@type":"ListItem","position":1,"name":"Accueil","item":"https:\/\/librairie7l.com\/en\/"},{"@type":"ListItem","position":2,"name":"Shop","item":"https:\/\/librairie7l.com\/en\/shop\/"},{"@type":"ListItem","position":3,"name":"UN SENTIMENT QUI TIENT LE MUR : NOTES ET PROPOS SUR LA PEINTURE"}]},{"@type":"WebSite","@id":"https:\/\/librairie7l.com\/en\/#website","url":"https:\/\/librairie7l.com\/en\/","name":"Librairie 7L","description":"Librairie fond\u00e9e en 1999 par Karl Lagerfeld \u00e0 Paris","publisher":{"@id":"https:\/\/librairie7l.com\/en\/#organization"},"potentialAction":[{"@type":"SearchAction","target":{"@type":"EntryPoint","urlTemplate":"https:\/\/librairie7l.com\/en\/?s={search_term_string}"},"query-input":"required name=search_term_string"}],"inLanguage":"en-US"},{"@type":"Organization","@id":"https:\/\/librairie7l.com\/en\/#organization","name":"Librairie 7L","url":"https:\/\/librairie7l.com\/en\/","logo":{"@type":"ImageObject","inLanguage":"en-US","@id":"https:\/\/librairie7l.com\/en\/#\/schema\/logo\/image\/","url":"https:\/\/librairie7l.com\/wp-content\/uploads\/2022\/08\/logo-1.png","contentUrl":"https:\/\/librairie7l.com\/wp-content\/uploads\/2022\/08\/logo-1.png","width":227,"height":301,"caption":"Librairie 7L"},"image":{"@id":"https:\/\/librairie7l.com\/en\/#\/schema\/logo\/image\/"}}]}},"_links":{"self":[{"href":"https:\/\/librairie7l.com\/en\/wp-json\/wp\/v2\/product\/44074"}],"collection":[{"href":"https:\/\/librairie7l.com\/en\/wp-json\/wp\/v2\/product"}],"about":[{"href":"https:\/\/librairie7l.com\/en\/wp-json\/wp\/v2\/types\/product"}],"wp:featuredmedia":[{"embeddable":true,"href":"https:\/\/librairie7l.com\/en\/wp-json\/wp\/v2\/media\/44072"}],"wp:attachment":[{"href":"https:\/\/librairie7l.com\/en\/wp-json\/wp\/v2\/media?parent=44074"}],"wp:term":[{"taxonomy":"product_cat","embeddable":true,"href":"https:\/\/librairie7l.com\/en\/wp-json\/wp\/v2\/product_cat?post=44074"},{"taxonomy":"product_tag","embeddable":true,"href":"https:\/\/librairie7l.com\/en\/wp-json\/wp\/v2\/product_tag?post=44074"}],"curies":[{"name":"wp","href":"https:\/\/api.w.org\/{rel}","templated":true}]}}