{"id":44078,"date":"2024-11-07T16:24:57","date_gmt":"2024-11-07T15:24:57","guid":{"rendered":"https:\/\/librairie7l.com\/?post_type=product&#038;p=44078"},"modified":"2026-04-17T10:06:19","modified_gmt":"2026-04-17T08:06:19","slug":"comment-regarder-la-peinture-2","status":"publish","type":"product","link":"https:\/\/librairie7l.com\/en\/produit\/comment-regarder-la-peinture-2\/","title":{"rendered":"COMMENT REGARDER LA PEINTURE"},"content":{"rendered":"<p>Les guides des Arts deviennent les guides Hazan.Ce livre, \u00e9tay\u00e9 d&#8217;une abondante iconographie, se propose d&#8217;\u00eatre un outil aidant \u00e0 comprendre une oeuvre picturale. L&#8217;observation directe d&#8217;une peinture, objet du premier chapitre, permet d&#8217;en saisir les particularit\u00e9s de fond et de forme\u00a0: la composition, le dessin, la couleur, le volume, la perspective sont quelques-uns des moyens dont le peintre dispose pour r\u00e9aliser un tableau. Chaque oeuvre prend en outre place dans un contexte pr\u00e9cis, dont les protagonistes sont les artistes et les commanditaires, souvent des m\u00e9c\u00e8nes qui jouent un r\u00f4le essentiel dans la promotion et le d\u00e9veloppement des arts.Le tableau prend vie dans un atelier, o\u00f9 travaillent \u00e9l\u00e8ves et collaborateurs. Un chapitre entier est consacr\u00e9 \u00e0 la pr\u00e9paration de l&#8217;oeuvre picturale. Les techniques, outils et supports d\u00e9terminent le r\u00e9sultat final.Dans l&#8217;analyse du tableau, la distinction des types et des genres est tr\u00e8s importante\u00a0: retables, polyptyques, peintures de chevalet, natures mortes, portraits ou paysages. Ils se diff\u00e9rencient par leur forme, leur taille, leurs caract\u00e9ristiques iconographiques, mais aussi par leur fonction. Par ailleurs, la naissance des collections priv\u00e9es et du march\u00e9 de l&#8217;art au cours du xviie\u00a0si\u00e8cle co\u00efncide avec l&#8217;av\u00e8nement de genres picturaux\u00a0; elle a impos\u00e9 des formats plus r\u00e9duits, adapt\u00e9s \u00e0 une mobilit\u00e9 nouvelle des peintures et \u00e0 leur pr\u00e9sentation dans les int\u00e9rieurs domestiques.Le chapitre \u00ab\u00a0Exposer et conserver\u00a0\u00bb pr\u00e9sente les lieux les plus significatifs par lesquels ont transit\u00e9 les oeuvres au cours des si\u00e8cles\u00a0; il d\u00e9crit les voies qui les ont fait passer de leur localisation d&#8217;origine \u00e0 leur pr\u00e9sentation actuelle dans des galeries ou des mus\u00e9es. Il y est question de conservation et de restauration, dont les approches th\u00e9oriques et m\u00e9thodologiques ont \u00e9volu\u00e9 avec le temps.La derni\u00e8re partie est consacr\u00e9e au langage de la peinture, cet ensemble de concepts th\u00e9oriques qui font de la cr\u00e9ation artistique un acte non seulement manuel, mais aussi th\u00e9orique et intellectuel. Une courte analyse de la terminologie du langage de l&#8217;art, \u00e9claire la signification des concepts qui ont donn\u00e9 naissance \u00e0 l&#8217;histoire de l&#8217;art et \u00e0 la critique au sens moderne du terme, c&#8217;est-\u00e0-dire la discipline qui \u00e9tudie l&#8217;\u00e9volution des ph\u00e9nom\u00e8nes figuratifs et des rapports entre artistes, centres de productions et contextes culturels.\u00a0\u00a0<\/p>\n","protected":false},"excerpt":{"rendered":"<p>Les guides des Arts deviennent les guides Hazan.Ce livre, \u00e9tay\u00e9 d&#8217;une abondante iconographie, se propose d&#8217;\u00eatre un outil aidant \u00e0 comprendre une oeuvre picturale. L&#8217;observation directe d&#8217;une peinture, objet du premier chapitre, permet d&#8217;en saisir les particularit\u00e9s de fond et de forme\u00a0: la composition, le dessin, la couleur, le volume, la perspective sont quelques-uns des [&hellip;]<\/p>\n","protected":false},"featured_media":44076,"template":"","meta":[],"product_cat":[7364,2948],"product_tag":[],"acf":[],"yoast_head":"<!-- This site is optimized with the Yoast SEO plugin v20.11 - https:\/\/yoast.com\/wordpress\/plugins\/seo\/ -->\n<title>Comment regarder la peinture - Librairie 7L<\/title>\n<meta name=\"robots\" content=\"index, follow, max-snippet:-1, max-image-preview:large, max-video-preview:-1\" \/>\n<link rel=\"canonical\" href=\"https:\/\/librairie7l.com\/en\/produit\/comment-regarder-la-peinture-2\/\" \/>\n<meta property=\"og:locale\" content=\"en_US\" \/>\n<meta property=\"og:type\" content=\"article\" \/>\n<meta property=\"og:title\" content=\"Comment regarder la peinture - Librairie 7L\" \/>\n<meta property=\"og:description\" content=\"Les guides des Arts deviennent les guides Hazan.Ce livre, \u00e9tay\u00e9 d&#8217;une abondante iconographie, se propose d&#8217;\u00eatre un outil aidant \u00e0 comprendre une oeuvre picturale. L&#8217;observation directe d&#8217;une peinture, objet du premier chapitre, permet d&#8217;en saisir les particularit\u00e9s de fond et de forme\u00a0: la composition, le dessin, la couleur, le volume, la perspective sont quelques-uns des [&hellip;]\" \/>\n<meta property=\"og:url\" content=\"https:\/\/librairie7l.com\/en\/produit\/comment-regarder-la-peinture-2\/\" \/>\n<meta property=\"og:site_name\" content=\"Librairie 7L\" \/>\n<meta property=\"article:modified_time\" content=\"2026-04-17T08:06:19+00:00\" \/>\n<meta property=\"og:image\" content=\"https:\/\/librairie7l.com\/wp-content\/uploads\/2017\/01\/9782754110037_1_75.jpg\" \/>\n\t<meta property=\"og:image:width\" content=\"600\" \/>\n\t<meta property=\"og:image:height\" content=\"902\" \/>\n\t<meta property=\"og:image:type\" content=\"image\/jpeg\" \/>\n<meta name=\"twitter:card\" content=\"summary_large_image\" \/>\n<meta name=\"twitter:label1\" content=\"Est. reading time\" \/>\n\t<meta name=\"twitter:data1\" content=\"2 minutes\" \/>\n<script type=\"application\/ld+json\" class=\"yoast-schema-graph\">{\"@context\":\"https:\/\/schema.org\",\"@graph\":[{\"@type\":\"WebPage\",\"@id\":\"https:\/\/librairie7l.com\/en\/produit\/comment-regarder-la-peinture-2\/\",\"url\":\"https:\/\/librairie7l.com\/en\/produit\/comment-regarder-la-peinture-2\/\",\"name\":\"Comment regarder la peinture - Librairie 7L\",\"isPartOf\":{\"@id\":\"https:\/\/librairie7l.com\/en\/#website\"},\"datePublished\":\"2024-11-07T15:24:57+00:00\",\"dateModified\":\"2026-04-17T08:06:19+00:00\",\"breadcrumb\":{\"@id\":\"https:\/\/librairie7l.com\/en\/produit\/comment-regarder-la-peinture-2\/#breadcrumb\"},\"inLanguage\":\"en-US\",\"potentialAction\":[{\"@type\":\"ReadAction\",\"target\":[\"https:\/\/librairie7l.com\/en\/produit\/comment-regarder-la-peinture-2\/\"]}]},{\"@type\":\"BreadcrumbList\",\"@id\":\"https:\/\/librairie7l.com\/en\/produit\/comment-regarder-la-peinture-2\/#breadcrumb\",\"itemListElement\":[{\"@type\":\"ListItem\",\"position\":1,\"name\":\"Accueil\",\"item\":\"https:\/\/librairie7l.com\/en\/\"},{\"@type\":\"ListItem\",\"position\":2,\"name\":\"Shop\",\"item\":\"https:\/\/librairie7l.com\/en\/shop\/\"},{\"@type\":\"ListItem\",\"position\":3,\"name\":\"COMMENT REGARDER LA PEINTURE\"}]},{\"@type\":\"WebSite\",\"@id\":\"https:\/\/librairie7l.com\/en\/#website\",\"url\":\"https:\/\/librairie7l.com\/en\/\",\"name\":\"Librairie 7L\",\"description\":\"Librairie fond\u00e9e en 1999 par Karl Lagerfeld \u00e0 Paris\",\"publisher\":{\"@id\":\"https:\/\/librairie7l.com\/en\/#organization\"},\"potentialAction\":[{\"@type\":\"SearchAction\",\"target\":{\"@type\":\"EntryPoint\",\"urlTemplate\":\"https:\/\/librairie7l.com\/en\/?s={search_term_string}\"},\"query-input\":\"required name=search_term_string\"}],\"inLanguage\":\"en-US\"},{\"@type\":\"Organization\",\"@id\":\"https:\/\/librairie7l.com\/en\/#organization\",\"name\":\"Librairie 7L\",\"url\":\"https:\/\/librairie7l.com\/en\/\",\"logo\":{\"@type\":\"ImageObject\",\"inLanguage\":\"en-US\",\"@id\":\"https:\/\/librairie7l.com\/en\/#\/schema\/logo\/image\/\",\"url\":\"https:\/\/librairie7l.com\/wp-content\/uploads\/2022\/08\/logo-1.png\",\"contentUrl\":\"https:\/\/librairie7l.com\/wp-content\/uploads\/2022\/08\/logo-1.png\",\"width\":227,\"height\":301,\"caption\":\"Librairie 7L\"},\"image\":{\"@id\":\"https:\/\/librairie7l.com\/en\/#\/schema\/logo\/image\/\"}}]}<\/script>\n<!-- \/ Yoast SEO plugin. -->","yoast_head_json":{"title":"Comment regarder la peinture - Librairie 7L","robots":{"index":"index","follow":"follow","max-snippet":"max-snippet:-1","max-image-preview":"max-image-preview:large","max-video-preview":"max-video-preview:-1"},"canonical":"https:\/\/librairie7l.com\/en\/produit\/comment-regarder-la-peinture-2\/","og_locale":"en_US","og_type":"article","og_title":"Comment regarder la peinture - Librairie 7L","og_description":"Les guides des Arts deviennent les guides Hazan.Ce livre, \u00e9tay\u00e9 d&#8217;une abondante iconographie, se propose d&#8217;\u00eatre un outil aidant \u00e0 comprendre une oeuvre picturale. L&#8217;observation directe d&#8217;une peinture, objet du premier chapitre, permet d&#8217;en saisir les particularit\u00e9s de fond et de forme\u00a0: la composition, le dessin, la couleur, le volume, la perspective sont quelques-uns des [&hellip;]","og_url":"https:\/\/librairie7l.com\/en\/produit\/comment-regarder-la-peinture-2\/","og_site_name":"Librairie 7L","article_modified_time":"2026-04-17T08:06:19+00:00","og_image":[{"width":600,"height":902,"url":"https:\/\/librairie7l.com\/wp-content\/uploads\/2017\/01\/9782754110037_1_75.jpg","type":"image\/jpeg"}],"twitter_card":"summary_large_image","twitter_misc":{"Est. reading time":"2 minutes"},"schema":{"@context":"https:\/\/schema.org","@graph":[{"@type":"WebPage","@id":"https:\/\/librairie7l.com\/en\/produit\/comment-regarder-la-peinture-2\/","url":"https:\/\/librairie7l.com\/en\/produit\/comment-regarder-la-peinture-2\/","name":"Comment regarder la peinture - Librairie 7L","isPartOf":{"@id":"https:\/\/librairie7l.com\/en\/#website"},"datePublished":"2024-11-07T15:24:57+00:00","dateModified":"2026-04-17T08:06:19+00:00","breadcrumb":{"@id":"https:\/\/librairie7l.com\/en\/produit\/comment-regarder-la-peinture-2\/#breadcrumb"},"inLanguage":"en-US","potentialAction":[{"@type":"ReadAction","target":["https:\/\/librairie7l.com\/en\/produit\/comment-regarder-la-peinture-2\/"]}]},{"@type":"BreadcrumbList","@id":"https:\/\/librairie7l.com\/en\/produit\/comment-regarder-la-peinture-2\/#breadcrumb","itemListElement":[{"@type":"ListItem","position":1,"name":"Accueil","item":"https:\/\/librairie7l.com\/en\/"},{"@type":"ListItem","position":2,"name":"Shop","item":"https:\/\/librairie7l.com\/en\/shop\/"},{"@type":"ListItem","position":3,"name":"COMMENT REGARDER LA PEINTURE"}]},{"@type":"WebSite","@id":"https:\/\/librairie7l.com\/en\/#website","url":"https:\/\/librairie7l.com\/en\/","name":"Librairie 7L","description":"Librairie fond\u00e9e en 1999 par Karl Lagerfeld \u00e0 Paris","publisher":{"@id":"https:\/\/librairie7l.com\/en\/#organization"},"potentialAction":[{"@type":"SearchAction","target":{"@type":"EntryPoint","urlTemplate":"https:\/\/librairie7l.com\/en\/?s={search_term_string}"},"query-input":"required name=search_term_string"}],"inLanguage":"en-US"},{"@type":"Organization","@id":"https:\/\/librairie7l.com\/en\/#organization","name":"Librairie 7L","url":"https:\/\/librairie7l.com\/en\/","logo":{"@type":"ImageObject","inLanguage":"en-US","@id":"https:\/\/librairie7l.com\/en\/#\/schema\/logo\/image\/","url":"https:\/\/librairie7l.com\/wp-content\/uploads\/2022\/08\/logo-1.png","contentUrl":"https:\/\/librairie7l.com\/wp-content\/uploads\/2022\/08\/logo-1.png","width":227,"height":301,"caption":"Librairie 7L"},"image":{"@id":"https:\/\/librairie7l.com\/en\/#\/schema\/logo\/image\/"}}]}},"_links":{"self":[{"href":"https:\/\/librairie7l.com\/en\/wp-json\/wp\/v2\/product\/44078"}],"collection":[{"href":"https:\/\/librairie7l.com\/en\/wp-json\/wp\/v2\/product"}],"about":[{"href":"https:\/\/librairie7l.com\/en\/wp-json\/wp\/v2\/types\/product"}],"wp:featuredmedia":[{"embeddable":true,"href":"https:\/\/librairie7l.com\/en\/wp-json\/wp\/v2\/media\/44076"}],"wp:attachment":[{"href":"https:\/\/librairie7l.com\/en\/wp-json\/wp\/v2\/media?parent=44078"}],"wp:term":[{"taxonomy":"product_cat","embeddable":true,"href":"https:\/\/librairie7l.com\/en\/wp-json\/wp\/v2\/product_cat?post=44078"},{"taxonomy":"product_tag","embeddable":true,"href":"https:\/\/librairie7l.com\/en\/wp-json\/wp\/v2\/product_tag?post=44078"}],"curies":[{"name":"wp","href":"https:\/\/api.w.org\/{rel}","templated":true}]}}