{"id":44084,"date":"2024-11-08T09:17:35","date_gmt":"2024-11-08T08:17:35","guid":{"rendered":"https:\/\/librairie7l.com\/?post_type=product&#038;p=44084"},"modified":"2026-04-08T17:19:33","modified_gmt":"2026-04-08T15:19:33","slug":"karl-lagerfeld-une-ligne-de-beaute-2","status":"publish","type":"product","link":"https:\/\/librairie7l.com\/en\/produit\/karl-lagerfeld-une-ligne-de-beaute-2\/","title":{"rendered":"KARL LAGERFELD, UNE LIGNE DE BEAUT\u00c9"},"content":{"rendered":"<p>Cette premi\u00e8re monographie consacr\u00e9e \u00e0 l&#8217;oeuvre de Karl Lagerfeld (1933-2019) embrasse soixante-cinq ann\u00e9es d&#8217;une exceptionnelle carri\u00e8re : chez Chlo\u00e9 et Fendi dans les ann\u00e9es 1960 et 1970, puis chez Chanel et pour sa griffe \u00e9ponyme \u00e0 partir des ann\u00e9es 1980. En r\u00e9f\u00e9rence \u00e0 La Ligne de beaut\u00e9, essai th\u00e9orique du peintre anglais du 18e si\u00e8cle William Hogarth, cet ouvrage exceptionnel explore les \u00ab lignes \u00bb droites et serpentines &#8211; ainsi que leurs intersections &#8211; dans l&#8217;oeuvre de Karl Lagerfeld pour mettre en lumi\u00e8re son processus cr\u00e9atif singulier.<\/p>\n","protected":false},"excerpt":{"rendered":"<p>Cette premi\u00e8re monographie consacr\u00e9e \u00e0 l&#8217;oeuvre de Karl Lagerfeld (1933-2019) embrasse soixante-cinq ann\u00e9es d&#8217;une exceptionnelle carri\u00e8re : chez Chlo\u00e9 et Fendi dans les ann\u00e9es 1960 et 1970, puis chez Chanel et pour sa griffe \u00e9ponyme \u00e0 partir des ann\u00e9es 1980. En r\u00e9f\u00e9rence \u00e0 La Ligne de beaut\u00e9, essai th\u00e9orique du peintre anglais du 18e si\u00e8cle [&hellip;]<\/p>\n","protected":false},"featured_media":44082,"template":"","meta":[],"product_cat":[2948,2957],"product_tag":[],"acf":[],"yoast_head":"<!-- This site is optimized with the Yoast SEO plugin v20.11 - https:\/\/yoast.com\/wordpress\/plugins\/seo\/ -->\n<title>Karl Lagerfeld, une ligne de beaut\u00e9 - Librairie 7L<\/title>\n<meta name=\"robots\" content=\"index, follow, max-snippet:-1, max-image-preview:large, max-video-preview:-1\" \/>\n<link rel=\"canonical\" href=\"https:\/\/librairie7l.com\/en\/produit\/karl-lagerfeld-une-ligne-de-beaute-2\/\" \/>\n<meta property=\"og:locale\" content=\"en_US\" \/>\n<meta property=\"og:type\" content=\"article\" \/>\n<meta property=\"og:title\" content=\"Karl Lagerfeld, une ligne de beaut\u00e9 - Librairie 7L\" \/>\n<meta property=\"og:description\" content=\"Cette premi\u00e8re monographie consacr\u00e9e \u00e0 l&#8217;oeuvre de Karl Lagerfeld (1933-2019) embrasse soixante-cinq ann\u00e9es d&#8217;une exceptionnelle carri\u00e8re : chez Chlo\u00e9 et Fendi dans les ann\u00e9es 1960 et 1970, puis chez Chanel et pour sa griffe \u00e9ponyme \u00e0 partir des ann\u00e9es 1980. En r\u00e9f\u00e9rence \u00e0 La Ligne de beaut\u00e9, essai th\u00e9orique du peintre anglais du 18e si\u00e8cle [&hellip;]\" \/>\n<meta property=\"og:url\" content=\"https:\/\/librairie7l.com\/en\/produit\/karl-lagerfeld-une-ligne-de-beaute-2\/\" \/>\n<meta property=\"og:site_name\" content=\"Librairie 7L\" \/>\n<meta property=\"article:modified_time\" content=\"2026-04-08T15:19:33+00:00\" \/>\n<meta property=\"og:image\" content=\"https:\/\/librairie7l.com\/wp-content\/uploads\/2024\/06\/9791040119258_1_75.jpg\" \/>\n\t<meta property=\"og:image:width\" content=\"600\" \/>\n\t<meta property=\"og:image:height\" content=\"970\" \/>\n\t<meta property=\"og:image:type\" content=\"image\/jpeg\" \/>\n<meta name=\"twitter:card\" content=\"summary_large_image\" \/>\n<script type=\"application\/ld+json\" class=\"yoast-schema-graph\">{\"@context\":\"https:\/\/schema.org\",\"@graph\":[{\"@type\":\"WebPage\",\"@id\":\"https:\/\/librairie7l.com\/en\/produit\/karl-lagerfeld-une-ligne-de-beaute-2\/\",\"url\":\"https:\/\/librairie7l.com\/en\/produit\/karl-lagerfeld-une-ligne-de-beaute-2\/\",\"name\":\"Karl Lagerfeld, une ligne de beaut\u00e9 - Librairie 7L\",\"isPartOf\":{\"@id\":\"https:\/\/librairie7l.com\/en\/#website\"},\"datePublished\":\"2024-11-08T08:17:35+00:00\",\"dateModified\":\"2026-04-08T15:19:33+00:00\",\"breadcrumb\":{\"@id\":\"https:\/\/librairie7l.com\/en\/produit\/karl-lagerfeld-une-ligne-de-beaute-2\/#breadcrumb\"},\"inLanguage\":\"en-US\",\"potentialAction\":[{\"@type\":\"ReadAction\",\"target\":[\"https:\/\/librairie7l.com\/en\/produit\/karl-lagerfeld-une-ligne-de-beaute-2\/\"]}]},{\"@type\":\"BreadcrumbList\",\"@id\":\"https:\/\/librairie7l.com\/en\/produit\/karl-lagerfeld-une-ligne-de-beaute-2\/#breadcrumb\",\"itemListElement\":[{\"@type\":\"ListItem\",\"position\":1,\"name\":\"Accueil\",\"item\":\"https:\/\/librairie7l.com\/en\/\"},{\"@type\":\"ListItem\",\"position\":2,\"name\":\"Shop\",\"item\":\"https:\/\/librairie7l.com\/en\/shop\/\"},{\"@type\":\"ListItem\",\"position\":3,\"name\":\"KARL LAGERFELD, UNE LIGNE DE BEAUT\u00c9\"}]},{\"@type\":\"WebSite\",\"@id\":\"https:\/\/librairie7l.com\/en\/#website\",\"url\":\"https:\/\/librairie7l.com\/en\/\",\"name\":\"Librairie 7L\",\"description\":\"Librairie fond\u00e9e en 1999 par Karl Lagerfeld \u00e0 Paris\",\"publisher\":{\"@id\":\"https:\/\/librairie7l.com\/en\/#organization\"},\"potentialAction\":[{\"@type\":\"SearchAction\",\"target\":{\"@type\":\"EntryPoint\",\"urlTemplate\":\"https:\/\/librairie7l.com\/en\/?s={search_term_string}\"},\"query-input\":\"required name=search_term_string\"}],\"inLanguage\":\"en-US\"},{\"@type\":\"Organization\",\"@id\":\"https:\/\/librairie7l.com\/en\/#organization\",\"name\":\"Librairie 7L\",\"url\":\"https:\/\/librairie7l.com\/en\/\",\"logo\":{\"@type\":\"ImageObject\",\"inLanguage\":\"en-US\",\"@id\":\"https:\/\/librairie7l.com\/en\/#\/schema\/logo\/image\/\",\"url\":\"https:\/\/librairie7l.com\/wp-content\/uploads\/2022\/08\/logo-1.png\",\"contentUrl\":\"https:\/\/librairie7l.com\/wp-content\/uploads\/2022\/08\/logo-1.png\",\"width\":227,\"height\":301,\"caption\":\"Librairie 7L\"},\"image\":{\"@id\":\"https:\/\/librairie7l.com\/en\/#\/schema\/logo\/image\/\"}}]}<\/script>\n<!-- \/ Yoast SEO plugin. -->","yoast_head_json":{"title":"Karl Lagerfeld, une ligne de beaut\u00e9 - Librairie 7L","robots":{"index":"index","follow":"follow","max-snippet":"max-snippet:-1","max-image-preview":"max-image-preview:large","max-video-preview":"max-video-preview:-1"},"canonical":"https:\/\/librairie7l.com\/en\/produit\/karl-lagerfeld-une-ligne-de-beaute-2\/","og_locale":"en_US","og_type":"article","og_title":"Karl Lagerfeld, une ligne de beaut\u00e9 - Librairie 7L","og_description":"Cette premi\u00e8re monographie consacr\u00e9e \u00e0 l&#8217;oeuvre de Karl Lagerfeld (1933-2019) embrasse soixante-cinq ann\u00e9es d&#8217;une exceptionnelle carri\u00e8re : chez Chlo\u00e9 et Fendi dans les ann\u00e9es 1960 et 1970, puis chez Chanel et pour sa griffe \u00e9ponyme \u00e0 partir des ann\u00e9es 1980. En r\u00e9f\u00e9rence \u00e0 La Ligne de beaut\u00e9, essai th\u00e9orique du peintre anglais du 18e si\u00e8cle [&hellip;]","og_url":"https:\/\/librairie7l.com\/en\/produit\/karl-lagerfeld-une-ligne-de-beaute-2\/","og_site_name":"Librairie 7L","article_modified_time":"2026-04-08T15:19:33+00:00","og_image":[{"width":600,"height":970,"url":"https:\/\/librairie7l.com\/wp-content\/uploads\/2024\/06\/9791040119258_1_75.jpg","type":"image\/jpeg"}],"twitter_card":"summary_large_image","schema":{"@context":"https:\/\/schema.org","@graph":[{"@type":"WebPage","@id":"https:\/\/librairie7l.com\/en\/produit\/karl-lagerfeld-une-ligne-de-beaute-2\/","url":"https:\/\/librairie7l.com\/en\/produit\/karl-lagerfeld-une-ligne-de-beaute-2\/","name":"Karl Lagerfeld, une ligne de beaut\u00e9 - Librairie 7L","isPartOf":{"@id":"https:\/\/librairie7l.com\/en\/#website"},"datePublished":"2024-11-08T08:17:35+00:00","dateModified":"2026-04-08T15:19:33+00:00","breadcrumb":{"@id":"https:\/\/librairie7l.com\/en\/produit\/karl-lagerfeld-une-ligne-de-beaute-2\/#breadcrumb"},"inLanguage":"en-US","potentialAction":[{"@type":"ReadAction","target":["https:\/\/librairie7l.com\/en\/produit\/karl-lagerfeld-une-ligne-de-beaute-2\/"]}]},{"@type":"BreadcrumbList","@id":"https:\/\/librairie7l.com\/en\/produit\/karl-lagerfeld-une-ligne-de-beaute-2\/#breadcrumb","itemListElement":[{"@type":"ListItem","position":1,"name":"Accueil","item":"https:\/\/librairie7l.com\/en\/"},{"@type":"ListItem","position":2,"name":"Shop","item":"https:\/\/librairie7l.com\/en\/shop\/"},{"@type":"ListItem","position":3,"name":"KARL LAGERFELD, UNE LIGNE DE BEAUT\u00c9"}]},{"@type":"WebSite","@id":"https:\/\/librairie7l.com\/en\/#website","url":"https:\/\/librairie7l.com\/en\/","name":"Librairie 7L","description":"Librairie fond\u00e9e en 1999 par Karl Lagerfeld \u00e0 Paris","publisher":{"@id":"https:\/\/librairie7l.com\/en\/#organization"},"potentialAction":[{"@type":"SearchAction","target":{"@type":"EntryPoint","urlTemplate":"https:\/\/librairie7l.com\/en\/?s={search_term_string}"},"query-input":"required name=search_term_string"}],"inLanguage":"en-US"},{"@type":"Organization","@id":"https:\/\/librairie7l.com\/en\/#organization","name":"Librairie 7L","url":"https:\/\/librairie7l.com\/en\/","logo":{"@type":"ImageObject","inLanguage":"en-US","@id":"https:\/\/librairie7l.com\/en\/#\/schema\/logo\/image\/","url":"https:\/\/librairie7l.com\/wp-content\/uploads\/2022\/08\/logo-1.png","contentUrl":"https:\/\/librairie7l.com\/wp-content\/uploads\/2022\/08\/logo-1.png","width":227,"height":301,"caption":"Librairie 7L"},"image":{"@id":"https:\/\/librairie7l.com\/en\/#\/schema\/logo\/image\/"}}]}},"_links":{"self":[{"href":"https:\/\/librairie7l.com\/en\/wp-json\/wp\/v2\/product\/44084"}],"collection":[{"href":"https:\/\/librairie7l.com\/en\/wp-json\/wp\/v2\/product"}],"about":[{"href":"https:\/\/librairie7l.com\/en\/wp-json\/wp\/v2\/types\/product"}],"wp:featuredmedia":[{"embeddable":true,"href":"https:\/\/librairie7l.com\/en\/wp-json\/wp\/v2\/media\/44082"}],"wp:attachment":[{"href":"https:\/\/librairie7l.com\/en\/wp-json\/wp\/v2\/media?parent=44084"}],"wp:term":[{"taxonomy":"product_cat","embeddable":true,"href":"https:\/\/librairie7l.com\/en\/wp-json\/wp\/v2\/product_cat?post=44084"},{"taxonomy":"product_tag","embeddable":true,"href":"https:\/\/librairie7l.com\/en\/wp-json\/wp\/v2\/product_tag?post=44084"}],"curies":[{"name":"wp","href":"https:\/\/api.w.org\/{rel}","templated":true}]}}