{"id":44086,"date":"2024-11-08T09:17:38","date_gmt":"2024-11-08T08:17:38","guid":{"rendered":"https:\/\/librairie7l.com\/?post_type=product&#038;p=44086"},"modified":"2026-04-08T19:11:10","modified_gmt":"2026-04-08T17:11:10","slug":"paul-newman-2","status":"publish","type":"product","link":"https:\/\/librairie7l.com\/en\/produit\/paul-newman-2\/","title":{"rendered":"PAUL NEWMAN"},"content":{"rendered":"<p>Paul Newman, l&#8217;une des stars am\u00e9ricaines les plus embl\u00e9matiques, vue \u00e0 travers l&#8217;objectif de 6 grands photographes, sur sc\u00e8ne, en tournage ou en course.<\/p>\n<p>Tout au long de sa carri\u00e8re, Newman a \u00e9t\u00e9 abondamment photographi\u00e9 : ces images ont enrichi le lien que le public cin\u00e9phile entretient avec lui, comme une pr\u00e9sence gracieuse et d\u00e9contract\u00e9e, \u00e0 l&#8217;\u00e9cran comme \u00e0 la ville. Il a red\u00e9fini ce que pouvait \u00eatre une star de cin\u00e9ma, apportant une authenticit\u00e9, une intensit\u00e9 et une sensibilit\u00e9 particuli\u00e8res \u00e0 ses performances.<\/p>\n<p>De ses d\u00e9buts sur sc\u00e8ne avec sa femme Joanne Woodward, \u00e0 son amour pour les voitures de course, en passant par Absence de malice de Sidney Pollack, le grand succ\u00e8s du nouveau western Butch Cassiday et le Kid, les films cultes Les Ind\u00e9sirables et Juge et hors-la-loi, les films de Newman ont marqu\u00e9 la culture am\u00e9ricaine et internationale.<\/p>\n<p>Milton Greene, Douglas Kirkland, Lawrence Fried, Terry O&#8217;Neil, Al Satterwhite et Eva Serena ont travaill\u00e9 avec Newman tout au long de sa carri\u00e8re. Ce beau livre rassemble des portraits, des images in\u00e9dites prises sur le vif sur les plateaux de tournage ou sur les paddocks ; un ouvrage indispensable pour tout fan de Paul Newman.<\/p>\n","protected":false},"excerpt":{"rendered":"<p>Paul Newman, l&#8217;une des stars am\u00e9ricaines les plus embl\u00e9matiques, vue \u00e0 travers l&#8217;objectif de 6 grands photographes, sur sc\u00e8ne, en tournage ou en course. Tout au long de sa carri\u00e8re, Newman a \u00e9t\u00e9 abondamment photographi\u00e9 : ces images ont enrichi le lien que le public cin\u00e9phile entretient avec lui, comme une pr\u00e9sence gracieuse et d\u00e9contract\u00e9e, [&hellip;]<\/p>\n","protected":false},"featured_media":45029,"template":"","meta":[],"product_cat":[2948],"product_tag":[],"acf":[],"yoast_head":"<!-- This site is optimized with the Yoast SEO plugin v20.11 - https:\/\/yoast.com\/wordpress\/plugins\/seo\/ -->\n<title>Paul Newman - Librairie 7L<\/title>\n<meta name=\"robots\" content=\"index, follow, max-snippet:-1, max-image-preview:large, max-video-preview:-1\" \/>\n<link rel=\"canonical\" href=\"https:\/\/librairie7l.com\/en\/produit\/paul-newman-2\/\" \/>\n<meta property=\"og:locale\" content=\"en_US\" \/>\n<meta property=\"og:type\" content=\"article\" \/>\n<meta property=\"og:title\" content=\"Paul Newman - Librairie 7L\" \/>\n<meta property=\"og:description\" content=\"Paul Newman, l&#8217;une des stars am\u00e9ricaines les plus embl\u00e9matiques, vue \u00e0 travers l&#8217;objectif de 6 grands photographes, sur sc\u00e8ne, en tournage ou en course. Tout au long de sa carri\u00e8re, Newman a \u00e9t\u00e9 abondamment photographi\u00e9 : ces images ont enrichi le lien que le public cin\u00e9phile entretient avec lui, comme une pr\u00e9sence gracieuse et d\u00e9contract\u00e9e, [&hellip;]\" \/>\n<meta property=\"og:url\" content=\"https:\/\/librairie7l.com\/en\/produit\/paul-newman-2\/\" \/>\n<meta property=\"og:site_name\" content=\"Librairie 7L\" \/>\n<meta property=\"article:modified_time\" content=\"2026-04-08T17:11:10+00:00\" \/>\n<meta name=\"twitter:card\" content=\"summary_large_image\" \/>\n<meta name=\"twitter:label1\" content=\"Est. reading time\" \/>\n\t<meta name=\"twitter:data1\" content=\"1 minute\" \/>\n<script type=\"application\/ld+json\" class=\"yoast-schema-graph\">{\"@context\":\"https:\/\/schema.org\",\"@graph\":[{\"@type\":\"WebPage\",\"@id\":\"https:\/\/librairie7l.com\/en\/produit\/paul-newman-2\/\",\"url\":\"https:\/\/librairie7l.com\/en\/produit\/paul-newman-2\/\",\"name\":\"Paul Newman - Librairie 7L\",\"isPartOf\":{\"@id\":\"https:\/\/librairie7l.com\/en\/#website\"},\"datePublished\":\"2024-11-08T08:17:38+00:00\",\"dateModified\":\"2026-04-08T17:11:10+00:00\",\"breadcrumb\":{\"@id\":\"https:\/\/librairie7l.com\/en\/produit\/paul-newman-2\/#breadcrumb\"},\"inLanguage\":\"en-US\",\"potentialAction\":[{\"@type\":\"ReadAction\",\"target\":[\"https:\/\/librairie7l.com\/en\/produit\/paul-newman-2\/\"]}]},{\"@type\":\"BreadcrumbList\",\"@id\":\"https:\/\/librairie7l.com\/en\/produit\/paul-newman-2\/#breadcrumb\",\"itemListElement\":[{\"@type\":\"ListItem\",\"position\":1,\"name\":\"Accueil\",\"item\":\"https:\/\/librairie7l.com\/en\/\"},{\"@type\":\"ListItem\",\"position\":2,\"name\":\"Shop\",\"item\":\"https:\/\/librairie7l.com\/en\/shop\/\"},{\"@type\":\"ListItem\",\"position\":3,\"name\":\"PAUL NEWMAN\"}]},{\"@type\":\"WebSite\",\"@id\":\"https:\/\/librairie7l.com\/en\/#website\",\"url\":\"https:\/\/librairie7l.com\/en\/\",\"name\":\"Librairie 7L\",\"description\":\"Librairie fond\u00e9e en 1999 par Karl Lagerfeld \u00e0 Paris\",\"publisher\":{\"@id\":\"https:\/\/librairie7l.com\/en\/#organization\"},\"potentialAction\":[{\"@type\":\"SearchAction\",\"target\":{\"@type\":\"EntryPoint\",\"urlTemplate\":\"https:\/\/librairie7l.com\/en\/?s={search_term_string}\"},\"query-input\":\"required name=search_term_string\"}],\"inLanguage\":\"en-US\"},{\"@type\":\"Organization\",\"@id\":\"https:\/\/librairie7l.com\/en\/#organization\",\"name\":\"Librairie 7L\",\"url\":\"https:\/\/librairie7l.com\/en\/\",\"logo\":{\"@type\":\"ImageObject\",\"inLanguage\":\"en-US\",\"@id\":\"https:\/\/librairie7l.com\/en\/#\/schema\/logo\/image\/\",\"url\":\"https:\/\/librairie7l.com\/wp-content\/uploads\/2022\/08\/logo-1.png\",\"contentUrl\":\"https:\/\/librairie7l.com\/wp-content\/uploads\/2022\/08\/logo-1.png\",\"width\":227,\"height\":301,\"caption\":\"Librairie 7L\"},\"image\":{\"@id\":\"https:\/\/librairie7l.com\/en\/#\/schema\/logo\/image\/\"}}]}<\/script>\n<!-- \/ Yoast SEO plugin. -->","yoast_head_json":{"title":"Paul Newman - Librairie 7L","robots":{"index":"index","follow":"follow","max-snippet":"max-snippet:-1","max-image-preview":"max-image-preview:large","max-video-preview":"max-video-preview:-1"},"canonical":"https:\/\/librairie7l.com\/en\/produit\/paul-newman-2\/","og_locale":"en_US","og_type":"article","og_title":"Paul Newman - Librairie 7L","og_description":"Paul Newman, l&#8217;une des stars am\u00e9ricaines les plus embl\u00e9matiques, vue \u00e0 travers l&#8217;objectif de 6 grands photographes, sur sc\u00e8ne, en tournage ou en course. Tout au long de sa carri\u00e8re, Newman a \u00e9t\u00e9 abondamment photographi\u00e9 : ces images ont enrichi le lien que le public cin\u00e9phile entretient avec lui, comme une pr\u00e9sence gracieuse et d\u00e9contract\u00e9e, [&hellip;]","og_url":"https:\/\/librairie7l.com\/en\/produit\/paul-newman-2\/","og_site_name":"Librairie 7L","article_modified_time":"2026-04-08T17:11:10+00:00","twitter_card":"summary_large_image","twitter_misc":{"Est. reading time":"1 minute"},"schema":{"@context":"https:\/\/schema.org","@graph":[{"@type":"WebPage","@id":"https:\/\/librairie7l.com\/en\/produit\/paul-newman-2\/","url":"https:\/\/librairie7l.com\/en\/produit\/paul-newman-2\/","name":"Paul Newman - Librairie 7L","isPartOf":{"@id":"https:\/\/librairie7l.com\/en\/#website"},"datePublished":"2024-11-08T08:17:38+00:00","dateModified":"2026-04-08T17:11:10+00:00","breadcrumb":{"@id":"https:\/\/librairie7l.com\/en\/produit\/paul-newman-2\/#breadcrumb"},"inLanguage":"en-US","potentialAction":[{"@type":"ReadAction","target":["https:\/\/librairie7l.com\/en\/produit\/paul-newman-2\/"]}]},{"@type":"BreadcrumbList","@id":"https:\/\/librairie7l.com\/en\/produit\/paul-newman-2\/#breadcrumb","itemListElement":[{"@type":"ListItem","position":1,"name":"Accueil","item":"https:\/\/librairie7l.com\/en\/"},{"@type":"ListItem","position":2,"name":"Shop","item":"https:\/\/librairie7l.com\/en\/shop\/"},{"@type":"ListItem","position":3,"name":"PAUL NEWMAN"}]},{"@type":"WebSite","@id":"https:\/\/librairie7l.com\/en\/#website","url":"https:\/\/librairie7l.com\/en\/","name":"Librairie 7L","description":"Librairie fond\u00e9e en 1999 par Karl Lagerfeld \u00e0 Paris","publisher":{"@id":"https:\/\/librairie7l.com\/en\/#organization"},"potentialAction":[{"@type":"SearchAction","target":{"@type":"EntryPoint","urlTemplate":"https:\/\/librairie7l.com\/en\/?s={search_term_string}"},"query-input":"required name=search_term_string"}],"inLanguage":"en-US"},{"@type":"Organization","@id":"https:\/\/librairie7l.com\/en\/#organization","name":"Librairie 7L","url":"https:\/\/librairie7l.com\/en\/","logo":{"@type":"ImageObject","inLanguage":"en-US","@id":"https:\/\/librairie7l.com\/en\/#\/schema\/logo\/image\/","url":"https:\/\/librairie7l.com\/wp-content\/uploads\/2022\/08\/logo-1.png","contentUrl":"https:\/\/librairie7l.com\/wp-content\/uploads\/2022\/08\/logo-1.png","width":227,"height":301,"caption":"Librairie 7L"},"image":{"@id":"https:\/\/librairie7l.com\/en\/#\/schema\/logo\/image\/"}}]}},"_links":{"self":[{"href":"https:\/\/librairie7l.com\/en\/wp-json\/wp\/v2\/product\/44086"}],"collection":[{"href":"https:\/\/librairie7l.com\/en\/wp-json\/wp\/v2\/product"}],"about":[{"href":"https:\/\/librairie7l.com\/en\/wp-json\/wp\/v2\/types\/product"}],"wp:featuredmedia":[{"embeddable":true,"href":"https:\/\/librairie7l.com\/en\/wp-json\/wp\/v2\/media\/45029"}],"wp:attachment":[{"href":"https:\/\/librairie7l.com\/en\/wp-json\/wp\/v2\/media?parent=44086"}],"wp:term":[{"taxonomy":"product_cat","embeddable":true,"href":"https:\/\/librairie7l.com\/en\/wp-json\/wp\/v2\/product_cat?post=44086"},{"taxonomy":"product_tag","embeddable":true,"href":"https:\/\/librairie7l.com\/en\/wp-json\/wp\/v2\/product_tag?post=44086"}],"curies":[{"name":"wp","href":"https:\/\/api.w.org\/{rel}","templated":true}]}}