{"id":44090,"date":"2024-11-08T09:17:40","date_gmt":"2024-11-08T08:17:40","guid":{"rendered":"https:\/\/librairie7l.com\/?post_type=product&#038;p=44090"},"modified":"2026-05-03T16:02:57","modified_gmt":"2026-05-03T14:02:57","slug":"nelly-monnier-et-eric-tabuchi-tome-6-latlas-des-regions-naturelles-2","status":"publish","type":"product","link":"https:\/\/librairie7l.com\/en\/produit\/nelly-monnier-et-eric-tabuchi-tome-6-latlas-des-regions-naturelles-2\/","title":{"rendered":"NELLY MONNIER ET ERIC TABUCHI TOME 6 : L&#8217;ATLAS DES R\u00c9GIONS NATURELLES"},"content":{"rendered":"<p>En route pour le tome 100 !<\/p>\n<p>Avec cette \u00e9dition collector de One Piece 99, offrez un \u00e9crin \u00e0 la hauteur de la s\u00e9rie. R\u00e9alis\u00e9e en s\u00e9rie exclusive, cette version limit\u00e9e \u00e0 un seul tirage vous propose votre tome de One Piece dans un \u00e9tui en simili-cuir du plus bel effet. Avec lui, savourez les aventures de Luffy et de son \u00e9quipage dans un format d&#8217;exception !<\/p>\n","protected":false},"excerpt":{"rendered":"<p>En route pour le tome 100 ! Avec cette \u00e9dition collector de One Piece 99, offrez un \u00e9crin \u00e0 la hauteur de la s\u00e9rie. R\u00e9alis\u00e9e en s\u00e9rie exclusive, cette version limit\u00e9e \u00e0 un seul tirage vous propose votre tome de One Piece dans un \u00e9tui en simili-cuir du plus bel effet. Avec lui, savourez les [&hellip;]<\/p>\n","protected":false},"featured_media":44088,"template":"","meta":[],"product_cat":[2948],"product_tag":[],"acf":[],"yoast_head":"<!-- This site is optimized with the Yoast SEO plugin v20.11 - https:\/\/yoast.com\/wordpress\/plugins\/seo\/ -->\n<title>Nelly Monnier et Eric Tabuchi Tome 6 : L&#039;atlas des r\u00e9gions naturelles - Librairie 7L<\/title>\n<meta name=\"robots\" content=\"index, follow, max-snippet:-1, max-image-preview:large, max-video-preview:-1\" \/>\n<link rel=\"canonical\" href=\"https:\/\/librairie7l.com\/en\/produit\/nelly-monnier-et-eric-tabuchi-tome-6-latlas-des-regions-naturelles-2\/\" \/>\n<meta property=\"og:locale\" content=\"en_US\" \/>\n<meta property=\"og:type\" content=\"article\" \/>\n<meta property=\"og:title\" content=\"Nelly Monnier et Eric Tabuchi Tome 6 : L&#039;atlas des r\u00e9gions naturelles - Librairie 7L\" \/>\n<meta property=\"og:description\" content=\"En route pour le tome 100 ! Avec cette \u00e9dition collector de One Piece 99, offrez un \u00e9crin \u00e0 la hauteur de la s\u00e9rie. R\u00e9alis\u00e9e en s\u00e9rie exclusive, cette version limit\u00e9e \u00e0 un seul tirage vous propose votre tome de One Piece dans un \u00e9tui en simili-cuir du plus bel effet. Avec lui, savourez les [&hellip;]\" \/>\n<meta property=\"og:url\" content=\"https:\/\/librairie7l.com\/en\/produit\/nelly-monnier-et-eric-tabuchi-tome-6-latlas-des-regions-naturelles-2\/\" \/>\n<meta property=\"og:site_name\" content=\"Librairie 7L\" \/>\n<meta property=\"article:modified_time\" content=\"2026-05-03T14:02:57+00:00\" \/>\n<meta property=\"og:image\" content=\"https:\/\/librairie7l.com\/wp-content\/uploads\/2024\/06\/9782490140558_1_75.jpg\" \/>\n\t<meta property=\"og:image:width\" content=\"263\" \/>\n\t<meta property=\"og:image:height\" content=\"500\" \/>\n\t<meta property=\"og:image:type\" content=\"image\/jpeg\" \/>\n<meta name=\"twitter:card\" content=\"summary_large_image\" \/>\n<script type=\"application\/ld+json\" class=\"yoast-schema-graph\">{\"@context\":\"https:\/\/schema.org\",\"@graph\":[{\"@type\":\"WebPage\",\"@id\":\"https:\/\/librairie7l.com\/en\/produit\/nelly-monnier-et-eric-tabuchi-tome-6-latlas-des-regions-naturelles-2\/\",\"url\":\"https:\/\/librairie7l.com\/en\/produit\/nelly-monnier-et-eric-tabuchi-tome-6-latlas-des-regions-naturelles-2\/\",\"name\":\"Nelly Monnier et Eric Tabuchi Tome 6 : L'atlas des r\u00e9gions naturelles - Librairie 7L\",\"isPartOf\":{\"@id\":\"https:\/\/librairie7l.com\/en\/#website\"},\"datePublished\":\"2024-11-08T08:17:40+00:00\",\"dateModified\":\"2026-05-03T14:02:57+00:00\",\"breadcrumb\":{\"@id\":\"https:\/\/librairie7l.com\/en\/produit\/nelly-monnier-et-eric-tabuchi-tome-6-latlas-des-regions-naturelles-2\/#breadcrumb\"},\"inLanguage\":\"en-US\",\"potentialAction\":[{\"@type\":\"ReadAction\",\"target\":[\"https:\/\/librairie7l.com\/en\/produit\/nelly-monnier-et-eric-tabuchi-tome-6-latlas-des-regions-naturelles-2\/\"]}]},{\"@type\":\"BreadcrumbList\",\"@id\":\"https:\/\/librairie7l.com\/en\/produit\/nelly-monnier-et-eric-tabuchi-tome-6-latlas-des-regions-naturelles-2\/#breadcrumb\",\"itemListElement\":[{\"@type\":\"ListItem\",\"position\":1,\"name\":\"Accueil\",\"item\":\"https:\/\/librairie7l.com\/en\/\"},{\"@type\":\"ListItem\",\"position\":2,\"name\":\"Shop\",\"item\":\"https:\/\/librairie7l.com\/en\/shop\/\"},{\"@type\":\"ListItem\",\"position\":3,\"name\":\"NELLY MONNIER ET ERIC TABUCHI TOME 6 : L&#8217;ATLAS DES R\u00c9GIONS NATURELLES\"}]},{\"@type\":\"WebSite\",\"@id\":\"https:\/\/librairie7l.com\/en\/#website\",\"url\":\"https:\/\/librairie7l.com\/en\/\",\"name\":\"Librairie 7L\",\"description\":\"Librairie fond\u00e9e en 1999 par Karl Lagerfeld \u00e0 Paris\",\"publisher\":{\"@id\":\"https:\/\/librairie7l.com\/en\/#organization\"},\"potentialAction\":[{\"@type\":\"SearchAction\",\"target\":{\"@type\":\"EntryPoint\",\"urlTemplate\":\"https:\/\/librairie7l.com\/en\/?s={search_term_string}\"},\"query-input\":\"required name=search_term_string\"}],\"inLanguage\":\"en-US\"},{\"@type\":\"Organization\",\"@id\":\"https:\/\/librairie7l.com\/en\/#organization\",\"name\":\"Librairie 7L\",\"url\":\"https:\/\/librairie7l.com\/en\/\",\"logo\":{\"@type\":\"ImageObject\",\"inLanguage\":\"en-US\",\"@id\":\"https:\/\/librairie7l.com\/en\/#\/schema\/logo\/image\/\",\"url\":\"https:\/\/librairie7l.com\/wp-content\/uploads\/2022\/08\/logo-1.png\",\"contentUrl\":\"https:\/\/librairie7l.com\/wp-content\/uploads\/2022\/08\/logo-1.png\",\"width\":227,\"height\":301,\"caption\":\"Librairie 7L\"},\"image\":{\"@id\":\"https:\/\/librairie7l.com\/en\/#\/schema\/logo\/image\/\"}}]}<\/script>\n<!-- \/ Yoast SEO plugin. -->","yoast_head_json":{"title":"Nelly Monnier et Eric Tabuchi Tome 6 : L'atlas des r\u00e9gions naturelles - Librairie 7L","robots":{"index":"index","follow":"follow","max-snippet":"max-snippet:-1","max-image-preview":"max-image-preview:large","max-video-preview":"max-video-preview:-1"},"canonical":"https:\/\/librairie7l.com\/en\/produit\/nelly-monnier-et-eric-tabuchi-tome-6-latlas-des-regions-naturelles-2\/","og_locale":"en_US","og_type":"article","og_title":"Nelly Monnier et Eric Tabuchi Tome 6 : L'atlas des r\u00e9gions naturelles - Librairie 7L","og_description":"En route pour le tome 100 ! Avec cette \u00e9dition collector de One Piece 99, offrez un \u00e9crin \u00e0 la hauteur de la s\u00e9rie. R\u00e9alis\u00e9e en s\u00e9rie exclusive, cette version limit\u00e9e \u00e0 un seul tirage vous propose votre tome de One Piece dans un \u00e9tui en simili-cuir du plus bel effet. Avec lui, savourez les [&hellip;]","og_url":"https:\/\/librairie7l.com\/en\/produit\/nelly-monnier-et-eric-tabuchi-tome-6-latlas-des-regions-naturelles-2\/","og_site_name":"Librairie 7L","article_modified_time":"2026-05-03T14:02:57+00:00","og_image":[{"width":263,"height":500,"url":"https:\/\/librairie7l.com\/wp-content\/uploads\/2024\/06\/9782490140558_1_75.jpg","type":"image\/jpeg"}],"twitter_card":"summary_large_image","schema":{"@context":"https:\/\/schema.org","@graph":[{"@type":"WebPage","@id":"https:\/\/librairie7l.com\/en\/produit\/nelly-monnier-et-eric-tabuchi-tome-6-latlas-des-regions-naturelles-2\/","url":"https:\/\/librairie7l.com\/en\/produit\/nelly-monnier-et-eric-tabuchi-tome-6-latlas-des-regions-naturelles-2\/","name":"Nelly Monnier et Eric Tabuchi Tome 6 : L'atlas des r\u00e9gions naturelles - Librairie 7L","isPartOf":{"@id":"https:\/\/librairie7l.com\/en\/#website"},"datePublished":"2024-11-08T08:17:40+00:00","dateModified":"2026-05-03T14:02:57+00:00","breadcrumb":{"@id":"https:\/\/librairie7l.com\/en\/produit\/nelly-monnier-et-eric-tabuchi-tome-6-latlas-des-regions-naturelles-2\/#breadcrumb"},"inLanguage":"en-US","potentialAction":[{"@type":"ReadAction","target":["https:\/\/librairie7l.com\/en\/produit\/nelly-monnier-et-eric-tabuchi-tome-6-latlas-des-regions-naturelles-2\/"]}]},{"@type":"BreadcrumbList","@id":"https:\/\/librairie7l.com\/en\/produit\/nelly-monnier-et-eric-tabuchi-tome-6-latlas-des-regions-naturelles-2\/#breadcrumb","itemListElement":[{"@type":"ListItem","position":1,"name":"Accueil","item":"https:\/\/librairie7l.com\/en\/"},{"@type":"ListItem","position":2,"name":"Shop","item":"https:\/\/librairie7l.com\/en\/shop\/"},{"@type":"ListItem","position":3,"name":"NELLY MONNIER ET ERIC TABUCHI TOME 6 : L&#8217;ATLAS DES R\u00c9GIONS NATURELLES"}]},{"@type":"WebSite","@id":"https:\/\/librairie7l.com\/en\/#website","url":"https:\/\/librairie7l.com\/en\/","name":"Librairie 7L","description":"Librairie fond\u00e9e en 1999 par Karl Lagerfeld \u00e0 Paris","publisher":{"@id":"https:\/\/librairie7l.com\/en\/#organization"},"potentialAction":[{"@type":"SearchAction","target":{"@type":"EntryPoint","urlTemplate":"https:\/\/librairie7l.com\/en\/?s={search_term_string}"},"query-input":"required name=search_term_string"}],"inLanguage":"en-US"},{"@type":"Organization","@id":"https:\/\/librairie7l.com\/en\/#organization","name":"Librairie 7L","url":"https:\/\/librairie7l.com\/en\/","logo":{"@type":"ImageObject","inLanguage":"en-US","@id":"https:\/\/librairie7l.com\/en\/#\/schema\/logo\/image\/","url":"https:\/\/librairie7l.com\/wp-content\/uploads\/2022\/08\/logo-1.png","contentUrl":"https:\/\/librairie7l.com\/wp-content\/uploads\/2022\/08\/logo-1.png","width":227,"height":301,"caption":"Librairie 7L"},"image":{"@id":"https:\/\/librairie7l.com\/en\/#\/schema\/logo\/image\/"}}]}},"_links":{"self":[{"href":"https:\/\/librairie7l.com\/en\/wp-json\/wp\/v2\/product\/44090"}],"collection":[{"href":"https:\/\/librairie7l.com\/en\/wp-json\/wp\/v2\/product"}],"about":[{"href":"https:\/\/librairie7l.com\/en\/wp-json\/wp\/v2\/types\/product"}],"wp:featuredmedia":[{"embeddable":true,"href":"https:\/\/librairie7l.com\/en\/wp-json\/wp\/v2\/media\/44088"}],"wp:attachment":[{"href":"https:\/\/librairie7l.com\/en\/wp-json\/wp\/v2\/media?parent=44090"}],"wp:term":[{"taxonomy":"product_cat","embeddable":true,"href":"https:\/\/librairie7l.com\/en\/wp-json\/wp\/v2\/product_cat?post=44090"},{"taxonomy":"product_tag","embeddable":true,"href":"https:\/\/librairie7l.com\/en\/wp-json\/wp\/v2\/product_tag?post=44090"}],"curies":[{"name":"wp","href":"https:\/\/api.w.org\/{rel}","templated":true}]}}