{"id":44094,"date":"2024-11-08T09:17:42","date_gmt":"2024-11-08T08:17:42","guid":{"rendered":"https:\/\/librairie7l.com\/?post_type=product&#038;p=44094"},"modified":"2026-05-03T05:06:35","modified_gmt":"2026-05-03T03:06:35","slug":"watercolours-by-finn-juhl-2","status":"publish","type":"product","link":"https:\/\/librairie7l.com\/en\/produit\/watercolours-by-finn-juhl-2\/","title":{"rendered":"WATERCOLOURS BY FINN JUHL"},"content":{"rendered":"<p>Connu pour son mobilier moderniste \u00e9pur\u00e9 et fonctionnel, Finn Juhl \u00e9tait \u00e9galement un excellent aquarelliste qui a utilis\u00e9 ce moyen pour r\u00e9aliser ses croquis de travail pendant toute sa carri\u00e8re. Cet ouvrage rassemble plus de125 aquarelles in\u00e9dites au charme intemporel, qui t\u00e9moignent de ses processus de travail et de l&#8217;\u00e9volution de son style.<\/p>\n","protected":false},"excerpt":{"rendered":"<p>Connu pour son mobilier moderniste \u00e9pur\u00e9 et fonctionnel, Finn Juhl \u00e9tait \u00e9galement un excellent aquarelliste qui a utilis\u00e9 ce moyen pour r\u00e9aliser ses croquis de travail pendant toute sa carri\u00e8re. Cet ouvrage rassemble plus de125 aquarelles in\u00e9dites au charme intemporel, qui t\u00e9moignent de ses processus de travail et de l&#8217;\u00e9volution de son style.<\/p>\n","protected":false},"featured_media":44092,"template":"","meta":[],"product_cat":[2948],"product_tag":[],"acf":[],"yoast_head":"<!-- This site is optimized with the Yoast SEO plugin v20.11 - https:\/\/yoast.com\/wordpress\/plugins\/seo\/ -->\n<title>Watercolours by finn juhl - Librairie 7L<\/title>\n<meta name=\"robots\" content=\"index, follow, max-snippet:-1, max-image-preview:large, max-video-preview:-1\" \/>\n<link rel=\"canonical\" href=\"https:\/\/librairie7l.com\/en\/produit\/watercolours-by-finn-juhl-2\/\" \/>\n<meta property=\"og:locale\" content=\"en_US\" \/>\n<meta property=\"og:type\" content=\"article\" \/>\n<meta property=\"og:title\" content=\"Watercolours by finn juhl - Librairie 7L\" \/>\n<meta property=\"og:description\" content=\"Connu pour son mobilier moderniste \u00e9pur\u00e9 et fonctionnel, Finn Juhl \u00e9tait \u00e9galement un excellent aquarelliste qui a utilis\u00e9 ce moyen pour r\u00e9aliser ses croquis de travail pendant toute sa carri\u00e8re. Cet ouvrage rassemble plus de125 aquarelles in\u00e9dites au charme intemporel, qui t\u00e9moignent de ses processus de travail et de l&#8217;\u00e9volution de son style.\" \/>\n<meta property=\"og:url\" content=\"https:\/\/librairie7l.com\/en\/produit\/watercolours-by-finn-juhl-2\/\" \/>\n<meta property=\"og:site_name\" content=\"Librairie 7L\" \/>\n<meta property=\"article:modified_time\" content=\"2026-05-03T03:06:35+00:00\" \/>\n<meta property=\"og:image\" content=\"https:\/\/librairie7l.com\/wp-content\/uploads\/2016\/06\/9783775742092_1_75.jpg\" \/>\n\t<meta property=\"og:image:width\" content=\"437\" \/>\n\t<meta property=\"og:image:height\" content=\"500\" \/>\n\t<meta property=\"og:image:type\" content=\"image\/jpeg\" \/>\n<meta name=\"twitter:card\" content=\"summary_large_image\" \/>\n<script type=\"application\/ld+json\" class=\"yoast-schema-graph\">{\"@context\":\"https:\/\/schema.org\",\"@graph\":[{\"@type\":\"WebPage\",\"@id\":\"https:\/\/librairie7l.com\/en\/produit\/watercolours-by-finn-juhl-2\/\",\"url\":\"https:\/\/librairie7l.com\/en\/produit\/watercolours-by-finn-juhl-2\/\",\"name\":\"Watercolours by finn juhl - Librairie 7L\",\"isPartOf\":{\"@id\":\"https:\/\/librairie7l.com\/en\/#website\"},\"datePublished\":\"2024-11-08T08:17:42+00:00\",\"dateModified\":\"2026-05-03T03:06:35+00:00\",\"breadcrumb\":{\"@id\":\"https:\/\/librairie7l.com\/en\/produit\/watercolours-by-finn-juhl-2\/#breadcrumb\"},\"inLanguage\":\"en-US\",\"potentialAction\":[{\"@type\":\"ReadAction\",\"target\":[\"https:\/\/librairie7l.com\/en\/produit\/watercolours-by-finn-juhl-2\/\"]}]},{\"@type\":\"BreadcrumbList\",\"@id\":\"https:\/\/librairie7l.com\/en\/produit\/watercolours-by-finn-juhl-2\/#breadcrumb\",\"itemListElement\":[{\"@type\":\"ListItem\",\"position\":1,\"name\":\"Accueil\",\"item\":\"https:\/\/librairie7l.com\/en\/\"},{\"@type\":\"ListItem\",\"position\":2,\"name\":\"Shop\",\"item\":\"https:\/\/librairie7l.com\/en\/shop\/\"},{\"@type\":\"ListItem\",\"position\":3,\"name\":\"WATERCOLOURS BY FINN JUHL\"}]},{\"@type\":\"WebSite\",\"@id\":\"https:\/\/librairie7l.com\/en\/#website\",\"url\":\"https:\/\/librairie7l.com\/en\/\",\"name\":\"Librairie 7L\",\"description\":\"Librairie fond\u00e9e en 1999 par Karl Lagerfeld \u00e0 Paris\",\"publisher\":{\"@id\":\"https:\/\/librairie7l.com\/en\/#organization\"},\"potentialAction\":[{\"@type\":\"SearchAction\",\"target\":{\"@type\":\"EntryPoint\",\"urlTemplate\":\"https:\/\/librairie7l.com\/en\/?s={search_term_string}\"},\"query-input\":\"required name=search_term_string\"}],\"inLanguage\":\"en-US\"},{\"@type\":\"Organization\",\"@id\":\"https:\/\/librairie7l.com\/en\/#organization\",\"name\":\"Librairie 7L\",\"url\":\"https:\/\/librairie7l.com\/en\/\",\"logo\":{\"@type\":\"ImageObject\",\"inLanguage\":\"en-US\",\"@id\":\"https:\/\/librairie7l.com\/en\/#\/schema\/logo\/image\/\",\"url\":\"https:\/\/librairie7l.com\/wp-content\/uploads\/2022\/08\/logo-1.png\",\"contentUrl\":\"https:\/\/librairie7l.com\/wp-content\/uploads\/2022\/08\/logo-1.png\",\"width\":227,\"height\":301,\"caption\":\"Librairie 7L\"},\"image\":{\"@id\":\"https:\/\/librairie7l.com\/en\/#\/schema\/logo\/image\/\"}}]}<\/script>\n<!-- \/ Yoast SEO plugin. -->","yoast_head_json":{"title":"Watercolours by finn juhl - Librairie 7L","robots":{"index":"index","follow":"follow","max-snippet":"max-snippet:-1","max-image-preview":"max-image-preview:large","max-video-preview":"max-video-preview:-1"},"canonical":"https:\/\/librairie7l.com\/en\/produit\/watercolours-by-finn-juhl-2\/","og_locale":"en_US","og_type":"article","og_title":"Watercolours by finn juhl - Librairie 7L","og_description":"Connu pour son mobilier moderniste \u00e9pur\u00e9 et fonctionnel, Finn Juhl \u00e9tait \u00e9galement un excellent aquarelliste qui a utilis\u00e9 ce moyen pour r\u00e9aliser ses croquis de travail pendant toute sa carri\u00e8re. Cet ouvrage rassemble plus de125 aquarelles in\u00e9dites au charme intemporel, qui t\u00e9moignent de ses processus de travail et de l&#8217;\u00e9volution de son style.","og_url":"https:\/\/librairie7l.com\/en\/produit\/watercolours-by-finn-juhl-2\/","og_site_name":"Librairie 7L","article_modified_time":"2026-05-03T03:06:35+00:00","og_image":[{"width":437,"height":500,"url":"https:\/\/librairie7l.com\/wp-content\/uploads\/2016\/06\/9783775742092_1_75.jpg","type":"image\/jpeg"}],"twitter_card":"summary_large_image","schema":{"@context":"https:\/\/schema.org","@graph":[{"@type":"WebPage","@id":"https:\/\/librairie7l.com\/en\/produit\/watercolours-by-finn-juhl-2\/","url":"https:\/\/librairie7l.com\/en\/produit\/watercolours-by-finn-juhl-2\/","name":"Watercolours by finn juhl - Librairie 7L","isPartOf":{"@id":"https:\/\/librairie7l.com\/en\/#website"},"datePublished":"2024-11-08T08:17:42+00:00","dateModified":"2026-05-03T03:06:35+00:00","breadcrumb":{"@id":"https:\/\/librairie7l.com\/en\/produit\/watercolours-by-finn-juhl-2\/#breadcrumb"},"inLanguage":"en-US","potentialAction":[{"@type":"ReadAction","target":["https:\/\/librairie7l.com\/en\/produit\/watercolours-by-finn-juhl-2\/"]}]},{"@type":"BreadcrumbList","@id":"https:\/\/librairie7l.com\/en\/produit\/watercolours-by-finn-juhl-2\/#breadcrumb","itemListElement":[{"@type":"ListItem","position":1,"name":"Accueil","item":"https:\/\/librairie7l.com\/en\/"},{"@type":"ListItem","position":2,"name":"Shop","item":"https:\/\/librairie7l.com\/en\/shop\/"},{"@type":"ListItem","position":3,"name":"WATERCOLOURS BY FINN JUHL"}]},{"@type":"WebSite","@id":"https:\/\/librairie7l.com\/en\/#website","url":"https:\/\/librairie7l.com\/en\/","name":"Librairie 7L","description":"Librairie fond\u00e9e en 1999 par Karl Lagerfeld \u00e0 Paris","publisher":{"@id":"https:\/\/librairie7l.com\/en\/#organization"},"potentialAction":[{"@type":"SearchAction","target":{"@type":"EntryPoint","urlTemplate":"https:\/\/librairie7l.com\/en\/?s={search_term_string}"},"query-input":"required name=search_term_string"}],"inLanguage":"en-US"},{"@type":"Organization","@id":"https:\/\/librairie7l.com\/en\/#organization","name":"Librairie 7L","url":"https:\/\/librairie7l.com\/en\/","logo":{"@type":"ImageObject","inLanguage":"en-US","@id":"https:\/\/librairie7l.com\/en\/#\/schema\/logo\/image\/","url":"https:\/\/librairie7l.com\/wp-content\/uploads\/2022\/08\/logo-1.png","contentUrl":"https:\/\/librairie7l.com\/wp-content\/uploads\/2022\/08\/logo-1.png","width":227,"height":301,"caption":"Librairie 7L"},"image":{"@id":"https:\/\/librairie7l.com\/en\/#\/schema\/logo\/image\/"}}]}},"_links":{"self":[{"href":"https:\/\/librairie7l.com\/en\/wp-json\/wp\/v2\/product\/44094"}],"collection":[{"href":"https:\/\/librairie7l.com\/en\/wp-json\/wp\/v2\/product"}],"about":[{"href":"https:\/\/librairie7l.com\/en\/wp-json\/wp\/v2\/types\/product"}],"wp:featuredmedia":[{"embeddable":true,"href":"https:\/\/librairie7l.com\/en\/wp-json\/wp\/v2\/media\/44092"}],"wp:attachment":[{"href":"https:\/\/librairie7l.com\/en\/wp-json\/wp\/v2\/media?parent=44094"}],"wp:term":[{"taxonomy":"product_cat","embeddable":true,"href":"https:\/\/librairie7l.com\/en\/wp-json\/wp\/v2\/product_cat?post=44094"},{"taxonomy":"product_tag","embeddable":true,"href":"https:\/\/librairie7l.com\/en\/wp-json\/wp\/v2\/product_tag?post=44094"}],"curies":[{"name":"wp","href":"https:\/\/api.w.org\/{rel}","templated":true}]}}