{"id":44112,"date":"2024-11-09T09:17:35","date_gmt":"2024-11-09T08:17:35","guid":{"rendered":"https:\/\/librairie7l.com\/?post_type=product&#038;p=44112"},"modified":"2026-04-08T17:18:29","modified_gmt":"2026-04-08T15:18:29","slug":"pierres-matieres-surfaces-a-la-villa-medicis-2","status":"publish","type":"product","link":"https:\/\/librairie7l.com\/en\/produit\/pierres-matieres-surfaces-a-la-villa-medicis-2\/","title":{"rendered":"PIERRES, MATI\u00c8RES, SURFACES \u00c0 LA VILLA M\u00c9DICIS"},"content":{"rendered":"<p>De la villa de Lucullus au palais d&#8217;Honorius, du casino du cardinal Giovanni Ricci da Montepulciano \u00e0 la villa de Ferdinand de M\u00e9dicis, la Villa M\u00e9dicis, si\u00e8ge de l&#8217;Acad\u00e9mie de France \u00e0 Rome depuis 1803, rec\u00e8le, dans ses pierres, mati\u00e8res et surfaces, plusieurs r\u00e9cits qui se croisent et s&#8217;entrecroisent. Les contributions r\u00e9unies dans ce volume, issues de l&#8217;histoire de l&#8217;art et de l&#8217;architecture, de la restauration ou de l&#8217;arch\u00e9ologie mais aussi de la litt\u00e9rature, portent une attention rapproch\u00e9e aux traces conserv\u00e9es dans les mat\u00e9riaux et leurs multiples sollicitations. De par leurs approches diverses, ces textes nous proposent de parcourir la Villa M\u00e9dicis en red\u00e9couvrant son \u00e9cosyst\u00e8me mat\u00e9riel, o\u00f9 se superposent des r\u00e9gimes de temporalit\u00e9 non lin\u00e9aires, nous invitant \u00e0 reconsid\u00e9rer notre propre rapport \u00e0 l&#8217;histoire et aux lieux patrimoniaux.<br \/>\nTextes de Francesca Alberti, Adri\u00e1n Fern\u00e1ndez Almoguera, Matthias Bruno, Hortense de Corneillan, Lucilla Fabrizi, Pierre-Antoine Gatier, Vincent Jolivet, Ga\u00eblle Obi\u00e9gly, Elisabetta Pallottino, Cl\u00e9ment P\u00e9riss\u00e9, Neville Rowley, Ariane Varela Braga.<\/p>\n","protected":false},"excerpt":{"rendered":"<p>De la villa de Lucullus au palais d&#8217;Honorius, du casino du cardinal Giovanni Ricci da Montepulciano \u00e0 la villa de Ferdinand de M\u00e9dicis, la Villa M\u00e9dicis, si\u00e8ge de l&#8217;Acad\u00e9mie de France \u00e0 Rome depuis 1803, rec\u00e8le, dans ses pierres, mati\u00e8res et surfaces, plusieurs r\u00e9cits qui se croisent et s&#8217;entrecroisent. Les contributions r\u00e9unies dans ce volume, [&hellip;]<\/p>\n","protected":false},"featured_media":44110,"template":"","meta":[],"product_cat":[2948],"product_tag":[],"acf":[],"yoast_head":"<!-- This site is optimized with the Yoast SEO plugin v20.11 - https:\/\/yoast.com\/wordpress\/plugins\/seo\/ -->\n<title>Pierres, mati\u00e8res, surfaces \u00e0 la Villa M\u00e9dicis - Librairie 7L<\/title>\n<meta name=\"robots\" content=\"index, follow, max-snippet:-1, max-image-preview:large, max-video-preview:-1\" \/>\n<link rel=\"canonical\" href=\"https:\/\/librairie7l.com\/en\/produit\/pierres-matieres-surfaces-a-la-villa-medicis-2\/\" \/>\n<meta property=\"og:locale\" content=\"en_US\" \/>\n<meta property=\"og:type\" content=\"article\" \/>\n<meta property=\"og:title\" content=\"Pierres, mati\u00e8res, surfaces \u00e0 la Villa M\u00e9dicis - Librairie 7L\" \/>\n<meta property=\"og:description\" content=\"De la villa de Lucullus au palais d&#8217;Honorius, du casino du cardinal Giovanni Ricci da Montepulciano \u00e0 la villa de Ferdinand de M\u00e9dicis, la Villa M\u00e9dicis, si\u00e8ge de l&#8217;Acad\u00e9mie de France \u00e0 Rome depuis 1803, rec\u00e8le, dans ses pierres, mati\u00e8res et surfaces, plusieurs r\u00e9cits qui se croisent et s&#8217;entrecroisent. Les contributions r\u00e9unies dans ce volume, [&hellip;]\" \/>\n<meta property=\"og:url\" content=\"https:\/\/librairie7l.com\/en\/produit\/pierres-matieres-surfaces-a-la-villa-medicis-2\/\" \/>\n<meta property=\"og:site_name\" content=\"Librairie 7L\" \/>\n<meta property=\"article:modified_time\" content=\"2026-04-08T15:18:29+00:00\" \/>\n<meta property=\"og:image\" content=\"https:\/\/librairie7l.com\/wp-content\/uploads\/2024\/03\/9788836657926_1_75.jpg\" \/>\n\t<meta property=\"og:image:width\" content=\"600\" \/>\n\t<meta property=\"og:image:height\" content=\"863\" \/>\n\t<meta property=\"og:image:type\" content=\"image\/jpeg\" \/>\n<meta name=\"twitter:card\" content=\"summary_large_image\" \/>\n<meta name=\"twitter:label1\" content=\"Est. reading time\" \/>\n\t<meta name=\"twitter:data1\" content=\"1 minute\" \/>\n<script type=\"application\/ld+json\" class=\"yoast-schema-graph\">{\"@context\":\"https:\/\/schema.org\",\"@graph\":[{\"@type\":\"WebPage\",\"@id\":\"https:\/\/librairie7l.com\/en\/produit\/pierres-matieres-surfaces-a-la-villa-medicis-2\/\",\"url\":\"https:\/\/librairie7l.com\/en\/produit\/pierres-matieres-surfaces-a-la-villa-medicis-2\/\",\"name\":\"Pierres, mati\u00e8res, surfaces \u00e0 la Villa M\u00e9dicis - Librairie 7L\",\"isPartOf\":{\"@id\":\"https:\/\/librairie7l.com\/en\/#website\"},\"datePublished\":\"2024-11-09T08:17:35+00:00\",\"dateModified\":\"2026-04-08T15:18:29+00:00\",\"breadcrumb\":{\"@id\":\"https:\/\/librairie7l.com\/en\/produit\/pierres-matieres-surfaces-a-la-villa-medicis-2\/#breadcrumb\"},\"inLanguage\":\"en-US\",\"potentialAction\":[{\"@type\":\"ReadAction\",\"target\":[\"https:\/\/librairie7l.com\/en\/produit\/pierres-matieres-surfaces-a-la-villa-medicis-2\/\"]}]},{\"@type\":\"BreadcrumbList\",\"@id\":\"https:\/\/librairie7l.com\/en\/produit\/pierres-matieres-surfaces-a-la-villa-medicis-2\/#breadcrumb\",\"itemListElement\":[{\"@type\":\"ListItem\",\"position\":1,\"name\":\"Accueil\",\"item\":\"https:\/\/librairie7l.com\/en\/\"},{\"@type\":\"ListItem\",\"position\":2,\"name\":\"Shop\",\"item\":\"https:\/\/librairie7l.com\/en\/shop\/\"},{\"@type\":\"ListItem\",\"position\":3,\"name\":\"PIERRES, MATI\u00c8RES, SURFACES \u00c0 LA VILLA M\u00c9DICIS\"}]},{\"@type\":\"WebSite\",\"@id\":\"https:\/\/librairie7l.com\/en\/#website\",\"url\":\"https:\/\/librairie7l.com\/en\/\",\"name\":\"Librairie 7L\",\"description\":\"Librairie fond\u00e9e en 1999 par Karl Lagerfeld \u00e0 Paris\",\"publisher\":{\"@id\":\"https:\/\/librairie7l.com\/en\/#organization\"},\"potentialAction\":[{\"@type\":\"SearchAction\",\"target\":{\"@type\":\"EntryPoint\",\"urlTemplate\":\"https:\/\/librairie7l.com\/en\/?s={search_term_string}\"},\"query-input\":\"required name=search_term_string\"}],\"inLanguage\":\"en-US\"},{\"@type\":\"Organization\",\"@id\":\"https:\/\/librairie7l.com\/en\/#organization\",\"name\":\"Librairie 7L\",\"url\":\"https:\/\/librairie7l.com\/en\/\",\"logo\":{\"@type\":\"ImageObject\",\"inLanguage\":\"en-US\",\"@id\":\"https:\/\/librairie7l.com\/en\/#\/schema\/logo\/image\/\",\"url\":\"https:\/\/librairie7l.com\/wp-content\/uploads\/2022\/08\/logo-1.png\",\"contentUrl\":\"https:\/\/librairie7l.com\/wp-content\/uploads\/2022\/08\/logo-1.png\",\"width\":227,\"height\":301,\"caption\":\"Librairie 7L\"},\"image\":{\"@id\":\"https:\/\/librairie7l.com\/en\/#\/schema\/logo\/image\/\"}}]}<\/script>\n<!-- \/ Yoast SEO plugin. -->","yoast_head_json":{"title":"Pierres, mati\u00e8res, surfaces \u00e0 la Villa M\u00e9dicis - Librairie 7L","robots":{"index":"index","follow":"follow","max-snippet":"max-snippet:-1","max-image-preview":"max-image-preview:large","max-video-preview":"max-video-preview:-1"},"canonical":"https:\/\/librairie7l.com\/en\/produit\/pierres-matieres-surfaces-a-la-villa-medicis-2\/","og_locale":"en_US","og_type":"article","og_title":"Pierres, mati\u00e8res, surfaces \u00e0 la Villa M\u00e9dicis - Librairie 7L","og_description":"De la villa de Lucullus au palais d&#8217;Honorius, du casino du cardinal Giovanni Ricci da Montepulciano \u00e0 la villa de Ferdinand de M\u00e9dicis, la Villa M\u00e9dicis, si\u00e8ge de l&#8217;Acad\u00e9mie de France \u00e0 Rome depuis 1803, rec\u00e8le, dans ses pierres, mati\u00e8res et surfaces, plusieurs r\u00e9cits qui se croisent et s&#8217;entrecroisent. Les contributions r\u00e9unies dans ce volume, [&hellip;]","og_url":"https:\/\/librairie7l.com\/en\/produit\/pierres-matieres-surfaces-a-la-villa-medicis-2\/","og_site_name":"Librairie 7L","article_modified_time":"2026-04-08T15:18:29+00:00","og_image":[{"width":600,"height":863,"url":"https:\/\/librairie7l.com\/wp-content\/uploads\/2024\/03\/9788836657926_1_75.jpg","type":"image\/jpeg"}],"twitter_card":"summary_large_image","twitter_misc":{"Est. reading time":"1 minute"},"schema":{"@context":"https:\/\/schema.org","@graph":[{"@type":"WebPage","@id":"https:\/\/librairie7l.com\/en\/produit\/pierres-matieres-surfaces-a-la-villa-medicis-2\/","url":"https:\/\/librairie7l.com\/en\/produit\/pierres-matieres-surfaces-a-la-villa-medicis-2\/","name":"Pierres, mati\u00e8res, surfaces \u00e0 la Villa M\u00e9dicis - Librairie 7L","isPartOf":{"@id":"https:\/\/librairie7l.com\/en\/#website"},"datePublished":"2024-11-09T08:17:35+00:00","dateModified":"2026-04-08T15:18:29+00:00","breadcrumb":{"@id":"https:\/\/librairie7l.com\/en\/produit\/pierres-matieres-surfaces-a-la-villa-medicis-2\/#breadcrumb"},"inLanguage":"en-US","potentialAction":[{"@type":"ReadAction","target":["https:\/\/librairie7l.com\/en\/produit\/pierres-matieres-surfaces-a-la-villa-medicis-2\/"]}]},{"@type":"BreadcrumbList","@id":"https:\/\/librairie7l.com\/en\/produit\/pierres-matieres-surfaces-a-la-villa-medicis-2\/#breadcrumb","itemListElement":[{"@type":"ListItem","position":1,"name":"Accueil","item":"https:\/\/librairie7l.com\/en\/"},{"@type":"ListItem","position":2,"name":"Shop","item":"https:\/\/librairie7l.com\/en\/shop\/"},{"@type":"ListItem","position":3,"name":"PIERRES, MATI\u00c8RES, SURFACES \u00c0 LA VILLA M\u00c9DICIS"}]},{"@type":"WebSite","@id":"https:\/\/librairie7l.com\/en\/#website","url":"https:\/\/librairie7l.com\/en\/","name":"Librairie 7L","description":"Librairie fond\u00e9e en 1999 par Karl Lagerfeld \u00e0 Paris","publisher":{"@id":"https:\/\/librairie7l.com\/en\/#organization"},"potentialAction":[{"@type":"SearchAction","target":{"@type":"EntryPoint","urlTemplate":"https:\/\/librairie7l.com\/en\/?s={search_term_string}"},"query-input":"required name=search_term_string"}],"inLanguage":"en-US"},{"@type":"Organization","@id":"https:\/\/librairie7l.com\/en\/#organization","name":"Librairie 7L","url":"https:\/\/librairie7l.com\/en\/","logo":{"@type":"ImageObject","inLanguage":"en-US","@id":"https:\/\/librairie7l.com\/en\/#\/schema\/logo\/image\/","url":"https:\/\/librairie7l.com\/wp-content\/uploads\/2022\/08\/logo-1.png","contentUrl":"https:\/\/librairie7l.com\/wp-content\/uploads\/2022\/08\/logo-1.png","width":227,"height":301,"caption":"Librairie 7L"},"image":{"@id":"https:\/\/librairie7l.com\/en\/#\/schema\/logo\/image\/"}}]}},"_links":{"self":[{"href":"https:\/\/librairie7l.com\/en\/wp-json\/wp\/v2\/product\/44112"}],"collection":[{"href":"https:\/\/librairie7l.com\/en\/wp-json\/wp\/v2\/product"}],"about":[{"href":"https:\/\/librairie7l.com\/en\/wp-json\/wp\/v2\/types\/product"}],"wp:featuredmedia":[{"embeddable":true,"href":"https:\/\/librairie7l.com\/en\/wp-json\/wp\/v2\/media\/44110"}],"wp:attachment":[{"href":"https:\/\/librairie7l.com\/en\/wp-json\/wp\/v2\/media?parent=44112"}],"wp:term":[{"taxonomy":"product_cat","embeddable":true,"href":"https:\/\/librairie7l.com\/en\/wp-json\/wp\/v2\/product_cat?post=44112"},{"taxonomy":"product_tag","embeddable":true,"href":"https:\/\/librairie7l.com\/en\/wp-json\/wp\/v2\/product_tag?post=44112"}],"curies":[{"name":"wp","href":"https:\/\/api.w.org\/{rel}","templated":true}]}}