{"id":44116,"date":"2024-11-09T22:13:56","date_gmt":"2024-11-09T21:13:56","guid":{"rendered":"https:\/\/librairie7l.com\/?post_type=product&#038;p=44116"},"modified":"2026-04-16T22:06:38","modified_gmt":"2026-04-16T20:06:38","slug":"peter-beard-2","status":"publish","type":"product","link":"https:\/\/librairie7l.com\/en\/produit\/peter-beard-2\/","title":{"rendered":"PETER BEARD"},"content":{"rendered":"<p>Artiste, auteur de journaux intimes, collectionneur et \u00e9crivain, Peter Beard (1938-2020) a fait de sa vie une oeuvre d&#8217;art; les journaux intimes illustr\u00e9s qu&#8217;il commence \u00e0 tenir dans sa jeunesse se changent progressivement en oeuvres d&#8217;art, valant \u00e0 l&#8217;artiste une place centrale dans le monde de l&#8217;art international. Il a collabor\u00e9 avec Francis Bacon et Salvador Dali; il a \u00e9crit des journaux intimes avec Andy Warhol, est parti en tourn\u00e9e avec Truman Capote, Terry Southern et les Rolling Stones. Il s&#8217;est plong\u00e9 dans le monde de la mode pour ses belles femmes, emmenant des stars de Vogue comme Veruschka en Afrique et en ramenant de nouvelles avec lui aux \u00c9tats-Unis.<\/p>\n<p>Apr\u00e8s avoir pass\u00e9 un temps cons\u00e9quent au Kenya et s&#8217;\u00eatre li\u00e9 d&#8217;amiti\u00e9 avec l&#8217;auteur Isak Dinesen (Karen Blixen) au d\u00e9but des ann\u00e9es 1960, Beard acheta 20 hectares \u00e0 c\u00f4t\u00e9 de sa ferme avec la ferme intention de filmer et d&#8217;\u00e9crire sur la terre, sa flore et sa faune. Il assista ainsi aux pr\u00e9mices de l&#8217;explosion d\u00e9mographique au Kenya, qui mit en p\u00e9ril les ressources limit\u00e9es du pays et perturba la vie de la faune, notamment celle des \u00e9l\u00e9phants du Tsavo, d\u00e9cim\u00e9s par la famine, qui meurent alors par dizaines de milliers sur des terres nues dont les arbres ont \u00e9t\u00e9 mang\u00e9s. Il t\u00e9moigne de ce qu&#8217;il voit &#8211; dans son journal, dans ses photographies et ses collages. Il navigue \u00e0 contre-courant en publiant des recueils uniques et parfois choquants de ce travail de t\u00e9moin, dont The End of the Game. Les cadavres n&#8217;y \u00e9taient pas recouverts, les faits relat\u00e9s avec pr\u00e9cision, parfois tap\u00e9s \u00e0 la machine, le plus souvent r\u00e9dig\u00e9s \u00e0 la main. Beard a utilis\u00e9 ses clich\u00e9s comme des toiles de fond sur lesquelles il a superpos\u00e9 feuilles de liaison, tickets, billets, cartes postales, objets trouv\u00e9s, coupures de presse, palimpseste qu&#8217;il orne ensuite de sa petite \u00e9criture m\u00e9ticuleuse et d\u00e9corative, de dessins inspir\u00e9s des grands ma\u00eetres, et utilise souvent du sang animal comme pigment.<\/p>\n<p>En 2006, TASCHEN a publi\u00e9 le livre qui en est venu \u00e0 d\u00e9finir son oeuvre, sign\u00e9 par l&#8217;artiste en personne et \u00e9dit\u00e9 en deux volumes. Le premier tirage a \u00e9t\u00e9 \u00e9puis\u00e9 en quelques semaines pour devenir un objet de collection tr\u00e8s recherch\u00e9. Aujourd&#8217;hui ce livre qui \u00e9tait introuvable est disponible en un seul volume grand format.<\/p>\n","protected":false},"excerpt":{"rendered":"<p>Artiste, auteur de journaux intimes, collectionneur et \u00e9crivain, Peter Beard (1938-2020) a fait de sa vie une oeuvre d&#8217;art; les journaux intimes illustr\u00e9s qu&#8217;il commence \u00e0 tenir dans sa jeunesse se changent progressivement en oeuvres d&#8217;art, valant \u00e0 l&#8217;artiste une place centrale dans le monde de l&#8217;art international. Il a collabor\u00e9 avec Francis Bacon et [&hellip;]<\/p>\n","protected":false},"featured_media":44114,"template":"","meta":[],"product_cat":[7364,2948],"product_tag":[],"acf":[],"yoast_head":"<!-- This site is optimized with the Yoast SEO plugin v20.11 - https:\/\/yoast.com\/wordpress\/plugins\/seo\/ -->\n<title>Peter Beard - Librairie 7L<\/title>\n<meta name=\"robots\" content=\"index, follow, max-snippet:-1, max-image-preview:large, max-video-preview:-1\" \/>\n<link rel=\"canonical\" href=\"https:\/\/librairie7l.com\/en\/produit\/peter-beard-2\/\" \/>\n<meta property=\"og:locale\" content=\"en_US\" \/>\n<meta property=\"og:type\" content=\"article\" \/>\n<meta property=\"og:title\" content=\"Peter Beard - Librairie 7L\" \/>\n<meta property=\"og:description\" content=\"Artiste, auteur de journaux intimes, collectionneur et \u00e9crivain, Peter Beard (1938-2020) a fait de sa vie une oeuvre d&#8217;art; les journaux intimes illustr\u00e9s qu&#8217;il commence \u00e0 tenir dans sa jeunesse se changent progressivement en oeuvres d&#8217;art, valant \u00e0 l&#8217;artiste une place centrale dans le monde de l&#8217;art international. Il a collabor\u00e9 avec Francis Bacon et [&hellip;]\" \/>\n<meta property=\"og:url\" content=\"https:\/\/librairie7l.com\/en\/produit\/peter-beard-2\/\" \/>\n<meta property=\"og:site_name\" content=\"Librairie 7L\" \/>\n<meta property=\"article:modified_time\" content=\"2026-04-16T20:06:38+00:00\" \/>\n<meta property=\"og:image\" content=\"https:\/\/librairie7l.com\/wp-content\/uploads\/2019\/06\/9783836577427_1_75.jpg\" \/>\n\t<meta property=\"og:image:width\" content=\"600\" \/>\n\t<meta property=\"og:image:height\" content=\"817\" \/>\n\t<meta property=\"og:image:type\" content=\"image\/jpeg\" \/>\n<meta name=\"twitter:card\" content=\"summary_large_image\" \/>\n<meta name=\"twitter:label1\" content=\"Est. reading time\" \/>\n\t<meta name=\"twitter:data1\" content=\"2 minutes\" \/>\n<script type=\"application\/ld+json\" class=\"yoast-schema-graph\">{\"@context\":\"https:\/\/schema.org\",\"@graph\":[{\"@type\":\"WebPage\",\"@id\":\"https:\/\/librairie7l.com\/en\/produit\/peter-beard-2\/\",\"url\":\"https:\/\/librairie7l.com\/en\/produit\/peter-beard-2\/\",\"name\":\"Peter Beard - Librairie 7L\",\"isPartOf\":{\"@id\":\"https:\/\/librairie7l.com\/en\/#website\"},\"datePublished\":\"2024-11-09T21:13:56+00:00\",\"dateModified\":\"2026-04-16T20:06:38+00:00\",\"breadcrumb\":{\"@id\":\"https:\/\/librairie7l.com\/en\/produit\/peter-beard-2\/#breadcrumb\"},\"inLanguage\":\"en-US\",\"potentialAction\":[{\"@type\":\"ReadAction\",\"target\":[\"https:\/\/librairie7l.com\/en\/produit\/peter-beard-2\/\"]}]},{\"@type\":\"BreadcrumbList\",\"@id\":\"https:\/\/librairie7l.com\/en\/produit\/peter-beard-2\/#breadcrumb\",\"itemListElement\":[{\"@type\":\"ListItem\",\"position\":1,\"name\":\"Accueil\",\"item\":\"https:\/\/librairie7l.com\/en\/\"},{\"@type\":\"ListItem\",\"position\":2,\"name\":\"Shop\",\"item\":\"https:\/\/librairie7l.com\/en\/shop\/\"},{\"@type\":\"ListItem\",\"position\":3,\"name\":\"PETER BEARD\"}]},{\"@type\":\"WebSite\",\"@id\":\"https:\/\/librairie7l.com\/en\/#website\",\"url\":\"https:\/\/librairie7l.com\/en\/\",\"name\":\"Librairie 7L\",\"description\":\"Librairie fond\u00e9e en 1999 par Karl Lagerfeld \u00e0 Paris\",\"publisher\":{\"@id\":\"https:\/\/librairie7l.com\/en\/#organization\"},\"potentialAction\":[{\"@type\":\"SearchAction\",\"target\":{\"@type\":\"EntryPoint\",\"urlTemplate\":\"https:\/\/librairie7l.com\/en\/?s={search_term_string}\"},\"query-input\":\"required name=search_term_string\"}],\"inLanguage\":\"en-US\"},{\"@type\":\"Organization\",\"@id\":\"https:\/\/librairie7l.com\/en\/#organization\",\"name\":\"Librairie 7L\",\"url\":\"https:\/\/librairie7l.com\/en\/\",\"logo\":{\"@type\":\"ImageObject\",\"inLanguage\":\"en-US\",\"@id\":\"https:\/\/librairie7l.com\/en\/#\/schema\/logo\/image\/\",\"url\":\"https:\/\/librairie7l.com\/wp-content\/uploads\/2022\/08\/logo-1.png\",\"contentUrl\":\"https:\/\/librairie7l.com\/wp-content\/uploads\/2022\/08\/logo-1.png\",\"width\":227,\"height\":301,\"caption\":\"Librairie 7L\"},\"image\":{\"@id\":\"https:\/\/librairie7l.com\/en\/#\/schema\/logo\/image\/\"}}]}<\/script>\n<!-- \/ Yoast SEO plugin. -->","yoast_head_json":{"title":"Peter Beard - Librairie 7L","robots":{"index":"index","follow":"follow","max-snippet":"max-snippet:-1","max-image-preview":"max-image-preview:large","max-video-preview":"max-video-preview:-1"},"canonical":"https:\/\/librairie7l.com\/en\/produit\/peter-beard-2\/","og_locale":"en_US","og_type":"article","og_title":"Peter Beard - Librairie 7L","og_description":"Artiste, auteur de journaux intimes, collectionneur et \u00e9crivain, Peter Beard (1938-2020) a fait de sa vie une oeuvre d&#8217;art; les journaux intimes illustr\u00e9s qu&#8217;il commence \u00e0 tenir dans sa jeunesse se changent progressivement en oeuvres d&#8217;art, valant \u00e0 l&#8217;artiste une place centrale dans le monde de l&#8217;art international. Il a collabor\u00e9 avec Francis Bacon et [&hellip;]","og_url":"https:\/\/librairie7l.com\/en\/produit\/peter-beard-2\/","og_site_name":"Librairie 7L","article_modified_time":"2026-04-16T20:06:38+00:00","og_image":[{"width":600,"height":817,"url":"https:\/\/librairie7l.com\/wp-content\/uploads\/2019\/06\/9783836577427_1_75.jpg","type":"image\/jpeg"}],"twitter_card":"summary_large_image","twitter_misc":{"Est. reading time":"2 minutes"},"schema":{"@context":"https:\/\/schema.org","@graph":[{"@type":"WebPage","@id":"https:\/\/librairie7l.com\/en\/produit\/peter-beard-2\/","url":"https:\/\/librairie7l.com\/en\/produit\/peter-beard-2\/","name":"Peter Beard - Librairie 7L","isPartOf":{"@id":"https:\/\/librairie7l.com\/en\/#website"},"datePublished":"2024-11-09T21:13:56+00:00","dateModified":"2026-04-16T20:06:38+00:00","breadcrumb":{"@id":"https:\/\/librairie7l.com\/en\/produit\/peter-beard-2\/#breadcrumb"},"inLanguage":"en-US","potentialAction":[{"@type":"ReadAction","target":["https:\/\/librairie7l.com\/en\/produit\/peter-beard-2\/"]}]},{"@type":"BreadcrumbList","@id":"https:\/\/librairie7l.com\/en\/produit\/peter-beard-2\/#breadcrumb","itemListElement":[{"@type":"ListItem","position":1,"name":"Accueil","item":"https:\/\/librairie7l.com\/en\/"},{"@type":"ListItem","position":2,"name":"Shop","item":"https:\/\/librairie7l.com\/en\/shop\/"},{"@type":"ListItem","position":3,"name":"PETER BEARD"}]},{"@type":"WebSite","@id":"https:\/\/librairie7l.com\/en\/#website","url":"https:\/\/librairie7l.com\/en\/","name":"Librairie 7L","description":"Librairie fond\u00e9e en 1999 par Karl Lagerfeld \u00e0 Paris","publisher":{"@id":"https:\/\/librairie7l.com\/en\/#organization"},"potentialAction":[{"@type":"SearchAction","target":{"@type":"EntryPoint","urlTemplate":"https:\/\/librairie7l.com\/en\/?s={search_term_string}"},"query-input":"required name=search_term_string"}],"inLanguage":"en-US"},{"@type":"Organization","@id":"https:\/\/librairie7l.com\/en\/#organization","name":"Librairie 7L","url":"https:\/\/librairie7l.com\/en\/","logo":{"@type":"ImageObject","inLanguage":"en-US","@id":"https:\/\/librairie7l.com\/en\/#\/schema\/logo\/image\/","url":"https:\/\/librairie7l.com\/wp-content\/uploads\/2022\/08\/logo-1.png","contentUrl":"https:\/\/librairie7l.com\/wp-content\/uploads\/2022\/08\/logo-1.png","width":227,"height":301,"caption":"Librairie 7L"},"image":{"@id":"https:\/\/librairie7l.com\/en\/#\/schema\/logo\/image\/"}}]}},"_links":{"self":[{"href":"https:\/\/librairie7l.com\/en\/wp-json\/wp\/v2\/product\/44116"}],"collection":[{"href":"https:\/\/librairie7l.com\/en\/wp-json\/wp\/v2\/product"}],"about":[{"href":"https:\/\/librairie7l.com\/en\/wp-json\/wp\/v2\/types\/product"}],"wp:featuredmedia":[{"embeddable":true,"href":"https:\/\/librairie7l.com\/en\/wp-json\/wp\/v2\/media\/44114"}],"wp:attachment":[{"href":"https:\/\/librairie7l.com\/en\/wp-json\/wp\/v2\/media?parent=44116"}],"wp:term":[{"taxonomy":"product_cat","embeddable":true,"href":"https:\/\/librairie7l.com\/en\/wp-json\/wp\/v2\/product_cat?post=44116"},{"taxonomy":"product_tag","embeddable":true,"href":"https:\/\/librairie7l.com\/en\/wp-json\/wp\/v2\/product_tag?post=44116"}],"curies":[{"name":"wp","href":"https:\/\/api.w.org\/{rel}","templated":true}]}}