{"id":44191,"date":"2024-11-13T09:18:08","date_gmt":"2024-11-13T08:18:08","guid":{"rendered":"https:\/\/librairie7l.com\/?post_type=product&#038;p=44191"},"modified":"2026-04-16T17:39:54","modified_gmt":"2026-04-16T15:39:54","slug":"jean-cocteau-the-jugglers-revenge-2","status":"publish","type":"product","link":"https:\/\/librairie7l.com\/en\/produit\/jean-cocteau-the-jugglers-revenge-2\/","title":{"rendered":"JEAN COCTEAU : THE JUGGLER&#8217;S REVENGE"},"content":{"rendered":"<p>Brillante, sorprendente e poliedrico. \u00c8 Jean Cocteau (1889-1963), artista francese che ha lasciato un segno come disegnatore, regista, scenografo, muralista, designer di gioielli e di abiti. La poesia, tratto fondante del suo inconfondibile stile, \u00e8 caratterizzata da atmosfere mitologiche e circensi e da una scrittura spiazzante che accompagner\u00e0 sempre la sua infinit\u00e0 di creazioni nei campi pi\u00f9 disparati. In occasione della prima retrospettiva in Italia dedicata all&#8217;artista, allestita alla Collezione Peggy Guggenheim di Venezia, esce per Marsilio Arte il libro Jean Cocteau. La rivincita del giocoliere di Kenneth E. Silver, con un saggio di Blake Oetting (Orfeo, due e pi\u00f9 volte: i riverberi queer di Jean Cocteau). Lo spazio espositivo \u00e8 anche un omaggio all&#8217;amicizia che leg\u00f2 l&#8217;artista a Peggy Guggenheim. Fu lui, infatti, a incoraggiare la giovane collezionista ad aprire nel 1938 la galleria londinese Guggenheim Jeune. Guggenheim ricambi\u00f2 il sostegno ospitando pi\u00f9 opere di Cocteau, all&#8217;epoca amico e consulente artistico di Marcel Duchamp. Da quel momento l&#8217;artista inizi\u00f2 a frequentare la casa della mecenate newyorchese a Venezia, a Palazzo Vernier dei Leoni, innamorandosi della citt\u00e0. Guggenheim ribad\u00ec pi\u00f9 volte che la parola era un mezzo di espressione che Cocteau utilizzava con virtuosismo da acrobata. La rivincita del giocoliere \u00e8 un richiamo alla sua abilit\u00e0 di riuscire ad attraversare gli ambiti pi\u00f9 disparati con uno sguardo trasversale, capace di cogliere e mettere in relazione l&#8217;estetica e la storia. Nel suo primo libro, La spaccata, lo stesso Cocteau si dice affascinato dagli artisti delle giostre e del circo, tanto che pi\u00f9 avanti, a carriera avviata, inserir\u00e0 due acrobati e un prestigiatore cinese nel libretto del balletto Parade, e il mago Merlino in I cavalieri della tavola rotonda. Fonte inesauribile di creativit\u00e0 e visioni, il genio di Cocteau si manifesta nei romanzi, tra cui Il libro bianco, in film come Il sangue di un poeta, con Lee Miller nei panni di una statura greca che prende vita, e nella Macchina infernale, rivisitazione dell&#8217;Edipo Re, solo per citare alcuni dei suoi capolavori. Cocteau stesso si racconta definendosi \u00abuna menzogna che dice sempre la verit\u00e0\u00bb: nella sua opera si serve regolarmente del mito per presentare una storia e allo stesso tempo \u00abriempirla di codici, costringendo il pubblico ad andare alla ricerca di ci\u00f2 che \u00e8 nascosto, come giocasse a nascondino\u00bb. La rivincita del giocoliere abbraccia la versatilit\u00e0 per cui l&#8217;artista \u00e8 stato spesso criticato dai suoi contemporanei, ripercorrendo lo sviluppo della sua estetica e i momenti chiave della sua vita tumultuosa attraverso opere create con tecniche e mezzi differenti. Una selezione di disegni evidenzia la centralit\u00e0 del desiderio e della sensualit\u00e0 che contraddistinsero sempre la sua arte.<\/p>\n","protected":false},"excerpt":{"rendered":"<p>Brillante, sorprendente e poliedrico. \u00c8 Jean Cocteau (1889-1963), artista francese che ha lasciato un segno come disegnatore, regista, scenografo, muralista, designer di gioielli e di abiti. La poesia, tratto fondante del suo inconfondibile stile, \u00e8 caratterizzata da atmosfere mitologiche e circensi e da una scrittura spiazzante che accompagner\u00e0 sempre la sua infinit\u00e0 di creazioni nei [&hellip;]<\/p>\n","protected":false},"featured_media":44189,"template":"","meta":[],"product_cat":[2948],"product_tag":[],"acf":[],"yoast_head":"<!-- This site is optimized with the Yoast SEO plugin v20.11 - https:\/\/yoast.com\/wordpress\/plugins\/seo\/ -->\n<title>Jean cocteau : The juggler&#039;s revenge - Librairie 7L<\/title>\n<meta name=\"robots\" content=\"index, follow, max-snippet:-1, max-image-preview:large, max-video-preview:-1\" \/>\n<link rel=\"canonical\" href=\"https:\/\/librairie7l.com\/en\/produit\/jean-cocteau-the-jugglers-revenge-2\/\" \/>\n<meta property=\"og:locale\" content=\"en_US\" \/>\n<meta property=\"og:type\" content=\"article\" \/>\n<meta property=\"og:title\" content=\"Jean cocteau : The juggler&#039;s revenge - Librairie 7L\" \/>\n<meta property=\"og:description\" content=\"Brillante, sorprendente e poliedrico. \u00c8 Jean Cocteau (1889-1963), artista francese che ha lasciato un segno come disegnatore, regista, scenografo, muralista, designer di gioielli e di abiti. La poesia, tratto fondante del suo inconfondibile stile, \u00e8 caratterizzata da atmosfere mitologiche e circensi e da una scrittura spiazzante che accompagner\u00e0 sempre la sua infinit\u00e0 di creazioni nei [&hellip;]\" \/>\n<meta property=\"og:url\" content=\"https:\/\/librairie7l.com\/en\/produit\/jean-cocteau-the-jugglers-revenge-2\/\" \/>\n<meta property=\"og:site_name\" content=\"Librairie 7L\" \/>\n<meta property=\"article:modified_time\" content=\"2026-04-16T15:39:54+00:00\" \/>\n<meta property=\"og:image\" content=\"https:\/\/librairie7l.com\/wp-content\/uploads\/2024\/01\/9791254631683_1_75.jpg\" \/>\n\t<meta property=\"og:image:width\" content=\"386\" \/>\n\t<meta property=\"og:image:height\" content=\"500\" \/>\n\t<meta property=\"og:image:type\" content=\"image\/jpeg\" \/>\n<meta name=\"twitter:card\" content=\"summary_large_image\" \/>\n<meta name=\"twitter:label1\" content=\"Est. reading time\" \/>\n\t<meta name=\"twitter:data1\" content=\"2 minutes\" \/>\n<script type=\"application\/ld+json\" class=\"yoast-schema-graph\">{\"@context\":\"https:\/\/schema.org\",\"@graph\":[{\"@type\":\"WebPage\",\"@id\":\"https:\/\/librairie7l.com\/en\/produit\/jean-cocteau-the-jugglers-revenge-2\/\",\"url\":\"https:\/\/librairie7l.com\/en\/produit\/jean-cocteau-the-jugglers-revenge-2\/\",\"name\":\"Jean cocteau : The juggler's revenge - Librairie 7L\",\"isPartOf\":{\"@id\":\"https:\/\/librairie7l.com\/en\/#website\"},\"datePublished\":\"2024-11-13T08:18:08+00:00\",\"dateModified\":\"2026-04-16T15:39:54+00:00\",\"breadcrumb\":{\"@id\":\"https:\/\/librairie7l.com\/en\/produit\/jean-cocteau-the-jugglers-revenge-2\/#breadcrumb\"},\"inLanguage\":\"en-US\",\"potentialAction\":[{\"@type\":\"ReadAction\",\"target\":[\"https:\/\/librairie7l.com\/en\/produit\/jean-cocteau-the-jugglers-revenge-2\/\"]}]},{\"@type\":\"BreadcrumbList\",\"@id\":\"https:\/\/librairie7l.com\/en\/produit\/jean-cocteau-the-jugglers-revenge-2\/#breadcrumb\",\"itemListElement\":[{\"@type\":\"ListItem\",\"position\":1,\"name\":\"Accueil\",\"item\":\"https:\/\/librairie7l.com\/en\/\"},{\"@type\":\"ListItem\",\"position\":2,\"name\":\"Shop\",\"item\":\"https:\/\/librairie7l.com\/en\/shop\/\"},{\"@type\":\"ListItem\",\"position\":3,\"name\":\"JEAN COCTEAU : THE JUGGLER&#8217;S REVENGE\"}]},{\"@type\":\"WebSite\",\"@id\":\"https:\/\/librairie7l.com\/en\/#website\",\"url\":\"https:\/\/librairie7l.com\/en\/\",\"name\":\"Librairie 7L\",\"description\":\"Librairie fond\u00e9e en 1999 par Karl Lagerfeld \u00e0 Paris\",\"publisher\":{\"@id\":\"https:\/\/librairie7l.com\/en\/#organization\"},\"potentialAction\":[{\"@type\":\"SearchAction\",\"target\":{\"@type\":\"EntryPoint\",\"urlTemplate\":\"https:\/\/librairie7l.com\/en\/?s={search_term_string}\"},\"query-input\":\"required name=search_term_string\"}],\"inLanguage\":\"en-US\"},{\"@type\":\"Organization\",\"@id\":\"https:\/\/librairie7l.com\/en\/#organization\",\"name\":\"Librairie 7L\",\"url\":\"https:\/\/librairie7l.com\/en\/\",\"logo\":{\"@type\":\"ImageObject\",\"inLanguage\":\"en-US\",\"@id\":\"https:\/\/librairie7l.com\/en\/#\/schema\/logo\/image\/\",\"url\":\"https:\/\/librairie7l.com\/wp-content\/uploads\/2022\/08\/logo-1.png\",\"contentUrl\":\"https:\/\/librairie7l.com\/wp-content\/uploads\/2022\/08\/logo-1.png\",\"width\":227,\"height\":301,\"caption\":\"Librairie 7L\"},\"image\":{\"@id\":\"https:\/\/librairie7l.com\/en\/#\/schema\/logo\/image\/\"}}]}<\/script>\n<!-- \/ Yoast SEO plugin. -->","yoast_head_json":{"title":"Jean cocteau : The juggler's revenge - Librairie 7L","robots":{"index":"index","follow":"follow","max-snippet":"max-snippet:-1","max-image-preview":"max-image-preview:large","max-video-preview":"max-video-preview:-1"},"canonical":"https:\/\/librairie7l.com\/en\/produit\/jean-cocteau-the-jugglers-revenge-2\/","og_locale":"en_US","og_type":"article","og_title":"Jean cocteau : The juggler's revenge - Librairie 7L","og_description":"Brillante, sorprendente e poliedrico. \u00c8 Jean Cocteau (1889-1963), artista francese che ha lasciato un segno come disegnatore, regista, scenografo, muralista, designer di gioielli e di abiti. La poesia, tratto fondante del suo inconfondibile stile, \u00e8 caratterizzata da atmosfere mitologiche e circensi e da una scrittura spiazzante che accompagner\u00e0 sempre la sua infinit\u00e0 di creazioni nei [&hellip;]","og_url":"https:\/\/librairie7l.com\/en\/produit\/jean-cocteau-the-jugglers-revenge-2\/","og_site_name":"Librairie 7L","article_modified_time":"2026-04-16T15:39:54+00:00","og_image":[{"width":386,"height":500,"url":"https:\/\/librairie7l.com\/wp-content\/uploads\/2024\/01\/9791254631683_1_75.jpg","type":"image\/jpeg"}],"twitter_card":"summary_large_image","twitter_misc":{"Est. reading time":"2 minutes"},"schema":{"@context":"https:\/\/schema.org","@graph":[{"@type":"WebPage","@id":"https:\/\/librairie7l.com\/en\/produit\/jean-cocteau-the-jugglers-revenge-2\/","url":"https:\/\/librairie7l.com\/en\/produit\/jean-cocteau-the-jugglers-revenge-2\/","name":"Jean cocteau : The juggler's revenge - Librairie 7L","isPartOf":{"@id":"https:\/\/librairie7l.com\/en\/#website"},"datePublished":"2024-11-13T08:18:08+00:00","dateModified":"2026-04-16T15:39:54+00:00","breadcrumb":{"@id":"https:\/\/librairie7l.com\/en\/produit\/jean-cocteau-the-jugglers-revenge-2\/#breadcrumb"},"inLanguage":"en-US","potentialAction":[{"@type":"ReadAction","target":["https:\/\/librairie7l.com\/en\/produit\/jean-cocteau-the-jugglers-revenge-2\/"]}]},{"@type":"BreadcrumbList","@id":"https:\/\/librairie7l.com\/en\/produit\/jean-cocteau-the-jugglers-revenge-2\/#breadcrumb","itemListElement":[{"@type":"ListItem","position":1,"name":"Accueil","item":"https:\/\/librairie7l.com\/en\/"},{"@type":"ListItem","position":2,"name":"Shop","item":"https:\/\/librairie7l.com\/en\/shop\/"},{"@type":"ListItem","position":3,"name":"JEAN COCTEAU : THE JUGGLER&#8217;S REVENGE"}]},{"@type":"WebSite","@id":"https:\/\/librairie7l.com\/en\/#website","url":"https:\/\/librairie7l.com\/en\/","name":"Librairie 7L","description":"Librairie fond\u00e9e en 1999 par Karl Lagerfeld \u00e0 Paris","publisher":{"@id":"https:\/\/librairie7l.com\/en\/#organization"},"potentialAction":[{"@type":"SearchAction","target":{"@type":"EntryPoint","urlTemplate":"https:\/\/librairie7l.com\/en\/?s={search_term_string}"},"query-input":"required name=search_term_string"}],"inLanguage":"en-US"},{"@type":"Organization","@id":"https:\/\/librairie7l.com\/en\/#organization","name":"Librairie 7L","url":"https:\/\/librairie7l.com\/en\/","logo":{"@type":"ImageObject","inLanguage":"en-US","@id":"https:\/\/librairie7l.com\/en\/#\/schema\/logo\/image\/","url":"https:\/\/librairie7l.com\/wp-content\/uploads\/2022\/08\/logo-1.png","contentUrl":"https:\/\/librairie7l.com\/wp-content\/uploads\/2022\/08\/logo-1.png","width":227,"height":301,"caption":"Librairie 7L"},"image":{"@id":"https:\/\/librairie7l.com\/en\/#\/schema\/logo\/image\/"}}]}},"_links":{"self":[{"href":"https:\/\/librairie7l.com\/en\/wp-json\/wp\/v2\/product\/44191"}],"collection":[{"href":"https:\/\/librairie7l.com\/en\/wp-json\/wp\/v2\/product"}],"about":[{"href":"https:\/\/librairie7l.com\/en\/wp-json\/wp\/v2\/types\/product"}],"wp:featuredmedia":[{"embeddable":true,"href":"https:\/\/librairie7l.com\/en\/wp-json\/wp\/v2\/media\/44189"}],"wp:attachment":[{"href":"https:\/\/librairie7l.com\/en\/wp-json\/wp\/v2\/media?parent=44191"}],"wp:term":[{"taxonomy":"product_cat","embeddable":true,"href":"https:\/\/librairie7l.com\/en\/wp-json\/wp\/v2\/product_cat?post=44191"},{"taxonomy":"product_tag","embeddable":true,"href":"https:\/\/librairie7l.com\/en\/wp-json\/wp\/v2\/product_tag?post=44191"}],"curies":[{"name":"wp","href":"https:\/\/api.w.org\/{rel}","templated":true}]}}