{"id":44195,"date":"2024-11-13T09:18:12","date_gmt":"2024-11-13T08:18:12","guid":{"rendered":"https:\/\/librairie7l.com\/?post_type=product&#038;p=44195"},"modified":"2026-04-16T17:31:10","modified_gmt":"2026-04-16T15:31:10","slug":"joel-meyerowitz-europa-1966-1967-2","status":"publish","type":"product","link":"https:\/\/librairie7l.com\/en\/produit\/joel-meyerowitz-europa-1966-1967-2\/","title":{"rendered":"JOEL MEYEROWITZ : EUROPA 1966-1967"},"content":{"rendered":"<p>Joel Meyerowitz, uno de los maestros fot\u00f3grafos m\u00e1s importantes de nuestro tiempo, inici\u00f3 en 1966 un viaje que le llevar\u00eda al Reino Unido, Irlanda, Francia, Alemania, Europa del Este, Turqu\u00eda, Grecia y Espa\u00f1a, en donde estuvo seis meses en la provincia de M\u00e1laga. Este periplo fue una experiencia trascendental que configurar\u00e1 definitivamente la instintiva y brillante identidad del Meyerowitz que hoy conocemos. En este libro encontraremos un apasionante atisbo del nuevo Viejo Mundo que, superado el trauma de la II Guerra Mundial, se abre a la modernidad y al progreso. Durante este viaje, Meyerowitz se enfrenta a sociedades en transici\u00f3n, como una Espa\u00f1a errante, atrapada entre la dictadura y el florecimiento econ\u00f3mico. La fuerza y frescura de su mirada y los nuevos c\u00f3digos plasmados en estas im\u00e1genes inspiraron a la siguiente generaci\u00f3n de fot\u00f3grafos.<\/p>\n","protected":false},"excerpt":{"rendered":"<p>Joel Meyerowitz, uno de los maestros fot\u00f3grafos m\u00e1s importantes de nuestro tiempo, inici\u00f3 en 1966 un viaje que le llevar\u00eda al Reino Unido, Irlanda, Francia, Alemania, Europa del Este, Turqu\u00eda, Grecia y Espa\u00f1a, en donde estuvo seis meses en la provincia de M\u00e1laga. Este periplo fue una experiencia trascendental que configurar\u00e1 definitivamente la instintiva y [&hellip;]<\/p>\n","protected":false},"featured_media":44193,"template":"","meta":[],"product_cat":[2948],"product_tag":[],"acf":[],"yoast_head":"<!-- This site is optimized with the Yoast SEO plugin v20.11 - https:\/\/yoast.com\/wordpress\/plugins\/seo\/ -->\n<title>Joel Meyerowitz : Europa 1966-1967 - Librairie 7L<\/title>\n<meta name=\"robots\" content=\"index, follow, max-snippet:-1, max-image-preview:large, max-video-preview:-1\" \/>\n<link rel=\"canonical\" href=\"https:\/\/librairie7l.com\/en\/produit\/joel-meyerowitz-europa-1966-1967-2\/\" \/>\n<meta property=\"og:locale\" content=\"en_US\" \/>\n<meta property=\"og:type\" content=\"article\" \/>\n<meta property=\"og:title\" content=\"Joel Meyerowitz : Europa 1966-1967 - Librairie 7L\" \/>\n<meta property=\"og:description\" content=\"Joel Meyerowitz, uno de los maestros fot\u00f3grafos m\u00e1s importantes de nuestro tiempo, inici\u00f3 en 1966 un viaje que le llevar\u00eda al Reino Unido, Irlanda, Francia, Alemania, Europa del Este, Turqu\u00eda, Grecia y Espa\u00f1a, en donde estuvo seis meses en la provincia de M\u00e1laga. Este periplo fue una experiencia trascendental que configurar\u00e1 definitivamente la instintiva y [&hellip;]\" \/>\n<meta property=\"og:url\" content=\"https:\/\/librairie7l.com\/en\/produit\/joel-meyerowitz-europa-1966-1967-2\/\" \/>\n<meta property=\"og:site_name\" content=\"Librairie 7L\" \/>\n<meta property=\"article:modified_time\" content=\"2026-04-16T15:31:10+00:00\" \/>\n<meta property=\"og:image\" content=\"https:\/\/librairie7l.com\/wp-content\/uploads\/2024\/06\/9788410024311_1_75.jpg\" \/>\n\t<meta property=\"og:image:width\" content=\"422\" \/>\n\t<meta property=\"og:image:height\" content=\"500\" \/>\n\t<meta property=\"og:image:type\" content=\"image\/jpeg\" \/>\n<meta name=\"twitter:card\" content=\"summary_large_image\" \/>\n<meta name=\"twitter:label1\" content=\"Est. reading time\" \/>\n\t<meta name=\"twitter:data1\" content=\"1 minute\" \/>\n<script type=\"application\/ld+json\" class=\"yoast-schema-graph\">{\"@context\":\"https:\/\/schema.org\",\"@graph\":[{\"@type\":\"WebPage\",\"@id\":\"https:\/\/librairie7l.com\/en\/produit\/joel-meyerowitz-europa-1966-1967-2\/\",\"url\":\"https:\/\/librairie7l.com\/en\/produit\/joel-meyerowitz-europa-1966-1967-2\/\",\"name\":\"Joel Meyerowitz : Europa 1966-1967 - Librairie 7L\",\"isPartOf\":{\"@id\":\"https:\/\/librairie7l.com\/en\/#website\"},\"datePublished\":\"2024-11-13T08:18:12+00:00\",\"dateModified\":\"2026-04-16T15:31:10+00:00\",\"breadcrumb\":{\"@id\":\"https:\/\/librairie7l.com\/en\/produit\/joel-meyerowitz-europa-1966-1967-2\/#breadcrumb\"},\"inLanguage\":\"en-US\",\"potentialAction\":[{\"@type\":\"ReadAction\",\"target\":[\"https:\/\/librairie7l.com\/en\/produit\/joel-meyerowitz-europa-1966-1967-2\/\"]}]},{\"@type\":\"BreadcrumbList\",\"@id\":\"https:\/\/librairie7l.com\/en\/produit\/joel-meyerowitz-europa-1966-1967-2\/#breadcrumb\",\"itemListElement\":[{\"@type\":\"ListItem\",\"position\":1,\"name\":\"Accueil\",\"item\":\"https:\/\/librairie7l.com\/en\/\"},{\"@type\":\"ListItem\",\"position\":2,\"name\":\"Shop\",\"item\":\"https:\/\/librairie7l.com\/en\/shop\/\"},{\"@type\":\"ListItem\",\"position\":3,\"name\":\"JOEL MEYEROWITZ : EUROPA 1966-1967\"}]},{\"@type\":\"WebSite\",\"@id\":\"https:\/\/librairie7l.com\/en\/#website\",\"url\":\"https:\/\/librairie7l.com\/en\/\",\"name\":\"Librairie 7L\",\"description\":\"Librairie fond\u00e9e en 1999 par Karl Lagerfeld \u00e0 Paris\",\"publisher\":{\"@id\":\"https:\/\/librairie7l.com\/en\/#organization\"},\"potentialAction\":[{\"@type\":\"SearchAction\",\"target\":{\"@type\":\"EntryPoint\",\"urlTemplate\":\"https:\/\/librairie7l.com\/en\/?s={search_term_string}\"},\"query-input\":\"required name=search_term_string\"}],\"inLanguage\":\"en-US\"},{\"@type\":\"Organization\",\"@id\":\"https:\/\/librairie7l.com\/en\/#organization\",\"name\":\"Librairie 7L\",\"url\":\"https:\/\/librairie7l.com\/en\/\",\"logo\":{\"@type\":\"ImageObject\",\"inLanguage\":\"en-US\",\"@id\":\"https:\/\/librairie7l.com\/en\/#\/schema\/logo\/image\/\",\"url\":\"https:\/\/librairie7l.com\/wp-content\/uploads\/2022\/08\/logo-1.png\",\"contentUrl\":\"https:\/\/librairie7l.com\/wp-content\/uploads\/2022\/08\/logo-1.png\",\"width\":227,\"height\":301,\"caption\":\"Librairie 7L\"},\"image\":{\"@id\":\"https:\/\/librairie7l.com\/en\/#\/schema\/logo\/image\/\"}}]}<\/script>\n<!-- \/ Yoast SEO plugin. -->","yoast_head_json":{"title":"Joel Meyerowitz : Europa 1966-1967 - Librairie 7L","robots":{"index":"index","follow":"follow","max-snippet":"max-snippet:-1","max-image-preview":"max-image-preview:large","max-video-preview":"max-video-preview:-1"},"canonical":"https:\/\/librairie7l.com\/en\/produit\/joel-meyerowitz-europa-1966-1967-2\/","og_locale":"en_US","og_type":"article","og_title":"Joel Meyerowitz : Europa 1966-1967 - Librairie 7L","og_description":"Joel Meyerowitz, uno de los maestros fot\u00f3grafos m\u00e1s importantes de nuestro tiempo, inici\u00f3 en 1966 un viaje que le llevar\u00eda al Reino Unido, Irlanda, Francia, Alemania, Europa del Este, Turqu\u00eda, Grecia y Espa\u00f1a, en donde estuvo seis meses en la provincia de M\u00e1laga. Este periplo fue una experiencia trascendental que configurar\u00e1 definitivamente la instintiva y [&hellip;]","og_url":"https:\/\/librairie7l.com\/en\/produit\/joel-meyerowitz-europa-1966-1967-2\/","og_site_name":"Librairie 7L","article_modified_time":"2026-04-16T15:31:10+00:00","og_image":[{"width":422,"height":500,"url":"https:\/\/librairie7l.com\/wp-content\/uploads\/2024\/06\/9788410024311_1_75.jpg","type":"image\/jpeg"}],"twitter_card":"summary_large_image","twitter_misc":{"Est. reading time":"1 minute"},"schema":{"@context":"https:\/\/schema.org","@graph":[{"@type":"WebPage","@id":"https:\/\/librairie7l.com\/en\/produit\/joel-meyerowitz-europa-1966-1967-2\/","url":"https:\/\/librairie7l.com\/en\/produit\/joel-meyerowitz-europa-1966-1967-2\/","name":"Joel Meyerowitz : Europa 1966-1967 - Librairie 7L","isPartOf":{"@id":"https:\/\/librairie7l.com\/en\/#website"},"datePublished":"2024-11-13T08:18:12+00:00","dateModified":"2026-04-16T15:31:10+00:00","breadcrumb":{"@id":"https:\/\/librairie7l.com\/en\/produit\/joel-meyerowitz-europa-1966-1967-2\/#breadcrumb"},"inLanguage":"en-US","potentialAction":[{"@type":"ReadAction","target":["https:\/\/librairie7l.com\/en\/produit\/joel-meyerowitz-europa-1966-1967-2\/"]}]},{"@type":"BreadcrumbList","@id":"https:\/\/librairie7l.com\/en\/produit\/joel-meyerowitz-europa-1966-1967-2\/#breadcrumb","itemListElement":[{"@type":"ListItem","position":1,"name":"Accueil","item":"https:\/\/librairie7l.com\/en\/"},{"@type":"ListItem","position":2,"name":"Shop","item":"https:\/\/librairie7l.com\/en\/shop\/"},{"@type":"ListItem","position":3,"name":"JOEL MEYEROWITZ : EUROPA 1966-1967"}]},{"@type":"WebSite","@id":"https:\/\/librairie7l.com\/en\/#website","url":"https:\/\/librairie7l.com\/en\/","name":"Librairie 7L","description":"Librairie fond\u00e9e en 1999 par Karl Lagerfeld \u00e0 Paris","publisher":{"@id":"https:\/\/librairie7l.com\/en\/#organization"},"potentialAction":[{"@type":"SearchAction","target":{"@type":"EntryPoint","urlTemplate":"https:\/\/librairie7l.com\/en\/?s={search_term_string}"},"query-input":"required name=search_term_string"}],"inLanguage":"en-US"},{"@type":"Organization","@id":"https:\/\/librairie7l.com\/en\/#organization","name":"Librairie 7L","url":"https:\/\/librairie7l.com\/en\/","logo":{"@type":"ImageObject","inLanguage":"en-US","@id":"https:\/\/librairie7l.com\/en\/#\/schema\/logo\/image\/","url":"https:\/\/librairie7l.com\/wp-content\/uploads\/2022\/08\/logo-1.png","contentUrl":"https:\/\/librairie7l.com\/wp-content\/uploads\/2022\/08\/logo-1.png","width":227,"height":301,"caption":"Librairie 7L"},"image":{"@id":"https:\/\/librairie7l.com\/en\/#\/schema\/logo\/image\/"}}]}},"_links":{"self":[{"href":"https:\/\/librairie7l.com\/en\/wp-json\/wp\/v2\/product\/44195"}],"collection":[{"href":"https:\/\/librairie7l.com\/en\/wp-json\/wp\/v2\/product"}],"about":[{"href":"https:\/\/librairie7l.com\/en\/wp-json\/wp\/v2\/types\/product"}],"wp:featuredmedia":[{"embeddable":true,"href":"https:\/\/librairie7l.com\/en\/wp-json\/wp\/v2\/media\/44193"}],"wp:attachment":[{"href":"https:\/\/librairie7l.com\/en\/wp-json\/wp\/v2\/media?parent=44195"}],"wp:term":[{"taxonomy":"product_cat","embeddable":true,"href":"https:\/\/librairie7l.com\/en\/wp-json\/wp\/v2\/product_cat?post=44195"},{"taxonomy":"product_tag","embeddable":true,"href":"https:\/\/librairie7l.com\/en\/wp-json\/wp\/v2\/product_tag?post=44195"}],"curies":[{"name":"wp","href":"https:\/\/api.w.org\/{rel}","templated":true}]}}