{"id":44208,"date":"2024-11-14T09:17:49","date_gmt":"2024-11-14T08:17:49","guid":{"rendered":"https:\/\/librairie7l.com\/?post_type=product&#038;p=44208"},"modified":"2026-04-16T20:01:37","modified_gmt":"2026-04-16T18:01:37","slug":"archistoria-une-histoire-de-larchitecture-2","status":"publish","type":"product","link":"https:\/\/librairie7l.com\/en\/produit\/archistoria-une-histoire-de-larchitecture-2\/","title":{"rendered":"ARCHISTORIA : UNE HISTOIRE DE L&#8217;ARCHITECTURE"},"content":{"rendered":"<p>L&#8217;\u00e9volution de l&#8217;architecture dans le temps est directement li\u00e9e au d\u00e9veloppement des civilisations. Aux cavit\u00e9s naturelles et aux premiers abris construits par les peuples primitifs pour se prot\u00e9ger des animaux sauvages, des ennemis ou des intemp\u00e9ries, ont peu \u00e0 peu succ\u00e9d\u00e9 des formes et des fonctions architecturales nouvelles, politiques ou religieuses par exemple. De la pyramide inca aux derniers Pritzker Price en passant par les gratte-ciel et les ponts, cet ouvrage pr\u00e9sente, dans un style graphique r\u00e9solument moderne, les grandes pages de cette histoire. Organis\u00e9 en 12 chapitres th\u00e9matiques consacr\u00e9s aux mat\u00e9riaux, aux formes et aux types architecturaux, ce livre a d&#8217;abord \u00e9t\u00e9 \u00e9dit\u00e9 en Pologne par une maison d&#8217;\u00e9dition dont les livres jeunesse rencontrent un grand succ\u00e8s.<\/p>\n","protected":false},"excerpt":{"rendered":"<p>L&#8217;\u00e9volution de l&#8217;architecture dans le temps est directement li\u00e9e au d\u00e9veloppement des civilisations. Aux cavit\u00e9s naturelles et aux premiers abris construits par les peuples primitifs pour se prot\u00e9ger des animaux sauvages, des ennemis ou des intemp\u00e9ries, ont peu \u00e0 peu succ\u00e9d\u00e9 des formes et des fonctions architecturales nouvelles, politiques ou religieuses par exemple. De la [&hellip;]<\/p>\n","protected":false},"featured_media":44206,"template":"","meta":[],"product_cat":[2948],"product_tag":[],"acf":[],"yoast_head":"<!-- This site is optimized with the Yoast SEO plugin v20.11 - https:\/\/yoast.com\/wordpress\/plugins\/seo\/ -->\n<title>Archistoria : une histoire de l&#039;architecture - Librairie 7L<\/title>\n<meta name=\"robots\" content=\"index, follow, max-snippet:-1, max-image-preview:large, max-video-preview:-1\" \/>\n<link rel=\"canonical\" href=\"https:\/\/librairie7l.com\/en\/produit\/archistoria-une-histoire-de-larchitecture-2\/\" \/>\n<meta property=\"og:locale\" content=\"en_US\" \/>\n<meta property=\"og:type\" content=\"article\" \/>\n<meta property=\"og:title\" content=\"Archistoria : une histoire de l&#039;architecture - Librairie 7L\" \/>\n<meta property=\"og:description\" content=\"L&#8217;\u00e9volution de l&#8217;architecture dans le temps est directement li\u00e9e au d\u00e9veloppement des civilisations. Aux cavit\u00e9s naturelles et aux premiers abris construits par les peuples primitifs pour se prot\u00e9ger des animaux sauvages, des ennemis ou des intemp\u00e9ries, ont peu \u00e0 peu succ\u00e9d\u00e9 des formes et des fonctions architecturales nouvelles, politiques ou religieuses par exemple. De la [&hellip;]\" \/>\n<meta property=\"og:url\" content=\"https:\/\/librairie7l.com\/en\/produit\/archistoria-une-histoire-de-larchitecture-2\/\" \/>\n<meta property=\"og:site_name\" content=\"Librairie 7L\" \/>\n<meta property=\"article:modified_time\" content=\"2026-04-16T18:01:37+00:00\" \/>\n<meta property=\"og:image\" content=\"https:\/\/librairie7l.com\/wp-content\/uploads\/2024\/06\/9782863644546_1_75.jpg\" \/>\n\t<meta property=\"og:image:width\" content=\"600\" \/>\n\t<meta property=\"og:image:height\" content=\"815\" \/>\n\t<meta property=\"og:image:type\" content=\"image\/jpeg\" \/>\n<meta name=\"twitter:card\" content=\"summary_large_image\" \/>\n<meta name=\"twitter:label1\" content=\"Est. reading time\" \/>\n\t<meta name=\"twitter:data1\" content=\"1 minute\" \/>\n<script type=\"application\/ld+json\" class=\"yoast-schema-graph\">{\"@context\":\"https:\/\/schema.org\",\"@graph\":[{\"@type\":\"WebPage\",\"@id\":\"https:\/\/librairie7l.com\/en\/produit\/archistoria-une-histoire-de-larchitecture-2\/\",\"url\":\"https:\/\/librairie7l.com\/en\/produit\/archistoria-une-histoire-de-larchitecture-2\/\",\"name\":\"Archistoria : une histoire de l'architecture - Librairie 7L\",\"isPartOf\":{\"@id\":\"https:\/\/librairie7l.com\/en\/#website\"},\"datePublished\":\"2024-11-14T08:17:49+00:00\",\"dateModified\":\"2026-04-16T18:01:37+00:00\",\"breadcrumb\":{\"@id\":\"https:\/\/librairie7l.com\/en\/produit\/archistoria-une-histoire-de-larchitecture-2\/#breadcrumb\"},\"inLanguage\":\"en-US\",\"potentialAction\":[{\"@type\":\"ReadAction\",\"target\":[\"https:\/\/librairie7l.com\/en\/produit\/archistoria-une-histoire-de-larchitecture-2\/\"]}]},{\"@type\":\"BreadcrumbList\",\"@id\":\"https:\/\/librairie7l.com\/en\/produit\/archistoria-une-histoire-de-larchitecture-2\/#breadcrumb\",\"itemListElement\":[{\"@type\":\"ListItem\",\"position\":1,\"name\":\"Accueil\",\"item\":\"https:\/\/librairie7l.com\/en\/\"},{\"@type\":\"ListItem\",\"position\":2,\"name\":\"Shop\",\"item\":\"https:\/\/librairie7l.com\/en\/shop\/\"},{\"@type\":\"ListItem\",\"position\":3,\"name\":\"ARCHISTORIA : UNE HISTOIRE DE L&#8217;ARCHITECTURE\"}]},{\"@type\":\"WebSite\",\"@id\":\"https:\/\/librairie7l.com\/en\/#website\",\"url\":\"https:\/\/librairie7l.com\/en\/\",\"name\":\"Librairie 7L\",\"description\":\"Librairie fond\u00e9e en 1999 par Karl Lagerfeld \u00e0 Paris\",\"publisher\":{\"@id\":\"https:\/\/librairie7l.com\/en\/#organization\"},\"potentialAction\":[{\"@type\":\"SearchAction\",\"target\":{\"@type\":\"EntryPoint\",\"urlTemplate\":\"https:\/\/librairie7l.com\/en\/?s={search_term_string}\"},\"query-input\":\"required name=search_term_string\"}],\"inLanguage\":\"en-US\"},{\"@type\":\"Organization\",\"@id\":\"https:\/\/librairie7l.com\/en\/#organization\",\"name\":\"Librairie 7L\",\"url\":\"https:\/\/librairie7l.com\/en\/\",\"logo\":{\"@type\":\"ImageObject\",\"inLanguage\":\"en-US\",\"@id\":\"https:\/\/librairie7l.com\/en\/#\/schema\/logo\/image\/\",\"url\":\"https:\/\/librairie7l.com\/wp-content\/uploads\/2022\/08\/logo-1.png\",\"contentUrl\":\"https:\/\/librairie7l.com\/wp-content\/uploads\/2022\/08\/logo-1.png\",\"width\":227,\"height\":301,\"caption\":\"Librairie 7L\"},\"image\":{\"@id\":\"https:\/\/librairie7l.com\/en\/#\/schema\/logo\/image\/\"}}]}<\/script>\n<!-- \/ Yoast SEO plugin. -->","yoast_head_json":{"title":"Archistoria : une histoire de l'architecture - Librairie 7L","robots":{"index":"index","follow":"follow","max-snippet":"max-snippet:-1","max-image-preview":"max-image-preview:large","max-video-preview":"max-video-preview:-1"},"canonical":"https:\/\/librairie7l.com\/en\/produit\/archistoria-une-histoire-de-larchitecture-2\/","og_locale":"en_US","og_type":"article","og_title":"Archistoria : une histoire de l'architecture - Librairie 7L","og_description":"L&#8217;\u00e9volution de l&#8217;architecture dans le temps est directement li\u00e9e au d\u00e9veloppement des civilisations. Aux cavit\u00e9s naturelles et aux premiers abris construits par les peuples primitifs pour se prot\u00e9ger des animaux sauvages, des ennemis ou des intemp\u00e9ries, ont peu \u00e0 peu succ\u00e9d\u00e9 des formes et des fonctions architecturales nouvelles, politiques ou religieuses par exemple. De la [&hellip;]","og_url":"https:\/\/librairie7l.com\/en\/produit\/archistoria-une-histoire-de-larchitecture-2\/","og_site_name":"Librairie 7L","article_modified_time":"2026-04-16T18:01:37+00:00","og_image":[{"width":600,"height":815,"url":"https:\/\/librairie7l.com\/wp-content\/uploads\/2024\/06\/9782863644546_1_75.jpg","type":"image\/jpeg"}],"twitter_card":"summary_large_image","twitter_misc":{"Est. reading time":"1 minute"},"schema":{"@context":"https:\/\/schema.org","@graph":[{"@type":"WebPage","@id":"https:\/\/librairie7l.com\/en\/produit\/archistoria-une-histoire-de-larchitecture-2\/","url":"https:\/\/librairie7l.com\/en\/produit\/archistoria-une-histoire-de-larchitecture-2\/","name":"Archistoria : une histoire de l'architecture - Librairie 7L","isPartOf":{"@id":"https:\/\/librairie7l.com\/en\/#website"},"datePublished":"2024-11-14T08:17:49+00:00","dateModified":"2026-04-16T18:01:37+00:00","breadcrumb":{"@id":"https:\/\/librairie7l.com\/en\/produit\/archistoria-une-histoire-de-larchitecture-2\/#breadcrumb"},"inLanguage":"en-US","potentialAction":[{"@type":"ReadAction","target":["https:\/\/librairie7l.com\/en\/produit\/archistoria-une-histoire-de-larchitecture-2\/"]}]},{"@type":"BreadcrumbList","@id":"https:\/\/librairie7l.com\/en\/produit\/archistoria-une-histoire-de-larchitecture-2\/#breadcrumb","itemListElement":[{"@type":"ListItem","position":1,"name":"Accueil","item":"https:\/\/librairie7l.com\/en\/"},{"@type":"ListItem","position":2,"name":"Shop","item":"https:\/\/librairie7l.com\/en\/shop\/"},{"@type":"ListItem","position":3,"name":"ARCHISTORIA : UNE HISTOIRE DE L&#8217;ARCHITECTURE"}]},{"@type":"WebSite","@id":"https:\/\/librairie7l.com\/en\/#website","url":"https:\/\/librairie7l.com\/en\/","name":"Librairie 7L","description":"Librairie fond\u00e9e en 1999 par Karl Lagerfeld \u00e0 Paris","publisher":{"@id":"https:\/\/librairie7l.com\/en\/#organization"},"potentialAction":[{"@type":"SearchAction","target":{"@type":"EntryPoint","urlTemplate":"https:\/\/librairie7l.com\/en\/?s={search_term_string}"},"query-input":"required name=search_term_string"}],"inLanguage":"en-US"},{"@type":"Organization","@id":"https:\/\/librairie7l.com\/en\/#organization","name":"Librairie 7L","url":"https:\/\/librairie7l.com\/en\/","logo":{"@type":"ImageObject","inLanguage":"en-US","@id":"https:\/\/librairie7l.com\/en\/#\/schema\/logo\/image\/","url":"https:\/\/librairie7l.com\/wp-content\/uploads\/2022\/08\/logo-1.png","contentUrl":"https:\/\/librairie7l.com\/wp-content\/uploads\/2022\/08\/logo-1.png","width":227,"height":301,"caption":"Librairie 7L"},"image":{"@id":"https:\/\/librairie7l.com\/en\/#\/schema\/logo\/image\/"}}]}},"_links":{"self":[{"href":"https:\/\/librairie7l.com\/en\/wp-json\/wp\/v2\/product\/44208"}],"collection":[{"href":"https:\/\/librairie7l.com\/en\/wp-json\/wp\/v2\/product"}],"about":[{"href":"https:\/\/librairie7l.com\/en\/wp-json\/wp\/v2\/types\/product"}],"wp:featuredmedia":[{"embeddable":true,"href":"https:\/\/librairie7l.com\/en\/wp-json\/wp\/v2\/media\/44206"}],"wp:attachment":[{"href":"https:\/\/librairie7l.com\/en\/wp-json\/wp\/v2\/media?parent=44208"}],"wp:term":[{"taxonomy":"product_cat","embeddable":true,"href":"https:\/\/librairie7l.com\/en\/wp-json\/wp\/v2\/product_cat?post=44208"},{"taxonomy":"product_tag","embeddable":true,"href":"https:\/\/librairie7l.com\/en\/wp-json\/wp\/v2\/product_tag?post=44208"}],"curies":[{"name":"wp","href":"https:\/\/api.w.org\/{rel}","templated":true}]}}