{"id":44220,"date":"2024-11-14T09:18:01","date_gmt":"2024-11-14T08:18:01","guid":{"rendered":"https:\/\/librairie7l.com\/?post_type=product&#038;p=44220"},"modified":"2026-04-16T20:01:35","modified_gmt":"2026-04-16T18:01:35","slug":"plus-leger-que-lair-le-vol-de-la-libellule-uehara-michiko-2","status":"publish","type":"product","link":"https:\/\/librairie7l.com\/en\/produit\/plus-leger-que-lair-le-vol-de-la-libellule-uehara-michiko-2\/","title":{"rendered":"PLUS L\u00c9GER QUE L&#8217;AIR : LE VOL DE LA LIBELLULE, UEHARA MICHIKO"},"content":{"rendered":"<p>L&#8217;inestimable l\u00e9g\u00e8ret\u00e9 des tissus<br \/>\nDe son unique voyage au Japon, en 1924, Alfred Baur, fondateur du Mus\u00e9e des Arts d&#8217;Extr\u00eame-Orient de Gen\u00e8ve, est revenu \u00e9merveill\u00e9 par la po\u00e9sie \u00e9ph\u00e9m\u00e8re des &#8220;images du monde flottant&#8221; (ukiyo-e). C&#8217;est \u00e0 cette d\u00e9couverte que puisent leur inspiration l&#8217;exposition &#8220;Plus l\u00e9ger que l&#8217;air&#8221; et le livre \u00e9ponyme, qui c\u00e9l\u00e8brent \u00e0 la fois le centenaire de ce voyage et le 160e anniversaire de l&#8217;\u00e9tablissement de relations diplomatiques entre la Suisse et le Japon. L&#8217;oeuvre de Michiko Uehara, tisseuse virtuose originaire d&#8217;Okinawa, incarne la recherche esth\u00e9tique et conceptuelle de la l\u00e9g\u00e8ret\u00e9. Dans son atelier baign\u00e9 par le soleil subtropical, elle cr\u00e9e des \u00e9toffes sublimes \u00e0 partir de fils aussi minces que &#8220;l&#8217;aile de la libellule&#8221; (akezuba dans la langue de son \u00eele natale).<br \/>\nLa relation symbiotique de Michiko Uehara avec la fibre de soie, et avec la nature en g\u00e9n\u00e9ral, se traduit par cet art textile auquel elle donne, \u00e0 l&#8217;instar de Juv\u00e9nal sous l&#8217;Antiquit\u00e9 romaine, le nom d'&#8221;air tiss\u00e9&#8221; : un voyage \u00e9th\u00e9r\u00e9 et rythm\u00e9 qui transcende toute fronti\u00e8re et nous raccorde au monde vivant.<br \/>\nL&#8217;ouvrage esquisse un parall\u00e8le entre la recherche de Michiko Uehara et celle de l&#8217;explorateur suisse Bertrand Piccard, dont l&#8217;avion solaire, semblable \u00e0 une libellule g\u00e9ante, mat\u00e9rialise l&#8217;alliance de la r\u00e9sistance et de la l\u00e9g\u00e8ret\u00e9, tissant une harmonieuse trajectoire qui relie l&#8217;humanit\u00e9, la terre et le ciel.<br \/>\nPlus l\u00e9ger que l&#8217;air est un livre riche en pistes de r\u00e9flexion sur l&#8217;art, la nature, la tradition et le dialogue interculturel &#8211; un fascinant p\u00e9riple \u00e0 travers la beaut\u00e9 \u00e9ph\u00e9m\u00e8re des estampes japonaises et la ma\u00eetrise textile de Michiko Uehara.<br \/>\nExposition : Fondation Baur, Mus\u00e9e des Arts d&#8217;Extr\u00eame-Orient, Gen\u00e8ve, du 29 octobre 2024 au 2 f\u00e9vrier 2025<\/p>\n","protected":false},"excerpt":{"rendered":"<p>L&#8217;inestimable l\u00e9g\u00e8ret\u00e9 des tissus De son unique voyage au Japon, en 1924, Alfred Baur, fondateur du Mus\u00e9e des Arts d&#8217;Extr\u00eame-Orient de Gen\u00e8ve, est revenu \u00e9merveill\u00e9 par la po\u00e9sie \u00e9ph\u00e9m\u00e8re des &#8220;images du monde flottant&#8221; (ukiyo-e). C&#8217;est \u00e0 cette d\u00e9couverte que puisent leur inspiration l&#8217;exposition &#8220;Plus l\u00e9ger que l&#8217;air&#8221; et le livre \u00e9ponyme, qui c\u00e9l\u00e8brent \u00e0 [&hellip;]<\/p>\n","protected":false},"featured_media":44218,"template":"","meta":[],"product_cat":[2948],"product_tag":[],"acf":[],"yoast_head":"<!-- This site is optimized with the Yoast SEO plugin v20.11 - https:\/\/yoast.com\/wordpress\/plugins\/seo\/ -->\n<title>PLUS L\u00c9GER QUE L&#039;AIR : Le vol de la libellule, Uehara Michiko - Librairie 7L<\/title>\n<meta name=\"robots\" content=\"index, follow, max-snippet:-1, max-image-preview:large, max-video-preview:-1\" \/>\n<link rel=\"canonical\" href=\"https:\/\/librairie7l.com\/en\/produit\/plus-leger-que-lair-le-vol-de-la-libellule-uehara-michiko-2\/\" \/>\n<meta property=\"og:locale\" content=\"en_US\" \/>\n<meta property=\"og:type\" content=\"article\" \/>\n<meta property=\"og:title\" content=\"PLUS L\u00c9GER QUE L&#039;AIR : Le vol de la libellule, Uehara Michiko - Librairie 7L\" \/>\n<meta property=\"og:description\" content=\"L&#8217;inestimable l\u00e9g\u00e8ret\u00e9 des tissus De son unique voyage au Japon, en 1924, Alfred Baur, fondateur du Mus\u00e9e des Arts d&#8217;Extr\u00eame-Orient de Gen\u00e8ve, est revenu \u00e9merveill\u00e9 par la po\u00e9sie \u00e9ph\u00e9m\u00e8re des &#8220;images du monde flottant&#8221; (ukiyo-e). C&#8217;est \u00e0 cette d\u00e9couverte que puisent leur inspiration l&#8217;exposition &#8220;Plus l\u00e9ger que l&#8217;air&#8221; et le livre \u00e9ponyme, qui c\u00e9l\u00e8brent \u00e0 [&hellip;]\" \/>\n<meta property=\"og:url\" content=\"https:\/\/librairie7l.com\/en\/produit\/plus-leger-que-lair-le-vol-de-la-libellule-uehara-michiko-2\/\" \/>\n<meta property=\"og:site_name\" content=\"Librairie 7L\" \/>\n<meta property=\"article:modified_time\" content=\"2026-04-16T18:01:35+00:00\" \/>\n<meta property=\"og:image\" content=\"https:\/\/librairie7l.com\/wp-content\/uploads\/2024\/06\/9791254600764_1_75.jpg\" \/>\n\t<meta property=\"og:image:width\" content=\"600\" \/>\n\t<meta property=\"og:image:height\" content=\"800\" \/>\n\t<meta property=\"og:image:type\" content=\"image\/jpeg\" \/>\n<meta name=\"twitter:card\" content=\"summary_large_image\" \/>\n<meta name=\"twitter:label1\" content=\"Est. reading time\" \/>\n\t<meta name=\"twitter:data1\" content=\"2 minutes\" \/>\n<script type=\"application\/ld+json\" class=\"yoast-schema-graph\">{\"@context\":\"https:\/\/schema.org\",\"@graph\":[{\"@type\":\"WebPage\",\"@id\":\"https:\/\/librairie7l.com\/en\/produit\/plus-leger-que-lair-le-vol-de-la-libellule-uehara-michiko-2\/\",\"url\":\"https:\/\/librairie7l.com\/en\/produit\/plus-leger-que-lair-le-vol-de-la-libellule-uehara-michiko-2\/\",\"name\":\"PLUS L\u00c9GER QUE L'AIR : Le vol de la libellule, Uehara Michiko - Librairie 7L\",\"isPartOf\":{\"@id\":\"https:\/\/librairie7l.com\/en\/#website\"},\"datePublished\":\"2024-11-14T08:18:01+00:00\",\"dateModified\":\"2026-04-16T18:01:35+00:00\",\"breadcrumb\":{\"@id\":\"https:\/\/librairie7l.com\/en\/produit\/plus-leger-que-lair-le-vol-de-la-libellule-uehara-michiko-2\/#breadcrumb\"},\"inLanguage\":\"en-US\",\"potentialAction\":[{\"@type\":\"ReadAction\",\"target\":[\"https:\/\/librairie7l.com\/en\/produit\/plus-leger-que-lair-le-vol-de-la-libellule-uehara-michiko-2\/\"]}]},{\"@type\":\"BreadcrumbList\",\"@id\":\"https:\/\/librairie7l.com\/en\/produit\/plus-leger-que-lair-le-vol-de-la-libellule-uehara-michiko-2\/#breadcrumb\",\"itemListElement\":[{\"@type\":\"ListItem\",\"position\":1,\"name\":\"Accueil\",\"item\":\"https:\/\/librairie7l.com\/en\/\"},{\"@type\":\"ListItem\",\"position\":2,\"name\":\"Shop\",\"item\":\"https:\/\/librairie7l.com\/en\/shop\/\"},{\"@type\":\"ListItem\",\"position\":3,\"name\":\"PLUS L\u00c9GER QUE L&#8217;AIR : LE VOL DE LA LIBELLULE, UEHARA MICHIKO\"}]},{\"@type\":\"WebSite\",\"@id\":\"https:\/\/librairie7l.com\/en\/#website\",\"url\":\"https:\/\/librairie7l.com\/en\/\",\"name\":\"Librairie 7L\",\"description\":\"Librairie fond\u00e9e en 1999 par Karl Lagerfeld \u00e0 Paris\",\"publisher\":{\"@id\":\"https:\/\/librairie7l.com\/en\/#organization\"},\"potentialAction\":[{\"@type\":\"SearchAction\",\"target\":{\"@type\":\"EntryPoint\",\"urlTemplate\":\"https:\/\/librairie7l.com\/en\/?s={search_term_string}\"},\"query-input\":\"required name=search_term_string\"}],\"inLanguage\":\"en-US\"},{\"@type\":\"Organization\",\"@id\":\"https:\/\/librairie7l.com\/en\/#organization\",\"name\":\"Librairie 7L\",\"url\":\"https:\/\/librairie7l.com\/en\/\",\"logo\":{\"@type\":\"ImageObject\",\"inLanguage\":\"en-US\",\"@id\":\"https:\/\/librairie7l.com\/en\/#\/schema\/logo\/image\/\",\"url\":\"https:\/\/librairie7l.com\/wp-content\/uploads\/2022\/08\/logo-1.png\",\"contentUrl\":\"https:\/\/librairie7l.com\/wp-content\/uploads\/2022\/08\/logo-1.png\",\"width\":227,\"height\":301,\"caption\":\"Librairie 7L\"},\"image\":{\"@id\":\"https:\/\/librairie7l.com\/en\/#\/schema\/logo\/image\/\"}}]}<\/script>\n<!-- \/ Yoast SEO plugin. -->","yoast_head_json":{"title":"PLUS L\u00c9GER QUE L'AIR : Le vol de la libellule, Uehara Michiko - Librairie 7L","robots":{"index":"index","follow":"follow","max-snippet":"max-snippet:-1","max-image-preview":"max-image-preview:large","max-video-preview":"max-video-preview:-1"},"canonical":"https:\/\/librairie7l.com\/en\/produit\/plus-leger-que-lair-le-vol-de-la-libellule-uehara-michiko-2\/","og_locale":"en_US","og_type":"article","og_title":"PLUS L\u00c9GER QUE L'AIR : Le vol de la libellule, Uehara Michiko - Librairie 7L","og_description":"L&#8217;inestimable l\u00e9g\u00e8ret\u00e9 des tissus De son unique voyage au Japon, en 1924, Alfred Baur, fondateur du Mus\u00e9e des Arts d&#8217;Extr\u00eame-Orient de Gen\u00e8ve, est revenu \u00e9merveill\u00e9 par la po\u00e9sie \u00e9ph\u00e9m\u00e8re des &#8220;images du monde flottant&#8221; (ukiyo-e). C&#8217;est \u00e0 cette d\u00e9couverte que puisent leur inspiration l&#8217;exposition &#8220;Plus l\u00e9ger que l&#8217;air&#8221; et le livre \u00e9ponyme, qui c\u00e9l\u00e8brent \u00e0 [&hellip;]","og_url":"https:\/\/librairie7l.com\/en\/produit\/plus-leger-que-lair-le-vol-de-la-libellule-uehara-michiko-2\/","og_site_name":"Librairie 7L","article_modified_time":"2026-04-16T18:01:35+00:00","og_image":[{"width":600,"height":800,"url":"https:\/\/librairie7l.com\/wp-content\/uploads\/2024\/06\/9791254600764_1_75.jpg","type":"image\/jpeg"}],"twitter_card":"summary_large_image","twitter_misc":{"Est. reading time":"2 minutes"},"schema":{"@context":"https:\/\/schema.org","@graph":[{"@type":"WebPage","@id":"https:\/\/librairie7l.com\/en\/produit\/plus-leger-que-lair-le-vol-de-la-libellule-uehara-michiko-2\/","url":"https:\/\/librairie7l.com\/en\/produit\/plus-leger-que-lair-le-vol-de-la-libellule-uehara-michiko-2\/","name":"PLUS L\u00c9GER QUE L'AIR : Le vol de la libellule, Uehara Michiko - Librairie 7L","isPartOf":{"@id":"https:\/\/librairie7l.com\/en\/#website"},"datePublished":"2024-11-14T08:18:01+00:00","dateModified":"2026-04-16T18:01:35+00:00","breadcrumb":{"@id":"https:\/\/librairie7l.com\/en\/produit\/plus-leger-que-lair-le-vol-de-la-libellule-uehara-michiko-2\/#breadcrumb"},"inLanguage":"en-US","potentialAction":[{"@type":"ReadAction","target":["https:\/\/librairie7l.com\/en\/produit\/plus-leger-que-lair-le-vol-de-la-libellule-uehara-michiko-2\/"]}]},{"@type":"BreadcrumbList","@id":"https:\/\/librairie7l.com\/en\/produit\/plus-leger-que-lair-le-vol-de-la-libellule-uehara-michiko-2\/#breadcrumb","itemListElement":[{"@type":"ListItem","position":1,"name":"Accueil","item":"https:\/\/librairie7l.com\/en\/"},{"@type":"ListItem","position":2,"name":"Shop","item":"https:\/\/librairie7l.com\/en\/shop\/"},{"@type":"ListItem","position":3,"name":"PLUS L\u00c9GER QUE L&#8217;AIR : LE VOL DE LA LIBELLULE, UEHARA MICHIKO"}]},{"@type":"WebSite","@id":"https:\/\/librairie7l.com\/en\/#website","url":"https:\/\/librairie7l.com\/en\/","name":"Librairie 7L","description":"Librairie fond\u00e9e en 1999 par Karl Lagerfeld \u00e0 Paris","publisher":{"@id":"https:\/\/librairie7l.com\/en\/#organization"},"potentialAction":[{"@type":"SearchAction","target":{"@type":"EntryPoint","urlTemplate":"https:\/\/librairie7l.com\/en\/?s={search_term_string}"},"query-input":"required name=search_term_string"}],"inLanguage":"en-US"},{"@type":"Organization","@id":"https:\/\/librairie7l.com\/en\/#organization","name":"Librairie 7L","url":"https:\/\/librairie7l.com\/en\/","logo":{"@type":"ImageObject","inLanguage":"en-US","@id":"https:\/\/librairie7l.com\/en\/#\/schema\/logo\/image\/","url":"https:\/\/librairie7l.com\/wp-content\/uploads\/2022\/08\/logo-1.png","contentUrl":"https:\/\/librairie7l.com\/wp-content\/uploads\/2022\/08\/logo-1.png","width":227,"height":301,"caption":"Librairie 7L"},"image":{"@id":"https:\/\/librairie7l.com\/en\/#\/schema\/logo\/image\/"}}]}},"_links":{"self":[{"href":"https:\/\/librairie7l.com\/en\/wp-json\/wp\/v2\/product\/44220"}],"collection":[{"href":"https:\/\/librairie7l.com\/en\/wp-json\/wp\/v2\/product"}],"about":[{"href":"https:\/\/librairie7l.com\/en\/wp-json\/wp\/v2\/types\/product"}],"wp:featuredmedia":[{"embeddable":true,"href":"https:\/\/librairie7l.com\/en\/wp-json\/wp\/v2\/media\/44218"}],"wp:attachment":[{"href":"https:\/\/librairie7l.com\/en\/wp-json\/wp\/v2\/media?parent=44220"}],"wp:term":[{"taxonomy":"product_cat","embeddable":true,"href":"https:\/\/librairie7l.com\/en\/wp-json\/wp\/v2\/product_cat?post=44220"},{"taxonomy":"product_tag","embeddable":true,"href":"https:\/\/librairie7l.com\/en\/wp-json\/wp\/v2\/product_tag?post=44220"}],"curies":[{"name":"wp","href":"https:\/\/api.w.org\/{rel}","templated":true}]}}