{"id":44224,"date":"2024-11-14T09:18:06","date_gmt":"2024-11-14T08:18:06","guid":{"rendered":"https:\/\/librairie7l.com\/?post_type=product&#038;p=44224"},"modified":"2026-04-16T20:01:35","modified_gmt":"2026-04-16T18:01:35","slug":"paris-capitale-de-la-perle-2","status":"publish","type":"product","link":"https:\/\/librairie7l.com\/en\/produit\/paris-capitale-de-la-perle-2\/","title":{"rendered":"PARIS, CAPITALE DE LA PERLE"},"content":{"rendered":"<p>Si l&#8217;on en croit Paul L\u00e9vi et Jean-Paul Poirot , la rue Lafayette, qui regroupait depuis le XIXe si\u00e8cle la majorit\u00e9 des marchands de pierres pr\u00e9cieuses parisiens, aurait concentr\u00e9 pr\u00e8s de 300 n\u00e9gociants en perles fines dans l&#8217;entre-deux-guerres, entre ses num\u00e9ros 1 et 100. Un tel chiffre frappe par son importance en comparaison de la situation actuelle du march\u00e9 de la perle fine, au sein de la capitale comme au niveau mondial: tandis que les n\u00e9gociants et sp\u00e9cialistes parisiens se comptent aujourd&#8217;hui sur les doigts d&#8217;une main, la perle fine ne repr\u00e9sente plus qu&#8217;un volume insignifiant d&#8217;un march\u00e9 domin\u00e9 par la perle de culture, qu&#8217;elle soit d&#8217;eau douce (95 %) ou d&#8217;eau de mer (5%).<\/p>\n<p>Comment, il y a moins d&#8217;un si\u00e8cle, autant de n\u00e9gociants ont pu vivre \u00e0 Paris du commerce de cette mati\u00e8re? Quand et pourquoi la capitale fran\u00e7aise est-elle devenue le centre mondial de la perle? Comment les relations entre la France et le Golfe, son principal fournisseur, \u00e9taient-elles structur\u00e9es? Pour quelles raisons ce commerce aussi florissant a-t-il compl\u00e8tement disparu? Mais surtout, comment se fait-il que la m\u00e9moire de cet \u00e2ge d&#8217;or de la perle soit aujourd&#8217;hui perdue? C&#8217;est \u00e0 ces questions, et bien d&#8217;autres encore, que cette exposition t\u00e2chera de r\u00e9pondre.<\/p>\n<p>Mais au-del\u00e0 de percer les derniers myst\u00e8res li\u00e9s \u00e0 un biomin\u00e9ral dont on ne cesse de repousser l&#8217;anciennet\u00e9 des relations avec les hommes, il s&#8217;agira avant tout de montrer dans quelle mesure la perle a su inspirer l&#8217;ensemble des joailliers parisiens mais \u00e9galement les artistes au sens large, petits et grands. Tous semblent en effet avoir \u00e9t\u00e9 pouss\u00e9s par une m\u00eame perlomanie et ce, quel que soit leur m\u00e9dium, de l&#8217;op\u00e9ra au cin\u00e9ma en passant par la peinture, la photographie, l&#8217;affiche ou les illustr\u00e9s, au point de faire de la perle l&#8217;une des formes symboliques des ann\u00e9es folles.<\/p>\n","protected":false},"excerpt":{"rendered":"<p>Si l&#8217;on en croit Paul L\u00e9vi et Jean-Paul Poirot , la rue Lafayette, qui regroupait depuis le XIXe si\u00e8cle la majorit\u00e9 des marchands de pierres pr\u00e9cieuses parisiens, aurait concentr\u00e9 pr\u00e8s de 300 n\u00e9gociants en perles fines dans l&#8217;entre-deux-guerres, entre ses num\u00e9ros 1 et 100. Un tel chiffre frappe par son importance en comparaison de la [&hellip;]<\/p>\n","protected":false},"featured_media":44222,"template":"","meta":[],"product_cat":[2948],"product_tag":[],"acf":[],"yoast_head":"<!-- This site is optimized with the Yoast SEO plugin v20.11 - https:\/\/yoast.com\/wordpress\/plugins\/seo\/ -->\n<title>Paris, capitale de la Perle - Librairie 7L<\/title>\n<meta name=\"robots\" content=\"index, follow, max-snippet:-1, max-image-preview:large, max-video-preview:-1\" \/>\n<link rel=\"canonical\" href=\"https:\/\/librairie7l.com\/en\/produit\/paris-capitale-de-la-perle-2\/\" \/>\n<meta property=\"og:locale\" content=\"en_US\" \/>\n<meta property=\"og:type\" content=\"article\" \/>\n<meta property=\"og:title\" content=\"Paris, capitale de la Perle - Librairie 7L\" \/>\n<meta property=\"og:description\" content=\"Si l&#8217;on en croit Paul L\u00e9vi et Jean-Paul Poirot , la rue Lafayette, qui regroupait depuis le XIXe si\u00e8cle la majorit\u00e9 des marchands de pierres pr\u00e9cieuses parisiens, aurait concentr\u00e9 pr\u00e8s de 300 n\u00e9gociants en perles fines dans l&#8217;entre-deux-guerres, entre ses num\u00e9ros 1 et 100. Un tel chiffre frappe par son importance en comparaison de la [&hellip;]\" \/>\n<meta property=\"og:url\" content=\"https:\/\/librairie7l.com\/en\/produit\/paris-capitale-de-la-perle-2\/\" \/>\n<meta property=\"og:site_name\" content=\"Librairie 7L\" \/>\n<meta property=\"article:modified_time\" content=\"2026-04-16T18:01:35+00:00\" \/>\n<meta property=\"og:image\" content=\"https:\/\/librairie7l.com\/wp-content\/uploads\/2024\/04\/9782376660934_1_75.jpg\" \/>\n\t<meta property=\"og:image:width\" content=\"600\" \/>\n\t<meta property=\"og:image:height\" content=\"756\" \/>\n\t<meta property=\"og:image:type\" content=\"image\/jpeg\" \/>\n<meta name=\"twitter:card\" content=\"summary_large_image\" \/>\n<meta name=\"twitter:label1\" content=\"Est. reading time\" \/>\n\t<meta name=\"twitter:data1\" content=\"2 minutes\" \/>\n<script type=\"application\/ld+json\" class=\"yoast-schema-graph\">{\"@context\":\"https:\/\/schema.org\",\"@graph\":[{\"@type\":\"WebPage\",\"@id\":\"https:\/\/librairie7l.com\/en\/produit\/paris-capitale-de-la-perle-2\/\",\"url\":\"https:\/\/librairie7l.com\/en\/produit\/paris-capitale-de-la-perle-2\/\",\"name\":\"Paris, capitale de la Perle - Librairie 7L\",\"isPartOf\":{\"@id\":\"https:\/\/librairie7l.com\/en\/#website\"},\"datePublished\":\"2024-11-14T08:18:06+00:00\",\"dateModified\":\"2026-04-16T18:01:35+00:00\",\"breadcrumb\":{\"@id\":\"https:\/\/librairie7l.com\/en\/produit\/paris-capitale-de-la-perle-2\/#breadcrumb\"},\"inLanguage\":\"en-US\",\"potentialAction\":[{\"@type\":\"ReadAction\",\"target\":[\"https:\/\/librairie7l.com\/en\/produit\/paris-capitale-de-la-perle-2\/\"]}]},{\"@type\":\"BreadcrumbList\",\"@id\":\"https:\/\/librairie7l.com\/en\/produit\/paris-capitale-de-la-perle-2\/#breadcrumb\",\"itemListElement\":[{\"@type\":\"ListItem\",\"position\":1,\"name\":\"Accueil\",\"item\":\"https:\/\/librairie7l.com\/en\/\"},{\"@type\":\"ListItem\",\"position\":2,\"name\":\"Shop\",\"item\":\"https:\/\/librairie7l.com\/en\/shop\/\"},{\"@type\":\"ListItem\",\"position\":3,\"name\":\"PARIS, CAPITALE DE LA PERLE\"}]},{\"@type\":\"WebSite\",\"@id\":\"https:\/\/librairie7l.com\/en\/#website\",\"url\":\"https:\/\/librairie7l.com\/en\/\",\"name\":\"Librairie 7L\",\"description\":\"Librairie fond\u00e9e en 1999 par Karl Lagerfeld \u00e0 Paris\",\"publisher\":{\"@id\":\"https:\/\/librairie7l.com\/en\/#organization\"},\"potentialAction\":[{\"@type\":\"SearchAction\",\"target\":{\"@type\":\"EntryPoint\",\"urlTemplate\":\"https:\/\/librairie7l.com\/en\/?s={search_term_string}\"},\"query-input\":\"required name=search_term_string\"}],\"inLanguage\":\"en-US\"},{\"@type\":\"Organization\",\"@id\":\"https:\/\/librairie7l.com\/en\/#organization\",\"name\":\"Librairie 7L\",\"url\":\"https:\/\/librairie7l.com\/en\/\",\"logo\":{\"@type\":\"ImageObject\",\"inLanguage\":\"en-US\",\"@id\":\"https:\/\/librairie7l.com\/en\/#\/schema\/logo\/image\/\",\"url\":\"https:\/\/librairie7l.com\/wp-content\/uploads\/2022\/08\/logo-1.png\",\"contentUrl\":\"https:\/\/librairie7l.com\/wp-content\/uploads\/2022\/08\/logo-1.png\",\"width\":227,\"height\":301,\"caption\":\"Librairie 7L\"},\"image\":{\"@id\":\"https:\/\/librairie7l.com\/en\/#\/schema\/logo\/image\/\"}}]}<\/script>\n<!-- \/ Yoast SEO plugin. -->","yoast_head_json":{"title":"Paris, capitale de la Perle - Librairie 7L","robots":{"index":"index","follow":"follow","max-snippet":"max-snippet:-1","max-image-preview":"max-image-preview:large","max-video-preview":"max-video-preview:-1"},"canonical":"https:\/\/librairie7l.com\/en\/produit\/paris-capitale-de-la-perle-2\/","og_locale":"en_US","og_type":"article","og_title":"Paris, capitale de la Perle - Librairie 7L","og_description":"Si l&#8217;on en croit Paul L\u00e9vi et Jean-Paul Poirot , la rue Lafayette, qui regroupait depuis le XIXe si\u00e8cle la majorit\u00e9 des marchands de pierres pr\u00e9cieuses parisiens, aurait concentr\u00e9 pr\u00e8s de 300 n\u00e9gociants en perles fines dans l&#8217;entre-deux-guerres, entre ses num\u00e9ros 1 et 100. Un tel chiffre frappe par son importance en comparaison de la [&hellip;]","og_url":"https:\/\/librairie7l.com\/en\/produit\/paris-capitale-de-la-perle-2\/","og_site_name":"Librairie 7L","article_modified_time":"2026-04-16T18:01:35+00:00","og_image":[{"width":600,"height":756,"url":"https:\/\/librairie7l.com\/wp-content\/uploads\/2024\/04\/9782376660934_1_75.jpg","type":"image\/jpeg"}],"twitter_card":"summary_large_image","twitter_misc":{"Est. reading time":"2 minutes"},"schema":{"@context":"https:\/\/schema.org","@graph":[{"@type":"WebPage","@id":"https:\/\/librairie7l.com\/en\/produit\/paris-capitale-de-la-perle-2\/","url":"https:\/\/librairie7l.com\/en\/produit\/paris-capitale-de-la-perle-2\/","name":"Paris, capitale de la Perle - Librairie 7L","isPartOf":{"@id":"https:\/\/librairie7l.com\/en\/#website"},"datePublished":"2024-11-14T08:18:06+00:00","dateModified":"2026-04-16T18:01:35+00:00","breadcrumb":{"@id":"https:\/\/librairie7l.com\/en\/produit\/paris-capitale-de-la-perle-2\/#breadcrumb"},"inLanguage":"en-US","potentialAction":[{"@type":"ReadAction","target":["https:\/\/librairie7l.com\/en\/produit\/paris-capitale-de-la-perle-2\/"]}]},{"@type":"BreadcrumbList","@id":"https:\/\/librairie7l.com\/en\/produit\/paris-capitale-de-la-perle-2\/#breadcrumb","itemListElement":[{"@type":"ListItem","position":1,"name":"Accueil","item":"https:\/\/librairie7l.com\/en\/"},{"@type":"ListItem","position":2,"name":"Shop","item":"https:\/\/librairie7l.com\/en\/shop\/"},{"@type":"ListItem","position":3,"name":"PARIS, CAPITALE DE LA PERLE"}]},{"@type":"WebSite","@id":"https:\/\/librairie7l.com\/en\/#website","url":"https:\/\/librairie7l.com\/en\/","name":"Librairie 7L","description":"Librairie fond\u00e9e en 1999 par Karl Lagerfeld \u00e0 Paris","publisher":{"@id":"https:\/\/librairie7l.com\/en\/#organization"},"potentialAction":[{"@type":"SearchAction","target":{"@type":"EntryPoint","urlTemplate":"https:\/\/librairie7l.com\/en\/?s={search_term_string}"},"query-input":"required name=search_term_string"}],"inLanguage":"en-US"},{"@type":"Organization","@id":"https:\/\/librairie7l.com\/en\/#organization","name":"Librairie 7L","url":"https:\/\/librairie7l.com\/en\/","logo":{"@type":"ImageObject","inLanguage":"en-US","@id":"https:\/\/librairie7l.com\/en\/#\/schema\/logo\/image\/","url":"https:\/\/librairie7l.com\/wp-content\/uploads\/2022\/08\/logo-1.png","contentUrl":"https:\/\/librairie7l.com\/wp-content\/uploads\/2022\/08\/logo-1.png","width":227,"height":301,"caption":"Librairie 7L"},"image":{"@id":"https:\/\/librairie7l.com\/en\/#\/schema\/logo\/image\/"}}]}},"_links":{"self":[{"href":"https:\/\/librairie7l.com\/en\/wp-json\/wp\/v2\/product\/44224"}],"collection":[{"href":"https:\/\/librairie7l.com\/en\/wp-json\/wp\/v2\/product"}],"about":[{"href":"https:\/\/librairie7l.com\/en\/wp-json\/wp\/v2\/types\/product"}],"wp:featuredmedia":[{"embeddable":true,"href":"https:\/\/librairie7l.com\/en\/wp-json\/wp\/v2\/media\/44222"}],"wp:attachment":[{"href":"https:\/\/librairie7l.com\/en\/wp-json\/wp\/v2\/media?parent=44224"}],"wp:term":[{"taxonomy":"product_cat","embeddable":true,"href":"https:\/\/librairie7l.com\/en\/wp-json\/wp\/v2\/product_cat?post=44224"},{"taxonomy":"product_tag","embeddable":true,"href":"https:\/\/librairie7l.com\/en\/wp-json\/wp\/v2\/product_tag?post=44224"}],"curies":[{"name":"wp","href":"https:\/\/api.w.org\/{rel}","templated":true}]}}