{"id":44228,"date":"2024-11-14T09:18:09","date_gmt":"2024-11-14T08:18:09","guid":{"rendered":"https:\/\/librairie7l.com\/?post_type=product&#038;p=44228"},"modified":"2026-04-16T20:01:35","modified_gmt":"2026-04-16T18:01:35","slug":"tokyo-naissance-dune-ville-moderne-2","status":"publish","type":"product","link":"https:\/\/librairie7l.com\/en\/produit\/tokyo-naissance-dune-ville-moderne-2\/","title":{"rendered":"TOKYO, NAISSANCE D&#8217;UNE VILLE MODERNE"},"content":{"rendered":"<p>1er septembre 1923. Un terrible tremblement de terre frappe la r\u00e9gion du Kant\u00f4, faisant plus de 100 000 morts et d\u00e9truisant environ 40 % de Tokyo. Les derniers quartiers qui avaient conserv\u00e9 l&#8217;atmosph\u00e8re d&#8217;autrefois disparaissent, la reconstruction va permettre \u00e0 Tokyo d&#8217;acc\u00e9l\u00e9rer sa modernisation avec le d\u00e9veloppement des routes et du r\u00e9seau ferr\u00e9, la r\u00e9novation des voies fluviales et la cr\u00e9ation de parcs&#8230; La capitale se m\u00e9tamorphose en une ville moderne qui s&#8217;agrandit consid\u00e9rablement en 1932 en fusionnant avec les villes et villages environnants.<br \/>\nLes destructions caus\u00e9es par le s\u00e9isme et ces transformations urbaines sont souvent repr\u00e9sent\u00e9es dans les shin hanga (estampes nouvelles) et les s\u00f4saku hanga (estampes cr\u00e9atives). La fin de la longue tradition des estampes ukiyo-e au tournant du XXe si\u00e8cle a \u00e9t\u00e9 suivie par l&#8217;apparition de ces deux mouvements artistiques. Si elles donnent un souffle nouveau \u00e0 l&#8217;art de la gravure sur bois, les shin hanga perp\u00e9tuent les techniques traditionnelles. Davantage inspir\u00e9s par les mouvements europ\u00e9ens, les artistes de s\u00f4saku hanga dessinent, gravent et impriment eux-m\u00eames leurs oeuvres au style plus personnel.<br \/>\nNombre d&#8217;artistes de shin hanga tels que Hasui Kawase d\u00e9peignent avec une grande virtuosit\u00e9 un Tokyo empreint de nostalgie o\u00f9 la modernisation est souvent peu visible. Certains graveurs de s\u00f4saku hanga, quant \u00e0 eux, \u00e0 commencer par Shizuo Fujimori et Kishio Koizumi, s&#8217;int\u00e9ressent davantage aux immeubles de b\u00e9ton, aux usines, aux nouveaux modes de transport ou aux paysages de banlieue qu&#8217;ils repr\u00e9sentent dans leurs vues du Grand Tokyo.<br \/>\nUn autre aspect de la modernisation de la capitale qu&#8217;illustrent ces estampes est le d\u00e9veloppement d&#8217;une culture de la consommation. Les grands magasins, caf\u00e9s, salles de spectacles et autres lieux de divertissement des quartiers de Ginza, d&#8217;Asakusa et de Shinjuku sont des th\u00e8mes pris\u00e9s des graveurs. De m\u00eame que les jeunes gens \u00e0 la mode, v\u00eatus \u00e0 l&#8217;occidentale, commun\u00e9ment appel\u00e9s \u00ab mobo \u00bb (modern boys) et \u00ab moga \u00bb (modern girls). Ainsi, avant la mont\u00e9e du militarisme et l&#8217;entr\u00e9e en guerre du Japon, une nouvelle forme d&#8217;h\u00e9donisme s&#8217;\u00e9panouit d\u00e9j\u00e0 \u00e0 Tokyo.<br \/>\nLe catalogue qui accompagne l&#8217;exposition pr\u00e9sente une centaine d&#8217;oeuvres du Tokyo Edo-Museum peu connues en France, ainsi que des affiches, des photos ou encore des accessoires de mode. Ces estampes aux styles vari\u00e9s et novateurs, sign\u00e9es des grands graveurs de l&#8217;\u00e9poque, oscillent entre fascination envers ces bouleversements et nostalgie pour le Tokyo d&#8217;autrefois.<\/p>\n","protected":false},"excerpt":{"rendered":"<p>1er septembre 1923. Un terrible tremblement de terre frappe la r\u00e9gion du Kant\u00f4, faisant plus de 100 000 morts et d\u00e9truisant environ 40 % de Tokyo. Les derniers quartiers qui avaient conserv\u00e9 l&#8217;atmosph\u00e8re d&#8217;autrefois disparaissent, la reconstruction va permettre \u00e0 Tokyo d&#8217;acc\u00e9l\u00e9rer sa modernisation avec le d\u00e9veloppement des routes et du r\u00e9seau ferr\u00e9, la r\u00e9novation [&hellip;]<\/p>\n","protected":false},"featured_media":44226,"template":"","meta":[],"product_cat":[2948],"product_tag":[],"acf":[],"yoast_head":"<!-- This site is optimized with the Yoast SEO plugin v20.11 - https:\/\/yoast.com\/wordpress\/plugins\/seo\/ -->\n<title>Tokyo, naissance d&#039;une ville moderne - Librairie 7L<\/title>\n<meta name=\"robots\" content=\"index, follow, max-snippet:-1, max-image-preview:large, max-video-preview:-1\" \/>\n<link rel=\"canonical\" href=\"https:\/\/librairie7l.com\/en\/produit\/tokyo-naissance-dune-ville-moderne-2\/\" \/>\n<meta property=\"og:locale\" content=\"en_US\" \/>\n<meta property=\"og:type\" content=\"article\" \/>\n<meta property=\"og:title\" content=\"Tokyo, naissance d&#039;une ville moderne - Librairie 7L\" \/>\n<meta property=\"og:description\" content=\"1er septembre 1923. Un terrible tremblement de terre frappe la r\u00e9gion du Kant\u00f4, faisant plus de 100 000 morts et d\u00e9truisant environ 40 % de Tokyo. Les derniers quartiers qui avaient conserv\u00e9 l&#8217;atmosph\u00e8re d&#8217;autrefois disparaissent, la reconstruction va permettre \u00e0 Tokyo d&#8217;acc\u00e9l\u00e9rer sa modernisation avec le d\u00e9veloppement des routes et du r\u00e9seau ferr\u00e9, la r\u00e9novation [&hellip;]\" \/>\n<meta property=\"og:url\" content=\"https:\/\/librairie7l.com\/en\/produit\/tokyo-naissance-dune-ville-moderne-2\/\" \/>\n<meta property=\"og:site_name\" content=\"Librairie 7L\" \/>\n<meta property=\"article:modified_time\" content=\"2026-04-16T18:01:35+00:00\" \/>\n<meta property=\"og:image\" content=\"https:\/\/librairie7l.com\/wp-content\/uploads\/2024\/08\/9782353404131_1_75.jpg\" \/>\n\t<meta property=\"og:image:width\" content=\"1066\" \/>\n\t<meta property=\"og:image:height\" content=\"600\" \/>\n\t<meta property=\"og:image:type\" content=\"image\/jpeg\" \/>\n<meta name=\"twitter:card\" content=\"summary_large_image\" \/>\n<meta name=\"twitter:label1\" content=\"Est. reading time\" \/>\n\t<meta name=\"twitter:data1\" content=\"2 minutes\" \/>\n<script type=\"application\/ld+json\" class=\"yoast-schema-graph\">{\"@context\":\"https:\/\/schema.org\",\"@graph\":[{\"@type\":\"WebPage\",\"@id\":\"https:\/\/librairie7l.com\/en\/produit\/tokyo-naissance-dune-ville-moderne-2\/\",\"url\":\"https:\/\/librairie7l.com\/en\/produit\/tokyo-naissance-dune-ville-moderne-2\/\",\"name\":\"Tokyo, naissance d'une ville moderne - Librairie 7L\",\"isPartOf\":{\"@id\":\"https:\/\/librairie7l.com\/en\/#website\"},\"datePublished\":\"2024-11-14T08:18:09+00:00\",\"dateModified\":\"2026-04-16T18:01:35+00:00\",\"breadcrumb\":{\"@id\":\"https:\/\/librairie7l.com\/en\/produit\/tokyo-naissance-dune-ville-moderne-2\/#breadcrumb\"},\"inLanguage\":\"en-US\",\"potentialAction\":[{\"@type\":\"ReadAction\",\"target\":[\"https:\/\/librairie7l.com\/en\/produit\/tokyo-naissance-dune-ville-moderne-2\/\"]}]},{\"@type\":\"BreadcrumbList\",\"@id\":\"https:\/\/librairie7l.com\/en\/produit\/tokyo-naissance-dune-ville-moderne-2\/#breadcrumb\",\"itemListElement\":[{\"@type\":\"ListItem\",\"position\":1,\"name\":\"Accueil\",\"item\":\"https:\/\/librairie7l.com\/en\/\"},{\"@type\":\"ListItem\",\"position\":2,\"name\":\"Shop\",\"item\":\"https:\/\/librairie7l.com\/en\/shop\/\"},{\"@type\":\"ListItem\",\"position\":3,\"name\":\"TOKYO, NAISSANCE D&#8217;UNE VILLE MODERNE\"}]},{\"@type\":\"WebSite\",\"@id\":\"https:\/\/librairie7l.com\/en\/#website\",\"url\":\"https:\/\/librairie7l.com\/en\/\",\"name\":\"Librairie 7L\",\"description\":\"Librairie fond\u00e9e en 1999 par Karl Lagerfeld \u00e0 Paris\",\"publisher\":{\"@id\":\"https:\/\/librairie7l.com\/en\/#organization\"},\"potentialAction\":[{\"@type\":\"SearchAction\",\"target\":{\"@type\":\"EntryPoint\",\"urlTemplate\":\"https:\/\/librairie7l.com\/en\/?s={search_term_string}\"},\"query-input\":\"required name=search_term_string\"}],\"inLanguage\":\"en-US\"},{\"@type\":\"Organization\",\"@id\":\"https:\/\/librairie7l.com\/en\/#organization\",\"name\":\"Librairie 7L\",\"url\":\"https:\/\/librairie7l.com\/en\/\",\"logo\":{\"@type\":\"ImageObject\",\"inLanguage\":\"en-US\",\"@id\":\"https:\/\/librairie7l.com\/en\/#\/schema\/logo\/image\/\",\"url\":\"https:\/\/librairie7l.com\/wp-content\/uploads\/2022\/08\/logo-1.png\",\"contentUrl\":\"https:\/\/librairie7l.com\/wp-content\/uploads\/2022\/08\/logo-1.png\",\"width\":227,\"height\":301,\"caption\":\"Librairie 7L\"},\"image\":{\"@id\":\"https:\/\/librairie7l.com\/en\/#\/schema\/logo\/image\/\"}}]}<\/script>\n<!-- \/ Yoast SEO plugin. -->","yoast_head_json":{"title":"Tokyo, naissance d'une ville moderne - Librairie 7L","robots":{"index":"index","follow":"follow","max-snippet":"max-snippet:-1","max-image-preview":"max-image-preview:large","max-video-preview":"max-video-preview:-1"},"canonical":"https:\/\/librairie7l.com\/en\/produit\/tokyo-naissance-dune-ville-moderne-2\/","og_locale":"en_US","og_type":"article","og_title":"Tokyo, naissance d'une ville moderne - Librairie 7L","og_description":"1er septembre 1923. Un terrible tremblement de terre frappe la r\u00e9gion du Kant\u00f4, faisant plus de 100 000 morts et d\u00e9truisant environ 40 % de Tokyo. Les derniers quartiers qui avaient conserv\u00e9 l&#8217;atmosph\u00e8re d&#8217;autrefois disparaissent, la reconstruction va permettre \u00e0 Tokyo d&#8217;acc\u00e9l\u00e9rer sa modernisation avec le d\u00e9veloppement des routes et du r\u00e9seau ferr\u00e9, la r\u00e9novation [&hellip;]","og_url":"https:\/\/librairie7l.com\/en\/produit\/tokyo-naissance-dune-ville-moderne-2\/","og_site_name":"Librairie 7L","article_modified_time":"2026-04-16T18:01:35+00:00","og_image":[{"width":1066,"height":600,"url":"https:\/\/librairie7l.com\/wp-content\/uploads\/2024\/08\/9782353404131_1_75.jpg","type":"image\/jpeg"}],"twitter_card":"summary_large_image","twitter_misc":{"Est. reading time":"2 minutes"},"schema":{"@context":"https:\/\/schema.org","@graph":[{"@type":"WebPage","@id":"https:\/\/librairie7l.com\/en\/produit\/tokyo-naissance-dune-ville-moderne-2\/","url":"https:\/\/librairie7l.com\/en\/produit\/tokyo-naissance-dune-ville-moderne-2\/","name":"Tokyo, naissance d'une ville moderne - Librairie 7L","isPartOf":{"@id":"https:\/\/librairie7l.com\/en\/#website"},"datePublished":"2024-11-14T08:18:09+00:00","dateModified":"2026-04-16T18:01:35+00:00","breadcrumb":{"@id":"https:\/\/librairie7l.com\/en\/produit\/tokyo-naissance-dune-ville-moderne-2\/#breadcrumb"},"inLanguage":"en-US","potentialAction":[{"@type":"ReadAction","target":["https:\/\/librairie7l.com\/en\/produit\/tokyo-naissance-dune-ville-moderne-2\/"]}]},{"@type":"BreadcrumbList","@id":"https:\/\/librairie7l.com\/en\/produit\/tokyo-naissance-dune-ville-moderne-2\/#breadcrumb","itemListElement":[{"@type":"ListItem","position":1,"name":"Accueil","item":"https:\/\/librairie7l.com\/en\/"},{"@type":"ListItem","position":2,"name":"Shop","item":"https:\/\/librairie7l.com\/en\/shop\/"},{"@type":"ListItem","position":3,"name":"TOKYO, NAISSANCE D&#8217;UNE VILLE MODERNE"}]},{"@type":"WebSite","@id":"https:\/\/librairie7l.com\/en\/#website","url":"https:\/\/librairie7l.com\/en\/","name":"Librairie 7L","description":"Librairie fond\u00e9e en 1999 par Karl Lagerfeld \u00e0 Paris","publisher":{"@id":"https:\/\/librairie7l.com\/en\/#organization"},"potentialAction":[{"@type":"SearchAction","target":{"@type":"EntryPoint","urlTemplate":"https:\/\/librairie7l.com\/en\/?s={search_term_string}"},"query-input":"required name=search_term_string"}],"inLanguage":"en-US"},{"@type":"Organization","@id":"https:\/\/librairie7l.com\/en\/#organization","name":"Librairie 7L","url":"https:\/\/librairie7l.com\/en\/","logo":{"@type":"ImageObject","inLanguage":"en-US","@id":"https:\/\/librairie7l.com\/en\/#\/schema\/logo\/image\/","url":"https:\/\/librairie7l.com\/wp-content\/uploads\/2022\/08\/logo-1.png","contentUrl":"https:\/\/librairie7l.com\/wp-content\/uploads\/2022\/08\/logo-1.png","width":227,"height":301,"caption":"Librairie 7L"},"image":{"@id":"https:\/\/librairie7l.com\/en\/#\/schema\/logo\/image\/"}}]}},"_links":{"self":[{"href":"https:\/\/librairie7l.com\/en\/wp-json\/wp\/v2\/product\/44228"}],"collection":[{"href":"https:\/\/librairie7l.com\/en\/wp-json\/wp\/v2\/product"}],"about":[{"href":"https:\/\/librairie7l.com\/en\/wp-json\/wp\/v2\/types\/product"}],"wp:featuredmedia":[{"embeddable":true,"href":"https:\/\/librairie7l.com\/en\/wp-json\/wp\/v2\/media\/44226"}],"wp:attachment":[{"href":"https:\/\/librairie7l.com\/en\/wp-json\/wp\/v2\/media?parent=44228"}],"wp:term":[{"taxonomy":"product_cat","embeddable":true,"href":"https:\/\/librairie7l.com\/en\/wp-json\/wp\/v2\/product_cat?post=44228"},{"taxonomy":"product_tag","embeddable":true,"href":"https:\/\/librairie7l.com\/en\/wp-json\/wp\/v2\/product_tag?post=44228"}],"curies":[{"name":"wp","href":"https:\/\/api.w.org\/{rel}","templated":true}]}}