{"id":44238,"date":"2024-11-14T09:18:22","date_gmt":"2024-11-14T08:18:22","guid":{"rendered":"https:\/\/librairie7l.com\/?post_type=product&#038;p=44238"},"modified":"2026-04-16T20:31:34","modified_gmt":"2026-04-16T18:31:34","slug":"les-bals-de-la-reine-2","status":"publish","type":"product","link":"https:\/\/librairie7l.com\/en\/produit\/les-bals-de-la-reine-2\/","title":{"rendered":"LES BALS DE LA REINE"},"content":{"rendered":"<p>Les origines des bals de la reine \u00e0 la Cour de France remontent au XVIIe si\u00e8cle. Il revenait \u00e0 la souveraine d&#8217;animer la vie de Cour par des cercles, des concerts et des bals, particuli\u00e8rement pendant la p\u00e9riode du Carnaval.<\/p>\n<p>En cas de disparition de la souveraine, la dauphine assurait ce r\u00f4le, comme la duchesse de Bourgogne \u00e0 la Cour de Louis XIV de 1700 \u00e0 1712, ann\u00e9e de sa mort. Cette tradition semble s&#8217;\u00eatre effac\u00e9e au d\u00e9but du r\u00e8gne de Louis XV, jusqu&#8217;\u00e0 la fin de la guerre de Sept Ans en 1763. Les festivit\u00e9s en p\u00e9riode de carnaval marqu\u00e8rent un renouveau des bals offerts par la reine Marie Lecsczinska. \u00c0 la suite du d\u00e9c\u00e8s de la souveraine en 1768, la dauphine Marie-Antoinette poursuivit cet usage en tant que reine jusqu&#8217;en 1787.<\/p>\n","protected":false},"excerpt":{"rendered":"<p>Les origines des bals de la reine \u00e0 la Cour de France remontent au XVIIe si\u00e8cle. Il revenait \u00e0 la souveraine d&#8217;animer la vie de Cour par des cercles, des concerts et des bals, particuli\u00e8rement pendant la p\u00e9riode du Carnaval. En cas de disparition de la souveraine, la dauphine assurait ce r\u00f4le, comme la duchesse [&hellip;]<\/p>\n","protected":false},"featured_media":44511,"template":"","meta":[],"product_cat":[2948],"product_tag":[],"acf":[],"yoast_head":"<!-- This site is optimized with the Yoast SEO plugin v20.11 - https:\/\/yoast.com\/wordpress\/plugins\/seo\/ -->\n<title>Les Bals de la Reine - Librairie 7L<\/title>\n<meta name=\"robots\" content=\"index, follow, max-snippet:-1, max-image-preview:large, max-video-preview:-1\" \/>\n<link rel=\"canonical\" href=\"https:\/\/librairie7l.com\/en\/produit\/les-bals-de-la-reine-2\/\" \/>\n<meta property=\"og:locale\" content=\"en_US\" \/>\n<meta property=\"og:type\" content=\"article\" \/>\n<meta property=\"og:title\" content=\"Les Bals de la Reine - Librairie 7L\" \/>\n<meta property=\"og:description\" content=\"Les origines des bals de la reine \u00e0 la Cour de France remontent au XVIIe si\u00e8cle. Il revenait \u00e0 la souveraine d&#8217;animer la vie de Cour par des cercles, des concerts et des bals, particuli\u00e8rement pendant la p\u00e9riode du Carnaval. En cas de disparition de la souveraine, la dauphine assurait ce r\u00f4le, comme la duchesse [&hellip;]\" \/>\n<meta property=\"og:url\" content=\"https:\/\/librairie7l.com\/en\/produit\/les-bals-de-la-reine-2\/\" \/>\n<meta property=\"og:site_name\" content=\"Librairie 7L\" \/>\n<meta property=\"article:modified_time\" content=\"2026-04-16T18:31:34+00:00\" \/>\n<meta name=\"twitter:card\" content=\"summary_large_image\" \/>\n<meta name=\"twitter:label1\" content=\"Est. reading time\" \/>\n\t<meta name=\"twitter:data1\" content=\"1 minute\" \/>\n<script type=\"application\/ld+json\" class=\"yoast-schema-graph\">{\"@context\":\"https:\/\/schema.org\",\"@graph\":[{\"@type\":\"WebPage\",\"@id\":\"https:\/\/librairie7l.com\/en\/produit\/les-bals-de-la-reine-2\/\",\"url\":\"https:\/\/librairie7l.com\/en\/produit\/les-bals-de-la-reine-2\/\",\"name\":\"Les Bals de la Reine - Librairie 7L\",\"isPartOf\":{\"@id\":\"https:\/\/librairie7l.com\/en\/#website\"},\"datePublished\":\"2024-11-14T08:18:22+00:00\",\"dateModified\":\"2026-04-16T18:31:34+00:00\",\"breadcrumb\":{\"@id\":\"https:\/\/librairie7l.com\/en\/produit\/les-bals-de-la-reine-2\/#breadcrumb\"},\"inLanguage\":\"en-US\",\"potentialAction\":[{\"@type\":\"ReadAction\",\"target\":[\"https:\/\/librairie7l.com\/en\/produit\/les-bals-de-la-reine-2\/\"]}]},{\"@type\":\"BreadcrumbList\",\"@id\":\"https:\/\/librairie7l.com\/en\/produit\/les-bals-de-la-reine-2\/#breadcrumb\",\"itemListElement\":[{\"@type\":\"ListItem\",\"position\":1,\"name\":\"Accueil\",\"item\":\"https:\/\/librairie7l.com\/en\/\"},{\"@type\":\"ListItem\",\"position\":2,\"name\":\"Shop\",\"item\":\"https:\/\/librairie7l.com\/en\/shop\/\"},{\"@type\":\"ListItem\",\"position\":3,\"name\":\"LES BALS DE LA REINE\"}]},{\"@type\":\"WebSite\",\"@id\":\"https:\/\/librairie7l.com\/en\/#website\",\"url\":\"https:\/\/librairie7l.com\/en\/\",\"name\":\"Librairie 7L\",\"description\":\"Librairie fond\u00e9e en 1999 par Karl Lagerfeld \u00e0 Paris\",\"publisher\":{\"@id\":\"https:\/\/librairie7l.com\/en\/#organization\"},\"potentialAction\":[{\"@type\":\"SearchAction\",\"target\":{\"@type\":\"EntryPoint\",\"urlTemplate\":\"https:\/\/librairie7l.com\/en\/?s={search_term_string}\"},\"query-input\":\"required name=search_term_string\"}],\"inLanguage\":\"en-US\"},{\"@type\":\"Organization\",\"@id\":\"https:\/\/librairie7l.com\/en\/#organization\",\"name\":\"Librairie 7L\",\"url\":\"https:\/\/librairie7l.com\/en\/\",\"logo\":{\"@type\":\"ImageObject\",\"inLanguage\":\"en-US\",\"@id\":\"https:\/\/librairie7l.com\/en\/#\/schema\/logo\/image\/\",\"url\":\"https:\/\/librairie7l.com\/wp-content\/uploads\/2022\/08\/logo-1.png\",\"contentUrl\":\"https:\/\/librairie7l.com\/wp-content\/uploads\/2022\/08\/logo-1.png\",\"width\":227,\"height\":301,\"caption\":\"Librairie 7L\"},\"image\":{\"@id\":\"https:\/\/librairie7l.com\/en\/#\/schema\/logo\/image\/\"}}]}<\/script>\n<!-- \/ Yoast SEO plugin. -->","yoast_head_json":{"title":"Les Bals de la Reine - Librairie 7L","robots":{"index":"index","follow":"follow","max-snippet":"max-snippet:-1","max-image-preview":"max-image-preview:large","max-video-preview":"max-video-preview:-1"},"canonical":"https:\/\/librairie7l.com\/en\/produit\/les-bals-de-la-reine-2\/","og_locale":"en_US","og_type":"article","og_title":"Les Bals de la Reine - Librairie 7L","og_description":"Les origines des bals de la reine \u00e0 la Cour de France remontent au XVIIe si\u00e8cle. Il revenait \u00e0 la souveraine d&#8217;animer la vie de Cour par des cercles, des concerts et des bals, particuli\u00e8rement pendant la p\u00e9riode du Carnaval. En cas de disparition de la souveraine, la dauphine assurait ce r\u00f4le, comme la duchesse [&hellip;]","og_url":"https:\/\/librairie7l.com\/en\/produit\/les-bals-de-la-reine-2\/","og_site_name":"Librairie 7L","article_modified_time":"2026-04-16T18:31:34+00:00","twitter_card":"summary_large_image","twitter_misc":{"Est. reading time":"1 minute"},"schema":{"@context":"https:\/\/schema.org","@graph":[{"@type":"WebPage","@id":"https:\/\/librairie7l.com\/en\/produit\/les-bals-de-la-reine-2\/","url":"https:\/\/librairie7l.com\/en\/produit\/les-bals-de-la-reine-2\/","name":"Les Bals de la Reine - Librairie 7L","isPartOf":{"@id":"https:\/\/librairie7l.com\/en\/#website"},"datePublished":"2024-11-14T08:18:22+00:00","dateModified":"2026-04-16T18:31:34+00:00","breadcrumb":{"@id":"https:\/\/librairie7l.com\/en\/produit\/les-bals-de-la-reine-2\/#breadcrumb"},"inLanguage":"en-US","potentialAction":[{"@type":"ReadAction","target":["https:\/\/librairie7l.com\/en\/produit\/les-bals-de-la-reine-2\/"]}]},{"@type":"BreadcrumbList","@id":"https:\/\/librairie7l.com\/en\/produit\/les-bals-de-la-reine-2\/#breadcrumb","itemListElement":[{"@type":"ListItem","position":1,"name":"Accueil","item":"https:\/\/librairie7l.com\/en\/"},{"@type":"ListItem","position":2,"name":"Shop","item":"https:\/\/librairie7l.com\/en\/shop\/"},{"@type":"ListItem","position":3,"name":"LES BALS DE LA REINE"}]},{"@type":"WebSite","@id":"https:\/\/librairie7l.com\/en\/#website","url":"https:\/\/librairie7l.com\/en\/","name":"Librairie 7L","description":"Librairie fond\u00e9e en 1999 par Karl Lagerfeld \u00e0 Paris","publisher":{"@id":"https:\/\/librairie7l.com\/en\/#organization"},"potentialAction":[{"@type":"SearchAction","target":{"@type":"EntryPoint","urlTemplate":"https:\/\/librairie7l.com\/en\/?s={search_term_string}"},"query-input":"required name=search_term_string"}],"inLanguage":"en-US"},{"@type":"Organization","@id":"https:\/\/librairie7l.com\/en\/#organization","name":"Librairie 7L","url":"https:\/\/librairie7l.com\/en\/","logo":{"@type":"ImageObject","inLanguage":"en-US","@id":"https:\/\/librairie7l.com\/en\/#\/schema\/logo\/image\/","url":"https:\/\/librairie7l.com\/wp-content\/uploads\/2022\/08\/logo-1.png","contentUrl":"https:\/\/librairie7l.com\/wp-content\/uploads\/2022\/08\/logo-1.png","width":227,"height":301,"caption":"Librairie 7L"},"image":{"@id":"https:\/\/librairie7l.com\/en\/#\/schema\/logo\/image\/"}}]}},"_links":{"self":[{"href":"https:\/\/librairie7l.com\/en\/wp-json\/wp\/v2\/product\/44238"}],"collection":[{"href":"https:\/\/librairie7l.com\/en\/wp-json\/wp\/v2\/product"}],"about":[{"href":"https:\/\/librairie7l.com\/en\/wp-json\/wp\/v2\/types\/product"}],"wp:featuredmedia":[{"embeddable":true,"href":"https:\/\/librairie7l.com\/en\/wp-json\/wp\/v2\/media\/44511"}],"wp:attachment":[{"href":"https:\/\/librairie7l.com\/en\/wp-json\/wp\/v2\/media?parent=44238"}],"wp:term":[{"taxonomy":"product_cat","embeddable":true,"href":"https:\/\/librairie7l.com\/en\/wp-json\/wp\/v2\/product_cat?post=44238"},{"taxonomy":"product_tag","embeddable":true,"href":"https:\/\/librairie7l.com\/en\/wp-json\/wp\/v2\/product_tag?post=44238"}],"curies":[{"name":"wp","href":"https:\/\/api.w.org\/{rel}","templated":true}]}}