{"id":44242,"date":"2024-11-14T09:30:08","date_gmt":"2024-11-14T08:30:08","guid":{"rendered":"https:\/\/librairie7l.com\/?post_type=product&#038;p=44242"},"modified":"2026-04-15T23:46:21","modified_gmt":"2026-04-15T21:46:21","slug":"fabienne-verdier-my-quest-for-the-ancient-arts-in-post-cultural-revolution-china-2","status":"publish","type":"product","link":"https:\/\/librairie7l.com\/en\/produit\/fabienne-verdier-my-quest-for-the-ancient-arts-in-post-cultural-revolution-china-2\/","title":{"rendered":"FABIENNE VERDIER : MY QUEST FOR THE ANCIENT ARTS IN POST-CULTURAL REVOLUTION CHINA"},"content":{"rendered":"<p>Une artiste brave la R\u00e9volution Culturelle pour apprendre les secrets de la peinture chinoise<br \/>\n\u00c9tait-il vraiment raisonnable de tout laisser tomber du jour au lendemain pour s&#8217;aventurer seule dans les profondeurs de la Chine communiste \u00e0 la recherche des secrets oubli\u00e9s de l&#8217;art chinois ancien ? Fabienne Verdier, brillante \u00e9tudiante aux Beaux-Arts au d\u00e9but des ann\u00e9es 1980, ne s&#8217;est m\u00eame pas pos\u00e9 la question, tant elle br\u00fblait du d\u00e9sir d&#8217;apprendre l&#8217;art de la peinture et de la calligraphie classiques, que la R\u00e9volution Culturelle s&#8217;\u00e9tait ing\u00e9ni\u00e9e \u00e0 d\u00e9truire.<br \/>\nEt lorsque la jeune \u00e9trang\u00e8re perdue au milieu du Sichuan se trouva dans une \u00e9cole d&#8217;art dirig\u00e9e par le Parti, elle \u00e9tait d\u00e9termin\u00e9e \u00e0 prendre son parti de la situation &#8211; l&#8217;obstacle de la langue, la m\u00e9fiance des Chinois, l&#8217;insupportable absence d&#8217;intimit\u00e9, l&#8217;omnipr\u00e9sence de la mis\u00e8re, de la crasse et de la maladie, la nature inquisitoriale du syst\u00e8me bureaucratique &#8211; et \u00e0 tirer mentalement un trait sur l&#8217;Occident. Elle y eut n\u00e9anmoins pour ma\u00eetres de grands artistes, m\u00e9pris\u00e9s et marginalis\u00e9s par le r\u00e9gime, mais qui l&#8217;initi\u00e8rent aux secrets d&#8217;une forme d&#8217;art ancestrale.<br \/>\nCette exp\u00e9rience unique s&#8217;est mu\u00e9e en un v\u00e9ritable r\u00e9cit d&#8217;aventure, dont l&#8217;aboutissement est un passionnant corpus d&#8217;oeuvres combinant inspiration extr\u00eame-orientale et contemporan\u00e9it\u00e9, comme l&#8217;illustre son extraordinaire livre d&#8217;artiste L&#8217;unique trait de pinceau (Paris, Albin Michel, 2001), dont le pr\u00e9sent ouvrage en langue anglaise, \u00e0 la fois autobiographie et journal de voyage, constitue une version enrichie, notamment par l&#8217;ajout de photographies en couleurs ainsi que d&#8217;un index complet et d&#8217;un glossaire.<\/p>\n","protected":false},"excerpt":{"rendered":"<p>Une artiste brave la R\u00e9volution Culturelle pour apprendre les secrets de la peinture chinoise \u00c9tait-il vraiment raisonnable de tout laisser tomber du jour au lendemain pour s&#8217;aventurer seule dans les profondeurs de la Chine communiste \u00e0 la recherche des secrets oubli\u00e9s de l&#8217;art chinois ancien ? Fabienne Verdier, brillante \u00e9tudiante aux Beaux-Arts au d\u00e9but des [&hellip;]<\/p>\n","protected":false},"featured_media":44240,"template":"","meta":[],"product_cat":[2948],"product_tag":[],"acf":[],"yoast_head":"<!-- This site is optimized with the Yoast SEO plugin v20.11 - https:\/\/yoast.com\/wordpress\/plugins\/seo\/ -->\n<title>Fabienne Verdier : my quest for the ancient arts in post-cultural revolution China - Librairie 7L<\/title>\n<meta name=\"robots\" content=\"index, follow, max-snippet:-1, max-image-preview:large, max-video-preview:-1\" \/>\n<link rel=\"canonical\" href=\"https:\/\/librairie7l.com\/en\/produit\/fabienne-verdier-my-quest-for-the-ancient-arts-in-post-cultural-revolution-china-2\/\" \/>\n<meta property=\"og:locale\" content=\"en_US\" \/>\n<meta property=\"og:type\" content=\"article\" \/>\n<meta property=\"og:title\" content=\"Fabienne Verdier : my quest for the ancient arts in post-cultural revolution China - Librairie 7L\" \/>\n<meta property=\"og:description\" content=\"Une artiste brave la R\u00e9volution Culturelle pour apprendre les secrets de la peinture chinoise \u00c9tait-il vraiment raisonnable de tout laisser tomber du jour au lendemain pour s&#8217;aventurer seule dans les profondeurs de la Chine communiste \u00e0 la recherche des secrets oubli\u00e9s de l&#8217;art chinois ancien ? Fabienne Verdier, brillante \u00e9tudiante aux Beaux-Arts au d\u00e9but des [&hellip;]\" \/>\n<meta property=\"og:url\" content=\"https:\/\/librairie7l.com\/en\/produit\/fabienne-verdier-my-quest-for-the-ancient-arts-in-post-cultural-revolution-china-2\/\" \/>\n<meta property=\"og:site_name\" content=\"Librairie 7L\" \/>\n<meta property=\"article:modified_time\" content=\"2026-04-15T21:46:21+00:00\" \/>\n<meta property=\"og:image\" content=\"https:\/\/librairie7l.com\/wp-content\/uploads\/2024\/03\/9791254600634_1_75.jpg\" \/>\n\t<meta property=\"og:image:width\" content=\"600\" \/>\n\t<meta property=\"og:image:height\" content=\"836\" \/>\n\t<meta property=\"og:image:type\" content=\"image\/jpeg\" \/>\n<meta name=\"twitter:card\" content=\"summary_large_image\" \/>\n<meta name=\"twitter:label1\" content=\"Est. reading time\" \/>\n\t<meta name=\"twitter:data1\" content=\"1 minute\" \/>\n<script type=\"application\/ld+json\" class=\"yoast-schema-graph\">{\"@context\":\"https:\/\/schema.org\",\"@graph\":[{\"@type\":\"WebPage\",\"@id\":\"https:\/\/librairie7l.com\/en\/produit\/fabienne-verdier-my-quest-for-the-ancient-arts-in-post-cultural-revolution-china-2\/\",\"url\":\"https:\/\/librairie7l.com\/en\/produit\/fabienne-verdier-my-quest-for-the-ancient-arts-in-post-cultural-revolution-china-2\/\",\"name\":\"Fabienne Verdier : my quest for the ancient arts in post-cultural revolution China - Librairie 7L\",\"isPartOf\":{\"@id\":\"https:\/\/librairie7l.com\/en\/#website\"},\"datePublished\":\"2024-11-14T08:30:08+00:00\",\"dateModified\":\"2026-04-15T21:46:21+00:00\",\"breadcrumb\":{\"@id\":\"https:\/\/librairie7l.com\/en\/produit\/fabienne-verdier-my-quest-for-the-ancient-arts-in-post-cultural-revolution-china-2\/#breadcrumb\"},\"inLanguage\":\"en-US\",\"potentialAction\":[{\"@type\":\"ReadAction\",\"target\":[\"https:\/\/librairie7l.com\/en\/produit\/fabienne-verdier-my-quest-for-the-ancient-arts-in-post-cultural-revolution-china-2\/\"]}]},{\"@type\":\"BreadcrumbList\",\"@id\":\"https:\/\/librairie7l.com\/en\/produit\/fabienne-verdier-my-quest-for-the-ancient-arts-in-post-cultural-revolution-china-2\/#breadcrumb\",\"itemListElement\":[{\"@type\":\"ListItem\",\"position\":1,\"name\":\"Accueil\",\"item\":\"https:\/\/librairie7l.com\/en\/\"},{\"@type\":\"ListItem\",\"position\":2,\"name\":\"Shop\",\"item\":\"https:\/\/librairie7l.com\/en\/shop\/\"},{\"@type\":\"ListItem\",\"position\":3,\"name\":\"FABIENNE VERDIER : MY QUEST FOR THE ANCIENT ARTS IN POST-CULTURAL REVOLUTION CHINA\"}]},{\"@type\":\"WebSite\",\"@id\":\"https:\/\/librairie7l.com\/en\/#website\",\"url\":\"https:\/\/librairie7l.com\/en\/\",\"name\":\"Librairie 7L\",\"description\":\"Librairie fond\u00e9e en 1999 par Karl Lagerfeld \u00e0 Paris\",\"publisher\":{\"@id\":\"https:\/\/librairie7l.com\/en\/#organization\"},\"potentialAction\":[{\"@type\":\"SearchAction\",\"target\":{\"@type\":\"EntryPoint\",\"urlTemplate\":\"https:\/\/librairie7l.com\/en\/?s={search_term_string}\"},\"query-input\":\"required name=search_term_string\"}],\"inLanguage\":\"en-US\"},{\"@type\":\"Organization\",\"@id\":\"https:\/\/librairie7l.com\/en\/#organization\",\"name\":\"Librairie 7L\",\"url\":\"https:\/\/librairie7l.com\/en\/\",\"logo\":{\"@type\":\"ImageObject\",\"inLanguage\":\"en-US\",\"@id\":\"https:\/\/librairie7l.com\/en\/#\/schema\/logo\/image\/\",\"url\":\"https:\/\/librairie7l.com\/wp-content\/uploads\/2022\/08\/logo-1.png\",\"contentUrl\":\"https:\/\/librairie7l.com\/wp-content\/uploads\/2022\/08\/logo-1.png\",\"width\":227,\"height\":301,\"caption\":\"Librairie 7L\"},\"image\":{\"@id\":\"https:\/\/librairie7l.com\/en\/#\/schema\/logo\/image\/\"}}]}<\/script>\n<!-- \/ Yoast SEO plugin. -->","yoast_head_json":{"title":"Fabienne Verdier : my quest for the ancient arts in post-cultural revolution China - Librairie 7L","robots":{"index":"index","follow":"follow","max-snippet":"max-snippet:-1","max-image-preview":"max-image-preview:large","max-video-preview":"max-video-preview:-1"},"canonical":"https:\/\/librairie7l.com\/en\/produit\/fabienne-verdier-my-quest-for-the-ancient-arts-in-post-cultural-revolution-china-2\/","og_locale":"en_US","og_type":"article","og_title":"Fabienne Verdier : my quest for the ancient arts in post-cultural revolution China - Librairie 7L","og_description":"Une artiste brave la R\u00e9volution Culturelle pour apprendre les secrets de la peinture chinoise \u00c9tait-il vraiment raisonnable de tout laisser tomber du jour au lendemain pour s&#8217;aventurer seule dans les profondeurs de la Chine communiste \u00e0 la recherche des secrets oubli\u00e9s de l&#8217;art chinois ancien ? Fabienne Verdier, brillante \u00e9tudiante aux Beaux-Arts au d\u00e9but des [&hellip;]","og_url":"https:\/\/librairie7l.com\/en\/produit\/fabienne-verdier-my-quest-for-the-ancient-arts-in-post-cultural-revolution-china-2\/","og_site_name":"Librairie 7L","article_modified_time":"2026-04-15T21:46:21+00:00","og_image":[{"width":600,"height":836,"url":"https:\/\/librairie7l.com\/wp-content\/uploads\/2024\/03\/9791254600634_1_75.jpg","type":"image\/jpeg"}],"twitter_card":"summary_large_image","twitter_misc":{"Est. reading time":"1 minute"},"schema":{"@context":"https:\/\/schema.org","@graph":[{"@type":"WebPage","@id":"https:\/\/librairie7l.com\/en\/produit\/fabienne-verdier-my-quest-for-the-ancient-arts-in-post-cultural-revolution-china-2\/","url":"https:\/\/librairie7l.com\/en\/produit\/fabienne-verdier-my-quest-for-the-ancient-arts-in-post-cultural-revolution-china-2\/","name":"Fabienne Verdier : my quest for the ancient arts in post-cultural revolution China - Librairie 7L","isPartOf":{"@id":"https:\/\/librairie7l.com\/en\/#website"},"datePublished":"2024-11-14T08:30:08+00:00","dateModified":"2026-04-15T21:46:21+00:00","breadcrumb":{"@id":"https:\/\/librairie7l.com\/en\/produit\/fabienne-verdier-my-quest-for-the-ancient-arts-in-post-cultural-revolution-china-2\/#breadcrumb"},"inLanguage":"en-US","potentialAction":[{"@type":"ReadAction","target":["https:\/\/librairie7l.com\/en\/produit\/fabienne-verdier-my-quest-for-the-ancient-arts-in-post-cultural-revolution-china-2\/"]}]},{"@type":"BreadcrumbList","@id":"https:\/\/librairie7l.com\/en\/produit\/fabienne-verdier-my-quest-for-the-ancient-arts-in-post-cultural-revolution-china-2\/#breadcrumb","itemListElement":[{"@type":"ListItem","position":1,"name":"Accueil","item":"https:\/\/librairie7l.com\/en\/"},{"@type":"ListItem","position":2,"name":"Shop","item":"https:\/\/librairie7l.com\/en\/shop\/"},{"@type":"ListItem","position":3,"name":"FABIENNE VERDIER : MY QUEST FOR THE ANCIENT ARTS IN POST-CULTURAL REVOLUTION CHINA"}]},{"@type":"WebSite","@id":"https:\/\/librairie7l.com\/en\/#website","url":"https:\/\/librairie7l.com\/en\/","name":"Librairie 7L","description":"Librairie fond\u00e9e en 1999 par Karl Lagerfeld \u00e0 Paris","publisher":{"@id":"https:\/\/librairie7l.com\/en\/#organization"},"potentialAction":[{"@type":"SearchAction","target":{"@type":"EntryPoint","urlTemplate":"https:\/\/librairie7l.com\/en\/?s={search_term_string}"},"query-input":"required name=search_term_string"}],"inLanguage":"en-US"},{"@type":"Organization","@id":"https:\/\/librairie7l.com\/en\/#organization","name":"Librairie 7L","url":"https:\/\/librairie7l.com\/en\/","logo":{"@type":"ImageObject","inLanguage":"en-US","@id":"https:\/\/librairie7l.com\/en\/#\/schema\/logo\/image\/","url":"https:\/\/librairie7l.com\/wp-content\/uploads\/2022\/08\/logo-1.png","contentUrl":"https:\/\/librairie7l.com\/wp-content\/uploads\/2022\/08\/logo-1.png","width":227,"height":301,"caption":"Librairie 7L"},"image":{"@id":"https:\/\/librairie7l.com\/en\/#\/schema\/logo\/image\/"}}]}},"_links":{"self":[{"href":"https:\/\/librairie7l.com\/en\/wp-json\/wp\/v2\/product\/44242"}],"collection":[{"href":"https:\/\/librairie7l.com\/en\/wp-json\/wp\/v2\/product"}],"about":[{"href":"https:\/\/librairie7l.com\/en\/wp-json\/wp\/v2\/types\/product"}],"wp:featuredmedia":[{"embeddable":true,"href":"https:\/\/librairie7l.com\/en\/wp-json\/wp\/v2\/media\/44240"}],"wp:attachment":[{"href":"https:\/\/librairie7l.com\/en\/wp-json\/wp\/v2\/media?parent=44242"}],"wp:term":[{"taxonomy":"product_cat","embeddable":true,"href":"https:\/\/librairie7l.com\/en\/wp-json\/wp\/v2\/product_cat?post=44242"},{"taxonomy":"product_tag","embeddable":true,"href":"https:\/\/librairie7l.com\/en\/wp-json\/wp\/v2\/product_tag?post=44242"}],"curies":[{"name":"wp","href":"https:\/\/api.w.org\/{rel}","templated":true}]}}