{"id":44262,"date":"2024-11-14T09:30:20","date_gmt":"2024-11-14T08:30:20","guid":{"rendered":"https:\/\/librairie7l.com\/?post_type=product&#038;p=44262"},"modified":"2026-04-17T11:15:44","modified_gmt":"2026-04-17T09:15:44","slug":"francoise-petrovitch-de-labsence-2","status":"publish","type":"product","link":"https:\/\/librairie7l.com\/en\/produit\/francoise-petrovitch-de-labsence-2\/","title":{"rendered":"FRAN\u00c7OISE PETROVITCH : DE L&#8217;ABSENCE"},"content":{"rendered":"<p>Studies the evocative work of French artist Fran\u00e7oise P\u00e9trovitch through the lens of absence.<\/p>\n<p>Fran\u00e7oise P\u00e9trovitch, born in 1964, is among the most distinguished contemporary artists in France. Her art reveals ambiguous, often transgressive worlds that play with conventional boundaries and defy interpretation. The intimate, the fragment, the disappearance, as well as themes such as doppelg\u00e4ngers, transition, and cruelty, run through her works, which are populated by animals, flowers, and creatures and whose atmosphere, alternately bright or nocturnal, rarely leaves a viewer untouched.<\/p>\n<p>Framed by the topic of absence, this volume features new and recent drawings, prints, and video art by Fran\u00e7oise P\u00e9trovitch. Absence can be agonizing, a tragedy. As a counterpart to presence, it is characterized by longing and projection; it describes the passing of time, distance, and lack. Richly illustrated and with essays on P\u00e9trovitch&#8217;s art and the various techniques she uses, the book offers a deep look into the worlds she creates.<\/p>\n","protected":false},"excerpt":{"rendered":"<p>Studies the evocative work of French artist Fran\u00e7oise P\u00e9trovitch through the lens of absence. Fran\u00e7oise P\u00e9trovitch, born in 1964, is among the most distinguished contemporary artists in France. Her art reveals ambiguous, often transgressive worlds that play with conventional boundaries and defy interpretation. The intimate, the fragment, the disappearance, as well as themes such as [&hellip;]<\/p>\n","protected":false},"featured_media":44260,"template":"","meta":[],"product_cat":[2948,2953],"product_tag":[],"acf":[],"yoast_head":"<!-- This site is optimized with the Yoast SEO plugin v20.11 - https:\/\/yoast.com\/wordpress\/plugins\/seo\/ -->\n<title>Fran\u00e7oise Petrovitch : De l&#039;absence - Librairie 7L<\/title>\n<meta name=\"robots\" content=\"index, follow, max-snippet:-1, max-image-preview:large, max-video-preview:-1\" \/>\n<link rel=\"canonical\" href=\"https:\/\/librairie7l.com\/en\/produit\/francoise-petrovitch-de-labsence-2\/\" \/>\n<meta property=\"og:locale\" content=\"en_US\" \/>\n<meta property=\"og:type\" content=\"article\" \/>\n<meta property=\"og:title\" content=\"Fran\u00e7oise Petrovitch : De l&#039;absence - Librairie 7L\" \/>\n<meta property=\"og:description\" content=\"Studies the evocative work of French artist Fran\u00e7oise P\u00e9trovitch through the lens of absence. Fran\u00e7oise P\u00e9trovitch, born in 1964, is among the most distinguished contemporary artists in France. Her art reveals ambiguous, often transgressive worlds that play with conventional boundaries and defy interpretation. The intimate, the fragment, the disappearance, as well as themes such as [&hellip;]\" \/>\n<meta property=\"og:url\" content=\"https:\/\/librairie7l.com\/en\/produit\/francoise-petrovitch-de-labsence-2\/\" \/>\n<meta property=\"og:site_name\" content=\"Librairie 7L\" \/>\n<meta property=\"article:modified_time\" content=\"2026-04-17T09:15:44+00:00\" \/>\n<meta property=\"og:image\" content=\"https:\/\/librairie7l.com\/wp-content\/uploads\/2024\/06\/9783039422449_1_75.jpg\" \/>\n\t<meta property=\"og:image:width\" content=\"600\" \/>\n\t<meta property=\"og:image:height\" content=\"800\" \/>\n\t<meta property=\"og:image:type\" content=\"image\/jpeg\" \/>\n<meta name=\"twitter:card\" content=\"summary_large_image\" \/>\n<meta name=\"twitter:label1\" content=\"Est. reading time\" \/>\n\t<meta name=\"twitter:data1\" content=\"1 minute\" \/>\n<script type=\"application\/ld+json\" class=\"yoast-schema-graph\">{\"@context\":\"https:\/\/schema.org\",\"@graph\":[{\"@type\":\"WebPage\",\"@id\":\"https:\/\/librairie7l.com\/en\/produit\/francoise-petrovitch-de-labsence-2\/\",\"url\":\"https:\/\/librairie7l.com\/en\/produit\/francoise-petrovitch-de-labsence-2\/\",\"name\":\"Fran\u00e7oise Petrovitch : De l'absence - Librairie 7L\",\"isPartOf\":{\"@id\":\"https:\/\/librairie7l.com\/en\/#website\"},\"datePublished\":\"2024-11-14T08:30:20+00:00\",\"dateModified\":\"2026-04-17T09:15:44+00:00\",\"breadcrumb\":{\"@id\":\"https:\/\/librairie7l.com\/en\/produit\/francoise-petrovitch-de-labsence-2\/#breadcrumb\"},\"inLanguage\":\"en-US\",\"potentialAction\":[{\"@type\":\"ReadAction\",\"target\":[\"https:\/\/librairie7l.com\/en\/produit\/francoise-petrovitch-de-labsence-2\/\"]}]},{\"@type\":\"BreadcrumbList\",\"@id\":\"https:\/\/librairie7l.com\/en\/produit\/francoise-petrovitch-de-labsence-2\/#breadcrumb\",\"itemListElement\":[{\"@type\":\"ListItem\",\"position\":1,\"name\":\"Accueil\",\"item\":\"https:\/\/librairie7l.com\/en\/\"},{\"@type\":\"ListItem\",\"position\":2,\"name\":\"Shop\",\"item\":\"https:\/\/librairie7l.com\/en\/shop\/\"},{\"@type\":\"ListItem\",\"position\":3,\"name\":\"FRAN\u00c7OISE PETROVITCH : DE L&#8217;ABSENCE\"}]},{\"@type\":\"WebSite\",\"@id\":\"https:\/\/librairie7l.com\/en\/#website\",\"url\":\"https:\/\/librairie7l.com\/en\/\",\"name\":\"Librairie 7L\",\"description\":\"Librairie fond\u00e9e en 1999 par Karl Lagerfeld \u00e0 Paris\",\"publisher\":{\"@id\":\"https:\/\/librairie7l.com\/en\/#organization\"},\"potentialAction\":[{\"@type\":\"SearchAction\",\"target\":{\"@type\":\"EntryPoint\",\"urlTemplate\":\"https:\/\/librairie7l.com\/en\/?s={search_term_string}\"},\"query-input\":\"required name=search_term_string\"}],\"inLanguage\":\"en-US\"},{\"@type\":\"Organization\",\"@id\":\"https:\/\/librairie7l.com\/en\/#organization\",\"name\":\"Librairie 7L\",\"url\":\"https:\/\/librairie7l.com\/en\/\",\"logo\":{\"@type\":\"ImageObject\",\"inLanguage\":\"en-US\",\"@id\":\"https:\/\/librairie7l.com\/en\/#\/schema\/logo\/image\/\",\"url\":\"https:\/\/librairie7l.com\/wp-content\/uploads\/2022\/08\/logo-1.png\",\"contentUrl\":\"https:\/\/librairie7l.com\/wp-content\/uploads\/2022\/08\/logo-1.png\",\"width\":227,\"height\":301,\"caption\":\"Librairie 7L\"},\"image\":{\"@id\":\"https:\/\/librairie7l.com\/en\/#\/schema\/logo\/image\/\"}}]}<\/script>\n<!-- \/ Yoast SEO plugin. -->","yoast_head_json":{"title":"Fran\u00e7oise Petrovitch : De l'absence - Librairie 7L","robots":{"index":"index","follow":"follow","max-snippet":"max-snippet:-1","max-image-preview":"max-image-preview:large","max-video-preview":"max-video-preview:-1"},"canonical":"https:\/\/librairie7l.com\/en\/produit\/francoise-petrovitch-de-labsence-2\/","og_locale":"en_US","og_type":"article","og_title":"Fran\u00e7oise Petrovitch : De l'absence - Librairie 7L","og_description":"Studies the evocative work of French artist Fran\u00e7oise P\u00e9trovitch through the lens of absence. Fran\u00e7oise P\u00e9trovitch, born in 1964, is among the most distinguished contemporary artists in France. Her art reveals ambiguous, often transgressive worlds that play with conventional boundaries and defy interpretation. The intimate, the fragment, the disappearance, as well as themes such as [&hellip;]","og_url":"https:\/\/librairie7l.com\/en\/produit\/francoise-petrovitch-de-labsence-2\/","og_site_name":"Librairie 7L","article_modified_time":"2026-04-17T09:15:44+00:00","og_image":[{"width":600,"height":800,"url":"https:\/\/librairie7l.com\/wp-content\/uploads\/2024\/06\/9783039422449_1_75.jpg","type":"image\/jpeg"}],"twitter_card":"summary_large_image","twitter_misc":{"Est. reading time":"1 minute"},"schema":{"@context":"https:\/\/schema.org","@graph":[{"@type":"WebPage","@id":"https:\/\/librairie7l.com\/en\/produit\/francoise-petrovitch-de-labsence-2\/","url":"https:\/\/librairie7l.com\/en\/produit\/francoise-petrovitch-de-labsence-2\/","name":"Fran\u00e7oise Petrovitch : De l'absence - Librairie 7L","isPartOf":{"@id":"https:\/\/librairie7l.com\/en\/#website"},"datePublished":"2024-11-14T08:30:20+00:00","dateModified":"2026-04-17T09:15:44+00:00","breadcrumb":{"@id":"https:\/\/librairie7l.com\/en\/produit\/francoise-petrovitch-de-labsence-2\/#breadcrumb"},"inLanguage":"en-US","potentialAction":[{"@type":"ReadAction","target":["https:\/\/librairie7l.com\/en\/produit\/francoise-petrovitch-de-labsence-2\/"]}]},{"@type":"BreadcrumbList","@id":"https:\/\/librairie7l.com\/en\/produit\/francoise-petrovitch-de-labsence-2\/#breadcrumb","itemListElement":[{"@type":"ListItem","position":1,"name":"Accueil","item":"https:\/\/librairie7l.com\/en\/"},{"@type":"ListItem","position":2,"name":"Shop","item":"https:\/\/librairie7l.com\/en\/shop\/"},{"@type":"ListItem","position":3,"name":"FRAN\u00c7OISE PETROVITCH : DE L&#8217;ABSENCE"}]},{"@type":"WebSite","@id":"https:\/\/librairie7l.com\/en\/#website","url":"https:\/\/librairie7l.com\/en\/","name":"Librairie 7L","description":"Librairie fond\u00e9e en 1999 par Karl Lagerfeld \u00e0 Paris","publisher":{"@id":"https:\/\/librairie7l.com\/en\/#organization"},"potentialAction":[{"@type":"SearchAction","target":{"@type":"EntryPoint","urlTemplate":"https:\/\/librairie7l.com\/en\/?s={search_term_string}"},"query-input":"required name=search_term_string"}],"inLanguage":"en-US"},{"@type":"Organization","@id":"https:\/\/librairie7l.com\/en\/#organization","name":"Librairie 7L","url":"https:\/\/librairie7l.com\/en\/","logo":{"@type":"ImageObject","inLanguage":"en-US","@id":"https:\/\/librairie7l.com\/en\/#\/schema\/logo\/image\/","url":"https:\/\/librairie7l.com\/wp-content\/uploads\/2022\/08\/logo-1.png","contentUrl":"https:\/\/librairie7l.com\/wp-content\/uploads\/2022\/08\/logo-1.png","width":227,"height":301,"caption":"Librairie 7L"},"image":{"@id":"https:\/\/librairie7l.com\/en\/#\/schema\/logo\/image\/"}}]}},"_links":{"self":[{"href":"https:\/\/librairie7l.com\/en\/wp-json\/wp\/v2\/product\/44262"}],"collection":[{"href":"https:\/\/librairie7l.com\/en\/wp-json\/wp\/v2\/product"}],"about":[{"href":"https:\/\/librairie7l.com\/en\/wp-json\/wp\/v2\/types\/product"}],"wp:featuredmedia":[{"embeddable":true,"href":"https:\/\/librairie7l.com\/en\/wp-json\/wp\/v2\/media\/44260"}],"wp:attachment":[{"href":"https:\/\/librairie7l.com\/en\/wp-json\/wp\/v2\/media?parent=44262"}],"wp:term":[{"taxonomy":"product_cat","embeddable":true,"href":"https:\/\/librairie7l.com\/en\/wp-json\/wp\/v2\/product_cat?post=44262"},{"taxonomy":"product_tag","embeddable":true,"href":"https:\/\/librairie7l.com\/en\/wp-json\/wp\/v2\/product_tag?post=44262"}],"curies":[{"name":"wp","href":"https:\/\/api.w.org\/{rel}","templated":true}]}}