{"id":44270,"date":"2024-11-14T15:18:28","date_gmt":"2024-11-14T14:18:28","guid":{"rendered":"https:\/\/librairie7l.com\/?post_type=product&#038;p=44270"},"modified":"2026-04-17T08:06:25","modified_gmt":"2026-04-17T06:06:25","slug":"petites-decos-pour-noel-10-diy-en-couture-broderie-et-crochet-special-debutants-2","status":"publish","type":"product","link":"https:\/\/librairie7l.com\/en\/produit\/petites-decos-pour-noel-10-diy-en-couture-broderie-et-crochet-special-debutants-2\/","title":{"rendered":"PETITES D\u00c9COS POUR NO\u00cbL : 10 DIY EN COUTURE, BRODERIE ET CROCHET : SP\u00c9CIAL D\u00c9BUTANTS"},"content":{"rendered":"<p>Envie de d\u00e9corer votre int\u00e9rieur pour les f\u00eates, sans y passer des heures et vous ruiner ?<br \/>\nPas de panique ! D\u00e9couvrez 10 mod\u00e8les joyeux et festifs de cr\u00e9ations \u00e0 crocheter, broder<br \/>\nou coudre, accessibles m\u00eame aux d\u00e9butants gr\u00e2ce \u00e0 des techniques de base expliqu\u00e9es en pas \u00e0 pas. Guirlandes en feutrine, suspensions au crochet ou encore pochettes de calendrier de l&#8217;Avent, ces jolies d\u00e9corations inratables plairont<br \/>\n\u00e0 tout le monde \u00e0 coup s\u00fbr et r\u00e9pandront<br \/>\nla magie de No\u00ebl dans votre maison.<br \/>\nDe quoi annoncer fi\u00e8rement : \u00ab C&#8217;est moi qui l&#8217;ai fait ! \u00bb<\/p>\n","protected":false},"excerpt":{"rendered":"<p>Envie de d\u00e9corer votre int\u00e9rieur pour les f\u00eates, sans y passer des heures et vous ruiner ? Pas de panique ! D\u00e9couvrez 10 mod\u00e8les joyeux et festifs de cr\u00e9ations \u00e0 crocheter, broder ou coudre, accessibles m\u00eame aux d\u00e9butants gr\u00e2ce \u00e0 des techniques de base expliqu\u00e9es en pas \u00e0 pas. Guirlandes en feutrine, suspensions au crochet [&hellip;]<\/p>\n","protected":false},"featured_media":44268,"template":"","meta":[],"product_cat":[7364,2948],"product_tag":[],"acf":[],"yoast_head":"<!-- This site is optimized with the Yoast SEO plugin v20.11 - https:\/\/yoast.com\/wordpress\/plugins\/seo\/ -->\n<title>Petites d\u00e9cos pour No\u00ebl : 10 DIY en couture, broderie et crochet : sp\u00e9cial d\u00e9butants - Librairie 7L<\/title>\n<meta name=\"robots\" content=\"index, follow, max-snippet:-1, max-image-preview:large, max-video-preview:-1\" \/>\n<link rel=\"canonical\" href=\"https:\/\/librairie7l.com\/en\/produit\/petites-decos-pour-noel-10-diy-en-couture-broderie-et-crochet-special-debutants-2\/\" \/>\n<meta property=\"og:locale\" content=\"en_US\" \/>\n<meta property=\"og:type\" content=\"article\" \/>\n<meta property=\"og:title\" content=\"Petites d\u00e9cos pour No\u00ebl : 10 DIY en couture, broderie et crochet : sp\u00e9cial d\u00e9butants - Librairie 7L\" \/>\n<meta property=\"og:description\" content=\"Envie de d\u00e9corer votre int\u00e9rieur pour les f\u00eates, sans y passer des heures et vous ruiner ? Pas de panique ! D\u00e9couvrez 10 mod\u00e8les joyeux et festifs de cr\u00e9ations \u00e0 crocheter, broder ou coudre, accessibles m\u00eame aux d\u00e9butants gr\u00e2ce \u00e0 des techniques de base expliqu\u00e9es en pas \u00e0 pas. Guirlandes en feutrine, suspensions au crochet [&hellip;]\" \/>\n<meta property=\"og:url\" content=\"https:\/\/librairie7l.com\/en\/produit\/petites-decos-pour-noel-10-diy-en-couture-broderie-et-crochet-special-debutants-2\/\" \/>\n<meta property=\"og:site_name\" content=\"Librairie 7L\" \/>\n<meta property=\"article:modified_time\" content=\"2026-04-17T06:06:25+00:00\" \/>\n<meta property=\"og:image\" content=\"https:\/\/librairie7l.com\/wp-content\/uploads\/2024\/04\/9782317034855_1_75.jpg\" \/>\n\t<meta property=\"og:image:width\" content=\"400\" \/>\n\t<meta property=\"og:image:height\" content=\"566\" \/>\n\t<meta property=\"og:image:type\" content=\"image\/jpeg\" \/>\n<meta name=\"twitter:card\" content=\"summary_large_image\" \/>\n<script type=\"application\/ld+json\" class=\"yoast-schema-graph\">{\"@context\":\"https:\/\/schema.org\",\"@graph\":[{\"@type\":\"WebPage\",\"@id\":\"https:\/\/librairie7l.com\/en\/produit\/petites-decos-pour-noel-10-diy-en-couture-broderie-et-crochet-special-debutants-2\/\",\"url\":\"https:\/\/librairie7l.com\/en\/produit\/petites-decos-pour-noel-10-diy-en-couture-broderie-et-crochet-special-debutants-2\/\",\"name\":\"Petites d\u00e9cos pour No\u00ebl : 10 DIY en couture, broderie et crochet : sp\u00e9cial d\u00e9butants - Librairie 7L\",\"isPartOf\":{\"@id\":\"https:\/\/librairie7l.com\/en\/#website\"},\"datePublished\":\"2024-11-14T14:18:28+00:00\",\"dateModified\":\"2026-04-17T06:06:25+00:00\",\"breadcrumb\":{\"@id\":\"https:\/\/librairie7l.com\/en\/produit\/petites-decos-pour-noel-10-diy-en-couture-broderie-et-crochet-special-debutants-2\/#breadcrumb\"},\"inLanguage\":\"en-US\",\"potentialAction\":[{\"@type\":\"ReadAction\",\"target\":[\"https:\/\/librairie7l.com\/en\/produit\/petites-decos-pour-noel-10-diy-en-couture-broderie-et-crochet-special-debutants-2\/\"]}]},{\"@type\":\"BreadcrumbList\",\"@id\":\"https:\/\/librairie7l.com\/en\/produit\/petites-decos-pour-noel-10-diy-en-couture-broderie-et-crochet-special-debutants-2\/#breadcrumb\",\"itemListElement\":[{\"@type\":\"ListItem\",\"position\":1,\"name\":\"Accueil\",\"item\":\"https:\/\/librairie7l.com\/en\/\"},{\"@type\":\"ListItem\",\"position\":2,\"name\":\"Shop\",\"item\":\"https:\/\/librairie7l.com\/en\/shop\/\"},{\"@type\":\"ListItem\",\"position\":3,\"name\":\"PETITES D\u00c9COS POUR NO\u00cbL : 10 DIY EN COUTURE, BRODERIE ET CROCHET : SP\u00c9CIAL D\u00c9BUTANTS\"}]},{\"@type\":\"WebSite\",\"@id\":\"https:\/\/librairie7l.com\/en\/#website\",\"url\":\"https:\/\/librairie7l.com\/en\/\",\"name\":\"Librairie 7L\",\"description\":\"Librairie fond\u00e9e en 1999 par Karl Lagerfeld \u00e0 Paris\",\"publisher\":{\"@id\":\"https:\/\/librairie7l.com\/en\/#organization\"},\"potentialAction\":[{\"@type\":\"SearchAction\",\"target\":{\"@type\":\"EntryPoint\",\"urlTemplate\":\"https:\/\/librairie7l.com\/en\/?s={search_term_string}\"},\"query-input\":\"required name=search_term_string\"}],\"inLanguage\":\"en-US\"},{\"@type\":\"Organization\",\"@id\":\"https:\/\/librairie7l.com\/en\/#organization\",\"name\":\"Librairie 7L\",\"url\":\"https:\/\/librairie7l.com\/en\/\",\"logo\":{\"@type\":\"ImageObject\",\"inLanguage\":\"en-US\",\"@id\":\"https:\/\/librairie7l.com\/en\/#\/schema\/logo\/image\/\",\"url\":\"https:\/\/librairie7l.com\/wp-content\/uploads\/2022\/08\/logo-1.png\",\"contentUrl\":\"https:\/\/librairie7l.com\/wp-content\/uploads\/2022\/08\/logo-1.png\",\"width\":227,\"height\":301,\"caption\":\"Librairie 7L\"},\"image\":{\"@id\":\"https:\/\/librairie7l.com\/en\/#\/schema\/logo\/image\/\"}}]}<\/script>\n<!-- \/ Yoast SEO plugin. -->","yoast_head_json":{"title":"Petites d\u00e9cos pour No\u00ebl : 10 DIY en couture, broderie et crochet : sp\u00e9cial d\u00e9butants - Librairie 7L","robots":{"index":"index","follow":"follow","max-snippet":"max-snippet:-1","max-image-preview":"max-image-preview:large","max-video-preview":"max-video-preview:-1"},"canonical":"https:\/\/librairie7l.com\/en\/produit\/petites-decos-pour-noel-10-diy-en-couture-broderie-et-crochet-special-debutants-2\/","og_locale":"en_US","og_type":"article","og_title":"Petites d\u00e9cos pour No\u00ebl : 10 DIY en couture, broderie et crochet : sp\u00e9cial d\u00e9butants - Librairie 7L","og_description":"Envie de d\u00e9corer votre int\u00e9rieur pour les f\u00eates, sans y passer des heures et vous ruiner ? Pas de panique ! D\u00e9couvrez 10 mod\u00e8les joyeux et festifs de cr\u00e9ations \u00e0 crocheter, broder ou coudre, accessibles m\u00eame aux d\u00e9butants gr\u00e2ce \u00e0 des techniques de base expliqu\u00e9es en pas \u00e0 pas. Guirlandes en feutrine, suspensions au crochet [&hellip;]","og_url":"https:\/\/librairie7l.com\/en\/produit\/petites-decos-pour-noel-10-diy-en-couture-broderie-et-crochet-special-debutants-2\/","og_site_name":"Librairie 7L","article_modified_time":"2026-04-17T06:06:25+00:00","og_image":[{"width":400,"height":566,"url":"https:\/\/librairie7l.com\/wp-content\/uploads\/2024\/04\/9782317034855_1_75.jpg","type":"image\/jpeg"}],"twitter_card":"summary_large_image","schema":{"@context":"https:\/\/schema.org","@graph":[{"@type":"WebPage","@id":"https:\/\/librairie7l.com\/en\/produit\/petites-decos-pour-noel-10-diy-en-couture-broderie-et-crochet-special-debutants-2\/","url":"https:\/\/librairie7l.com\/en\/produit\/petites-decos-pour-noel-10-diy-en-couture-broderie-et-crochet-special-debutants-2\/","name":"Petites d\u00e9cos pour No\u00ebl : 10 DIY en couture, broderie et crochet : sp\u00e9cial d\u00e9butants - Librairie 7L","isPartOf":{"@id":"https:\/\/librairie7l.com\/en\/#website"},"datePublished":"2024-11-14T14:18:28+00:00","dateModified":"2026-04-17T06:06:25+00:00","breadcrumb":{"@id":"https:\/\/librairie7l.com\/en\/produit\/petites-decos-pour-noel-10-diy-en-couture-broderie-et-crochet-special-debutants-2\/#breadcrumb"},"inLanguage":"en-US","potentialAction":[{"@type":"ReadAction","target":["https:\/\/librairie7l.com\/en\/produit\/petites-decos-pour-noel-10-diy-en-couture-broderie-et-crochet-special-debutants-2\/"]}]},{"@type":"BreadcrumbList","@id":"https:\/\/librairie7l.com\/en\/produit\/petites-decos-pour-noel-10-diy-en-couture-broderie-et-crochet-special-debutants-2\/#breadcrumb","itemListElement":[{"@type":"ListItem","position":1,"name":"Accueil","item":"https:\/\/librairie7l.com\/en\/"},{"@type":"ListItem","position":2,"name":"Shop","item":"https:\/\/librairie7l.com\/en\/shop\/"},{"@type":"ListItem","position":3,"name":"PETITES D\u00c9COS POUR NO\u00cbL : 10 DIY EN COUTURE, BRODERIE ET CROCHET : SP\u00c9CIAL D\u00c9BUTANTS"}]},{"@type":"WebSite","@id":"https:\/\/librairie7l.com\/en\/#website","url":"https:\/\/librairie7l.com\/en\/","name":"Librairie 7L","description":"Librairie fond\u00e9e en 1999 par Karl Lagerfeld \u00e0 Paris","publisher":{"@id":"https:\/\/librairie7l.com\/en\/#organization"},"potentialAction":[{"@type":"SearchAction","target":{"@type":"EntryPoint","urlTemplate":"https:\/\/librairie7l.com\/en\/?s={search_term_string}"},"query-input":"required name=search_term_string"}],"inLanguage":"en-US"},{"@type":"Organization","@id":"https:\/\/librairie7l.com\/en\/#organization","name":"Librairie 7L","url":"https:\/\/librairie7l.com\/en\/","logo":{"@type":"ImageObject","inLanguage":"en-US","@id":"https:\/\/librairie7l.com\/en\/#\/schema\/logo\/image\/","url":"https:\/\/librairie7l.com\/wp-content\/uploads\/2022\/08\/logo-1.png","contentUrl":"https:\/\/librairie7l.com\/wp-content\/uploads\/2022\/08\/logo-1.png","width":227,"height":301,"caption":"Librairie 7L"},"image":{"@id":"https:\/\/librairie7l.com\/en\/#\/schema\/logo\/image\/"}}]}},"_links":{"self":[{"href":"https:\/\/librairie7l.com\/en\/wp-json\/wp\/v2\/product\/44270"}],"collection":[{"href":"https:\/\/librairie7l.com\/en\/wp-json\/wp\/v2\/product"}],"about":[{"href":"https:\/\/librairie7l.com\/en\/wp-json\/wp\/v2\/types\/product"}],"wp:featuredmedia":[{"embeddable":true,"href":"https:\/\/librairie7l.com\/en\/wp-json\/wp\/v2\/media\/44268"}],"wp:attachment":[{"href":"https:\/\/librairie7l.com\/en\/wp-json\/wp\/v2\/media?parent=44270"}],"wp:term":[{"taxonomy":"product_cat","embeddable":true,"href":"https:\/\/librairie7l.com\/en\/wp-json\/wp\/v2\/product_cat?post=44270"},{"taxonomy":"product_tag","embeddable":true,"href":"https:\/\/librairie7l.com\/en\/wp-json\/wp\/v2\/product_tag?post=44270"}],"curies":[{"name":"wp","href":"https:\/\/api.w.org\/{rel}","templated":true}]}}