{"id":44299,"date":"2024-11-15T18:26:07","date_gmt":"2024-11-15T17:26:07","guid":{"rendered":"https:\/\/librairie7l.com\/?post_type=product&#038;p=44299"},"modified":"2026-04-17T06:06:43","modified_gmt":"2026-04-17T04:06:43","slug":"georges-n-33-2","status":"publish","type":"product","link":"https:\/\/librairie7l.com\/en\/produit\/georges-n-33-2\/","title":{"rendered":"GEORGES N.33"},"content":{"rendered":"<p>Mesdames &amp; Messieurs, n&#8217;ayez pas le trac, Georges vous invite \u00e0 br\u00fbler les planches avec ce N\u00b0 Th\u00e9\u00e2tre ! Les trois coups r\u00e9sonnent et l&#8217;on commence avec l&#8217;histoire longue sign\u00e9e Aurore Petit, qui met en sc\u00e8ne, sous vos yeux, une dr\u00f4le de com\u00e9die intitul\u00e9e \u00ab Chouchou chouine \u00bb ! Panpi et Gorri reviennent sur le devant de la sc\u00e8ne et se donnent la r\u00e9plique pour \u00ab l&#8217;histoire courte \u00bb.<br \/>\nCoup de projecteur sur Sarah Bernhardt dans \u00ab l&#8217;histoire vraie \u00bb, \u00ab l&#8217;imp\u00e9ratrice du th\u00e9\u00e2tre\u00bb et sans doute une des plus grandes trag\u00e9diennes fran\u00e7aises du XIXe si\u00e8cle, devenue une vraie \u00ab star \u00bb internationale. \u00c0 l&#8217;entracte, Georges vous propose une multitude de jeux pour d\u00e9couvrir les origines du th\u00e9\u00e2tre \u00e0 l&#8217;Antiquit\u00e9, se familiariser avec la Commedia dell&#8217;arte (avec entre autres un arlequin \u00e0 colorier), aller de sc\u00e8ne en sc\u00e8ne en parcourant le labyrinthe d&#8217;un grand festival de th\u00e9\u00e2tre contemporain, comparer Shakespeare et Moli\u00e8re, ou encore s&#8217;amuser avec les m\u00e9tiers et les superstitions du th\u00e9\u00e2tre dans une grande image. Fin de l&#8217;entracte avec un peu de d\u00e9coupage, pour fabriquer en paper toy un th\u00e9\u00e2tre de poche ! L&#8217;intrigue reprend avec les \u00ab rubriques-\u00e0-brac \u00bb : Georges vous propose de jouer la com\u00e9die avec une rubrique th\u00e9\u00e2tre, pour rejouer une sc\u00e8ne classique comme un pro (avec ou sans r\u00e9p\u00e9tition g\u00e9n\u00e9rale !). Fabriquez ensuite votre costume de com\u00e9dien gr\u00e2ce \u00e0 la rubrique bricolage, et \u00e0 vous les longues tirades et monologues dans la rubrique langue o\u00f9 Georges vous souffle tout ce que vous devez savoir pour d\u00e9coder la langue et les expressions du th\u00e9\u00e2tre.<\/p>\n","protected":false},"excerpt":{"rendered":"<p>Mesdames &amp; Messieurs, n&#8217;ayez pas le trac, Georges vous invite \u00e0 br\u00fbler les planches avec ce N\u00b0 Th\u00e9\u00e2tre ! Les trois coups r\u00e9sonnent et l&#8217;on commence avec l&#8217;histoire longue sign\u00e9e Aurore Petit, qui met en sc\u00e8ne, sous vos yeux, une dr\u00f4le de com\u00e9die intitul\u00e9e \u00ab Chouchou chouine \u00bb ! Panpi et Gorri reviennent sur le [&hellip;]<\/p>\n","protected":false},"featured_media":44297,"template":"","meta":[],"product_cat":[7364,2948],"product_tag":[],"acf":[],"yoast_head":"<!-- This site is optimized with the Yoast SEO plugin v20.11 - https:\/\/yoast.com\/wordpress\/plugins\/seo\/ -->\n<title>Georges n.33 - Librairie 7L<\/title>\n<meta name=\"robots\" content=\"index, follow, max-snippet:-1, max-image-preview:large, max-video-preview:-1\" \/>\n<link rel=\"canonical\" href=\"https:\/\/librairie7l.com\/en\/produit\/georges-n-33-2\/\" \/>\n<meta property=\"og:locale\" content=\"en_US\" \/>\n<meta property=\"og:type\" content=\"article\" \/>\n<meta property=\"og:title\" content=\"Georges n.33 - Librairie 7L\" \/>\n<meta property=\"og:description\" content=\"Mesdames &amp; Messieurs, n&#8217;ayez pas le trac, Georges vous invite \u00e0 br\u00fbler les planches avec ce N\u00b0 Th\u00e9\u00e2tre ! Les trois coups r\u00e9sonnent et l&#8217;on commence avec l&#8217;histoire longue sign\u00e9e Aurore Petit, qui met en sc\u00e8ne, sous vos yeux, une dr\u00f4le de com\u00e9die intitul\u00e9e \u00ab Chouchou chouine \u00bb ! Panpi et Gorri reviennent sur le [&hellip;]\" \/>\n<meta property=\"og:url\" content=\"https:\/\/librairie7l.com\/en\/produit\/georges-n-33-2\/\" \/>\n<meta property=\"og:site_name\" content=\"Librairie 7L\" \/>\n<meta property=\"article:modified_time\" content=\"2026-04-17T04:06:43+00:00\" \/>\n<meta property=\"og:image\" content=\"https:\/\/librairie7l.com\/wp-content\/uploads\/2017\/11\/9791091180467_1_75.jpg\" \/>\n\t<meta property=\"og:image:width\" content=\"600\" \/>\n\t<meta property=\"og:image:height\" content=\"768\" \/>\n\t<meta property=\"og:image:type\" content=\"image\/jpeg\" \/>\n<meta name=\"twitter:card\" content=\"summary_large_image\" \/>\n<meta name=\"twitter:label1\" content=\"Est. reading time\" \/>\n\t<meta name=\"twitter:data1\" content=\"1 minute\" \/>\n<script type=\"application\/ld+json\" class=\"yoast-schema-graph\">{\"@context\":\"https:\/\/schema.org\",\"@graph\":[{\"@type\":\"WebPage\",\"@id\":\"https:\/\/librairie7l.com\/en\/produit\/georges-n-33-2\/\",\"url\":\"https:\/\/librairie7l.com\/en\/produit\/georges-n-33-2\/\",\"name\":\"Georges n.33 - Librairie 7L\",\"isPartOf\":{\"@id\":\"https:\/\/librairie7l.com\/en\/#website\"},\"datePublished\":\"2024-11-15T17:26:07+00:00\",\"dateModified\":\"2026-04-17T04:06:43+00:00\",\"breadcrumb\":{\"@id\":\"https:\/\/librairie7l.com\/en\/produit\/georges-n-33-2\/#breadcrumb\"},\"inLanguage\":\"en-US\",\"potentialAction\":[{\"@type\":\"ReadAction\",\"target\":[\"https:\/\/librairie7l.com\/en\/produit\/georges-n-33-2\/\"]}]},{\"@type\":\"BreadcrumbList\",\"@id\":\"https:\/\/librairie7l.com\/en\/produit\/georges-n-33-2\/#breadcrumb\",\"itemListElement\":[{\"@type\":\"ListItem\",\"position\":1,\"name\":\"Accueil\",\"item\":\"https:\/\/librairie7l.com\/en\/\"},{\"@type\":\"ListItem\",\"position\":2,\"name\":\"Shop\",\"item\":\"https:\/\/librairie7l.com\/en\/shop\/\"},{\"@type\":\"ListItem\",\"position\":3,\"name\":\"GEORGES N.33\"}]},{\"@type\":\"WebSite\",\"@id\":\"https:\/\/librairie7l.com\/en\/#website\",\"url\":\"https:\/\/librairie7l.com\/en\/\",\"name\":\"Librairie 7L\",\"description\":\"Librairie fond\u00e9e en 1999 par Karl Lagerfeld \u00e0 Paris\",\"publisher\":{\"@id\":\"https:\/\/librairie7l.com\/en\/#organization\"},\"potentialAction\":[{\"@type\":\"SearchAction\",\"target\":{\"@type\":\"EntryPoint\",\"urlTemplate\":\"https:\/\/librairie7l.com\/en\/?s={search_term_string}\"},\"query-input\":\"required name=search_term_string\"}],\"inLanguage\":\"en-US\"},{\"@type\":\"Organization\",\"@id\":\"https:\/\/librairie7l.com\/en\/#organization\",\"name\":\"Librairie 7L\",\"url\":\"https:\/\/librairie7l.com\/en\/\",\"logo\":{\"@type\":\"ImageObject\",\"inLanguage\":\"en-US\",\"@id\":\"https:\/\/librairie7l.com\/en\/#\/schema\/logo\/image\/\",\"url\":\"https:\/\/librairie7l.com\/wp-content\/uploads\/2022\/08\/logo-1.png\",\"contentUrl\":\"https:\/\/librairie7l.com\/wp-content\/uploads\/2022\/08\/logo-1.png\",\"width\":227,\"height\":301,\"caption\":\"Librairie 7L\"},\"image\":{\"@id\":\"https:\/\/librairie7l.com\/en\/#\/schema\/logo\/image\/\"}}]}<\/script>\n<!-- \/ Yoast SEO plugin. -->","yoast_head_json":{"title":"Georges n.33 - Librairie 7L","robots":{"index":"index","follow":"follow","max-snippet":"max-snippet:-1","max-image-preview":"max-image-preview:large","max-video-preview":"max-video-preview:-1"},"canonical":"https:\/\/librairie7l.com\/en\/produit\/georges-n-33-2\/","og_locale":"en_US","og_type":"article","og_title":"Georges n.33 - Librairie 7L","og_description":"Mesdames &amp; Messieurs, n&#8217;ayez pas le trac, Georges vous invite \u00e0 br\u00fbler les planches avec ce N\u00b0 Th\u00e9\u00e2tre ! Les trois coups r\u00e9sonnent et l&#8217;on commence avec l&#8217;histoire longue sign\u00e9e Aurore Petit, qui met en sc\u00e8ne, sous vos yeux, une dr\u00f4le de com\u00e9die intitul\u00e9e \u00ab Chouchou chouine \u00bb ! Panpi et Gorri reviennent sur le [&hellip;]","og_url":"https:\/\/librairie7l.com\/en\/produit\/georges-n-33-2\/","og_site_name":"Librairie 7L","article_modified_time":"2026-04-17T04:06:43+00:00","og_image":[{"width":600,"height":768,"url":"https:\/\/librairie7l.com\/wp-content\/uploads\/2017\/11\/9791091180467_1_75.jpg","type":"image\/jpeg"}],"twitter_card":"summary_large_image","twitter_misc":{"Est. reading time":"1 minute"},"schema":{"@context":"https:\/\/schema.org","@graph":[{"@type":"WebPage","@id":"https:\/\/librairie7l.com\/en\/produit\/georges-n-33-2\/","url":"https:\/\/librairie7l.com\/en\/produit\/georges-n-33-2\/","name":"Georges n.33 - Librairie 7L","isPartOf":{"@id":"https:\/\/librairie7l.com\/en\/#website"},"datePublished":"2024-11-15T17:26:07+00:00","dateModified":"2026-04-17T04:06:43+00:00","breadcrumb":{"@id":"https:\/\/librairie7l.com\/en\/produit\/georges-n-33-2\/#breadcrumb"},"inLanguage":"en-US","potentialAction":[{"@type":"ReadAction","target":["https:\/\/librairie7l.com\/en\/produit\/georges-n-33-2\/"]}]},{"@type":"BreadcrumbList","@id":"https:\/\/librairie7l.com\/en\/produit\/georges-n-33-2\/#breadcrumb","itemListElement":[{"@type":"ListItem","position":1,"name":"Accueil","item":"https:\/\/librairie7l.com\/en\/"},{"@type":"ListItem","position":2,"name":"Shop","item":"https:\/\/librairie7l.com\/en\/shop\/"},{"@type":"ListItem","position":3,"name":"GEORGES N.33"}]},{"@type":"WebSite","@id":"https:\/\/librairie7l.com\/en\/#website","url":"https:\/\/librairie7l.com\/en\/","name":"Librairie 7L","description":"Librairie fond\u00e9e en 1999 par Karl Lagerfeld \u00e0 Paris","publisher":{"@id":"https:\/\/librairie7l.com\/en\/#organization"},"potentialAction":[{"@type":"SearchAction","target":{"@type":"EntryPoint","urlTemplate":"https:\/\/librairie7l.com\/en\/?s={search_term_string}"},"query-input":"required name=search_term_string"}],"inLanguage":"en-US"},{"@type":"Organization","@id":"https:\/\/librairie7l.com\/en\/#organization","name":"Librairie 7L","url":"https:\/\/librairie7l.com\/en\/","logo":{"@type":"ImageObject","inLanguage":"en-US","@id":"https:\/\/librairie7l.com\/en\/#\/schema\/logo\/image\/","url":"https:\/\/librairie7l.com\/wp-content\/uploads\/2022\/08\/logo-1.png","contentUrl":"https:\/\/librairie7l.com\/wp-content\/uploads\/2022\/08\/logo-1.png","width":227,"height":301,"caption":"Librairie 7L"},"image":{"@id":"https:\/\/librairie7l.com\/en\/#\/schema\/logo\/image\/"}}]}},"_links":{"self":[{"href":"https:\/\/librairie7l.com\/en\/wp-json\/wp\/v2\/product\/44299"}],"collection":[{"href":"https:\/\/librairie7l.com\/en\/wp-json\/wp\/v2\/product"}],"about":[{"href":"https:\/\/librairie7l.com\/en\/wp-json\/wp\/v2\/types\/product"}],"wp:featuredmedia":[{"embeddable":true,"href":"https:\/\/librairie7l.com\/en\/wp-json\/wp\/v2\/media\/44297"}],"wp:attachment":[{"href":"https:\/\/librairie7l.com\/en\/wp-json\/wp\/v2\/media?parent=44299"}],"wp:term":[{"taxonomy":"product_cat","embeddable":true,"href":"https:\/\/librairie7l.com\/en\/wp-json\/wp\/v2\/product_cat?post=44299"},{"taxonomy":"product_tag","embeddable":true,"href":"https:\/\/librairie7l.com\/en\/wp-json\/wp\/v2\/product_tag?post=44299"}],"curies":[{"name":"wp","href":"https:\/\/api.w.org\/{rel}","templated":true}]}}