{"id":44303,"date":"2024-11-16T09:17:41","date_gmt":"2024-11-16T08:17:41","guid":{"rendered":"https:\/\/librairie7l.com\/?post_type=product&#038;p=44303"},"modified":"2026-04-16T23:10:16","modified_gmt":"2026-04-16T21:10:16","slug":"plafonds-artistiques-bottega-darte-di-folco-2","status":"publish","type":"product","link":"https:\/\/librairie7l.com\/en\/produit\/plafonds-artistiques-bottega-darte-di-folco-2\/","title":{"rendered":"PLAFONDS ARTISTIQUES : BOTTEGA D&#8217;ARTE DI FOLCO"},"content":{"rendered":"<p>Cette nouvelle publication se propose d&#8217;initier le lecteur \u00e0 la d\u00e9marche incontournable qui pr\u00e9c\u00e8de et accompagne l&#8217;invention des plafonds d&#8217;art, un peu comme un manuel \u00e0 l&#8217;usage de tous ceux qui d\u00e9sirent entrer en contact avec la complexit\u00e9 de cet univers. Chaque pi\u00e8ce propos\u00e9e est accompagn\u00e9e de dessins \u00e0 l&#8217;\u00e9chelle, parfois en perspective, et d&#8217;illustrations \u00e9clairantes. Telles sont les cr\u00e9ations de l&#8217;atelier de Vladimiro Di Folco \u00e0 Sora, assist\u00e9 de son \u00e9pouse Giovanna De Gasperis et de leurs enfants Giulia et Flavio : une r\u00e9alit\u00e9 hors du commun qui, depuis pr\u00e8s d&#8217;un demi-si\u00e8cle, con\u00e7oit et produit des plafonds richement d\u00e9cor\u00e9s. Ex\u00e9cut\u00e9es \u00e0 la main en bois, stuc, pl\u00e2tre, pierres semi-pr\u00e9cieuses, faux marbres et autres mat\u00e9riaux nobles, ces pi\u00e8ces uniques pr\u00e9sentes dans des \u00e9glises, des ch\u00e2teaux et des demeures historiques, ont redonn\u00e9 splendeur et noblesse \u00e0 ces lieux, en valorisant une tradition aujourd&#8217;hui en voie d&#8217;extinction. Cet atelier incarne l&#8217;une des r\u00e9ussites les plus \u00e9clatantes du secteur, ainsi qu&#8217;un exemple vertueux de petite et moyenne entreprise familiale.<\/p>\n","protected":false},"excerpt":{"rendered":"<p>Cette nouvelle publication se propose d&#8217;initier le lecteur \u00e0 la d\u00e9marche incontournable qui pr\u00e9c\u00e8de et accompagne l&#8217;invention des plafonds d&#8217;art, un peu comme un manuel \u00e0 l&#8217;usage de tous ceux qui d\u00e9sirent entrer en contact avec la complexit\u00e9 de cet univers. Chaque pi\u00e8ce propos\u00e9e est accompagn\u00e9e de dessins \u00e0 l&#8217;\u00e9chelle, parfois en perspective, et d&#8217;illustrations [&hellip;]<\/p>\n","protected":false},"featured_media":44301,"template":"","meta":[],"product_cat":[2948],"product_tag":[],"acf":[],"yoast_head":"<!-- This site is optimized with the Yoast SEO plugin v20.11 - https:\/\/yoast.com\/wordpress\/plugins\/seo\/ -->\n<title>Plafonds artistiques : Bottega d&#039;arte Di Folco - Librairie 7L<\/title>\n<meta name=\"robots\" content=\"index, follow, max-snippet:-1, max-image-preview:large, max-video-preview:-1\" \/>\n<link rel=\"canonical\" href=\"https:\/\/librairie7l.com\/en\/produit\/plafonds-artistiques-bottega-darte-di-folco-2\/\" \/>\n<meta property=\"og:locale\" content=\"en_US\" \/>\n<meta property=\"og:type\" content=\"article\" \/>\n<meta property=\"og:title\" content=\"Plafonds artistiques : Bottega d&#039;arte Di Folco - Librairie 7L\" \/>\n<meta property=\"og:description\" content=\"Cette nouvelle publication se propose d&#8217;initier le lecteur \u00e0 la d\u00e9marche incontournable qui pr\u00e9c\u00e8de et accompagne l&#8217;invention des plafonds d&#8217;art, un peu comme un manuel \u00e0 l&#8217;usage de tous ceux qui d\u00e9sirent entrer en contact avec la complexit\u00e9 de cet univers. Chaque pi\u00e8ce propos\u00e9e est accompagn\u00e9e de dessins \u00e0 l&#8217;\u00e9chelle, parfois en perspective, et d&#8217;illustrations [&hellip;]\" \/>\n<meta property=\"og:url\" content=\"https:\/\/librairie7l.com\/en\/produit\/plafonds-artistiques-bottega-darte-di-folco-2\/\" \/>\n<meta property=\"og:site_name\" content=\"Librairie 7L\" \/>\n<meta property=\"article:modified_time\" content=\"2026-04-16T21:10:16+00:00\" \/>\n<meta property=\"og:image\" content=\"https:\/\/librairie7l.com\/wp-content\/uploads\/2024\/06\/9788836658718_1_75.jpg\" \/>\n\t<meta property=\"og:image:width\" content=\"600\" \/>\n\t<meta property=\"og:image:height\" content=\"629\" \/>\n\t<meta property=\"og:image:type\" content=\"image\/jpeg\" \/>\n<meta name=\"twitter:card\" content=\"summary_large_image\" \/>\n<meta name=\"twitter:label1\" content=\"Est. reading time\" \/>\n\t<meta name=\"twitter:data1\" content=\"1 minute\" \/>\n<script type=\"application\/ld+json\" class=\"yoast-schema-graph\">{\"@context\":\"https:\/\/schema.org\",\"@graph\":[{\"@type\":\"WebPage\",\"@id\":\"https:\/\/librairie7l.com\/en\/produit\/plafonds-artistiques-bottega-darte-di-folco-2\/\",\"url\":\"https:\/\/librairie7l.com\/en\/produit\/plafonds-artistiques-bottega-darte-di-folco-2\/\",\"name\":\"Plafonds artistiques : Bottega d'arte Di Folco - Librairie 7L\",\"isPartOf\":{\"@id\":\"https:\/\/librairie7l.com\/en\/#website\"},\"datePublished\":\"2024-11-16T08:17:41+00:00\",\"dateModified\":\"2026-04-16T21:10:16+00:00\",\"breadcrumb\":{\"@id\":\"https:\/\/librairie7l.com\/en\/produit\/plafonds-artistiques-bottega-darte-di-folco-2\/#breadcrumb\"},\"inLanguage\":\"en-US\",\"potentialAction\":[{\"@type\":\"ReadAction\",\"target\":[\"https:\/\/librairie7l.com\/en\/produit\/plafonds-artistiques-bottega-darte-di-folco-2\/\"]}]},{\"@type\":\"BreadcrumbList\",\"@id\":\"https:\/\/librairie7l.com\/en\/produit\/plafonds-artistiques-bottega-darte-di-folco-2\/#breadcrumb\",\"itemListElement\":[{\"@type\":\"ListItem\",\"position\":1,\"name\":\"Accueil\",\"item\":\"https:\/\/librairie7l.com\/en\/\"},{\"@type\":\"ListItem\",\"position\":2,\"name\":\"Shop\",\"item\":\"https:\/\/librairie7l.com\/en\/shop\/\"},{\"@type\":\"ListItem\",\"position\":3,\"name\":\"PLAFONDS ARTISTIQUES : BOTTEGA D&#8217;ARTE DI FOLCO\"}]},{\"@type\":\"WebSite\",\"@id\":\"https:\/\/librairie7l.com\/en\/#website\",\"url\":\"https:\/\/librairie7l.com\/en\/\",\"name\":\"Librairie 7L\",\"description\":\"Librairie fond\u00e9e en 1999 par Karl Lagerfeld \u00e0 Paris\",\"publisher\":{\"@id\":\"https:\/\/librairie7l.com\/en\/#organization\"},\"potentialAction\":[{\"@type\":\"SearchAction\",\"target\":{\"@type\":\"EntryPoint\",\"urlTemplate\":\"https:\/\/librairie7l.com\/en\/?s={search_term_string}\"},\"query-input\":\"required name=search_term_string\"}],\"inLanguage\":\"en-US\"},{\"@type\":\"Organization\",\"@id\":\"https:\/\/librairie7l.com\/en\/#organization\",\"name\":\"Librairie 7L\",\"url\":\"https:\/\/librairie7l.com\/en\/\",\"logo\":{\"@type\":\"ImageObject\",\"inLanguage\":\"en-US\",\"@id\":\"https:\/\/librairie7l.com\/en\/#\/schema\/logo\/image\/\",\"url\":\"https:\/\/librairie7l.com\/wp-content\/uploads\/2022\/08\/logo-1.png\",\"contentUrl\":\"https:\/\/librairie7l.com\/wp-content\/uploads\/2022\/08\/logo-1.png\",\"width\":227,\"height\":301,\"caption\":\"Librairie 7L\"},\"image\":{\"@id\":\"https:\/\/librairie7l.com\/en\/#\/schema\/logo\/image\/\"}}]}<\/script>\n<!-- \/ Yoast SEO plugin. -->","yoast_head_json":{"title":"Plafonds artistiques : Bottega d'arte Di Folco - Librairie 7L","robots":{"index":"index","follow":"follow","max-snippet":"max-snippet:-1","max-image-preview":"max-image-preview:large","max-video-preview":"max-video-preview:-1"},"canonical":"https:\/\/librairie7l.com\/en\/produit\/plafonds-artistiques-bottega-darte-di-folco-2\/","og_locale":"en_US","og_type":"article","og_title":"Plafonds artistiques : Bottega d'arte Di Folco - Librairie 7L","og_description":"Cette nouvelle publication se propose d&#8217;initier le lecteur \u00e0 la d\u00e9marche incontournable qui pr\u00e9c\u00e8de et accompagne l&#8217;invention des plafonds d&#8217;art, un peu comme un manuel \u00e0 l&#8217;usage de tous ceux qui d\u00e9sirent entrer en contact avec la complexit\u00e9 de cet univers. Chaque pi\u00e8ce propos\u00e9e est accompagn\u00e9e de dessins \u00e0 l&#8217;\u00e9chelle, parfois en perspective, et d&#8217;illustrations [&hellip;]","og_url":"https:\/\/librairie7l.com\/en\/produit\/plafonds-artistiques-bottega-darte-di-folco-2\/","og_site_name":"Librairie 7L","article_modified_time":"2026-04-16T21:10:16+00:00","og_image":[{"width":600,"height":629,"url":"https:\/\/librairie7l.com\/wp-content\/uploads\/2024\/06\/9788836658718_1_75.jpg","type":"image\/jpeg"}],"twitter_card":"summary_large_image","twitter_misc":{"Est. reading time":"1 minute"},"schema":{"@context":"https:\/\/schema.org","@graph":[{"@type":"WebPage","@id":"https:\/\/librairie7l.com\/en\/produit\/plafonds-artistiques-bottega-darte-di-folco-2\/","url":"https:\/\/librairie7l.com\/en\/produit\/plafonds-artistiques-bottega-darte-di-folco-2\/","name":"Plafonds artistiques : Bottega d'arte Di Folco - Librairie 7L","isPartOf":{"@id":"https:\/\/librairie7l.com\/en\/#website"},"datePublished":"2024-11-16T08:17:41+00:00","dateModified":"2026-04-16T21:10:16+00:00","breadcrumb":{"@id":"https:\/\/librairie7l.com\/en\/produit\/plafonds-artistiques-bottega-darte-di-folco-2\/#breadcrumb"},"inLanguage":"en-US","potentialAction":[{"@type":"ReadAction","target":["https:\/\/librairie7l.com\/en\/produit\/plafonds-artistiques-bottega-darte-di-folco-2\/"]}]},{"@type":"BreadcrumbList","@id":"https:\/\/librairie7l.com\/en\/produit\/plafonds-artistiques-bottega-darte-di-folco-2\/#breadcrumb","itemListElement":[{"@type":"ListItem","position":1,"name":"Accueil","item":"https:\/\/librairie7l.com\/en\/"},{"@type":"ListItem","position":2,"name":"Shop","item":"https:\/\/librairie7l.com\/en\/shop\/"},{"@type":"ListItem","position":3,"name":"PLAFONDS ARTISTIQUES : BOTTEGA D&#8217;ARTE DI FOLCO"}]},{"@type":"WebSite","@id":"https:\/\/librairie7l.com\/en\/#website","url":"https:\/\/librairie7l.com\/en\/","name":"Librairie 7L","description":"Librairie fond\u00e9e en 1999 par Karl Lagerfeld \u00e0 Paris","publisher":{"@id":"https:\/\/librairie7l.com\/en\/#organization"},"potentialAction":[{"@type":"SearchAction","target":{"@type":"EntryPoint","urlTemplate":"https:\/\/librairie7l.com\/en\/?s={search_term_string}"},"query-input":"required name=search_term_string"}],"inLanguage":"en-US"},{"@type":"Organization","@id":"https:\/\/librairie7l.com\/en\/#organization","name":"Librairie 7L","url":"https:\/\/librairie7l.com\/en\/","logo":{"@type":"ImageObject","inLanguage":"en-US","@id":"https:\/\/librairie7l.com\/en\/#\/schema\/logo\/image\/","url":"https:\/\/librairie7l.com\/wp-content\/uploads\/2022\/08\/logo-1.png","contentUrl":"https:\/\/librairie7l.com\/wp-content\/uploads\/2022\/08\/logo-1.png","width":227,"height":301,"caption":"Librairie 7L"},"image":{"@id":"https:\/\/librairie7l.com\/en\/#\/schema\/logo\/image\/"}}]}},"_links":{"self":[{"href":"https:\/\/librairie7l.com\/en\/wp-json\/wp\/v2\/product\/44303"}],"collection":[{"href":"https:\/\/librairie7l.com\/en\/wp-json\/wp\/v2\/product"}],"about":[{"href":"https:\/\/librairie7l.com\/en\/wp-json\/wp\/v2\/types\/product"}],"wp:featuredmedia":[{"embeddable":true,"href":"https:\/\/librairie7l.com\/en\/wp-json\/wp\/v2\/media\/44301"}],"wp:attachment":[{"href":"https:\/\/librairie7l.com\/en\/wp-json\/wp\/v2\/media?parent=44303"}],"wp:term":[{"taxonomy":"product_cat","embeddable":true,"href":"https:\/\/librairie7l.com\/en\/wp-json\/wp\/v2\/product_cat?post=44303"},{"taxonomy":"product_tag","embeddable":true,"href":"https:\/\/librairie7l.com\/en\/wp-json\/wp\/v2\/product_tag?post=44303"}],"curies":[{"name":"wp","href":"https:\/\/api.w.org\/{rel}","templated":true}]}}