{"id":44307,"date":"2024-11-16T09:17:44","date_gmt":"2024-11-16T08:17:44","guid":{"rendered":"https:\/\/librairie7l.com\/?post_type=product&#038;p=44307"},"modified":"2026-04-16T21:19:42","modified_gmt":"2026-04-16T19:19:42","slug":"le-crin-dans-tous-ses-eclats-tissage-dune-fibre-dexception-2","status":"publish","type":"product","link":"https:\/\/librairie7l.com\/en\/produit\/le-crin-dans-tous-ses-eclats-tissage-dune-fibre-dexception-2\/","title":{"rendered":"LE CRIN DANS TOUS SES \u00c9CLATS : TISSAGE D&#8217;UNE FIBRE D&#8217;EXCEPTION"},"content":{"rendered":"<p>A l&#8217;occasion des Jeux olympiques et paralympiques de Paris 2024, et dans le cadre des \u00e9preuves \u00e9questres qui se d\u00e9roulent \u00e0 Versailles, ville voisine du mus\u00e9e de la Toile de Jouy, l&#8217;exposition Le Crin dans tous ses \u00e9clats. Tissage d&#8217;une fibre d&#8217;exception c\u00e9l\u00e8bre l&#8217;union entre l&#8217;univers du cheval et l&#8217;art textile. Elle met en avant ce mat\u00e9riau m\u00e9connu en tant que fibre tiss\u00e9e et en pr\u00e9sente les caract\u00e9ristiques physiques, techniques, artistiques et esth\u00e9tiques. Le crin de cheval, en effet, est \u00e0 la fois durable, r\u00e9sistant, rigide, noble, doux et brillant. C&#8217;est pourquoi, depuis le 18e si\u00e8cle, on le pl\u00e9biscite en Europe dans les domaines de l&#8217;habillement et de l&#8217;ameublement. Aujourd&#8217;hui, il inspire les cr\u00e9ateurs contemporains, qui valorisent tout son caract\u00e8re et sa noblesse dans leur d\u00e9marche artistique. Au coeur d&#8217;un savoir-faire remarquable, le tissage du crin de cheval est encore port\u00e9 en France par de rares artisans et par l&#8217;un des derniers ateliers \u00e0 travailler cette fibre manuellement : rattach\u00e9 \u00e0 la maison M\u00e9taphores-Le Crin, cr\u00e9atrice et \u00e9ditrice de tissus pour la d\u00e9coration int\u00e9rieure, il dompte cette mati\u00e8re gr\u00e2ce aux gestes et au regard minutieux des hommes et des femmes qui y cr\u00e9ent des pi\u00e8ces d&#8217;exception.<\/p>\n","protected":false},"excerpt":{"rendered":"<p>A l&#8217;occasion des Jeux olympiques et paralympiques de Paris 2024, et dans le cadre des \u00e9preuves \u00e9questres qui se d\u00e9roulent \u00e0 Versailles, ville voisine du mus\u00e9e de la Toile de Jouy, l&#8217;exposition Le Crin dans tous ses \u00e9clats. Tissage d&#8217;une fibre d&#8217;exception c\u00e9l\u00e8bre l&#8217;union entre l&#8217;univers du cheval et l&#8217;art textile. Elle met en avant [&hellip;]<\/p>\n","protected":false},"featured_media":44305,"template":"","meta":[],"product_cat":[2948],"product_tag":[],"acf":[],"yoast_head":"<!-- This site is optimized with the Yoast SEO plugin v20.11 - https:\/\/yoast.com\/wordpress\/plugins\/seo\/ -->\n<title>Le crin dans tous ses \u00e9clats : Tissage d&#039;une fibre d&#039;exception - Librairie 7L<\/title>\n<meta name=\"robots\" content=\"index, follow, max-snippet:-1, max-image-preview:large, max-video-preview:-1\" \/>\n<link rel=\"canonical\" href=\"https:\/\/librairie7l.com\/en\/produit\/le-crin-dans-tous-ses-eclats-tissage-dune-fibre-dexception-2\/\" \/>\n<meta property=\"og:locale\" content=\"en_US\" \/>\n<meta property=\"og:type\" content=\"article\" \/>\n<meta property=\"og:title\" content=\"Le crin dans tous ses \u00e9clats : Tissage d&#039;une fibre d&#039;exception - Librairie 7L\" \/>\n<meta property=\"og:description\" content=\"A l&#8217;occasion des Jeux olympiques et paralympiques de Paris 2024, et dans le cadre des \u00e9preuves \u00e9questres qui se d\u00e9roulent \u00e0 Versailles, ville voisine du mus\u00e9e de la Toile de Jouy, l&#8217;exposition Le Crin dans tous ses \u00e9clats. Tissage d&#8217;une fibre d&#8217;exception c\u00e9l\u00e8bre l&#8217;union entre l&#8217;univers du cheval et l&#8217;art textile. Elle met en avant [&hellip;]\" \/>\n<meta property=\"og:url\" content=\"https:\/\/librairie7l.com\/en\/produit\/le-crin-dans-tous-ses-eclats-tissage-dune-fibre-dexception-2\/\" \/>\n<meta property=\"og:site_name\" content=\"Librairie 7L\" \/>\n<meta property=\"article:modified_time\" content=\"2026-04-16T19:19:42+00:00\" \/>\n<meta property=\"og:image\" content=\"https:\/\/librairie7l.com\/wp-content\/uploads\/2024\/06\/9788836658732_1_75.jpg\" \/>\n\t<meta property=\"og:image:width\" content=\"600\" \/>\n\t<meta property=\"og:image:height\" content=\"602\" \/>\n\t<meta property=\"og:image:type\" content=\"image\/jpeg\" \/>\n<meta name=\"twitter:card\" content=\"summary_large_image\" \/>\n<meta name=\"twitter:label1\" content=\"Est. reading time\" \/>\n\t<meta name=\"twitter:data1\" content=\"1 minute\" \/>\n<script type=\"application\/ld+json\" class=\"yoast-schema-graph\">{\"@context\":\"https:\/\/schema.org\",\"@graph\":[{\"@type\":\"WebPage\",\"@id\":\"https:\/\/librairie7l.com\/en\/produit\/le-crin-dans-tous-ses-eclats-tissage-dune-fibre-dexception-2\/\",\"url\":\"https:\/\/librairie7l.com\/en\/produit\/le-crin-dans-tous-ses-eclats-tissage-dune-fibre-dexception-2\/\",\"name\":\"Le crin dans tous ses \u00e9clats : Tissage d'une fibre d'exception - Librairie 7L\",\"isPartOf\":{\"@id\":\"https:\/\/librairie7l.com\/en\/#website\"},\"datePublished\":\"2024-11-16T08:17:44+00:00\",\"dateModified\":\"2026-04-16T19:19:42+00:00\",\"breadcrumb\":{\"@id\":\"https:\/\/librairie7l.com\/en\/produit\/le-crin-dans-tous-ses-eclats-tissage-dune-fibre-dexception-2\/#breadcrumb\"},\"inLanguage\":\"en-US\",\"potentialAction\":[{\"@type\":\"ReadAction\",\"target\":[\"https:\/\/librairie7l.com\/en\/produit\/le-crin-dans-tous-ses-eclats-tissage-dune-fibre-dexception-2\/\"]}]},{\"@type\":\"BreadcrumbList\",\"@id\":\"https:\/\/librairie7l.com\/en\/produit\/le-crin-dans-tous-ses-eclats-tissage-dune-fibre-dexception-2\/#breadcrumb\",\"itemListElement\":[{\"@type\":\"ListItem\",\"position\":1,\"name\":\"Accueil\",\"item\":\"https:\/\/librairie7l.com\/en\/\"},{\"@type\":\"ListItem\",\"position\":2,\"name\":\"Shop\",\"item\":\"https:\/\/librairie7l.com\/en\/shop\/\"},{\"@type\":\"ListItem\",\"position\":3,\"name\":\"LE CRIN DANS TOUS SES \u00c9CLATS : TISSAGE D&#8217;UNE FIBRE D&#8217;EXCEPTION\"}]},{\"@type\":\"WebSite\",\"@id\":\"https:\/\/librairie7l.com\/en\/#website\",\"url\":\"https:\/\/librairie7l.com\/en\/\",\"name\":\"Librairie 7L\",\"description\":\"Librairie fond\u00e9e en 1999 par Karl Lagerfeld \u00e0 Paris\",\"publisher\":{\"@id\":\"https:\/\/librairie7l.com\/en\/#organization\"},\"potentialAction\":[{\"@type\":\"SearchAction\",\"target\":{\"@type\":\"EntryPoint\",\"urlTemplate\":\"https:\/\/librairie7l.com\/en\/?s={search_term_string}\"},\"query-input\":\"required name=search_term_string\"}],\"inLanguage\":\"en-US\"},{\"@type\":\"Organization\",\"@id\":\"https:\/\/librairie7l.com\/en\/#organization\",\"name\":\"Librairie 7L\",\"url\":\"https:\/\/librairie7l.com\/en\/\",\"logo\":{\"@type\":\"ImageObject\",\"inLanguage\":\"en-US\",\"@id\":\"https:\/\/librairie7l.com\/en\/#\/schema\/logo\/image\/\",\"url\":\"https:\/\/librairie7l.com\/wp-content\/uploads\/2022\/08\/logo-1.png\",\"contentUrl\":\"https:\/\/librairie7l.com\/wp-content\/uploads\/2022\/08\/logo-1.png\",\"width\":227,\"height\":301,\"caption\":\"Librairie 7L\"},\"image\":{\"@id\":\"https:\/\/librairie7l.com\/en\/#\/schema\/logo\/image\/\"}}]}<\/script>\n<!-- \/ Yoast SEO plugin. -->","yoast_head_json":{"title":"Le crin dans tous ses \u00e9clats : Tissage d'une fibre d'exception - Librairie 7L","robots":{"index":"index","follow":"follow","max-snippet":"max-snippet:-1","max-image-preview":"max-image-preview:large","max-video-preview":"max-video-preview:-1"},"canonical":"https:\/\/librairie7l.com\/en\/produit\/le-crin-dans-tous-ses-eclats-tissage-dune-fibre-dexception-2\/","og_locale":"en_US","og_type":"article","og_title":"Le crin dans tous ses \u00e9clats : Tissage d'une fibre d'exception - Librairie 7L","og_description":"A l&#8217;occasion des Jeux olympiques et paralympiques de Paris 2024, et dans le cadre des \u00e9preuves \u00e9questres qui se d\u00e9roulent \u00e0 Versailles, ville voisine du mus\u00e9e de la Toile de Jouy, l&#8217;exposition Le Crin dans tous ses \u00e9clats. Tissage d&#8217;une fibre d&#8217;exception c\u00e9l\u00e8bre l&#8217;union entre l&#8217;univers du cheval et l&#8217;art textile. Elle met en avant [&hellip;]","og_url":"https:\/\/librairie7l.com\/en\/produit\/le-crin-dans-tous-ses-eclats-tissage-dune-fibre-dexception-2\/","og_site_name":"Librairie 7L","article_modified_time":"2026-04-16T19:19:42+00:00","og_image":[{"width":600,"height":602,"url":"https:\/\/librairie7l.com\/wp-content\/uploads\/2024\/06\/9788836658732_1_75.jpg","type":"image\/jpeg"}],"twitter_card":"summary_large_image","twitter_misc":{"Est. reading time":"1 minute"},"schema":{"@context":"https:\/\/schema.org","@graph":[{"@type":"WebPage","@id":"https:\/\/librairie7l.com\/en\/produit\/le-crin-dans-tous-ses-eclats-tissage-dune-fibre-dexception-2\/","url":"https:\/\/librairie7l.com\/en\/produit\/le-crin-dans-tous-ses-eclats-tissage-dune-fibre-dexception-2\/","name":"Le crin dans tous ses \u00e9clats : Tissage d'une fibre d'exception - Librairie 7L","isPartOf":{"@id":"https:\/\/librairie7l.com\/en\/#website"},"datePublished":"2024-11-16T08:17:44+00:00","dateModified":"2026-04-16T19:19:42+00:00","breadcrumb":{"@id":"https:\/\/librairie7l.com\/en\/produit\/le-crin-dans-tous-ses-eclats-tissage-dune-fibre-dexception-2\/#breadcrumb"},"inLanguage":"en-US","potentialAction":[{"@type":"ReadAction","target":["https:\/\/librairie7l.com\/en\/produit\/le-crin-dans-tous-ses-eclats-tissage-dune-fibre-dexception-2\/"]}]},{"@type":"BreadcrumbList","@id":"https:\/\/librairie7l.com\/en\/produit\/le-crin-dans-tous-ses-eclats-tissage-dune-fibre-dexception-2\/#breadcrumb","itemListElement":[{"@type":"ListItem","position":1,"name":"Accueil","item":"https:\/\/librairie7l.com\/en\/"},{"@type":"ListItem","position":2,"name":"Shop","item":"https:\/\/librairie7l.com\/en\/shop\/"},{"@type":"ListItem","position":3,"name":"LE CRIN DANS TOUS SES \u00c9CLATS : TISSAGE D&#8217;UNE FIBRE D&#8217;EXCEPTION"}]},{"@type":"WebSite","@id":"https:\/\/librairie7l.com\/en\/#website","url":"https:\/\/librairie7l.com\/en\/","name":"Librairie 7L","description":"Librairie fond\u00e9e en 1999 par Karl Lagerfeld \u00e0 Paris","publisher":{"@id":"https:\/\/librairie7l.com\/en\/#organization"},"potentialAction":[{"@type":"SearchAction","target":{"@type":"EntryPoint","urlTemplate":"https:\/\/librairie7l.com\/en\/?s={search_term_string}"},"query-input":"required name=search_term_string"}],"inLanguage":"en-US"},{"@type":"Organization","@id":"https:\/\/librairie7l.com\/en\/#organization","name":"Librairie 7L","url":"https:\/\/librairie7l.com\/en\/","logo":{"@type":"ImageObject","inLanguage":"en-US","@id":"https:\/\/librairie7l.com\/en\/#\/schema\/logo\/image\/","url":"https:\/\/librairie7l.com\/wp-content\/uploads\/2022\/08\/logo-1.png","contentUrl":"https:\/\/librairie7l.com\/wp-content\/uploads\/2022\/08\/logo-1.png","width":227,"height":301,"caption":"Librairie 7L"},"image":{"@id":"https:\/\/librairie7l.com\/en\/#\/schema\/logo\/image\/"}}]}},"_links":{"self":[{"href":"https:\/\/librairie7l.com\/en\/wp-json\/wp\/v2\/product\/44307"}],"collection":[{"href":"https:\/\/librairie7l.com\/en\/wp-json\/wp\/v2\/product"}],"about":[{"href":"https:\/\/librairie7l.com\/en\/wp-json\/wp\/v2\/types\/product"}],"wp:featuredmedia":[{"embeddable":true,"href":"https:\/\/librairie7l.com\/en\/wp-json\/wp\/v2\/media\/44305"}],"wp:attachment":[{"href":"https:\/\/librairie7l.com\/en\/wp-json\/wp\/v2\/media?parent=44307"}],"wp:term":[{"taxonomy":"product_cat","embeddable":true,"href":"https:\/\/librairie7l.com\/en\/wp-json\/wp\/v2\/product_cat?post=44307"},{"taxonomy":"product_tag","embeddable":true,"href":"https:\/\/librairie7l.com\/en\/wp-json\/wp\/v2\/product_tag?post=44307"}],"curies":[{"name":"wp","href":"https:\/\/api.w.org\/{rel}","templated":true}]}}