{"id":44325,"date":"2024-11-17T09:17:59","date_gmt":"2024-11-17T08:17:59","guid":{"rendered":"https:\/\/librairie7l.com\/?post_type=product&#038;p=44325"},"modified":"2026-04-16T21:31:01","modified_gmt":"2026-04-16T19:31:01","slug":"made-in-france-une-histoire-du-textile-2","status":"publish","type":"product","link":"https:\/\/librairie7l.com\/en\/produit\/made-in-france-une-histoire-du-textile-2\/","title":{"rendered":"MADE IN FRANCE : UNE HISTOIRE DU TEXTILE"},"content":{"rendered":"<p>D\u00e9couvrez l&#8217;histoire de l&#8217;industrie textile fran\u00e7aise du XVIIe si\u00e8cle \u00e0 nos jours.<br \/>\nL&#8217;histoire des tissus qui composent nos v\u00eatements passe parfois inaper\u00e7ue. C&#8217;est pourtant celle d&#8217;une aventure industrielle au long cours, qui a marqu\u00e9 de son empreinte le territoire fran\u00e7ais. Aujourd&#8217;hui en pleine crise de conscience environnementale et \u00e9thique, le secteur textile fut tour \u00e0 tour innovateur, florissant, d\u00e9clinant. Pour en t\u00e9moigner, les fonds des Archives nationales sont d&#8217;une richesse surprenante. Dans les cartons, au milieu des feuillets anciens, attendaient des milliers d&#8217;\u00e9chantillons de tissus aux couleurs intactes, soigneusement collect\u00e9s par l&#8217;\u00c9tat : cette trouvaille in\u00e9dite, rendant soudain palpable un pan m\u00e9connu de notre culture mat\u00e9rielle, a permis de documenter les soubresauts d&#8217;une industrie au coeur de la vie des Fran\u00e7aises et des Fran\u00e7ais.<\/p>\n<p>Le pr\u00e9sent ouvrage, richement illustr\u00e9, retrace la relation suivie, intense et parfois houleuse entre l&#8217;\u00c9tat fran\u00e7ais et ce qui fut, longtemps, la premi\u00e8re industrie du pays. Du milieu du XVIIe si\u00e8cle jusqu&#8217;\u00e0 nos jours, \u00e0 travers les \u00e9volutions, les guerres et les crises, les gouvernements ont cherch\u00e9 \u00e0 contr\u00f4ler, conna\u00eetre et encourager la production du textile en France, des fibres naturelles aux mati\u00e8res synth\u00e9tiques. C&#8217;est ainsi que se tisse le passionnant r\u00e9cit d&#8217;un &#8221; made in France &#8221; invent\u00e9 par Colbert, d\u00e9sormais remis au coeur de nos pr\u00e9occupations \u00e9conomiques, strat\u00e9giques et environnementales les plus actuelles.<\/p>\n","protected":false},"excerpt":{"rendered":"<p>D\u00e9couvrez l&#8217;histoire de l&#8217;industrie textile fran\u00e7aise du XVIIe si\u00e8cle \u00e0 nos jours. L&#8217;histoire des tissus qui composent nos v\u00eatements passe parfois inaper\u00e7ue. C&#8217;est pourtant celle d&#8217;une aventure industrielle au long cours, qui a marqu\u00e9 de son empreinte le territoire fran\u00e7ais. Aujourd&#8217;hui en pleine crise de conscience environnementale et \u00e9thique, le secteur textile fut tour \u00e0 [&hellip;]<\/p>\n","protected":false},"featured_media":44323,"template":"","meta":[],"product_cat":[2948],"product_tag":[],"acf":[],"yoast_head":"<!-- This site is optimized with the Yoast SEO plugin v20.11 - https:\/\/yoast.com\/wordpress\/plugins\/seo\/ -->\n<title>Made in France : Une histoire du textile - Librairie 7L<\/title>\n<meta name=\"robots\" content=\"index, follow, max-snippet:-1, max-image-preview:large, max-video-preview:-1\" \/>\n<link rel=\"canonical\" href=\"https:\/\/librairie7l.com\/en\/produit\/made-in-france-une-histoire-du-textile-2\/\" \/>\n<meta property=\"og:locale\" content=\"en_US\" \/>\n<meta property=\"og:type\" content=\"article\" \/>\n<meta property=\"og:title\" content=\"Made in France : Une histoire du textile - Librairie 7L\" \/>\n<meta property=\"og:description\" content=\"D\u00e9couvrez l&#8217;histoire de l&#8217;industrie textile fran\u00e7aise du XVIIe si\u00e8cle \u00e0 nos jours. L&#8217;histoire des tissus qui composent nos v\u00eatements passe parfois inaper\u00e7ue. C&#8217;est pourtant celle d&#8217;une aventure industrielle au long cours, qui a marqu\u00e9 de son empreinte le territoire fran\u00e7ais. Aujourd&#8217;hui en pleine crise de conscience environnementale et \u00e9thique, le secteur textile fut tour \u00e0 [&hellip;]\" \/>\n<meta property=\"og:url\" content=\"https:\/\/librairie7l.com\/en\/produit\/made-in-france-une-histoire-du-textile-2\/\" \/>\n<meta property=\"og:site_name\" content=\"Librairie 7L\" \/>\n<meta property=\"article:modified_time\" content=\"2026-04-16T19:31:01+00:00\" \/>\n<meta property=\"og:image\" content=\"https:\/\/librairie7l.com\/wp-content\/uploads\/2024\/06\/9782749958958_1_75.jpg\" \/>\n\t<meta property=\"og:image:width\" content=\"400\" \/>\n\t<meta property=\"og:image:height\" content=\"482\" \/>\n\t<meta property=\"og:image:type\" content=\"image\/jpeg\" \/>\n<meta name=\"twitter:card\" content=\"summary_large_image\" \/>\n<meta name=\"twitter:label1\" content=\"Est. reading time\" \/>\n\t<meta name=\"twitter:data1\" content=\"1 minute\" \/>\n<script type=\"application\/ld+json\" class=\"yoast-schema-graph\">{\"@context\":\"https:\/\/schema.org\",\"@graph\":[{\"@type\":\"WebPage\",\"@id\":\"https:\/\/librairie7l.com\/en\/produit\/made-in-france-une-histoire-du-textile-2\/\",\"url\":\"https:\/\/librairie7l.com\/en\/produit\/made-in-france-une-histoire-du-textile-2\/\",\"name\":\"Made in France : Une histoire du textile - Librairie 7L\",\"isPartOf\":{\"@id\":\"https:\/\/librairie7l.com\/en\/#website\"},\"datePublished\":\"2024-11-17T08:17:59+00:00\",\"dateModified\":\"2026-04-16T19:31:01+00:00\",\"breadcrumb\":{\"@id\":\"https:\/\/librairie7l.com\/en\/produit\/made-in-france-une-histoire-du-textile-2\/#breadcrumb\"},\"inLanguage\":\"en-US\",\"potentialAction\":[{\"@type\":\"ReadAction\",\"target\":[\"https:\/\/librairie7l.com\/en\/produit\/made-in-france-une-histoire-du-textile-2\/\"]}]},{\"@type\":\"BreadcrumbList\",\"@id\":\"https:\/\/librairie7l.com\/en\/produit\/made-in-france-une-histoire-du-textile-2\/#breadcrumb\",\"itemListElement\":[{\"@type\":\"ListItem\",\"position\":1,\"name\":\"Accueil\",\"item\":\"https:\/\/librairie7l.com\/en\/\"},{\"@type\":\"ListItem\",\"position\":2,\"name\":\"Shop\",\"item\":\"https:\/\/librairie7l.com\/en\/shop\/\"},{\"@type\":\"ListItem\",\"position\":3,\"name\":\"MADE IN FRANCE : UNE HISTOIRE DU TEXTILE\"}]},{\"@type\":\"WebSite\",\"@id\":\"https:\/\/librairie7l.com\/en\/#website\",\"url\":\"https:\/\/librairie7l.com\/en\/\",\"name\":\"Librairie 7L\",\"description\":\"Librairie fond\u00e9e en 1999 par Karl Lagerfeld \u00e0 Paris\",\"publisher\":{\"@id\":\"https:\/\/librairie7l.com\/en\/#organization\"},\"potentialAction\":[{\"@type\":\"SearchAction\",\"target\":{\"@type\":\"EntryPoint\",\"urlTemplate\":\"https:\/\/librairie7l.com\/en\/?s={search_term_string}\"},\"query-input\":\"required name=search_term_string\"}],\"inLanguage\":\"en-US\"},{\"@type\":\"Organization\",\"@id\":\"https:\/\/librairie7l.com\/en\/#organization\",\"name\":\"Librairie 7L\",\"url\":\"https:\/\/librairie7l.com\/en\/\",\"logo\":{\"@type\":\"ImageObject\",\"inLanguage\":\"en-US\",\"@id\":\"https:\/\/librairie7l.com\/en\/#\/schema\/logo\/image\/\",\"url\":\"https:\/\/librairie7l.com\/wp-content\/uploads\/2022\/08\/logo-1.png\",\"contentUrl\":\"https:\/\/librairie7l.com\/wp-content\/uploads\/2022\/08\/logo-1.png\",\"width\":227,\"height\":301,\"caption\":\"Librairie 7L\"},\"image\":{\"@id\":\"https:\/\/librairie7l.com\/en\/#\/schema\/logo\/image\/\"}}]}<\/script>\n<!-- \/ Yoast SEO plugin. -->","yoast_head_json":{"title":"Made in France : Une histoire du textile - Librairie 7L","robots":{"index":"index","follow":"follow","max-snippet":"max-snippet:-1","max-image-preview":"max-image-preview:large","max-video-preview":"max-video-preview:-1"},"canonical":"https:\/\/librairie7l.com\/en\/produit\/made-in-france-une-histoire-du-textile-2\/","og_locale":"en_US","og_type":"article","og_title":"Made in France : Une histoire du textile - Librairie 7L","og_description":"D\u00e9couvrez l&#8217;histoire de l&#8217;industrie textile fran\u00e7aise du XVIIe si\u00e8cle \u00e0 nos jours. L&#8217;histoire des tissus qui composent nos v\u00eatements passe parfois inaper\u00e7ue. C&#8217;est pourtant celle d&#8217;une aventure industrielle au long cours, qui a marqu\u00e9 de son empreinte le territoire fran\u00e7ais. Aujourd&#8217;hui en pleine crise de conscience environnementale et \u00e9thique, le secteur textile fut tour \u00e0 [&hellip;]","og_url":"https:\/\/librairie7l.com\/en\/produit\/made-in-france-une-histoire-du-textile-2\/","og_site_name":"Librairie 7L","article_modified_time":"2026-04-16T19:31:01+00:00","og_image":[{"width":400,"height":482,"url":"https:\/\/librairie7l.com\/wp-content\/uploads\/2024\/06\/9782749958958_1_75.jpg","type":"image\/jpeg"}],"twitter_card":"summary_large_image","twitter_misc":{"Est. reading time":"1 minute"},"schema":{"@context":"https:\/\/schema.org","@graph":[{"@type":"WebPage","@id":"https:\/\/librairie7l.com\/en\/produit\/made-in-france-une-histoire-du-textile-2\/","url":"https:\/\/librairie7l.com\/en\/produit\/made-in-france-une-histoire-du-textile-2\/","name":"Made in France : Une histoire du textile - Librairie 7L","isPartOf":{"@id":"https:\/\/librairie7l.com\/en\/#website"},"datePublished":"2024-11-17T08:17:59+00:00","dateModified":"2026-04-16T19:31:01+00:00","breadcrumb":{"@id":"https:\/\/librairie7l.com\/en\/produit\/made-in-france-une-histoire-du-textile-2\/#breadcrumb"},"inLanguage":"en-US","potentialAction":[{"@type":"ReadAction","target":["https:\/\/librairie7l.com\/en\/produit\/made-in-france-une-histoire-du-textile-2\/"]}]},{"@type":"BreadcrumbList","@id":"https:\/\/librairie7l.com\/en\/produit\/made-in-france-une-histoire-du-textile-2\/#breadcrumb","itemListElement":[{"@type":"ListItem","position":1,"name":"Accueil","item":"https:\/\/librairie7l.com\/en\/"},{"@type":"ListItem","position":2,"name":"Shop","item":"https:\/\/librairie7l.com\/en\/shop\/"},{"@type":"ListItem","position":3,"name":"MADE IN FRANCE : UNE HISTOIRE DU TEXTILE"}]},{"@type":"WebSite","@id":"https:\/\/librairie7l.com\/en\/#website","url":"https:\/\/librairie7l.com\/en\/","name":"Librairie 7L","description":"Librairie fond\u00e9e en 1999 par Karl Lagerfeld \u00e0 Paris","publisher":{"@id":"https:\/\/librairie7l.com\/en\/#organization"},"potentialAction":[{"@type":"SearchAction","target":{"@type":"EntryPoint","urlTemplate":"https:\/\/librairie7l.com\/en\/?s={search_term_string}"},"query-input":"required name=search_term_string"}],"inLanguage":"en-US"},{"@type":"Organization","@id":"https:\/\/librairie7l.com\/en\/#organization","name":"Librairie 7L","url":"https:\/\/librairie7l.com\/en\/","logo":{"@type":"ImageObject","inLanguage":"en-US","@id":"https:\/\/librairie7l.com\/en\/#\/schema\/logo\/image\/","url":"https:\/\/librairie7l.com\/wp-content\/uploads\/2022\/08\/logo-1.png","contentUrl":"https:\/\/librairie7l.com\/wp-content\/uploads\/2022\/08\/logo-1.png","width":227,"height":301,"caption":"Librairie 7L"},"image":{"@id":"https:\/\/librairie7l.com\/en\/#\/schema\/logo\/image\/"}}]}},"_links":{"self":[{"href":"https:\/\/librairie7l.com\/en\/wp-json\/wp\/v2\/product\/44325"}],"collection":[{"href":"https:\/\/librairie7l.com\/en\/wp-json\/wp\/v2\/product"}],"about":[{"href":"https:\/\/librairie7l.com\/en\/wp-json\/wp\/v2\/types\/product"}],"wp:featuredmedia":[{"embeddable":true,"href":"https:\/\/librairie7l.com\/en\/wp-json\/wp\/v2\/media\/44323"}],"wp:attachment":[{"href":"https:\/\/librairie7l.com\/en\/wp-json\/wp\/v2\/media?parent=44325"}],"wp:term":[{"taxonomy":"product_cat","embeddable":true,"href":"https:\/\/librairie7l.com\/en\/wp-json\/wp\/v2\/product_cat?post=44325"},{"taxonomy":"product_tag","embeddable":true,"href":"https:\/\/librairie7l.com\/en\/wp-json\/wp\/v2\/product_tag?post=44325"}],"curies":[{"name":"wp","href":"https:\/\/api.w.org\/{rel}","templated":true}]}}