{"id":44333,"date":"2024-11-17T15:07:20","date_gmt":"2024-11-17T14:07:20","guid":{"rendered":"https:\/\/librairie7l.com\/?post_type=product&#038;p=44333"},"modified":"2026-04-17T09:06:34","modified_gmt":"2026-04-17T07:06:34","slug":"critique-de-la-raison-pure-2","status":"publish","type":"product","link":"https:\/\/librairie7l.com\/en\/produit\/critique-de-la-raison-pure-2\/","title":{"rendered":"CRITIQUE DE LA RAISON PURE"},"content":{"rendered":"<p>Cath\u00e9drale philosophique, la Critique de la raison pure demeure dans la r\u00e9flexion contemporaine un sommet in\u00e9gal\u00e9. Kant y d\u00e9veloppe la premi\u00e8re d\u00e9construction syst\u00e9matique de la m\u00e9taphysique sp\u00e9culative. Pourtant, parce que son oeuvre majeure fonde aussi la perspective d&#8217;un usage l\u00e9gitime de la raison apr\u00e8s sa critique, les exigences intrins\u00e8ques de la rationalit\u00e9 y conservent un sens pour une humanit\u00e9 reconduite \u00e0 l&#8217;\u00e9preuve de sa condition. Ainsi la d\u00e9marche kantienne se d\u00e9marque-t-elle des critiques antirationalistes du discours rationnel. La Critique de la raison pure ouvre la voie, non \u00e0 une destruction p\u00e9rilleuse de la raison, mais \u00e0 sa transformation postm\u00e9taphysique. En ce sens, elle continue d&#8217;offrir \u00e0 la modernit\u00e9 philosophique un autre destin que celui qui la conduisait vers l&#8217;affrontement st\u00e9rile de la sp\u00e9culation et de sa simple d\u00e9n\u00e9gation.<\/p>\n","protected":false},"excerpt":{"rendered":"<p>Cath\u00e9drale philosophique, la Critique de la raison pure demeure dans la r\u00e9flexion contemporaine un sommet in\u00e9gal\u00e9. Kant y d\u00e9veloppe la premi\u00e8re d\u00e9construction syst\u00e9matique de la m\u00e9taphysique sp\u00e9culative. Pourtant, parce que son oeuvre majeure fonde aussi la perspective d&#8217;un usage l\u00e9gitime de la raison apr\u00e8s sa critique, les exigences intrins\u00e8ques de la rationalit\u00e9 y conservent un [&hellip;]<\/p>\n","protected":false},"featured_media":44331,"template":"","meta":[],"product_cat":[7364,2948],"product_tag":[],"acf":[],"yoast_head":"<!-- This site is optimized with the Yoast SEO plugin v20.11 - https:\/\/yoast.com\/wordpress\/plugins\/seo\/ -->\n<title>Critique de la raison pure - Librairie 7L<\/title>\n<meta name=\"robots\" content=\"index, follow, max-snippet:-1, max-image-preview:large, max-video-preview:-1\" \/>\n<link rel=\"canonical\" href=\"https:\/\/librairie7l.com\/en\/produit\/critique-de-la-raison-pure-2\/\" \/>\n<meta property=\"og:locale\" content=\"en_US\" \/>\n<meta property=\"og:type\" content=\"article\" \/>\n<meta property=\"og:title\" content=\"Critique de la raison pure - Librairie 7L\" \/>\n<meta property=\"og:description\" content=\"Cath\u00e9drale philosophique, la Critique de la raison pure demeure dans la r\u00e9flexion contemporaine un sommet in\u00e9gal\u00e9. Kant y d\u00e9veloppe la premi\u00e8re d\u00e9construction syst\u00e9matique de la m\u00e9taphysique sp\u00e9culative. Pourtant, parce que son oeuvre majeure fonde aussi la perspective d&#8217;un usage l\u00e9gitime de la raison apr\u00e8s sa critique, les exigences intrins\u00e8ques de la rationalit\u00e9 y conservent un [&hellip;]\" \/>\n<meta property=\"og:url\" content=\"https:\/\/librairie7l.com\/en\/produit\/critique-de-la-raison-pure-2\/\" \/>\n<meta property=\"og:site_name\" content=\"Librairie 7L\" \/>\n<meta property=\"article:modified_time\" content=\"2026-04-17T07:06:34+00:00\" \/>\n<meta property=\"og:image\" content=\"https:\/\/librairie7l.com\/wp-content\/uploads\/2021\/06\/9782081216181_1_75.jpg\" \/>\n\t<meta property=\"og:image:width\" content=\"600\" \/>\n\t<meta property=\"og:image:height\" content=\"988\" \/>\n\t<meta property=\"og:image:type\" content=\"image\/jpeg\" \/>\n<meta name=\"twitter:card\" content=\"summary_large_image\" \/>\n<meta name=\"twitter:label1\" content=\"Est. reading time\" \/>\n\t<meta name=\"twitter:data1\" content=\"1 minute\" \/>\n<script type=\"application\/ld+json\" class=\"yoast-schema-graph\">{\"@context\":\"https:\/\/schema.org\",\"@graph\":[{\"@type\":\"WebPage\",\"@id\":\"https:\/\/librairie7l.com\/en\/produit\/critique-de-la-raison-pure-2\/\",\"url\":\"https:\/\/librairie7l.com\/en\/produit\/critique-de-la-raison-pure-2\/\",\"name\":\"Critique de la raison pure - Librairie 7L\",\"isPartOf\":{\"@id\":\"https:\/\/librairie7l.com\/en\/#website\"},\"datePublished\":\"2024-11-17T14:07:20+00:00\",\"dateModified\":\"2026-04-17T07:06:34+00:00\",\"breadcrumb\":{\"@id\":\"https:\/\/librairie7l.com\/en\/produit\/critique-de-la-raison-pure-2\/#breadcrumb\"},\"inLanguage\":\"en-US\",\"potentialAction\":[{\"@type\":\"ReadAction\",\"target\":[\"https:\/\/librairie7l.com\/en\/produit\/critique-de-la-raison-pure-2\/\"]}]},{\"@type\":\"BreadcrumbList\",\"@id\":\"https:\/\/librairie7l.com\/en\/produit\/critique-de-la-raison-pure-2\/#breadcrumb\",\"itemListElement\":[{\"@type\":\"ListItem\",\"position\":1,\"name\":\"Accueil\",\"item\":\"https:\/\/librairie7l.com\/en\/\"},{\"@type\":\"ListItem\",\"position\":2,\"name\":\"Shop\",\"item\":\"https:\/\/librairie7l.com\/en\/shop\/\"},{\"@type\":\"ListItem\",\"position\":3,\"name\":\"CRITIQUE DE LA RAISON PURE\"}]},{\"@type\":\"WebSite\",\"@id\":\"https:\/\/librairie7l.com\/en\/#website\",\"url\":\"https:\/\/librairie7l.com\/en\/\",\"name\":\"Librairie 7L\",\"description\":\"Librairie fond\u00e9e en 1999 par Karl Lagerfeld \u00e0 Paris\",\"publisher\":{\"@id\":\"https:\/\/librairie7l.com\/en\/#organization\"},\"potentialAction\":[{\"@type\":\"SearchAction\",\"target\":{\"@type\":\"EntryPoint\",\"urlTemplate\":\"https:\/\/librairie7l.com\/en\/?s={search_term_string}\"},\"query-input\":\"required name=search_term_string\"}],\"inLanguage\":\"en-US\"},{\"@type\":\"Organization\",\"@id\":\"https:\/\/librairie7l.com\/en\/#organization\",\"name\":\"Librairie 7L\",\"url\":\"https:\/\/librairie7l.com\/en\/\",\"logo\":{\"@type\":\"ImageObject\",\"inLanguage\":\"en-US\",\"@id\":\"https:\/\/librairie7l.com\/en\/#\/schema\/logo\/image\/\",\"url\":\"https:\/\/librairie7l.com\/wp-content\/uploads\/2022\/08\/logo-1.png\",\"contentUrl\":\"https:\/\/librairie7l.com\/wp-content\/uploads\/2022\/08\/logo-1.png\",\"width\":227,\"height\":301,\"caption\":\"Librairie 7L\"},\"image\":{\"@id\":\"https:\/\/librairie7l.com\/en\/#\/schema\/logo\/image\/\"}}]}<\/script>\n<!-- \/ Yoast SEO plugin. -->","yoast_head_json":{"title":"Critique de la raison pure - Librairie 7L","robots":{"index":"index","follow":"follow","max-snippet":"max-snippet:-1","max-image-preview":"max-image-preview:large","max-video-preview":"max-video-preview:-1"},"canonical":"https:\/\/librairie7l.com\/en\/produit\/critique-de-la-raison-pure-2\/","og_locale":"en_US","og_type":"article","og_title":"Critique de la raison pure - Librairie 7L","og_description":"Cath\u00e9drale philosophique, la Critique de la raison pure demeure dans la r\u00e9flexion contemporaine un sommet in\u00e9gal\u00e9. Kant y d\u00e9veloppe la premi\u00e8re d\u00e9construction syst\u00e9matique de la m\u00e9taphysique sp\u00e9culative. Pourtant, parce que son oeuvre majeure fonde aussi la perspective d&#8217;un usage l\u00e9gitime de la raison apr\u00e8s sa critique, les exigences intrins\u00e8ques de la rationalit\u00e9 y conservent un [&hellip;]","og_url":"https:\/\/librairie7l.com\/en\/produit\/critique-de-la-raison-pure-2\/","og_site_name":"Librairie 7L","article_modified_time":"2026-04-17T07:06:34+00:00","og_image":[{"width":600,"height":988,"url":"https:\/\/librairie7l.com\/wp-content\/uploads\/2021\/06\/9782081216181_1_75.jpg","type":"image\/jpeg"}],"twitter_card":"summary_large_image","twitter_misc":{"Est. reading time":"1 minute"},"schema":{"@context":"https:\/\/schema.org","@graph":[{"@type":"WebPage","@id":"https:\/\/librairie7l.com\/en\/produit\/critique-de-la-raison-pure-2\/","url":"https:\/\/librairie7l.com\/en\/produit\/critique-de-la-raison-pure-2\/","name":"Critique de la raison pure - Librairie 7L","isPartOf":{"@id":"https:\/\/librairie7l.com\/en\/#website"},"datePublished":"2024-11-17T14:07:20+00:00","dateModified":"2026-04-17T07:06:34+00:00","breadcrumb":{"@id":"https:\/\/librairie7l.com\/en\/produit\/critique-de-la-raison-pure-2\/#breadcrumb"},"inLanguage":"en-US","potentialAction":[{"@type":"ReadAction","target":["https:\/\/librairie7l.com\/en\/produit\/critique-de-la-raison-pure-2\/"]}]},{"@type":"BreadcrumbList","@id":"https:\/\/librairie7l.com\/en\/produit\/critique-de-la-raison-pure-2\/#breadcrumb","itemListElement":[{"@type":"ListItem","position":1,"name":"Accueil","item":"https:\/\/librairie7l.com\/en\/"},{"@type":"ListItem","position":2,"name":"Shop","item":"https:\/\/librairie7l.com\/en\/shop\/"},{"@type":"ListItem","position":3,"name":"CRITIQUE DE LA RAISON PURE"}]},{"@type":"WebSite","@id":"https:\/\/librairie7l.com\/en\/#website","url":"https:\/\/librairie7l.com\/en\/","name":"Librairie 7L","description":"Librairie fond\u00e9e en 1999 par Karl Lagerfeld \u00e0 Paris","publisher":{"@id":"https:\/\/librairie7l.com\/en\/#organization"},"potentialAction":[{"@type":"SearchAction","target":{"@type":"EntryPoint","urlTemplate":"https:\/\/librairie7l.com\/en\/?s={search_term_string}"},"query-input":"required name=search_term_string"}],"inLanguage":"en-US"},{"@type":"Organization","@id":"https:\/\/librairie7l.com\/en\/#organization","name":"Librairie 7L","url":"https:\/\/librairie7l.com\/en\/","logo":{"@type":"ImageObject","inLanguage":"en-US","@id":"https:\/\/librairie7l.com\/en\/#\/schema\/logo\/image\/","url":"https:\/\/librairie7l.com\/wp-content\/uploads\/2022\/08\/logo-1.png","contentUrl":"https:\/\/librairie7l.com\/wp-content\/uploads\/2022\/08\/logo-1.png","width":227,"height":301,"caption":"Librairie 7L"},"image":{"@id":"https:\/\/librairie7l.com\/en\/#\/schema\/logo\/image\/"}}]}},"_links":{"self":[{"href":"https:\/\/librairie7l.com\/en\/wp-json\/wp\/v2\/product\/44333"}],"collection":[{"href":"https:\/\/librairie7l.com\/en\/wp-json\/wp\/v2\/product"}],"about":[{"href":"https:\/\/librairie7l.com\/en\/wp-json\/wp\/v2\/types\/product"}],"wp:featuredmedia":[{"embeddable":true,"href":"https:\/\/librairie7l.com\/en\/wp-json\/wp\/v2\/media\/44331"}],"wp:attachment":[{"href":"https:\/\/librairie7l.com\/en\/wp-json\/wp\/v2\/media?parent=44333"}],"wp:term":[{"taxonomy":"product_cat","embeddable":true,"href":"https:\/\/librairie7l.com\/en\/wp-json\/wp\/v2\/product_cat?post=44333"},{"taxonomy":"product_tag","embeddable":true,"href":"https:\/\/librairie7l.com\/en\/wp-json\/wp\/v2\/product_tag?post=44333"}],"curies":[{"name":"wp","href":"https:\/\/api.w.org\/{rel}","templated":true}]}}