{"id":44354,"date":"2024-11-20T09:17:58","date_gmt":"2024-11-20T08:17:58","guid":{"rendered":"https:\/\/librairie7l.com\/?post_type=product&#038;p=44354"},"modified":"2026-05-03T11:34:14","modified_gmt":"2026-05-03T09:34:14","slug":"colorissima-diners-en-couleurs-2","status":"publish","type":"product","link":"https:\/\/librairie7l.com\/en\/produit\/colorissima-diners-en-couleurs-2\/","title":{"rendered":"COLORISSIMA : D\u00ceNERS EN COULEURS"},"content":{"rendered":"<p>Plongez dans l&#8217;univers color\u00e9 de Caroline de Benoist<br \/>\nCe livre a \u00e9t\u00e9 imagin\u00e9 pour faire rayonner quatre couleurs aussi bien sur votre table que dans vos assiettes : le rose, le jaune-orang\u00e9, le vert et le bleu-violet. Chaque chapitre vous invite \u00e0 imaginer vos d\u00e9cors et ambiances sur le th\u00e8me de la couleur de votre choix pour un d\u00eener fabuleux. Un tout dernier chapitre &#8220;multicolore&#8221; vous permettra d&#8217;explorer une palette presqu&#8217;infinie de couleurs pour laisser libre cours \u00e0 votre cr\u00e9ativit\u00e9.<\/p>\n<p>Au fil des pages, 40 recettes color\u00e9es prennent vie dans une mise en sc\u00e8ne po\u00e9tique et singuli\u00e8re, pour combler les yeux et papilles de vos h\u00f4tes.<\/p>\n<p>Amoureuse de l&#8217;univers de la table, Caroline de Benoist d\u00e9veloppe, depuis plusieurs ann\u00e9es, une collection de c\u00e9ramiques peintes \u00e0 la main et de linge de table cr\u00e9\u00e9s artisanalement en Inde. Cette color-addict associe la couleur au bonheur et son univers est le reflet de sa vision de la vie : des couleurs denses et intenses, des motifs g\u00e9n\u00e9reux qui s&#8217;entrechoquent avec harmonie et raffinement pour cr\u00e9er une atmosph\u00e8re unique, spectaculaire et enchant\u00e9e.<\/p>\n<p>Vive Colorissima !<\/p>\n","protected":false},"excerpt":{"rendered":"<p>Plongez dans l&#8217;univers color\u00e9 de Caroline de Benoist Ce livre a \u00e9t\u00e9 imagin\u00e9 pour faire rayonner quatre couleurs aussi bien sur votre table que dans vos assiettes : le rose, le jaune-orang\u00e9, le vert et le bleu-violet. Chaque chapitre vous invite \u00e0 imaginer vos d\u00e9cors et ambiances sur le th\u00e8me de la couleur de votre [&hellip;]<\/p>\n","protected":false},"featured_media":44352,"template":"","meta":[],"product_cat":[2948],"product_tag":[],"acf":[],"yoast_head":"<!-- This site is optimized with the Yoast SEO plugin v20.11 - https:\/\/yoast.com\/wordpress\/plugins\/seo\/ -->\n<title>Colorissima : D\u00eeners en couleurs - Librairie 7L<\/title>\n<meta name=\"robots\" content=\"index, follow, max-snippet:-1, max-image-preview:large, max-video-preview:-1\" \/>\n<link rel=\"canonical\" href=\"https:\/\/librairie7l.com\/en\/produit\/colorissima-diners-en-couleurs-2\/\" \/>\n<meta property=\"og:locale\" content=\"en_US\" \/>\n<meta property=\"og:type\" content=\"article\" \/>\n<meta property=\"og:title\" content=\"Colorissima : D\u00eeners en couleurs - Librairie 7L\" \/>\n<meta property=\"og:description\" content=\"Plongez dans l&#8217;univers color\u00e9 de Caroline de Benoist Ce livre a \u00e9t\u00e9 imagin\u00e9 pour faire rayonner quatre couleurs aussi bien sur votre table que dans vos assiettes : le rose, le jaune-orang\u00e9, le vert et le bleu-violet. Chaque chapitre vous invite \u00e0 imaginer vos d\u00e9cors et ambiances sur le th\u00e8me de la couleur de votre [&hellip;]\" \/>\n<meta property=\"og:url\" content=\"https:\/\/librairie7l.com\/en\/produit\/colorissima-diners-en-couleurs-2\/\" \/>\n<meta property=\"og:site_name\" content=\"Librairie 7L\" \/>\n<meta property=\"article:modified_time\" content=\"2026-05-03T09:34:14+00:00\" \/>\n<meta property=\"og:image\" content=\"https:\/\/librairie7l.com\/wp-content\/uploads\/2024\/05\/9782017892632_1_75.jpg\" \/>\n\t<meta property=\"og:image:width\" content=\"600\" \/>\n\t<meta property=\"og:image:height\" content=\"761\" \/>\n\t<meta property=\"og:image:type\" content=\"image\/jpeg\" \/>\n<meta name=\"twitter:card\" content=\"summary_large_image\" \/>\n<meta name=\"twitter:label1\" content=\"Est. reading time\" \/>\n\t<meta name=\"twitter:data1\" content=\"1 minute\" \/>\n<script type=\"application\/ld+json\" class=\"yoast-schema-graph\">{\"@context\":\"https:\/\/schema.org\",\"@graph\":[{\"@type\":\"WebPage\",\"@id\":\"https:\/\/librairie7l.com\/en\/produit\/colorissima-diners-en-couleurs-2\/\",\"url\":\"https:\/\/librairie7l.com\/en\/produit\/colorissima-diners-en-couleurs-2\/\",\"name\":\"Colorissima : D\u00eeners en couleurs - Librairie 7L\",\"isPartOf\":{\"@id\":\"https:\/\/librairie7l.com\/en\/#website\"},\"datePublished\":\"2024-11-20T08:17:58+00:00\",\"dateModified\":\"2026-05-03T09:34:14+00:00\",\"breadcrumb\":{\"@id\":\"https:\/\/librairie7l.com\/en\/produit\/colorissima-diners-en-couleurs-2\/#breadcrumb\"},\"inLanguage\":\"en-US\",\"potentialAction\":[{\"@type\":\"ReadAction\",\"target\":[\"https:\/\/librairie7l.com\/en\/produit\/colorissima-diners-en-couleurs-2\/\"]}]},{\"@type\":\"BreadcrumbList\",\"@id\":\"https:\/\/librairie7l.com\/en\/produit\/colorissima-diners-en-couleurs-2\/#breadcrumb\",\"itemListElement\":[{\"@type\":\"ListItem\",\"position\":1,\"name\":\"Accueil\",\"item\":\"https:\/\/librairie7l.com\/en\/\"},{\"@type\":\"ListItem\",\"position\":2,\"name\":\"Shop\",\"item\":\"https:\/\/librairie7l.com\/en\/shop\/\"},{\"@type\":\"ListItem\",\"position\":3,\"name\":\"COLORISSIMA : D\u00ceNERS EN COULEURS\"}]},{\"@type\":\"WebSite\",\"@id\":\"https:\/\/librairie7l.com\/en\/#website\",\"url\":\"https:\/\/librairie7l.com\/en\/\",\"name\":\"Librairie 7L\",\"description\":\"Librairie fond\u00e9e en 1999 par Karl Lagerfeld \u00e0 Paris\",\"publisher\":{\"@id\":\"https:\/\/librairie7l.com\/en\/#organization\"},\"potentialAction\":[{\"@type\":\"SearchAction\",\"target\":{\"@type\":\"EntryPoint\",\"urlTemplate\":\"https:\/\/librairie7l.com\/en\/?s={search_term_string}\"},\"query-input\":\"required name=search_term_string\"}],\"inLanguage\":\"en-US\"},{\"@type\":\"Organization\",\"@id\":\"https:\/\/librairie7l.com\/en\/#organization\",\"name\":\"Librairie 7L\",\"url\":\"https:\/\/librairie7l.com\/en\/\",\"logo\":{\"@type\":\"ImageObject\",\"inLanguage\":\"en-US\",\"@id\":\"https:\/\/librairie7l.com\/en\/#\/schema\/logo\/image\/\",\"url\":\"https:\/\/librairie7l.com\/wp-content\/uploads\/2022\/08\/logo-1.png\",\"contentUrl\":\"https:\/\/librairie7l.com\/wp-content\/uploads\/2022\/08\/logo-1.png\",\"width\":227,\"height\":301,\"caption\":\"Librairie 7L\"},\"image\":{\"@id\":\"https:\/\/librairie7l.com\/en\/#\/schema\/logo\/image\/\"}}]}<\/script>\n<!-- \/ Yoast SEO plugin. -->","yoast_head_json":{"title":"Colorissima : D\u00eeners en couleurs - Librairie 7L","robots":{"index":"index","follow":"follow","max-snippet":"max-snippet:-1","max-image-preview":"max-image-preview:large","max-video-preview":"max-video-preview:-1"},"canonical":"https:\/\/librairie7l.com\/en\/produit\/colorissima-diners-en-couleurs-2\/","og_locale":"en_US","og_type":"article","og_title":"Colorissima : D\u00eeners en couleurs - Librairie 7L","og_description":"Plongez dans l&#8217;univers color\u00e9 de Caroline de Benoist Ce livre a \u00e9t\u00e9 imagin\u00e9 pour faire rayonner quatre couleurs aussi bien sur votre table que dans vos assiettes : le rose, le jaune-orang\u00e9, le vert et le bleu-violet. Chaque chapitre vous invite \u00e0 imaginer vos d\u00e9cors et ambiances sur le th\u00e8me de la couleur de votre [&hellip;]","og_url":"https:\/\/librairie7l.com\/en\/produit\/colorissima-diners-en-couleurs-2\/","og_site_name":"Librairie 7L","article_modified_time":"2026-05-03T09:34:14+00:00","og_image":[{"width":600,"height":761,"url":"https:\/\/librairie7l.com\/wp-content\/uploads\/2024\/05\/9782017892632_1_75.jpg","type":"image\/jpeg"}],"twitter_card":"summary_large_image","twitter_misc":{"Est. reading time":"1 minute"},"schema":{"@context":"https:\/\/schema.org","@graph":[{"@type":"WebPage","@id":"https:\/\/librairie7l.com\/en\/produit\/colorissima-diners-en-couleurs-2\/","url":"https:\/\/librairie7l.com\/en\/produit\/colorissima-diners-en-couleurs-2\/","name":"Colorissima : D\u00eeners en couleurs - Librairie 7L","isPartOf":{"@id":"https:\/\/librairie7l.com\/en\/#website"},"datePublished":"2024-11-20T08:17:58+00:00","dateModified":"2026-05-03T09:34:14+00:00","breadcrumb":{"@id":"https:\/\/librairie7l.com\/en\/produit\/colorissima-diners-en-couleurs-2\/#breadcrumb"},"inLanguage":"en-US","potentialAction":[{"@type":"ReadAction","target":["https:\/\/librairie7l.com\/en\/produit\/colorissima-diners-en-couleurs-2\/"]}]},{"@type":"BreadcrumbList","@id":"https:\/\/librairie7l.com\/en\/produit\/colorissima-diners-en-couleurs-2\/#breadcrumb","itemListElement":[{"@type":"ListItem","position":1,"name":"Accueil","item":"https:\/\/librairie7l.com\/en\/"},{"@type":"ListItem","position":2,"name":"Shop","item":"https:\/\/librairie7l.com\/en\/shop\/"},{"@type":"ListItem","position":3,"name":"COLORISSIMA : D\u00ceNERS EN COULEURS"}]},{"@type":"WebSite","@id":"https:\/\/librairie7l.com\/en\/#website","url":"https:\/\/librairie7l.com\/en\/","name":"Librairie 7L","description":"Librairie fond\u00e9e en 1999 par Karl Lagerfeld \u00e0 Paris","publisher":{"@id":"https:\/\/librairie7l.com\/en\/#organization"},"potentialAction":[{"@type":"SearchAction","target":{"@type":"EntryPoint","urlTemplate":"https:\/\/librairie7l.com\/en\/?s={search_term_string}"},"query-input":"required name=search_term_string"}],"inLanguage":"en-US"},{"@type":"Organization","@id":"https:\/\/librairie7l.com\/en\/#organization","name":"Librairie 7L","url":"https:\/\/librairie7l.com\/en\/","logo":{"@type":"ImageObject","inLanguage":"en-US","@id":"https:\/\/librairie7l.com\/en\/#\/schema\/logo\/image\/","url":"https:\/\/librairie7l.com\/wp-content\/uploads\/2022\/08\/logo-1.png","contentUrl":"https:\/\/librairie7l.com\/wp-content\/uploads\/2022\/08\/logo-1.png","width":227,"height":301,"caption":"Librairie 7L"},"image":{"@id":"https:\/\/librairie7l.com\/en\/#\/schema\/logo\/image\/"}}]}},"_links":{"self":[{"href":"https:\/\/librairie7l.com\/en\/wp-json\/wp\/v2\/product\/44354"}],"collection":[{"href":"https:\/\/librairie7l.com\/en\/wp-json\/wp\/v2\/product"}],"about":[{"href":"https:\/\/librairie7l.com\/en\/wp-json\/wp\/v2\/types\/product"}],"wp:featuredmedia":[{"embeddable":true,"href":"https:\/\/librairie7l.com\/en\/wp-json\/wp\/v2\/media\/44352"}],"wp:attachment":[{"href":"https:\/\/librairie7l.com\/en\/wp-json\/wp\/v2\/media?parent=44354"}],"wp:term":[{"taxonomy":"product_cat","embeddable":true,"href":"https:\/\/librairie7l.com\/en\/wp-json\/wp\/v2\/product_cat?post=44354"},{"taxonomy":"product_tag","embeddable":true,"href":"https:\/\/librairie7l.com\/en\/wp-json\/wp\/v2\/product_tag?post=44354"}],"curies":[{"name":"wp","href":"https:\/\/api.w.org\/{rel}","templated":true}]}}