{"id":44380,"date":"2024-11-21T09:17:45","date_gmt":"2024-11-21T08:17:45","guid":{"rendered":"https:\/\/librairie7l.com\/?post_type=product&#038;p=44380"},"modified":"2026-04-17T12:38:53","modified_gmt":"2026-04-17T10:38:53","slug":"cristina-de-middel-journey-to-the-center-2","status":"publish","type":"product","link":"https:\/\/librairie7l.com\/en\/produit\/cristina-de-middel-journey-to-the-center-2\/","title":{"rendered":"CRISTINA DE MIDDEL JOURNEY TO THE CENTER"},"content":{"rendered":"<p>Cristina de Middel ofrece im\u00e1genes que incitan a la reflexi\u00f3n. Su ensayo fotogr\u00e1fico &#8220;Journey to the Center&#8221; investiga fen\u00f3menos relacionados con la ruta migratoria a trav\u00e9s de M\u00e9xico, tiene una atm\u00f3sfera y un simbolismo inspirados en la famosa novela de Julio Verne &#8220;Viaje al centro de la Tierra&#8221;.<\/p>\n<p>Con un lenguaje que combina la fotograf\u00eda documental con im\u00e1genes elaboradas y material de archivo, la narraci\u00f3n adquiere m\u00faltiples capas.<\/p>\n<p>La ruta migratoria a trav\u00e9s de Centroam\u00e9rica se retrata como un viaje heroico y audaz. M\u00e9xico, escenario de esta aventura, se presenta como el pa\u00eds fascinante y extremo que es.<\/p>\n<p>Cuenta con una exposici\u00f3n en Rencontres d&#8217;Arles 2024 y la imagen del cartel oficial de Arles 2024:<\/p>\n<p>https:\/\/www.rencontres-arles.com\/en\/expositions\/view\/1528\/cristina-de-middel<\/p>\n<p>Cristina de Middel lleva a\u00f1os viajando con migrantes en el tren que ellos llaman &#8220;la bestia&#8221;, entrevistando a sicarios, hablando durante horas con &#8220;coyotes&#8221; (contrabandistas clandestinos) y polic\u00edas. Combinando sus propias fotograf\u00edas con objetos encontrados en el desierto e im\u00e1genes de archivo, crea una narraci\u00f3n de m\u00faltiples capas.<\/p>\n<p>El punto de partida es Tapachula, la frontera sur de M\u00e9xico con Guatemala, y el viaje termina en Felicity, una peque\u00f1a ciudad de California que es oficialmente el &#8220;Centro del Mundo&#8221;. Este \u00e9pico viaje est\u00e1 salpicado por los relatos de tres emigrantes que cuentan su terrible periplo con los comentarios del artista. Un ep\u00edlogo del periodista mexicano Pedro Anza ilustra los problemas y las consecuencias humanas de la obsesi\u00f3n de Estados Unidos por cerrar sus fronteras.<\/p>\n","protected":false},"excerpt":{"rendered":"<p>Cristina de Middel ofrece im\u00e1genes que incitan a la reflexi\u00f3n. Su ensayo fotogr\u00e1fico &#8220;Journey to the Center&#8221; investiga fen\u00f3menos relacionados con la ruta migratoria a trav\u00e9s de M\u00e9xico, tiene una atm\u00f3sfera y un simbolismo inspirados en la famosa novela de Julio Verne &#8220;Viaje al centro de la Tierra&#8221;. Con un lenguaje que combina la fotograf\u00eda [&hellip;]<\/p>\n","protected":false},"featured_media":44378,"template":"","meta":[],"product_cat":[2948,2958],"product_tag":[],"acf":[],"yoast_head":"<!-- This site is optimized with the Yoast SEO plugin v20.11 - https:\/\/yoast.com\/wordpress\/plugins\/seo\/ -->\n<title>Cristina de Middel journey to the center - Librairie 7L<\/title>\n<meta name=\"robots\" content=\"index, follow, max-snippet:-1, max-image-preview:large, max-video-preview:-1\" \/>\n<link rel=\"canonical\" href=\"https:\/\/librairie7l.com\/en\/produit\/cristina-de-middel-journey-to-the-center-2\/\" \/>\n<meta property=\"og:locale\" content=\"en_US\" \/>\n<meta property=\"og:type\" content=\"article\" \/>\n<meta property=\"og:title\" content=\"Cristina de Middel journey to the center - Librairie 7L\" \/>\n<meta property=\"og:description\" content=\"Cristina de Middel ofrece im\u00e1genes que incitan a la reflexi\u00f3n. Su ensayo fotogr\u00e1fico &#8220;Journey to the Center&#8221; investiga fen\u00f3menos relacionados con la ruta migratoria a trav\u00e9s de M\u00e9xico, tiene una atm\u00f3sfera y un simbolismo inspirados en la famosa novela de Julio Verne &#8220;Viaje al centro de la Tierra&#8221;. Con un lenguaje que combina la fotograf\u00eda [&hellip;]\" \/>\n<meta property=\"og:url\" content=\"https:\/\/librairie7l.com\/en\/produit\/cristina-de-middel-journey-to-the-center-2\/\" \/>\n<meta property=\"og:site_name\" content=\"Librairie 7L\" \/>\n<meta property=\"article:modified_time\" content=\"2026-04-17T10:38:53+00:00\" \/>\n<meta property=\"og:image\" content=\"https:\/\/librairie7l.com\/wp-content\/uploads\/2024\/04\/9788410290006_1_75.jpg\" \/>\n\t<meta property=\"og:image:width\" content=\"600\" \/>\n\t<meta property=\"og:image:height\" content=\"901\" \/>\n\t<meta property=\"og:image:type\" content=\"image\/jpeg\" \/>\n<meta name=\"twitter:card\" content=\"summary_large_image\" \/>\n<meta name=\"twitter:label1\" content=\"Est. reading time\" \/>\n\t<meta name=\"twitter:data1\" content=\"1 minute\" \/>\n<script type=\"application\/ld+json\" class=\"yoast-schema-graph\">{\"@context\":\"https:\/\/schema.org\",\"@graph\":[{\"@type\":\"WebPage\",\"@id\":\"https:\/\/librairie7l.com\/en\/produit\/cristina-de-middel-journey-to-the-center-2\/\",\"url\":\"https:\/\/librairie7l.com\/en\/produit\/cristina-de-middel-journey-to-the-center-2\/\",\"name\":\"Cristina de Middel journey to the center - Librairie 7L\",\"isPartOf\":{\"@id\":\"https:\/\/librairie7l.com\/en\/#website\"},\"datePublished\":\"2024-11-21T08:17:45+00:00\",\"dateModified\":\"2026-04-17T10:38:53+00:00\",\"breadcrumb\":{\"@id\":\"https:\/\/librairie7l.com\/en\/produit\/cristina-de-middel-journey-to-the-center-2\/#breadcrumb\"},\"inLanguage\":\"en-US\",\"potentialAction\":[{\"@type\":\"ReadAction\",\"target\":[\"https:\/\/librairie7l.com\/en\/produit\/cristina-de-middel-journey-to-the-center-2\/\"]}]},{\"@type\":\"BreadcrumbList\",\"@id\":\"https:\/\/librairie7l.com\/en\/produit\/cristina-de-middel-journey-to-the-center-2\/#breadcrumb\",\"itemListElement\":[{\"@type\":\"ListItem\",\"position\":1,\"name\":\"Accueil\",\"item\":\"https:\/\/librairie7l.com\/en\/\"},{\"@type\":\"ListItem\",\"position\":2,\"name\":\"Shop\",\"item\":\"https:\/\/librairie7l.com\/en\/shop\/\"},{\"@type\":\"ListItem\",\"position\":3,\"name\":\"CRISTINA DE MIDDEL JOURNEY TO THE CENTER\"}]},{\"@type\":\"WebSite\",\"@id\":\"https:\/\/librairie7l.com\/en\/#website\",\"url\":\"https:\/\/librairie7l.com\/en\/\",\"name\":\"Librairie 7L\",\"description\":\"Librairie fond\u00e9e en 1999 par Karl Lagerfeld \u00e0 Paris\",\"publisher\":{\"@id\":\"https:\/\/librairie7l.com\/en\/#organization\"},\"potentialAction\":[{\"@type\":\"SearchAction\",\"target\":{\"@type\":\"EntryPoint\",\"urlTemplate\":\"https:\/\/librairie7l.com\/en\/?s={search_term_string}\"},\"query-input\":\"required name=search_term_string\"}],\"inLanguage\":\"en-US\"},{\"@type\":\"Organization\",\"@id\":\"https:\/\/librairie7l.com\/en\/#organization\",\"name\":\"Librairie 7L\",\"url\":\"https:\/\/librairie7l.com\/en\/\",\"logo\":{\"@type\":\"ImageObject\",\"inLanguage\":\"en-US\",\"@id\":\"https:\/\/librairie7l.com\/en\/#\/schema\/logo\/image\/\",\"url\":\"https:\/\/librairie7l.com\/wp-content\/uploads\/2022\/08\/logo-1.png\",\"contentUrl\":\"https:\/\/librairie7l.com\/wp-content\/uploads\/2022\/08\/logo-1.png\",\"width\":227,\"height\":301,\"caption\":\"Librairie 7L\"},\"image\":{\"@id\":\"https:\/\/librairie7l.com\/en\/#\/schema\/logo\/image\/\"}}]}<\/script>\n<!-- \/ Yoast SEO plugin. -->","yoast_head_json":{"title":"Cristina de Middel journey to the center - Librairie 7L","robots":{"index":"index","follow":"follow","max-snippet":"max-snippet:-1","max-image-preview":"max-image-preview:large","max-video-preview":"max-video-preview:-1"},"canonical":"https:\/\/librairie7l.com\/en\/produit\/cristina-de-middel-journey-to-the-center-2\/","og_locale":"en_US","og_type":"article","og_title":"Cristina de Middel journey to the center - Librairie 7L","og_description":"Cristina de Middel ofrece im\u00e1genes que incitan a la reflexi\u00f3n. Su ensayo fotogr\u00e1fico &#8220;Journey to the Center&#8221; investiga fen\u00f3menos relacionados con la ruta migratoria a trav\u00e9s de M\u00e9xico, tiene una atm\u00f3sfera y un simbolismo inspirados en la famosa novela de Julio Verne &#8220;Viaje al centro de la Tierra&#8221;. Con un lenguaje que combina la fotograf\u00eda [&hellip;]","og_url":"https:\/\/librairie7l.com\/en\/produit\/cristina-de-middel-journey-to-the-center-2\/","og_site_name":"Librairie 7L","article_modified_time":"2026-04-17T10:38:53+00:00","og_image":[{"width":600,"height":901,"url":"https:\/\/librairie7l.com\/wp-content\/uploads\/2024\/04\/9788410290006_1_75.jpg","type":"image\/jpeg"}],"twitter_card":"summary_large_image","twitter_misc":{"Est. reading time":"1 minute"},"schema":{"@context":"https:\/\/schema.org","@graph":[{"@type":"WebPage","@id":"https:\/\/librairie7l.com\/en\/produit\/cristina-de-middel-journey-to-the-center-2\/","url":"https:\/\/librairie7l.com\/en\/produit\/cristina-de-middel-journey-to-the-center-2\/","name":"Cristina de Middel journey to the center - Librairie 7L","isPartOf":{"@id":"https:\/\/librairie7l.com\/en\/#website"},"datePublished":"2024-11-21T08:17:45+00:00","dateModified":"2026-04-17T10:38:53+00:00","breadcrumb":{"@id":"https:\/\/librairie7l.com\/en\/produit\/cristina-de-middel-journey-to-the-center-2\/#breadcrumb"},"inLanguage":"en-US","potentialAction":[{"@type":"ReadAction","target":["https:\/\/librairie7l.com\/en\/produit\/cristina-de-middel-journey-to-the-center-2\/"]}]},{"@type":"BreadcrumbList","@id":"https:\/\/librairie7l.com\/en\/produit\/cristina-de-middel-journey-to-the-center-2\/#breadcrumb","itemListElement":[{"@type":"ListItem","position":1,"name":"Accueil","item":"https:\/\/librairie7l.com\/en\/"},{"@type":"ListItem","position":2,"name":"Shop","item":"https:\/\/librairie7l.com\/en\/shop\/"},{"@type":"ListItem","position":3,"name":"CRISTINA DE MIDDEL JOURNEY TO THE CENTER"}]},{"@type":"WebSite","@id":"https:\/\/librairie7l.com\/en\/#website","url":"https:\/\/librairie7l.com\/en\/","name":"Librairie 7L","description":"Librairie fond\u00e9e en 1999 par Karl Lagerfeld \u00e0 Paris","publisher":{"@id":"https:\/\/librairie7l.com\/en\/#organization"},"potentialAction":[{"@type":"SearchAction","target":{"@type":"EntryPoint","urlTemplate":"https:\/\/librairie7l.com\/en\/?s={search_term_string}"},"query-input":"required name=search_term_string"}],"inLanguage":"en-US"},{"@type":"Organization","@id":"https:\/\/librairie7l.com\/en\/#organization","name":"Librairie 7L","url":"https:\/\/librairie7l.com\/en\/","logo":{"@type":"ImageObject","inLanguage":"en-US","@id":"https:\/\/librairie7l.com\/en\/#\/schema\/logo\/image\/","url":"https:\/\/librairie7l.com\/wp-content\/uploads\/2022\/08\/logo-1.png","contentUrl":"https:\/\/librairie7l.com\/wp-content\/uploads\/2022\/08\/logo-1.png","width":227,"height":301,"caption":"Librairie 7L"},"image":{"@id":"https:\/\/librairie7l.com\/en\/#\/schema\/logo\/image\/"}}]}},"_links":{"self":[{"href":"https:\/\/librairie7l.com\/en\/wp-json\/wp\/v2\/product\/44380"}],"collection":[{"href":"https:\/\/librairie7l.com\/en\/wp-json\/wp\/v2\/product"}],"about":[{"href":"https:\/\/librairie7l.com\/en\/wp-json\/wp\/v2\/types\/product"}],"wp:featuredmedia":[{"embeddable":true,"href":"https:\/\/librairie7l.com\/en\/wp-json\/wp\/v2\/media\/44378"}],"wp:attachment":[{"href":"https:\/\/librairie7l.com\/en\/wp-json\/wp\/v2\/media?parent=44380"}],"wp:term":[{"taxonomy":"product_cat","embeddable":true,"href":"https:\/\/librairie7l.com\/en\/wp-json\/wp\/v2\/product_cat?post=44380"},{"taxonomy":"product_tag","embeddable":true,"href":"https:\/\/librairie7l.com\/en\/wp-json\/wp\/v2\/product_tag?post=44380"}],"curies":[{"name":"wp","href":"https:\/\/api.w.org\/{rel}","templated":true}]}}