{"id":44392,"date":"2024-11-21T09:17:56","date_gmt":"2024-11-21T08:17:56","guid":{"rendered":"https:\/\/librairie7l.com\/?post_type=product&#038;p=44392"},"modified":"2026-04-05T01:26:25","modified_gmt":"2026-04-04T23:26:25","slug":"le-design-graphique-a-portee-de-main-2","status":"publish","type":"product","link":"https:\/\/librairie7l.com\/en\/produit\/le-design-graphique-a-portee-de-main-2\/","title":{"rendered":"LE DESIGN GRAPHIQUE \u00c0 PORT\u00c9E DE MAIN"},"content":{"rendered":"<p>Pr\u00e9sent\u00e9 sous la forme d&#8217;un nuancier, Le design graphique en poche est l&#8217;acolyte parfait pour les graphistes ou cr\u00e9atifs. Il a \u00e9t\u00e9 pens\u00e9 et con\u00e7u pour contenir les notions essentielles \u00e0 la pratique du design graphique au quotidien.<\/p>\n<p>Cet opuscule est une v\u00e9ritable bo\u00eete \u00e0 outils des connaissances fondamentales du graphisme. Les lecteurs y retrouveront des rep\u00e8res de l&#8217;histoire de la discipline, un glossaire de culture visuelle, un lexique fran\u00e7ais-anglais, des notions cl\u00e9s sur la couleur, la typographie, la composition, l&#8217;impression&#8230;<\/p>\n<p>Condens\u00e9 de savoirs concrets \u00e0 port\u00e9e de main, Le design graphique en poche est ponctu\u00e9 de sch\u00e9mas et d&#8217;illustrations didactiques pour encore plus de p\u00e9dagogie et d&#8217;inspiration.<\/p>\n","protected":false},"excerpt":{"rendered":"<p>Pr\u00e9sent\u00e9 sous la forme d&#8217;un nuancier, Le design graphique en poche est l&#8217;acolyte parfait pour les graphistes ou cr\u00e9atifs. Il a \u00e9t\u00e9 pens\u00e9 et con\u00e7u pour contenir les notions essentielles \u00e0 la pratique du design graphique au quotidien. Cet opuscule est une v\u00e9ritable bo\u00eete \u00e0 outils des connaissances fondamentales du graphisme. Les lecteurs y retrouveront [&hellip;]<\/p>\n","protected":false},"featured_media":44390,"template":"","meta":[],"product_cat":[2948],"product_tag":[],"acf":[],"yoast_head":"<!-- This site is optimized with the Yoast SEO plugin v20.11 - https:\/\/yoast.com\/wordpress\/plugins\/seo\/ -->\n<title>Le design graphique \u00e0 port\u00e9e de main - Librairie 7L<\/title>\n<meta name=\"robots\" content=\"index, follow, max-snippet:-1, max-image-preview:large, max-video-preview:-1\" \/>\n<link rel=\"canonical\" href=\"https:\/\/librairie7l.com\/en\/produit\/le-design-graphique-a-portee-de-main-2\/\" \/>\n<meta property=\"og:locale\" content=\"en_US\" \/>\n<meta property=\"og:type\" content=\"article\" \/>\n<meta property=\"og:title\" content=\"Le design graphique \u00e0 port\u00e9e de main - Librairie 7L\" \/>\n<meta property=\"og:description\" content=\"Pr\u00e9sent\u00e9 sous la forme d&#8217;un nuancier, Le design graphique en poche est l&#8217;acolyte parfait pour les graphistes ou cr\u00e9atifs. Il a \u00e9t\u00e9 pens\u00e9 et con\u00e7u pour contenir les notions essentielles \u00e0 la pratique du design graphique au quotidien. Cet opuscule est une v\u00e9ritable bo\u00eete \u00e0 outils des connaissances fondamentales du graphisme. Les lecteurs y retrouveront [&hellip;]\" \/>\n<meta property=\"og:url\" content=\"https:\/\/librairie7l.com\/en\/produit\/le-design-graphique-a-portee-de-main-2\/\" \/>\n<meta property=\"og:site_name\" content=\"Librairie 7L\" \/>\n<meta property=\"article:modified_time\" content=\"2026-04-04T23:26:25+00:00\" \/>\n<meta property=\"og:image\" content=\"https:\/\/librairie7l.com\/wp-content\/uploads\/2024\/06\/9782350176079_1_75.jpg\" \/>\n\t<meta property=\"og:image:width\" content=\"600\" \/>\n\t<meta property=\"og:image:height\" content=\"1762\" \/>\n\t<meta property=\"og:image:type\" content=\"image\/jpeg\" \/>\n<meta name=\"twitter:card\" content=\"summary_large_image\" \/>\n<meta name=\"twitter:label1\" content=\"Est. reading time\" \/>\n\t<meta name=\"twitter:data1\" content=\"1 minute\" \/>\n<script type=\"application\/ld+json\" class=\"yoast-schema-graph\">{\"@context\":\"https:\/\/schema.org\",\"@graph\":[{\"@type\":\"WebPage\",\"@id\":\"https:\/\/librairie7l.com\/en\/produit\/le-design-graphique-a-portee-de-main-2\/\",\"url\":\"https:\/\/librairie7l.com\/en\/produit\/le-design-graphique-a-portee-de-main-2\/\",\"name\":\"Le design graphique \u00e0 port\u00e9e de main - Librairie 7L\",\"isPartOf\":{\"@id\":\"https:\/\/librairie7l.com\/en\/#website\"},\"datePublished\":\"2024-11-21T08:17:56+00:00\",\"dateModified\":\"2026-04-04T23:26:25+00:00\",\"breadcrumb\":{\"@id\":\"https:\/\/librairie7l.com\/en\/produit\/le-design-graphique-a-portee-de-main-2\/#breadcrumb\"},\"inLanguage\":\"en-US\",\"potentialAction\":[{\"@type\":\"ReadAction\",\"target\":[\"https:\/\/librairie7l.com\/en\/produit\/le-design-graphique-a-portee-de-main-2\/\"]}]},{\"@type\":\"BreadcrumbList\",\"@id\":\"https:\/\/librairie7l.com\/en\/produit\/le-design-graphique-a-portee-de-main-2\/#breadcrumb\",\"itemListElement\":[{\"@type\":\"ListItem\",\"position\":1,\"name\":\"Accueil\",\"item\":\"https:\/\/librairie7l.com\/en\/\"},{\"@type\":\"ListItem\",\"position\":2,\"name\":\"Shop\",\"item\":\"https:\/\/librairie7l.com\/en\/shop\/\"},{\"@type\":\"ListItem\",\"position\":3,\"name\":\"LE DESIGN GRAPHIQUE \u00c0 PORT\u00c9E DE MAIN\"}]},{\"@type\":\"WebSite\",\"@id\":\"https:\/\/librairie7l.com\/en\/#website\",\"url\":\"https:\/\/librairie7l.com\/en\/\",\"name\":\"Librairie 7L\",\"description\":\"Librairie fond\u00e9e en 1999 par Karl Lagerfeld \u00e0 Paris\",\"publisher\":{\"@id\":\"https:\/\/librairie7l.com\/en\/#organization\"},\"potentialAction\":[{\"@type\":\"SearchAction\",\"target\":{\"@type\":\"EntryPoint\",\"urlTemplate\":\"https:\/\/librairie7l.com\/en\/?s={search_term_string}\"},\"query-input\":\"required name=search_term_string\"}],\"inLanguage\":\"en-US\"},{\"@type\":\"Organization\",\"@id\":\"https:\/\/librairie7l.com\/en\/#organization\",\"name\":\"Librairie 7L\",\"url\":\"https:\/\/librairie7l.com\/en\/\",\"logo\":{\"@type\":\"ImageObject\",\"inLanguage\":\"en-US\",\"@id\":\"https:\/\/librairie7l.com\/en\/#\/schema\/logo\/image\/\",\"url\":\"https:\/\/librairie7l.com\/wp-content\/uploads\/2022\/08\/logo-1.png\",\"contentUrl\":\"https:\/\/librairie7l.com\/wp-content\/uploads\/2022\/08\/logo-1.png\",\"width\":227,\"height\":301,\"caption\":\"Librairie 7L\"},\"image\":{\"@id\":\"https:\/\/librairie7l.com\/en\/#\/schema\/logo\/image\/\"}}]}<\/script>\n<!-- \/ Yoast SEO plugin. -->","yoast_head_json":{"title":"Le design graphique \u00e0 port\u00e9e de main - Librairie 7L","robots":{"index":"index","follow":"follow","max-snippet":"max-snippet:-1","max-image-preview":"max-image-preview:large","max-video-preview":"max-video-preview:-1"},"canonical":"https:\/\/librairie7l.com\/en\/produit\/le-design-graphique-a-portee-de-main-2\/","og_locale":"en_US","og_type":"article","og_title":"Le design graphique \u00e0 port\u00e9e de main - Librairie 7L","og_description":"Pr\u00e9sent\u00e9 sous la forme d&#8217;un nuancier, Le design graphique en poche est l&#8217;acolyte parfait pour les graphistes ou cr\u00e9atifs. Il a \u00e9t\u00e9 pens\u00e9 et con\u00e7u pour contenir les notions essentielles \u00e0 la pratique du design graphique au quotidien. Cet opuscule est une v\u00e9ritable bo\u00eete \u00e0 outils des connaissances fondamentales du graphisme. Les lecteurs y retrouveront [&hellip;]","og_url":"https:\/\/librairie7l.com\/en\/produit\/le-design-graphique-a-portee-de-main-2\/","og_site_name":"Librairie 7L","article_modified_time":"2026-04-04T23:26:25+00:00","og_image":[{"width":600,"height":1762,"url":"https:\/\/librairie7l.com\/wp-content\/uploads\/2024\/06\/9782350176079_1_75.jpg","type":"image\/jpeg"}],"twitter_card":"summary_large_image","twitter_misc":{"Est. reading time":"1 minute"},"schema":{"@context":"https:\/\/schema.org","@graph":[{"@type":"WebPage","@id":"https:\/\/librairie7l.com\/en\/produit\/le-design-graphique-a-portee-de-main-2\/","url":"https:\/\/librairie7l.com\/en\/produit\/le-design-graphique-a-portee-de-main-2\/","name":"Le design graphique \u00e0 port\u00e9e de main - Librairie 7L","isPartOf":{"@id":"https:\/\/librairie7l.com\/en\/#website"},"datePublished":"2024-11-21T08:17:56+00:00","dateModified":"2026-04-04T23:26:25+00:00","breadcrumb":{"@id":"https:\/\/librairie7l.com\/en\/produit\/le-design-graphique-a-portee-de-main-2\/#breadcrumb"},"inLanguage":"en-US","potentialAction":[{"@type":"ReadAction","target":["https:\/\/librairie7l.com\/en\/produit\/le-design-graphique-a-portee-de-main-2\/"]}]},{"@type":"BreadcrumbList","@id":"https:\/\/librairie7l.com\/en\/produit\/le-design-graphique-a-portee-de-main-2\/#breadcrumb","itemListElement":[{"@type":"ListItem","position":1,"name":"Accueil","item":"https:\/\/librairie7l.com\/en\/"},{"@type":"ListItem","position":2,"name":"Shop","item":"https:\/\/librairie7l.com\/en\/shop\/"},{"@type":"ListItem","position":3,"name":"LE DESIGN GRAPHIQUE \u00c0 PORT\u00c9E DE MAIN"}]},{"@type":"WebSite","@id":"https:\/\/librairie7l.com\/en\/#website","url":"https:\/\/librairie7l.com\/en\/","name":"Librairie 7L","description":"Librairie fond\u00e9e en 1999 par Karl Lagerfeld \u00e0 Paris","publisher":{"@id":"https:\/\/librairie7l.com\/en\/#organization"},"potentialAction":[{"@type":"SearchAction","target":{"@type":"EntryPoint","urlTemplate":"https:\/\/librairie7l.com\/en\/?s={search_term_string}"},"query-input":"required name=search_term_string"}],"inLanguage":"en-US"},{"@type":"Organization","@id":"https:\/\/librairie7l.com\/en\/#organization","name":"Librairie 7L","url":"https:\/\/librairie7l.com\/en\/","logo":{"@type":"ImageObject","inLanguage":"en-US","@id":"https:\/\/librairie7l.com\/en\/#\/schema\/logo\/image\/","url":"https:\/\/librairie7l.com\/wp-content\/uploads\/2022\/08\/logo-1.png","contentUrl":"https:\/\/librairie7l.com\/wp-content\/uploads\/2022\/08\/logo-1.png","width":227,"height":301,"caption":"Librairie 7L"},"image":{"@id":"https:\/\/librairie7l.com\/en\/#\/schema\/logo\/image\/"}}]}},"_links":{"self":[{"href":"https:\/\/librairie7l.com\/en\/wp-json\/wp\/v2\/product\/44392"}],"collection":[{"href":"https:\/\/librairie7l.com\/en\/wp-json\/wp\/v2\/product"}],"about":[{"href":"https:\/\/librairie7l.com\/en\/wp-json\/wp\/v2\/types\/product"}],"wp:featuredmedia":[{"embeddable":true,"href":"https:\/\/librairie7l.com\/en\/wp-json\/wp\/v2\/media\/44390"}],"wp:attachment":[{"href":"https:\/\/librairie7l.com\/en\/wp-json\/wp\/v2\/media?parent=44392"}],"wp:term":[{"taxonomy":"product_cat","embeddable":true,"href":"https:\/\/librairie7l.com\/en\/wp-json\/wp\/v2\/product_cat?post=44392"},{"taxonomy":"product_tag","embeddable":true,"href":"https:\/\/librairie7l.com\/en\/wp-json\/wp\/v2\/product_tag?post=44392"}],"curies":[{"name":"wp","href":"https:\/\/api.w.org\/{rel}","templated":true}]}}