{"id":44396,"date":"2024-11-21T09:17:59","date_gmt":"2024-11-21T08:17:59","guid":{"rendered":"https:\/\/librairie7l.com\/?post_type=product&#038;p=44396"},"modified":"2026-04-16T23:02:42","modified_gmt":"2026-04-16T21:02:42","slug":"peuples-des-abysses-la-grande-migration-verticale-2","status":"publish","type":"product","link":"https:\/\/librairie7l.com\/en\/produit\/peuples-des-abysses-la-grande-migration-verticale-2\/","title":{"rendered":"PEUPLES DES ABYSSES : LA GRANDE MIGRATION VERTICALE"},"content":{"rendered":"<p>Deux photographes animaliers t\u00e9moignent de la grande migration verticale de la faune marine issue des grandes profondeurs, chaque nuit. A l&#8217;occasion d&#8217;innombrables heures de plong\u00e9es nocturnes sur plusieurs ann\u00e9es, de centaines de kilom\u00e8tres de d\u00e9rive au large des iles de Polyn\u00e9sie, et en r\u00e9alisant des milliers de clich\u00e9s en milieu naturel, ils ont document\u00e9 un ph\u00e9nom\u00e8ne universel et m\u00e9connu, qui rythme la vie oc\u00e9anique depuis toujours. Cet ouvrage relate au travers de photographies in\u00e9dites et spectaculaires cette aventure naturaliste et d\u00e9voile la r\u00e9alit\u00e9 stup\u00e9fiante de la diversit\u00e9 oc\u00e9anique et abyssale, et les rencontres impr\u00e9vues avec des animaux toxiques, des calmars cannibales, des poissons abyssaux, des requins agressifs et des \u00eatres \u00e9tranges scintillants ou luminescents ..<\/p>\n","protected":false},"excerpt":{"rendered":"<p>Deux photographes animaliers t\u00e9moignent de la grande migration verticale de la faune marine issue des grandes profondeurs, chaque nuit. A l&#8217;occasion d&#8217;innombrables heures de plong\u00e9es nocturnes sur plusieurs ann\u00e9es, de centaines de kilom\u00e8tres de d\u00e9rive au large des iles de Polyn\u00e9sie, et en r\u00e9alisant des milliers de clich\u00e9s en milieu naturel, ils ont document\u00e9 un [&hellip;]<\/p>\n","protected":false},"featured_media":44394,"template":"","meta":[],"product_cat":[2948],"product_tag":[],"acf":[],"yoast_head":"<!-- This site is optimized with the Yoast SEO plugin v20.11 - https:\/\/yoast.com\/wordpress\/plugins\/seo\/ -->\n<title>Peuples des abysses : La grande migration verticale - Librairie 7L<\/title>\n<meta name=\"robots\" content=\"index, follow, max-snippet:-1, max-image-preview:large, max-video-preview:-1\" \/>\n<link rel=\"canonical\" href=\"https:\/\/librairie7l.com\/en\/produit\/peuples-des-abysses-la-grande-migration-verticale-2\/\" \/>\n<meta property=\"og:locale\" content=\"en_US\" \/>\n<meta property=\"og:type\" content=\"article\" \/>\n<meta property=\"og:title\" content=\"Peuples des abysses : La grande migration verticale - Librairie 7L\" \/>\n<meta property=\"og:description\" content=\"Deux photographes animaliers t\u00e9moignent de la grande migration verticale de la faune marine issue des grandes profondeurs, chaque nuit. A l&#8217;occasion d&#8217;innombrables heures de plong\u00e9es nocturnes sur plusieurs ann\u00e9es, de centaines de kilom\u00e8tres de d\u00e9rive au large des iles de Polyn\u00e9sie, et en r\u00e9alisant des milliers de clich\u00e9s en milieu naturel, ils ont document\u00e9 un [&hellip;]\" \/>\n<meta property=\"og:url\" content=\"https:\/\/librairie7l.com\/en\/produit\/peuples-des-abysses-la-grande-migration-verticale-2\/\" \/>\n<meta property=\"og:site_name\" content=\"Librairie 7L\" \/>\n<meta property=\"article:modified_time\" content=\"2026-04-16T21:02:42+00:00\" \/>\n<meta property=\"og:image\" content=\"https:\/\/librairie7l.com\/wp-content\/uploads\/2023\/06\/9782367345420_1_75.jpg\" \/>\n\t<meta property=\"og:image:width\" content=\"600\" \/>\n\t<meta property=\"og:image:height\" content=\"755\" \/>\n\t<meta property=\"og:image:type\" content=\"image\/jpeg\" \/>\n<meta name=\"twitter:card\" content=\"summary_large_image\" \/>\n<meta name=\"twitter:label1\" content=\"Est. reading time\" \/>\n\t<meta name=\"twitter:data1\" content=\"1 minute\" \/>\n<script type=\"application\/ld+json\" class=\"yoast-schema-graph\">{\"@context\":\"https:\/\/schema.org\",\"@graph\":[{\"@type\":\"WebPage\",\"@id\":\"https:\/\/librairie7l.com\/en\/produit\/peuples-des-abysses-la-grande-migration-verticale-2\/\",\"url\":\"https:\/\/librairie7l.com\/en\/produit\/peuples-des-abysses-la-grande-migration-verticale-2\/\",\"name\":\"Peuples des abysses : La grande migration verticale - Librairie 7L\",\"isPartOf\":{\"@id\":\"https:\/\/librairie7l.com\/en\/#website\"},\"datePublished\":\"2024-11-21T08:17:59+00:00\",\"dateModified\":\"2026-04-16T21:02:42+00:00\",\"breadcrumb\":{\"@id\":\"https:\/\/librairie7l.com\/en\/produit\/peuples-des-abysses-la-grande-migration-verticale-2\/#breadcrumb\"},\"inLanguage\":\"en-US\",\"potentialAction\":[{\"@type\":\"ReadAction\",\"target\":[\"https:\/\/librairie7l.com\/en\/produit\/peuples-des-abysses-la-grande-migration-verticale-2\/\"]}]},{\"@type\":\"BreadcrumbList\",\"@id\":\"https:\/\/librairie7l.com\/en\/produit\/peuples-des-abysses-la-grande-migration-verticale-2\/#breadcrumb\",\"itemListElement\":[{\"@type\":\"ListItem\",\"position\":1,\"name\":\"Accueil\",\"item\":\"https:\/\/librairie7l.com\/en\/\"},{\"@type\":\"ListItem\",\"position\":2,\"name\":\"Shop\",\"item\":\"https:\/\/librairie7l.com\/en\/shop\/\"},{\"@type\":\"ListItem\",\"position\":3,\"name\":\"PEUPLES DES ABYSSES : LA GRANDE MIGRATION VERTICALE\"}]},{\"@type\":\"WebSite\",\"@id\":\"https:\/\/librairie7l.com\/en\/#website\",\"url\":\"https:\/\/librairie7l.com\/en\/\",\"name\":\"Librairie 7L\",\"description\":\"Librairie fond\u00e9e en 1999 par Karl Lagerfeld \u00e0 Paris\",\"publisher\":{\"@id\":\"https:\/\/librairie7l.com\/en\/#organization\"},\"potentialAction\":[{\"@type\":\"SearchAction\",\"target\":{\"@type\":\"EntryPoint\",\"urlTemplate\":\"https:\/\/librairie7l.com\/en\/?s={search_term_string}\"},\"query-input\":\"required name=search_term_string\"}],\"inLanguage\":\"en-US\"},{\"@type\":\"Organization\",\"@id\":\"https:\/\/librairie7l.com\/en\/#organization\",\"name\":\"Librairie 7L\",\"url\":\"https:\/\/librairie7l.com\/en\/\",\"logo\":{\"@type\":\"ImageObject\",\"inLanguage\":\"en-US\",\"@id\":\"https:\/\/librairie7l.com\/en\/#\/schema\/logo\/image\/\",\"url\":\"https:\/\/librairie7l.com\/wp-content\/uploads\/2022\/08\/logo-1.png\",\"contentUrl\":\"https:\/\/librairie7l.com\/wp-content\/uploads\/2022\/08\/logo-1.png\",\"width\":227,\"height\":301,\"caption\":\"Librairie 7L\"},\"image\":{\"@id\":\"https:\/\/librairie7l.com\/en\/#\/schema\/logo\/image\/\"}}]}<\/script>\n<!-- \/ Yoast SEO plugin. -->","yoast_head_json":{"title":"Peuples des abysses : La grande migration verticale - Librairie 7L","robots":{"index":"index","follow":"follow","max-snippet":"max-snippet:-1","max-image-preview":"max-image-preview:large","max-video-preview":"max-video-preview:-1"},"canonical":"https:\/\/librairie7l.com\/en\/produit\/peuples-des-abysses-la-grande-migration-verticale-2\/","og_locale":"en_US","og_type":"article","og_title":"Peuples des abysses : La grande migration verticale - Librairie 7L","og_description":"Deux photographes animaliers t\u00e9moignent de la grande migration verticale de la faune marine issue des grandes profondeurs, chaque nuit. A l&#8217;occasion d&#8217;innombrables heures de plong\u00e9es nocturnes sur plusieurs ann\u00e9es, de centaines de kilom\u00e8tres de d\u00e9rive au large des iles de Polyn\u00e9sie, et en r\u00e9alisant des milliers de clich\u00e9s en milieu naturel, ils ont document\u00e9 un [&hellip;]","og_url":"https:\/\/librairie7l.com\/en\/produit\/peuples-des-abysses-la-grande-migration-verticale-2\/","og_site_name":"Librairie 7L","article_modified_time":"2026-04-16T21:02:42+00:00","og_image":[{"width":600,"height":755,"url":"https:\/\/librairie7l.com\/wp-content\/uploads\/2023\/06\/9782367345420_1_75.jpg","type":"image\/jpeg"}],"twitter_card":"summary_large_image","twitter_misc":{"Est. reading time":"1 minute"},"schema":{"@context":"https:\/\/schema.org","@graph":[{"@type":"WebPage","@id":"https:\/\/librairie7l.com\/en\/produit\/peuples-des-abysses-la-grande-migration-verticale-2\/","url":"https:\/\/librairie7l.com\/en\/produit\/peuples-des-abysses-la-grande-migration-verticale-2\/","name":"Peuples des abysses : La grande migration verticale - Librairie 7L","isPartOf":{"@id":"https:\/\/librairie7l.com\/en\/#website"},"datePublished":"2024-11-21T08:17:59+00:00","dateModified":"2026-04-16T21:02:42+00:00","breadcrumb":{"@id":"https:\/\/librairie7l.com\/en\/produit\/peuples-des-abysses-la-grande-migration-verticale-2\/#breadcrumb"},"inLanguage":"en-US","potentialAction":[{"@type":"ReadAction","target":["https:\/\/librairie7l.com\/en\/produit\/peuples-des-abysses-la-grande-migration-verticale-2\/"]}]},{"@type":"BreadcrumbList","@id":"https:\/\/librairie7l.com\/en\/produit\/peuples-des-abysses-la-grande-migration-verticale-2\/#breadcrumb","itemListElement":[{"@type":"ListItem","position":1,"name":"Accueil","item":"https:\/\/librairie7l.com\/en\/"},{"@type":"ListItem","position":2,"name":"Shop","item":"https:\/\/librairie7l.com\/en\/shop\/"},{"@type":"ListItem","position":3,"name":"PEUPLES DES ABYSSES : LA GRANDE MIGRATION VERTICALE"}]},{"@type":"WebSite","@id":"https:\/\/librairie7l.com\/en\/#website","url":"https:\/\/librairie7l.com\/en\/","name":"Librairie 7L","description":"Librairie fond\u00e9e en 1999 par Karl Lagerfeld \u00e0 Paris","publisher":{"@id":"https:\/\/librairie7l.com\/en\/#organization"},"potentialAction":[{"@type":"SearchAction","target":{"@type":"EntryPoint","urlTemplate":"https:\/\/librairie7l.com\/en\/?s={search_term_string}"},"query-input":"required name=search_term_string"}],"inLanguage":"en-US"},{"@type":"Organization","@id":"https:\/\/librairie7l.com\/en\/#organization","name":"Librairie 7L","url":"https:\/\/librairie7l.com\/en\/","logo":{"@type":"ImageObject","inLanguage":"en-US","@id":"https:\/\/librairie7l.com\/en\/#\/schema\/logo\/image\/","url":"https:\/\/librairie7l.com\/wp-content\/uploads\/2022\/08\/logo-1.png","contentUrl":"https:\/\/librairie7l.com\/wp-content\/uploads\/2022\/08\/logo-1.png","width":227,"height":301,"caption":"Librairie 7L"},"image":{"@id":"https:\/\/librairie7l.com\/en\/#\/schema\/logo\/image\/"}}]}},"_links":{"self":[{"href":"https:\/\/librairie7l.com\/en\/wp-json\/wp\/v2\/product\/44396"}],"collection":[{"href":"https:\/\/librairie7l.com\/en\/wp-json\/wp\/v2\/product"}],"about":[{"href":"https:\/\/librairie7l.com\/en\/wp-json\/wp\/v2\/types\/product"}],"wp:featuredmedia":[{"embeddable":true,"href":"https:\/\/librairie7l.com\/en\/wp-json\/wp\/v2\/media\/44394"}],"wp:attachment":[{"href":"https:\/\/librairie7l.com\/en\/wp-json\/wp\/v2\/media?parent=44396"}],"wp:term":[{"taxonomy":"product_cat","embeddable":true,"href":"https:\/\/librairie7l.com\/en\/wp-json\/wp\/v2\/product_cat?post=44396"},{"taxonomy":"product_tag","embeddable":true,"href":"https:\/\/librairie7l.com\/en\/wp-json\/wp\/v2\/product_tag?post=44396"}],"curies":[{"name":"wp","href":"https:\/\/api.w.org\/{rel}","templated":true}]}}