{"id":44404,"date":"2024-11-21T09:18:06","date_gmt":"2024-11-21T08:18:06","guid":{"rendered":"https:\/\/librairie7l.com\/?post_type=product&#038;p=44404"},"modified":"2026-04-10T16:37:44","modified_gmt":"2026-04-10T14:37:44","slug":"patrick-procktor-le-secret-de-david-hockney-2","status":"publish","type":"product","link":"https:\/\/librairie7l.com\/en\/produit\/patrick-procktor-le-secret-de-david-hockney-2\/","title":{"rendered":"PATRICK PROCKTOR; LE SECRET DE DAVID HOCKNEY"},"content":{"rendered":"<p>Patrick Procktor fut l&#8217;ami ins\u00e9parable, le complice, le rival (sinon l&#8217;\u00e9gal) de David Hockney. Dans le Swinging London des ann\u00e9es 1960, ceux qu&#8217;on surnommait les \u00ab jumeaux dandys du monde de l&#8217;art \u00bb semblaient tous deux promis \u00e0 une brillante carri\u00e8re. Mais lorsque Hockney s&#8217;envola pour la Californie, o\u00f9 il s&#8217;appliqua \u00e0 fixer en peinture sa vision pop et ensoleill\u00e9e du r\u00eave am\u00e9ricain, Procktor, lui, pr\u00e9f\u00e9ra cultiver une fragilit\u00e9, un classicisme \u00e0 contre-courant de toutes les modes&#8230; Hockney devint la star de l&#8217;art contemporain, \u00ab le peintre vivant le plus cher du monde \u00bb, tandis que Procktor disparut en 2003, alcoolique, fauch\u00e9 et quasiment oubli\u00e9. Pourtant, \u00e0 leurs d\u00e9buts, les deux hommes et leurs oeuvres avaient \u00e9t\u00e9 si proches qu&#8217;une question ne pouvait manquer de se poser : \u00ab De Procktor ou de Hockney, qui avait \u00e9t\u00e9 le pr\u00e9curseur de l&#8217;autre ? \u00bb<\/p>\n","protected":false},"excerpt":{"rendered":"<p>Patrick Procktor fut l&#8217;ami ins\u00e9parable, le complice, le rival (sinon l&#8217;\u00e9gal) de David Hockney. Dans le Swinging London des ann\u00e9es 1960, ceux qu&#8217;on surnommait les \u00ab jumeaux dandys du monde de l&#8217;art \u00bb semblaient tous deux promis \u00e0 une brillante carri\u00e8re. Mais lorsque Hockney s&#8217;envola pour la Californie, o\u00f9 il s&#8217;appliqua \u00e0 fixer en peinture [&hellip;]<\/p>\n","protected":false},"featured_media":44402,"template":"","meta":[],"product_cat":[2948],"product_tag":[],"acf":[],"yoast_head":"<!-- This site is optimized with the Yoast SEO plugin v20.11 - https:\/\/yoast.com\/wordpress\/plugins\/seo\/ -->\n<title>Patrick Procktor; le secret de David Hockney - Librairie 7L<\/title>\n<meta name=\"robots\" content=\"index, follow, max-snippet:-1, max-image-preview:large, max-video-preview:-1\" \/>\n<link rel=\"canonical\" href=\"https:\/\/librairie7l.com\/en\/produit\/patrick-procktor-le-secret-de-david-hockney-2\/\" \/>\n<meta property=\"og:locale\" content=\"en_US\" \/>\n<meta property=\"og:type\" content=\"article\" \/>\n<meta property=\"og:title\" content=\"Patrick Procktor; le secret de David Hockney - Librairie 7L\" \/>\n<meta property=\"og:description\" content=\"Patrick Procktor fut l&#8217;ami ins\u00e9parable, le complice, le rival (sinon l&#8217;\u00e9gal) de David Hockney. Dans le Swinging London des ann\u00e9es 1960, ceux qu&#8217;on surnommait les \u00ab jumeaux dandys du monde de l&#8217;art \u00bb semblaient tous deux promis \u00e0 une brillante carri\u00e8re. Mais lorsque Hockney s&#8217;envola pour la Californie, o\u00f9 il s&#8217;appliqua \u00e0 fixer en peinture [&hellip;]\" \/>\n<meta property=\"og:url\" content=\"https:\/\/librairie7l.com\/en\/produit\/patrick-procktor-le-secret-de-david-hockney-2\/\" \/>\n<meta property=\"og:site_name\" content=\"Librairie 7L\" \/>\n<meta property=\"article:modified_time\" content=\"2026-04-10T14:37:44+00:00\" \/>\n<meta property=\"og:image\" content=\"https:\/\/librairie7l.com\/wp-content\/uploads\/2021\/10\/9782840498322_1_75.jpg\" \/>\n\t<meta property=\"og:image:width\" content=\"600\" \/>\n\t<meta property=\"og:image:height\" content=\"840\" \/>\n\t<meta property=\"og:image:type\" content=\"image\/jpeg\" \/>\n<meta name=\"twitter:card\" content=\"summary_large_image\" \/>\n<meta name=\"twitter:label1\" content=\"Est. reading time\" \/>\n\t<meta name=\"twitter:data1\" content=\"1 minute\" \/>\n<script type=\"application\/ld+json\" class=\"yoast-schema-graph\">{\"@context\":\"https:\/\/schema.org\",\"@graph\":[{\"@type\":\"WebPage\",\"@id\":\"https:\/\/librairie7l.com\/en\/produit\/patrick-procktor-le-secret-de-david-hockney-2\/\",\"url\":\"https:\/\/librairie7l.com\/en\/produit\/patrick-procktor-le-secret-de-david-hockney-2\/\",\"name\":\"Patrick Procktor; le secret de David Hockney - Librairie 7L\",\"isPartOf\":{\"@id\":\"https:\/\/librairie7l.com\/en\/#website\"},\"datePublished\":\"2024-11-21T08:18:06+00:00\",\"dateModified\":\"2026-04-10T14:37:44+00:00\",\"breadcrumb\":{\"@id\":\"https:\/\/librairie7l.com\/en\/produit\/patrick-procktor-le-secret-de-david-hockney-2\/#breadcrumb\"},\"inLanguage\":\"en-US\",\"potentialAction\":[{\"@type\":\"ReadAction\",\"target\":[\"https:\/\/librairie7l.com\/en\/produit\/patrick-procktor-le-secret-de-david-hockney-2\/\"]}]},{\"@type\":\"BreadcrumbList\",\"@id\":\"https:\/\/librairie7l.com\/en\/produit\/patrick-procktor-le-secret-de-david-hockney-2\/#breadcrumb\",\"itemListElement\":[{\"@type\":\"ListItem\",\"position\":1,\"name\":\"Accueil\",\"item\":\"https:\/\/librairie7l.com\/en\/\"},{\"@type\":\"ListItem\",\"position\":2,\"name\":\"Shop\",\"item\":\"https:\/\/librairie7l.com\/en\/shop\/\"},{\"@type\":\"ListItem\",\"position\":3,\"name\":\"PATRICK PROCKTOR; LE SECRET DE DAVID HOCKNEY\"}]},{\"@type\":\"WebSite\",\"@id\":\"https:\/\/librairie7l.com\/en\/#website\",\"url\":\"https:\/\/librairie7l.com\/en\/\",\"name\":\"Librairie 7L\",\"description\":\"Librairie fond\u00e9e en 1999 par Karl Lagerfeld \u00e0 Paris\",\"publisher\":{\"@id\":\"https:\/\/librairie7l.com\/en\/#organization\"},\"potentialAction\":[{\"@type\":\"SearchAction\",\"target\":{\"@type\":\"EntryPoint\",\"urlTemplate\":\"https:\/\/librairie7l.com\/en\/?s={search_term_string}\"},\"query-input\":\"required name=search_term_string\"}],\"inLanguage\":\"en-US\"},{\"@type\":\"Organization\",\"@id\":\"https:\/\/librairie7l.com\/en\/#organization\",\"name\":\"Librairie 7L\",\"url\":\"https:\/\/librairie7l.com\/en\/\",\"logo\":{\"@type\":\"ImageObject\",\"inLanguage\":\"en-US\",\"@id\":\"https:\/\/librairie7l.com\/en\/#\/schema\/logo\/image\/\",\"url\":\"https:\/\/librairie7l.com\/wp-content\/uploads\/2022\/08\/logo-1.png\",\"contentUrl\":\"https:\/\/librairie7l.com\/wp-content\/uploads\/2022\/08\/logo-1.png\",\"width\":227,\"height\":301,\"caption\":\"Librairie 7L\"},\"image\":{\"@id\":\"https:\/\/librairie7l.com\/en\/#\/schema\/logo\/image\/\"}}]}<\/script>\n<!-- \/ Yoast SEO plugin. -->","yoast_head_json":{"title":"Patrick Procktor; le secret de David Hockney - Librairie 7L","robots":{"index":"index","follow":"follow","max-snippet":"max-snippet:-1","max-image-preview":"max-image-preview:large","max-video-preview":"max-video-preview:-1"},"canonical":"https:\/\/librairie7l.com\/en\/produit\/patrick-procktor-le-secret-de-david-hockney-2\/","og_locale":"en_US","og_type":"article","og_title":"Patrick Procktor; le secret de David Hockney - Librairie 7L","og_description":"Patrick Procktor fut l&#8217;ami ins\u00e9parable, le complice, le rival (sinon l&#8217;\u00e9gal) de David Hockney. Dans le Swinging London des ann\u00e9es 1960, ceux qu&#8217;on surnommait les \u00ab jumeaux dandys du monde de l&#8217;art \u00bb semblaient tous deux promis \u00e0 une brillante carri\u00e8re. Mais lorsque Hockney s&#8217;envola pour la Californie, o\u00f9 il s&#8217;appliqua \u00e0 fixer en peinture [&hellip;]","og_url":"https:\/\/librairie7l.com\/en\/produit\/patrick-procktor-le-secret-de-david-hockney-2\/","og_site_name":"Librairie 7L","article_modified_time":"2026-04-10T14:37:44+00:00","og_image":[{"width":600,"height":840,"url":"https:\/\/librairie7l.com\/wp-content\/uploads\/2021\/10\/9782840498322_1_75.jpg","type":"image\/jpeg"}],"twitter_card":"summary_large_image","twitter_misc":{"Est. reading time":"1 minute"},"schema":{"@context":"https:\/\/schema.org","@graph":[{"@type":"WebPage","@id":"https:\/\/librairie7l.com\/en\/produit\/patrick-procktor-le-secret-de-david-hockney-2\/","url":"https:\/\/librairie7l.com\/en\/produit\/patrick-procktor-le-secret-de-david-hockney-2\/","name":"Patrick Procktor; le secret de David Hockney - Librairie 7L","isPartOf":{"@id":"https:\/\/librairie7l.com\/en\/#website"},"datePublished":"2024-11-21T08:18:06+00:00","dateModified":"2026-04-10T14:37:44+00:00","breadcrumb":{"@id":"https:\/\/librairie7l.com\/en\/produit\/patrick-procktor-le-secret-de-david-hockney-2\/#breadcrumb"},"inLanguage":"en-US","potentialAction":[{"@type":"ReadAction","target":["https:\/\/librairie7l.com\/en\/produit\/patrick-procktor-le-secret-de-david-hockney-2\/"]}]},{"@type":"BreadcrumbList","@id":"https:\/\/librairie7l.com\/en\/produit\/patrick-procktor-le-secret-de-david-hockney-2\/#breadcrumb","itemListElement":[{"@type":"ListItem","position":1,"name":"Accueil","item":"https:\/\/librairie7l.com\/en\/"},{"@type":"ListItem","position":2,"name":"Shop","item":"https:\/\/librairie7l.com\/en\/shop\/"},{"@type":"ListItem","position":3,"name":"PATRICK PROCKTOR; LE SECRET DE DAVID HOCKNEY"}]},{"@type":"WebSite","@id":"https:\/\/librairie7l.com\/en\/#website","url":"https:\/\/librairie7l.com\/en\/","name":"Librairie 7L","description":"Librairie fond\u00e9e en 1999 par Karl Lagerfeld \u00e0 Paris","publisher":{"@id":"https:\/\/librairie7l.com\/en\/#organization"},"potentialAction":[{"@type":"SearchAction","target":{"@type":"EntryPoint","urlTemplate":"https:\/\/librairie7l.com\/en\/?s={search_term_string}"},"query-input":"required name=search_term_string"}],"inLanguage":"en-US"},{"@type":"Organization","@id":"https:\/\/librairie7l.com\/en\/#organization","name":"Librairie 7L","url":"https:\/\/librairie7l.com\/en\/","logo":{"@type":"ImageObject","inLanguage":"en-US","@id":"https:\/\/librairie7l.com\/en\/#\/schema\/logo\/image\/","url":"https:\/\/librairie7l.com\/wp-content\/uploads\/2022\/08\/logo-1.png","contentUrl":"https:\/\/librairie7l.com\/wp-content\/uploads\/2022\/08\/logo-1.png","width":227,"height":301,"caption":"Librairie 7L"},"image":{"@id":"https:\/\/librairie7l.com\/en\/#\/schema\/logo\/image\/"}}]}},"_links":{"self":[{"href":"https:\/\/librairie7l.com\/en\/wp-json\/wp\/v2\/product\/44404"}],"collection":[{"href":"https:\/\/librairie7l.com\/en\/wp-json\/wp\/v2\/product"}],"about":[{"href":"https:\/\/librairie7l.com\/en\/wp-json\/wp\/v2\/types\/product"}],"wp:featuredmedia":[{"embeddable":true,"href":"https:\/\/librairie7l.com\/en\/wp-json\/wp\/v2\/media\/44402"}],"wp:attachment":[{"href":"https:\/\/librairie7l.com\/en\/wp-json\/wp\/v2\/media?parent=44404"}],"wp:term":[{"taxonomy":"product_cat","embeddable":true,"href":"https:\/\/librairie7l.com\/en\/wp-json\/wp\/v2\/product_cat?post=44404"},{"taxonomy":"product_tag","embeddable":true,"href":"https:\/\/librairie7l.com\/en\/wp-json\/wp\/v2\/product_tag?post=44404"}],"curies":[{"name":"wp","href":"https:\/\/api.w.org\/{rel}","templated":true}]}}