{"id":44418,"date":"2024-11-21T09:18:19","date_gmt":"2024-11-21T08:18:19","guid":{"rendered":"https:\/\/librairie7l.com\/?post_type=product&#038;p=44418"},"modified":"2026-04-05T15:29:25","modified_gmt":"2026-04-05T13:29:25","slug":"la-fabrique-de-lecole-des-beaux-arts-a-paris-2","status":"publish","type":"product","link":"https:\/\/librairie7l.com\/en\/produit\/la-fabrique-de-lecole-des-beaux-arts-a-paris-2\/","title":{"rendered":"LA FABRIQUE DE L&#8217;\u00c9COLE DES BEAUX-ARTS \u00c0 PARIS"},"content":{"rendered":"<p>Au coeur du quartier parisien de Saint Germain-des-Pr\u00e9s, au bord de la Seine et en face du Louvre, le site des Beaux-arts de Paris consacre depuis plus de deux cents ans un vaste ensemble de b\u00e2timents, remontant pour certains au XVIIe si\u00e8cle, \u00e0 l&#8217;enseignement des arts et de l&#8217;architecture en un lieu de cr\u00e9ation et de libert\u00e9 sans \u00e9quivalents dans le monde. Dans cet ouvrage, Anne Debarre et Maxime Decommer, enseignants et chercheurs au laboratoire \u00ab Architecture, culture, soci\u00e9t\u00e9 \u00bb de l&#8217;\u00c9cole d&#8217;architecture Paris-Malaquais, font dialoguer les dimensions architecturales et p\u00e9dagogiques de ce site d&#8217;exception, explorant l&#8217;\u00e9volution des b\u00e2timents et celle de leurs usages.<br \/>\nPlus de 400 reproductions de toute nature (dessins d&#8217;architecture, photographies, plans, etc.) rendent sensibles les multiples facettes d&#8217;un processus fascinant : la \u00ab fabrique \u00bb des Beaux-Arts. Des b\u00e2timents r\u00e9affect\u00e9s puis cr\u00e9\u00e9s pour les Beaux-Arts de Paris, \u00e0 ceux con\u00e7us mais jamais r\u00e9alis\u00e9s ; de l&#8217;adaptation aux \u00e9volutions p\u00e9dagogiques \u00e0 l&#8217;appropriation constante par les \u00e9tudiants de cet environnement qui leur est d\u00e9di\u00e9. C&#8217;est cette \u00e9cole pens\u00e9e, construite, v\u00e9cue dont ce livre brosse l&#8217;extraordinaire portrait.<\/p>\n","protected":false},"excerpt":{"rendered":"<p>Au coeur du quartier parisien de Saint Germain-des-Pr\u00e9s, au bord de la Seine et en face du Louvre, le site des Beaux-arts de Paris consacre depuis plus de deux cents ans un vaste ensemble de b\u00e2timents, remontant pour certains au XVIIe si\u00e8cle, \u00e0 l&#8217;enseignement des arts et de l&#8217;architecture en un lieu de cr\u00e9ation et [&hellip;]<\/p>\n","protected":false},"featured_media":48271,"template":"","meta":[],"product_cat":[2948],"product_tag":[],"acf":[],"yoast_head":"<!-- This site is optimized with the Yoast SEO plugin v20.11 - https:\/\/yoast.com\/wordpress\/plugins\/seo\/ -->\n<title>La fabrique de l&#039;\u00c9cole des beaux-arts \u00e0 Paris - Librairie 7L<\/title>\n<meta name=\"robots\" content=\"index, follow, max-snippet:-1, max-image-preview:large, max-video-preview:-1\" \/>\n<link rel=\"canonical\" href=\"https:\/\/librairie7l.com\/en\/produit\/la-fabrique-de-lecole-des-beaux-arts-a-paris-2\/\" \/>\n<meta property=\"og:locale\" content=\"en_US\" \/>\n<meta property=\"og:type\" content=\"article\" \/>\n<meta property=\"og:title\" content=\"La fabrique de l&#039;\u00c9cole des beaux-arts \u00e0 Paris - Librairie 7L\" \/>\n<meta property=\"og:description\" content=\"Au coeur du quartier parisien de Saint Germain-des-Pr\u00e9s, au bord de la Seine et en face du Louvre, le site des Beaux-arts de Paris consacre depuis plus de deux cents ans un vaste ensemble de b\u00e2timents, remontant pour certains au XVIIe si\u00e8cle, \u00e0 l&#8217;enseignement des arts et de l&#8217;architecture en un lieu de cr\u00e9ation et [&hellip;]\" \/>\n<meta property=\"og:url\" content=\"https:\/\/librairie7l.com\/en\/produit\/la-fabrique-de-lecole-des-beaux-arts-a-paris-2\/\" \/>\n<meta property=\"og:site_name\" content=\"Librairie 7L\" \/>\n<meta property=\"article:modified_time\" content=\"2026-04-05T13:29:25+00:00\" \/>\n<meta name=\"twitter:card\" content=\"summary_large_image\" \/>\n<meta name=\"twitter:label1\" content=\"Est. reading time\" \/>\n\t<meta name=\"twitter:data1\" content=\"1 minute\" \/>\n<script type=\"application\/ld+json\" class=\"yoast-schema-graph\">{\"@context\":\"https:\/\/schema.org\",\"@graph\":[{\"@type\":\"WebPage\",\"@id\":\"https:\/\/librairie7l.com\/en\/produit\/la-fabrique-de-lecole-des-beaux-arts-a-paris-2\/\",\"url\":\"https:\/\/librairie7l.com\/en\/produit\/la-fabrique-de-lecole-des-beaux-arts-a-paris-2\/\",\"name\":\"La fabrique de l'\u00c9cole des beaux-arts \u00e0 Paris - Librairie 7L\",\"isPartOf\":{\"@id\":\"https:\/\/librairie7l.com\/en\/#website\"},\"datePublished\":\"2024-11-21T08:18:19+00:00\",\"dateModified\":\"2026-04-05T13:29:25+00:00\",\"breadcrumb\":{\"@id\":\"https:\/\/librairie7l.com\/en\/produit\/la-fabrique-de-lecole-des-beaux-arts-a-paris-2\/#breadcrumb\"},\"inLanguage\":\"en-US\",\"potentialAction\":[{\"@type\":\"ReadAction\",\"target\":[\"https:\/\/librairie7l.com\/en\/produit\/la-fabrique-de-lecole-des-beaux-arts-a-paris-2\/\"]}]},{\"@type\":\"BreadcrumbList\",\"@id\":\"https:\/\/librairie7l.com\/en\/produit\/la-fabrique-de-lecole-des-beaux-arts-a-paris-2\/#breadcrumb\",\"itemListElement\":[{\"@type\":\"ListItem\",\"position\":1,\"name\":\"Accueil\",\"item\":\"https:\/\/librairie7l.com\/en\/\"},{\"@type\":\"ListItem\",\"position\":2,\"name\":\"Shop\",\"item\":\"https:\/\/librairie7l.com\/en\/shop\/\"},{\"@type\":\"ListItem\",\"position\":3,\"name\":\"LA FABRIQUE DE L&#8217;\u00c9COLE DES BEAUX-ARTS \u00c0 PARIS\"}]},{\"@type\":\"WebSite\",\"@id\":\"https:\/\/librairie7l.com\/en\/#website\",\"url\":\"https:\/\/librairie7l.com\/en\/\",\"name\":\"Librairie 7L\",\"description\":\"Librairie fond\u00e9e en 1999 par Karl Lagerfeld \u00e0 Paris\",\"publisher\":{\"@id\":\"https:\/\/librairie7l.com\/en\/#organization\"},\"potentialAction\":[{\"@type\":\"SearchAction\",\"target\":{\"@type\":\"EntryPoint\",\"urlTemplate\":\"https:\/\/librairie7l.com\/en\/?s={search_term_string}\"},\"query-input\":\"required name=search_term_string\"}],\"inLanguage\":\"en-US\"},{\"@type\":\"Organization\",\"@id\":\"https:\/\/librairie7l.com\/en\/#organization\",\"name\":\"Librairie 7L\",\"url\":\"https:\/\/librairie7l.com\/en\/\",\"logo\":{\"@type\":\"ImageObject\",\"inLanguage\":\"en-US\",\"@id\":\"https:\/\/librairie7l.com\/en\/#\/schema\/logo\/image\/\",\"url\":\"https:\/\/librairie7l.com\/wp-content\/uploads\/2022\/08\/logo-1.png\",\"contentUrl\":\"https:\/\/librairie7l.com\/wp-content\/uploads\/2022\/08\/logo-1.png\",\"width\":227,\"height\":301,\"caption\":\"Librairie 7L\"},\"image\":{\"@id\":\"https:\/\/librairie7l.com\/en\/#\/schema\/logo\/image\/\"}}]}<\/script>\n<!-- \/ Yoast SEO plugin. -->","yoast_head_json":{"title":"La fabrique de l'\u00c9cole des beaux-arts \u00e0 Paris - Librairie 7L","robots":{"index":"index","follow":"follow","max-snippet":"max-snippet:-1","max-image-preview":"max-image-preview:large","max-video-preview":"max-video-preview:-1"},"canonical":"https:\/\/librairie7l.com\/en\/produit\/la-fabrique-de-lecole-des-beaux-arts-a-paris-2\/","og_locale":"en_US","og_type":"article","og_title":"La fabrique de l'\u00c9cole des beaux-arts \u00e0 Paris - Librairie 7L","og_description":"Au coeur du quartier parisien de Saint Germain-des-Pr\u00e9s, au bord de la Seine et en face du Louvre, le site des Beaux-arts de Paris consacre depuis plus de deux cents ans un vaste ensemble de b\u00e2timents, remontant pour certains au XVIIe si\u00e8cle, \u00e0 l&#8217;enseignement des arts et de l&#8217;architecture en un lieu de cr\u00e9ation et [&hellip;]","og_url":"https:\/\/librairie7l.com\/en\/produit\/la-fabrique-de-lecole-des-beaux-arts-a-paris-2\/","og_site_name":"Librairie 7L","article_modified_time":"2026-04-05T13:29:25+00:00","twitter_card":"summary_large_image","twitter_misc":{"Est. reading time":"1 minute"},"schema":{"@context":"https:\/\/schema.org","@graph":[{"@type":"WebPage","@id":"https:\/\/librairie7l.com\/en\/produit\/la-fabrique-de-lecole-des-beaux-arts-a-paris-2\/","url":"https:\/\/librairie7l.com\/en\/produit\/la-fabrique-de-lecole-des-beaux-arts-a-paris-2\/","name":"La fabrique de l'\u00c9cole des beaux-arts \u00e0 Paris - Librairie 7L","isPartOf":{"@id":"https:\/\/librairie7l.com\/en\/#website"},"datePublished":"2024-11-21T08:18:19+00:00","dateModified":"2026-04-05T13:29:25+00:00","breadcrumb":{"@id":"https:\/\/librairie7l.com\/en\/produit\/la-fabrique-de-lecole-des-beaux-arts-a-paris-2\/#breadcrumb"},"inLanguage":"en-US","potentialAction":[{"@type":"ReadAction","target":["https:\/\/librairie7l.com\/en\/produit\/la-fabrique-de-lecole-des-beaux-arts-a-paris-2\/"]}]},{"@type":"BreadcrumbList","@id":"https:\/\/librairie7l.com\/en\/produit\/la-fabrique-de-lecole-des-beaux-arts-a-paris-2\/#breadcrumb","itemListElement":[{"@type":"ListItem","position":1,"name":"Accueil","item":"https:\/\/librairie7l.com\/en\/"},{"@type":"ListItem","position":2,"name":"Shop","item":"https:\/\/librairie7l.com\/en\/shop\/"},{"@type":"ListItem","position":3,"name":"LA FABRIQUE DE L&#8217;\u00c9COLE DES BEAUX-ARTS \u00c0 PARIS"}]},{"@type":"WebSite","@id":"https:\/\/librairie7l.com\/en\/#website","url":"https:\/\/librairie7l.com\/en\/","name":"Librairie 7L","description":"Librairie fond\u00e9e en 1999 par Karl Lagerfeld \u00e0 Paris","publisher":{"@id":"https:\/\/librairie7l.com\/en\/#organization"},"potentialAction":[{"@type":"SearchAction","target":{"@type":"EntryPoint","urlTemplate":"https:\/\/librairie7l.com\/en\/?s={search_term_string}"},"query-input":"required name=search_term_string"}],"inLanguage":"en-US"},{"@type":"Organization","@id":"https:\/\/librairie7l.com\/en\/#organization","name":"Librairie 7L","url":"https:\/\/librairie7l.com\/en\/","logo":{"@type":"ImageObject","inLanguage":"en-US","@id":"https:\/\/librairie7l.com\/en\/#\/schema\/logo\/image\/","url":"https:\/\/librairie7l.com\/wp-content\/uploads\/2022\/08\/logo-1.png","contentUrl":"https:\/\/librairie7l.com\/wp-content\/uploads\/2022\/08\/logo-1.png","width":227,"height":301,"caption":"Librairie 7L"},"image":{"@id":"https:\/\/librairie7l.com\/en\/#\/schema\/logo\/image\/"}}]}},"_links":{"self":[{"href":"https:\/\/librairie7l.com\/en\/wp-json\/wp\/v2\/product\/44418"}],"collection":[{"href":"https:\/\/librairie7l.com\/en\/wp-json\/wp\/v2\/product"}],"about":[{"href":"https:\/\/librairie7l.com\/en\/wp-json\/wp\/v2\/types\/product"}],"wp:featuredmedia":[{"embeddable":true,"href":"https:\/\/librairie7l.com\/en\/wp-json\/wp\/v2\/media\/48271"}],"wp:attachment":[{"href":"https:\/\/librairie7l.com\/en\/wp-json\/wp\/v2\/media?parent=44418"}],"wp:term":[{"taxonomy":"product_cat","embeddable":true,"href":"https:\/\/librairie7l.com\/en\/wp-json\/wp\/v2\/product_cat?post=44418"},{"taxonomy":"product_tag","embeddable":true,"href":"https:\/\/librairie7l.com\/en\/wp-json\/wp\/v2\/product_tag?post=44418"}],"curies":[{"name":"wp","href":"https:\/\/api.w.org\/{rel}","templated":true}]}}