{"id":44478,"date":"2024-11-22T20:37:20","date_gmt":"2024-11-22T19:37:20","guid":{"rendered":"https:\/\/librairie7l.com\/produit\/picasso-les-chefs-doeuvre\/"},"modified":"2026-04-05T09:10:56","modified_gmt":"2026-04-05T07:10:56","slug":"picasso-les-chefs-doeuvre","status":"publish","type":"product","link":"https:\/\/librairie7l.com\/en\/produit\/picasso-les-chefs-doeuvre\/","title":{"rendered":"PICASSO : LES CHEFS-D&#8217;OEUVRE"},"content":{"rendered":"<p>Bien plus vite qu&#8217;on ne l&#8217;imagine, Picasso a domin\u00e9 son \u00e9poque de son g\u00e9nie multiforme et du bruit qu&#8217;il en tira. \u00c0 sa mort, tous les journaux parleront en choeur du &#8221; si\u00e8cle de Picasso &#8220;. \u00c0 d\u00e9faut de pouvoir tout en dire, il importait de d\u00e9gager des lignes de force ou de faiblesse. St\u00e9phane Gu\u00e9gan le fait avec brio dans cet ouvrage richement illustr\u00e9 qui se lit comme un roman et s&#8217;admire comme un somptueux livre d&#8217;art.<br \/>\nDans cet ouvrage passionnant, St\u00e9phane Gu\u00e9gan renouvelle notre regard sur l&#8217;un des artistes les plus reconnus de tous les temps : Pablo Picasso. \u00c0 travers une biographie artistique, il nous raconte son parcours de l&#8217;Espagne \u00e0 la France, dans un langage accessible, au contenu rigoureusement \u00e9tudi\u00e9. Le lecteur pourra \u00e9galement d\u00e9couvrir ou red\u00e9couvrir 100 chefs-d&#8217;oeuvre de l&#8217;artiste provenant des plus grands mus\u00e9es du monde, pour certains d\u00e9j\u00e0 extr\u00eamement c\u00e9l\u00e8bres, et d&#8217;autres pour lesquels ce livre permettra d&#8217;en appr\u00e9cier toute la &#8221; nouveaut\u00e9 &#8220;. L&#8217;occasion de rendre hommage \u00e0 la polyvalence de Pablo Picasso en pr\u00e9sentant ses peintures, mais aussi ses sculptures, c\u00e9ramiques et autres objets artistiques.<br \/>\n Des photographies connues comme inattendues viennent compl\u00e9ter ce panorama dense, qui apporte sans nul doute un nouvel \u00e9clairage sur cet artiste de g\u00e9nie d\u00e9c\u00e9d\u00e9 il y a tout juste 50 ans.<\/p>\n","protected":false},"excerpt":{"rendered":"<p>Bien plus vite qu&#8217;on ne l&#8217;imagine, Picasso a domin\u00e9 son \u00e9poque de son g\u00e9nie multiforme et du bruit qu&#8217;il en tira. \u00c0 sa mort, tous les journaux parleront en choeur du &#8221; si\u00e8cle de Picasso &#8220;. \u00c0 d\u00e9faut de pouvoir tout en dire, il importait de d\u00e9gager des lignes de force ou de faiblesse. St\u00e9phane [&hellip;]<\/p>\n","protected":false},"featured_media":0,"template":"","meta":[],"product_cat":[55,7363],"product_tag":[],"acf":[],"yoast_head":"<!-- This site is optimized with the Yoast SEO plugin v20.11 - https:\/\/yoast.com\/wordpress\/plugins\/seo\/ -->\n<title>Picasso : les chefs-d&#039;Oeuvre - Librairie 7L<\/title>\n<meta name=\"robots\" content=\"index, follow, max-snippet:-1, max-image-preview:large, max-video-preview:-1\" \/>\n<link rel=\"canonical\" href=\"https:\/\/librairie7l.com\/en\/produit\/picasso-les-chefs-doeuvre\/\" \/>\n<meta property=\"og:locale\" content=\"en_US\" \/>\n<meta property=\"og:type\" content=\"article\" \/>\n<meta property=\"og:title\" content=\"Picasso : les chefs-d&#039;Oeuvre - Librairie 7L\" \/>\n<meta property=\"og:description\" content=\"Bien plus vite qu&#8217;on ne l&#8217;imagine, Picasso a domin\u00e9 son \u00e9poque de son g\u00e9nie multiforme et du bruit qu&#8217;il en tira. \u00c0 sa mort, tous les journaux parleront en choeur du &#8221; si\u00e8cle de Picasso &#8220;. \u00c0 d\u00e9faut de pouvoir tout en dire, il importait de d\u00e9gager des lignes de force ou de faiblesse. St\u00e9phane [&hellip;]\" \/>\n<meta property=\"og:url\" content=\"https:\/\/librairie7l.com\/en\/produit\/picasso-les-chefs-doeuvre\/\" \/>\n<meta property=\"og:site_name\" content=\"Librairie 7L\" \/>\n<meta property=\"article:modified_time\" content=\"2026-04-05T07:10:56+00:00\" \/>\n<meta name=\"twitter:card\" content=\"summary_large_image\" \/>\n<meta name=\"twitter:label1\" content=\"Est. reading time\" \/>\n\t<meta name=\"twitter:data1\" content=\"1 minute\" \/>\n<script type=\"application\/ld+json\" class=\"yoast-schema-graph\">{\"@context\":\"https:\/\/schema.org\",\"@graph\":[{\"@type\":\"WebPage\",\"@id\":\"https:\/\/librairie7l.com\/en\/produit\/picasso-les-chefs-doeuvre\/\",\"url\":\"https:\/\/librairie7l.com\/en\/produit\/picasso-les-chefs-doeuvre\/\",\"name\":\"Picasso : les chefs-d'Oeuvre - Librairie 7L\",\"isPartOf\":{\"@id\":\"https:\/\/librairie7l.com\/en\/#website\"},\"datePublished\":\"2024-11-22T19:37:20+00:00\",\"dateModified\":\"2026-04-05T07:10:56+00:00\",\"breadcrumb\":{\"@id\":\"https:\/\/librairie7l.com\/en\/produit\/picasso-les-chefs-doeuvre\/#breadcrumb\"},\"inLanguage\":\"en-US\",\"potentialAction\":[{\"@type\":\"ReadAction\",\"target\":[\"https:\/\/librairie7l.com\/en\/produit\/picasso-les-chefs-doeuvre\/\"]}]},{\"@type\":\"BreadcrumbList\",\"@id\":\"https:\/\/librairie7l.com\/en\/produit\/picasso-les-chefs-doeuvre\/#breadcrumb\",\"itemListElement\":[{\"@type\":\"ListItem\",\"position\":1,\"name\":\"Accueil\",\"item\":\"https:\/\/librairie7l.com\/en\/\"},{\"@type\":\"ListItem\",\"position\":2,\"name\":\"Shop\",\"item\":\"https:\/\/librairie7l.com\/en\/shop\/\"},{\"@type\":\"ListItem\",\"position\":3,\"name\":\"PICASSO : LES CHEFS-D&#8217;OEUVRE\"}]},{\"@type\":\"WebSite\",\"@id\":\"https:\/\/librairie7l.com\/en\/#website\",\"url\":\"https:\/\/librairie7l.com\/en\/\",\"name\":\"Librairie 7L\",\"description\":\"Librairie fond\u00e9e en 1999 par Karl Lagerfeld \u00e0 Paris\",\"publisher\":{\"@id\":\"https:\/\/librairie7l.com\/en\/#organization\"},\"potentialAction\":[{\"@type\":\"SearchAction\",\"target\":{\"@type\":\"EntryPoint\",\"urlTemplate\":\"https:\/\/librairie7l.com\/en\/?s={search_term_string}\"},\"query-input\":\"required name=search_term_string\"}],\"inLanguage\":\"en-US\"},{\"@type\":\"Organization\",\"@id\":\"https:\/\/librairie7l.com\/en\/#organization\",\"name\":\"Librairie 7L\",\"url\":\"https:\/\/librairie7l.com\/en\/\",\"logo\":{\"@type\":\"ImageObject\",\"inLanguage\":\"en-US\",\"@id\":\"https:\/\/librairie7l.com\/en\/#\/schema\/logo\/image\/\",\"url\":\"https:\/\/librairie7l.com\/wp-content\/uploads\/2022\/08\/logo-1.png\",\"contentUrl\":\"https:\/\/librairie7l.com\/wp-content\/uploads\/2022\/08\/logo-1.png\",\"width\":227,\"height\":301,\"caption\":\"Librairie 7L\"},\"image\":{\"@id\":\"https:\/\/librairie7l.com\/en\/#\/schema\/logo\/image\/\"}}]}<\/script>\n<!-- \/ Yoast SEO plugin. -->","yoast_head_json":{"title":"Picasso : les chefs-d'Oeuvre - Librairie 7L","robots":{"index":"index","follow":"follow","max-snippet":"max-snippet:-1","max-image-preview":"max-image-preview:large","max-video-preview":"max-video-preview:-1"},"canonical":"https:\/\/librairie7l.com\/en\/produit\/picasso-les-chefs-doeuvre\/","og_locale":"en_US","og_type":"article","og_title":"Picasso : les chefs-d'Oeuvre - Librairie 7L","og_description":"Bien plus vite qu&#8217;on ne l&#8217;imagine, Picasso a domin\u00e9 son \u00e9poque de son g\u00e9nie multiforme et du bruit qu&#8217;il en tira. \u00c0 sa mort, tous les journaux parleront en choeur du &#8221; si\u00e8cle de Picasso &#8220;. \u00c0 d\u00e9faut de pouvoir tout en dire, il importait de d\u00e9gager des lignes de force ou de faiblesse. St\u00e9phane [&hellip;]","og_url":"https:\/\/librairie7l.com\/en\/produit\/picasso-les-chefs-doeuvre\/","og_site_name":"Librairie 7L","article_modified_time":"2026-04-05T07:10:56+00:00","twitter_card":"summary_large_image","twitter_misc":{"Est. reading time":"1 minute"},"schema":{"@context":"https:\/\/schema.org","@graph":[{"@type":"WebPage","@id":"https:\/\/librairie7l.com\/en\/produit\/picasso-les-chefs-doeuvre\/","url":"https:\/\/librairie7l.com\/en\/produit\/picasso-les-chefs-doeuvre\/","name":"Picasso : les chefs-d'Oeuvre - Librairie 7L","isPartOf":{"@id":"https:\/\/librairie7l.com\/en\/#website"},"datePublished":"2024-11-22T19:37:20+00:00","dateModified":"2026-04-05T07:10:56+00:00","breadcrumb":{"@id":"https:\/\/librairie7l.com\/en\/produit\/picasso-les-chefs-doeuvre\/#breadcrumb"},"inLanguage":"en-US","potentialAction":[{"@type":"ReadAction","target":["https:\/\/librairie7l.com\/en\/produit\/picasso-les-chefs-doeuvre\/"]}]},{"@type":"BreadcrumbList","@id":"https:\/\/librairie7l.com\/en\/produit\/picasso-les-chefs-doeuvre\/#breadcrumb","itemListElement":[{"@type":"ListItem","position":1,"name":"Accueil","item":"https:\/\/librairie7l.com\/en\/"},{"@type":"ListItem","position":2,"name":"Shop","item":"https:\/\/librairie7l.com\/en\/shop\/"},{"@type":"ListItem","position":3,"name":"PICASSO : LES CHEFS-D&#8217;OEUVRE"}]},{"@type":"WebSite","@id":"https:\/\/librairie7l.com\/en\/#website","url":"https:\/\/librairie7l.com\/en\/","name":"Librairie 7L","description":"Librairie fond\u00e9e en 1999 par Karl Lagerfeld \u00e0 Paris","publisher":{"@id":"https:\/\/librairie7l.com\/en\/#organization"},"potentialAction":[{"@type":"SearchAction","target":{"@type":"EntryPoint","urlTemplate":"https:\/\/librairie7l.com\/en\/?s={search_term_string}"},"query-input":"required name=search_term_string"}],"inLanguage":"en-US"},{"@type":"Organization","@id":"https:\/\/librairie7l.com\/en\/#organization","name":"Librairie 7L","url":"https:\/\/librairie7l.com\/en\/","logo":{"@type":"ImageObject","inLanguage":"en-US","@id":"https:\/\/librairie7l.com\/en\/#\/schema\/logo\/image\/","url":"https:\/\/librairie7l.com\/wp-content\/uploads\/2022\/08\/logo-1.png","contentUrl":"https:\/\/librairie7l.com\/wp-content\/uploads\/2022\/08\/logo-1.png","width":227,"height":301,"caption":"Librairie 7L"},"image":{"@id":"https:\/\/librairie7l.com\/en\/#\/schema\/logo\/image\/"}}]}},"_links":{"self":[{"href":"https:\/\/librairie7l.com\/en\/wp-json\/wp\/v2\/product\/44478"}],"collection":[{"href":"https:\/\/librairie7l.com\/en\/wp-json\/wp\/v2\/product"}],"about":[{"href":"https:\/\/librairie7l.com\/en\/wp-json\/wp\/v2\/types\/product"}],"wp:attachment":[{"href":"https:\/\/librairie7l.com\/en\/wp-json\/wp\/v2\/media?parent=44478"}],"wp:term":[{"taxonomy":"product_cat","embeddable":true,"href":"https:\/\/librairie7l.com\/en\/wp-json\/wp\/v2\/product_cat?post=44478"},{"taxonomy":"product_tag","embeddable":true,"href":"https:\/\/librairie7l.com\/en\/wp-json\/wp\/v2\/product_tag?post=44478"}],"curies":[{"name":"wp","href":"https:\/\/api.w.org\/{rel}","templated":true}]}}